{"id":90920,"date":"2026-03-20T04:05:20","date_gmt":"2026-03-20T04:05:20","guid":{"rendered":"https:\/\/soydeaqui.ddns.net\/pachuca\/index.php\/producto\/cable-de-fibra-optica-de-48-hilos-monomodo-os2-interior-exterior-loose-tube-250um-no-conductiva-dielectrica-ofnp-plenum-precio-por-metro\/"},"modified":"2026-03-20T04:05:22","modified_gmt":"2026-03-20T04:05:22","slug":"cable-de-fibra-optica-de-48-hilos-monomodo-os2-interior-exterior-loose-tube-250um-no-conductiva-dielectrica-ofnp-plenum-precio-por-metro","status":"publish","type":"product","link":"https:\/\/soydeaqui.ddns.net\/pachuca\/index.php\/producto\/cable-de-fibra-optica-de-48-hilos-monomodo-os2-interior-exterior-loose-tube-250um-no-conductiva-dielectrica-ofnp-plenum-precio-por-metro\/","title":{"rendered":"Cable de Fibra \u00d3ptica de 48 Hilos, Monomodo OS2, Interior\/Exterior, Loose Tube 250um, No Conductiva (Diel\u00e9ctrica), OFNP (Plenum), Precio Por Metro"},"content":{"rendered":"<div style='width: 100%; max-width: 1200px; margin: 0 auto; font-family: sans-serif; line-height: 1.6; color: inherit; background-color: transparent;'> <!-- Descripci\u00f3n principal --> <\/p>\n<div style='margin-bottom: 30px; font-size: 15px; color: inherit;'>\n<p style='margin: 0 0 15px; color: inherit;'>El cable Interior\/Exterior sin gel Opti-Core\u00ae es una parte integral de la soluci\u00f3n de fibra \u00f3ptica de extremo a extremo de Panduit&comma; dise\u00f1ada para respaldar las necesidades de datos actuales y al mismo tiempo cumplir con los requisitos de red en constante avance del ma\u00f1ana. Este cable clasificado como plenum proporciona resistencia a los rayos UV&comma; bloqueo de agua&comma; alta densidad y f\u00e1cil instalaci\u00f3n en aplicaciones a\u00e9reas y ductos. El cable se prueba de acuerdo con Telcordia GR-20&comma; Edici\u00f3n 2&comma; GR-409 y con los FOTP de la serie EIA\/TIA-455 relevantes para cables de fibra \u00f3ptica.<\/p>\n<\/p><\/div>\n<p> <!-- Secci\u00f3n de especificaciones --> <\/p>\n<div style='display: flex; flex-wrap: wrap; gap: 30px; margin-bottom: 30px;'>\n<div style='flex: 1 1 300px; min-width: 280px;'>\n<h3 style='font-size: 22px; border-bottom: 2px solid currentColor; padding-bottom: 5px; margin-top: 0; color: inherit; opacity: 0.8;'>Especificaciones t\u00e9cnicas<\/h3>\n<ul style='padding-left: 20px; font-size: 15px; color: inherit;'>\n<li style='margin-bottom: 5px;'>Loose Tube: 250\u03bcm<\/li>\n<li style='margin-bottom: 5px;'>Revestimiento de Fibra \u00d3ptica: 125\u03bcm<\/li>\n<li style='margin-bottom: 5px;'>Marcas de longitud de incremento cada 2 pies.<\/li>\n<li style='margin-bottom: 5px;'>C\u00f3digo de colores: TIA-598-C<\/li>\n<li style='margin-bottom: 5px;'>Fibra \u00d3ptica no Conductiva (Diel\u00e9ctrica)<\/li>\n<li style='margin-bottom: 5px;'>Tipo Plenum (OFNP)<\/li>\n<\/ul><\/div>\n<p> <!-- Secci\u00f3n de cumplimiento de est\u00e1ndares --> <\/p>\n<div style='flex: 1 1 300px; min-width: 280px;'>\n<h3 style='font-size: 22px; border-bottom: 2px solid currentColor; padding-bottom: 5px; margin-top: 0; color: inherit; opacity: 0.8;'>Cumplimiento de Est\u00e1ndares<\/h3>\n<ul style='padding-left: 20px; font-size: 15px; color: inherit;'>\n<li style='margin-bottom: 5px;'>TIA\/EIA-568<\/li>\n<li style='margin-bottom: 5px;'>ANSI\/ICEA S-83-596<\/li>\n<li style='margin-bottom: 5px;'>Telcordia GR-409<\/li>\n<li style='margin-bottom: 5px;'>CSA 22.2 No. 230<\/li>\n<li style='margin-bottom: 5px;'>Telcordia GR-20<\/li>\n<li style='margin-bottom: 5px;'>ANSI\/ICEA S-104-696<\/li>\n<li style='margin-bottom: 5px;'>RoHS Compliant<\/li>\n<li style='margin-bottom: 5px;'>UL-1666<\/li>\n<\/ul><\/div>\n<\/p><\/div>\n<p> <!-- Separador --> <\/p>\n<hr style='border: 0; border-top: 1px solid rgba(150&comma; 150&comma; 150&comma; 0.3); margin: 30px 0;'> <\/div>\n","protected":false},"excerpt":{"rendered":"<p>Cable de Fibra \u00d3ptica de 48 Hilos, Monomodo OS2, Interior\/Exterior, Loose Tube 250um, No Conductiva (Diel\u00e9ctrica), OFNP (Plenum), Precio Por Metro<\/p>\n","protected":false},"featured_media":32,"comment_status":"open","ping_status":"closed","template":"","meta":[],"product_brand":[],"product_cat":[610],"product_tag":[612,611,445],"class_list":{"0":"post-90920","1":"product","2":"type-product","3":"status-publish","4":"has-post-thumbnail","6":"product_cat-cable","7":"product_tag-cable","8":"product_tag-fibra-optica","9":"product_tag-panduit","11":"first","12":"instock","13":"sale","14":"shipping-taxable","15":"purchasable","16":"product-type-simple"},"_links":{"self":[{"href":"https:\/\/soydeaqui.ddns.net\/pachuca\/index.php\/wp-json\/wp\/v2\/product\/90920","targetHints":{"allow":["GET"]}}],"collection":[{"href":"https:\/\/soydeaqui.ddns.net\/pachuca\/index.php\/wp-json\/wp\/v2\/product"}],"about":[{"href":"https:\/\/soydeaqui.ddns.net\/pachuca\/index.php\/wp-json\/wp\/v2\/types\/product"}],"replies":[{"embeddable":true,"href":"https:\/\/soydeaqui.ddns.net\/pachuca\/index.php\/wp-json\/wp\/v2\/comments?post=90920"}],"wp:featuredmedia":[{"embeddable":true,"href":"https:\/\/soydeaqui.ddns.net\/pachuca\/index.php\/wp-json\/wp\/v2\/media\/32"}],"wp:attachment":[{"href":"https:\/\/soydeaqui.ddns.net\/pachuca\/index.php\/wp-json\/wp\/v2\/media?parent=90920"}],"wp:term":[{"taxonomy":"product_brand","embeddable":true,"href":"https:\/\/soydeaqui.ddns.net\/pachuca\/index.php\/wp-json\/wp\/v2\/product_brand?post=90920"},{"taxonomy":"product_cat","embeddable":true,"href":"https:\/\/soydeaqui.ddns.net\/pachuca\/index.php\/wp-json\/wp\/v2\/product_cat?post=90920"},{"taxonomy":"product_tag","embeddable":true,"href":"https:\/\/soydeaqui.ddns.net\/pachuca\/index.php\/wp-json\/wp\/v2\/product_tag?post=90920"}],"curies":[{"name":"wp","href":"https:\/\/api.w.org\/{rel}","templated":true}]}}