{"id":90912,"date":"2026-03-20T04:04:54","date_gmt":"2026-03-20T04:04:54","guid":{"rendered":"https:\/\/soydeaqui.ddns.net\/pachuca\/index.php\/producto\/onu-dual-gpon-epon-con-wi-fi-ac-de-doble-banda-1-puerto-sc-apc-2-puertos-lan-gigabit-1-puerto-fxs-1-puerto-catv\/"},"modified":"2026-03-20T04:05:16","modified_gmt":"2026-03-20T04:05:16","slug":"onu-dual-gpon-epon-con-wi-fi-ac-de-doble-banda-1-puerto-sc-apc-2-puertos-lan-gigabit-1-puerto-fxs-1-puerto-catv","status":"publish","type":"product","link":"https:\/\/soydeaqui.ddns.net\/pachuca\/index.php\/producto\/onu-dual-gpon-epon-con-wi-fi-ac-de-doble-banda-1-puerto-sc-apc-2-puertos-lan-gigabit-1-puerto-fxs-1-puerto-catv\/","title":{"rendered":"ONU Dual GPON\/EPON con Wi-Fi AC de doble banda, 1 puerto SC\/APC + 2 puertos LAN Gigabit + 1 puerto FXS + 1 Puerto CATV"},"content":{"rendered":"<div style='width: 100%; max-width: 1200px; margin: 0 auto; font-family: sans-serif; line-height: 1.6; color: inherit; background-color: transparent;'> <!-- T\u00edtulos y p\u00e1rrafos centrales --> <\/p>\n<h2 style='font-size: 28px; font-weight: 500; margin: 0 0 20px; color: inherit; text-align: center; border-bottom: 2px solid currentColor; padding-bottom: 5px; opacity: 0.8;'>ONU GPON\/EPON con CATV&comma; VoIP y Wi-Fi Doble Banda<\/h2>\n<p style='margin: 0 0 20px; color: inherit; text-align: center; font-size: 16px; line-height: 1.625;'>Dise\u00f1ada para brindar servicios Triple-Play a los usuarios finales.<\/p>\n<p> <!-- Imagen principal --> <\/p>\n<div style='margin: 30px 0; text-align: center;'> <img style='width: 100%; max-width: 100%; height: auto; border: 1px solid rgba(150&comma;150&comma;150&comma;0.3); border-radius: 8px;' src='https:\/\/www.vsolcn.com\/wp-content\/uploads\/2023\/06\/HG323ACT1-1.jpg' alt=''> <\/div>\n<p> <!-- Secci\u00f3n de caracter\u00edsticas con flex --> <\/p>\n<div style='display: flex; flex-wrap: wrap; gap: 30px; margin-bottom: 30px;'>\n<div style='flex: 1 1 300px; min-width: 280px;'>\n<h3 style='font-size: 22px; border-bottom: 2px solid currentColor; padding-bottom: 5px; margin-top: 0; color: inherit; opacity: 0.8;'>Caracter\u00edsticas principales<\/h3>\n<ul style='padding-left: 20px; font-size: 15px; color: inherit;'>\n<li style='margin-bottom: 5px;'>Dimensiones: 178 * 120 * 30 mm (largo \u00d7 ancho \u00d7 alto).<\/li>\n<li style='margin-bottom: 5px;'>Aplicaciones Triple Play: <strong>Datos&comma; Voz IP y Televisi\u00f3n.<\/strong><\/li>\n<li style='margin-bottom: 5px;'>Gesti\u00f3n y Monitoreo en l\u00ednea desde la OLT V-SOL.<\/li>\n<li style='margin-bottom: 5px;'>Gesti\u00f3n amigable desde: EMS \/ Web \/ Telnet \/ CLI.<\/li>\n<\/ul><\/div>\n<div style='flex: 1 1 300px; min-width: 280px;'>\n<h3 style='font-size: 22px; border-bottom: 2px solid currentColor; padding-bottom: 5px; margin-top: 0; color: inherit; opacity: 0.8;'>Caracter\u00edsticas F\u00edsicas y El\u00e9ctricas<\/h3>\n<ul style='padding-left: 20px; font-size: 15px; color: inherit;'>\n<li style='margin-bottom: 5px;'>Alimentaci\u00f3n: 12V 1A (Fuente Incluida)<\/li>\n<li style='margin-bottom: 5px;'>Consumo m\u00e1ximo: 10W.<\/li>\n<li style='margin-bottom: 5px;'>Peso: 0.345 Kg.<\/li>\n<li style='margin-bottom: 5px;'>Temperatura de operaci\u00f3n: 0 a 55\u00b0 C.<\/li>\n<\/ul><\/div>\n<div style='flex: 1 1 300px; min-width: 280px;'>\n<h3 style='font-size: 22px; border-bottom: 2px solid currentColor; padding-bottom: 5px; margin-top: 0; color: inherit; opacity: 0.8;'>Caracter\u00edsticas de Red<\/h3>\n<ul style='padding-left: 20px; font-size: 15px; color: inherit;'>\n<li style='margin-bottom: 5px;'>2 Puertos 1Gbps RJ45.<\/li>\n<li style='margin-bottom: 5px;'>1 Puerto CATV.<\/li>\n<li style='margin-bottom: 5px;'>1 Puerto RJ11.<\/li>\n<li style='margin-bottom: 5px;'>4 Antenas Wi-Fi con 5 dBi.<\/li>\n<\/ul><\/div>\n<\/p><\/div>\n<p> <!-- Secci\u00f3n de im\u00e1genes adicionales --> <\/p>\n<div style='display: flex; flex-direction: column; align-items: center; gap: 40px; margin-bottom: 30px;'>\n<div style='text-align: center;'>\n<h3 style='font-size: 22px; border-bottom: 2px solid currentColor; padding-bottom: 5px; margin: 0 0 15px; color: inherit; opacity: 0.8; text-align: center;'>4 Antenas de Alta Ganancia para Gran Cobertura<\/h3>\n<p style='margin: 0 0 15px; color: inherit; font-size: 16px; line-height: 1.625;'>Cada antena tiene 5 dBi de ganancia&comma; en conjunto con el chipset Realtek de alto rendimiento.<\/p>\n<p> <img style='width: 100%; max-width: 100%; height: auto; border: 1px solid rgba(150&comma;150&comma;150&comma;0.3); border-radius: 8px;' src='https:\/\/www.vsolcn.com\/wp-content\/uploads\/2023\/06\/HG323ACT2-1.jpg' alt=''> <\/div>\n<div style='text-align: center;'>\n<h3 style='font-size: 22px; border-bottom: 2px solid currentColor; padding-bottom: 5px; margin: 0 0 15px; color: inherit; opacity: 0.8; text-align: center;'>Gran Cobertura con Disponibilidad De Una Red Mesh<\/h3>\n<p> <img style='width: 100%; max-width: 100%; height: auto; border: 1px solid rgba(150&comma;150&comma;150&comma;0.3); border-radius: 8px;' src='https:\/\/www.vsolcn.com\/wp-content\/uploads\/2023\/06\/HG323ACT3.jpg' alt=''> <\/div>\n<div style='text-align: center;'>\n<h3 style='font-size: 22px; border-bottom: 2px solid currentColor; padding-bottom: 5px; margin: 0 0 15px; color: inherit; opacity: 0.8; text-align: center;'>Tecnolog\u00eda MU-MIMO Para La Efectividad de Conexi\u00f3n Inal\u00e1mbrica<\/h3>\n<p> <img style='width: 100%; max-width: 100%; height: auto; border: 1px solid rgba(150&comma;150&comma;150&comma;0.3); border-radius: 8px;' src='https:\/\/www.vsolcn.com\/wp-content\/uploads\/2023\/06\/HG323ACT4.jpg' alt=''> <\/div>\n<div style='text-align: center;'>\n<h3 style='font-size: 22px; border-bottom: 2px solid currentColor; padding-bottom: 5px; margin: 0 0 15px; color: inherit; opacity: 0.8; text-align: center;'>Soporta CATV para Televisi\u00f3n<\/h3>\n<p> <img style='width: 100%; max-width: 100%; height: auto; border: 1px solid rgba(150&comma;150&comma;150&comma;0.3); border-radius: 8px;' src='https:\/\/www.vsolcn.com\/wp-content\/uploads\/2023\/03\/HG323RGWT-EN-5.jpg' alt=''> <\/div>\n<div style='text-align: center;'>\n<h3 style='font-size: 22px; border-bottom: 2px solid currentColor; padding-bottom: 5px; margin: 0 0 15px; color: inherit; opacity: 0.8; text-align: center;'>Aplicaci\u00f3n FTTH V-SOL GPON<\/h3>\n<p> <img style='width: 100%; max-width: 100%; height: auto; border: 1px solid rgba(150&comma;150&comma;150&comma;0.3); border-radius: 8px;' src='https:\/\/es.vsolcn.com\/wp-content\/uploads\/2023\/06\/V-SOL-GPON-OLT-7-1.jpg' alt=''> <\/div>\n<\/p><\/div>\n<\/p><\/div>\n","protected":false},"excerpt":{"rendered":"<p>ONU Dual GPON\/EPON con Wi-Fi AC de doble banda, 1 puerto SC\/APC + 2 puertos LAN Gigabit + 1 puerto FXS + 1 Puerto CATV<\/p>\n","protected":false},"featured_media":90911,"comment_status":"open","ping_status":"closed","template":"","meta":[],"product_brand":[],"product_cat":[2010],"product_tag":[2012,2011,2013],"class_list":{"0":"post-90912","1":"product","2":"type-product","3":"status-publish","4":"has-post-thumbnail","6":"product_cat-onus-onts","7":"product_tag-onus-onts","8":"product_tag-redes-ftth-pon","9":"product_tag-v-sol","11":"first","12":"outofstock","13":"sale","14":"shipping-taxable","15":"purchasable","16":"product-type-simple"},"_links":{"self":[{"href":"https:\/\/soydeaqui.ddns.net\/pachuca\/index.php\/wp-json\/wp\/v2\/product\/90912","targetHints":{"allow":["GET"]}}],"collection":[{"href":"https:\/\/soydeaqui.ddns.net\/pachuca\/index.php\/wp-json\/wp\/v2\/product"}],"about":[{"href":"https:\/\/soydeaqui.ddns.net\/pachuca\/index.php\/wp-json\/wp\/v2\/types\/product"}],"replies":[{"embeddable":true,"href":"https:\/\/soydeaqui.ddns.net\/pachuca\/index.php\/wp-json\/wp\/v2\/comments?post=90912"}],"wp:featuredmedia":[{"embeddable":true,"href":"https:\/\/soydeaqui.ddns.net\/pachuca\/index.php\/wp-json\/wp\/v2\/media\/90911"}],"wp:attachment":[{"href":"https:\/\/soydeaqui.ddns.net\/pachuca\/index.php\/wp-json\/wp\/v2\/media?parent=90912"}],"wp:term":[{"taxonomy":"product_brand","embeddable":true,"href":"https:\/\/soydeaqui.ddns.net\/pachuca\/index.php\/wp-json\/wp\/v2\/product_brand?post=90912"},{"taxonomy":"product_cat","embeddable":true,"href":"https:\/\/soydeaqui.ddns.net\/pachuca\/index.php\/wp-json\/wp\/v2\/product_cat?post=90912"},{"taxonomy":"product_tag","embeddable":true,"href":"https:\/\/soydeaqui.ddns.net\/pachuca\/index.php\/wp-json\/wp\/v2\/product_tag?post=90912"}],"curies":[{"name":"wp","href":"https:\/\/api.w.org\/{rel}","templated":true}]}}