{"id":90904,"date":"2026-03-20T04:04:29","date_gmt":"2026-03-20T04:04:29","guid":{"rendered":"https:\/\/soydeaqui.ddns.net\/pachuca\/index.php\/producto\/onu-dualmode-epon-gpon-wi-fi-6-1-puerto-fxs-4-puertos-gigabit-1-puerto-usb-1-puerto-sc-upc\/"},"modified":"2026-03-20T04:04:49","modified_gmt":"2026-03-20T04:04:49","slug":"onu-dualmode-epon-gpon-wi-fi-6-1-puerto-fxs-4-puertos-gigabit-1-puerto-usb-1-puerto-sc-upc","status":"publish","type":"product","link":"https:\/\/soydeaqui.ddns.net\/pachuca\/index.php\/producto\/onu-dualmode-epon-gpon-wi-fi-6-1-puerto-fxs-4-puertos-gigabit-1-puerto-usb-1-puerto-sc-upc\/","title":{"rendered":"ONU DualMode EPON\/GPON \/ Wi-Fi 6 \/ 1 Puerto FXS \/ 4 Puertos Gigabit \/ 1 Puerto USB \/ 1 Puerto SC\/UPC"},"content":{"rendered":"<div style='width: 100%; max-width: 1200px; margin: 0 auto; font-family: sans-serif; line-height: 1.6; color: inherit; background-color: transparent;'> <!-- Secci\u00f3n de caracter\u00edsticas en grid --> <\/p>\n<div style='display: grid; grid-template-columns: repeat(auto-fill&comma; minmax(280px&comma; 1fr)); gap: 30px; margin-bottom: 30px;'>\n<div style='border-left: 5px solid #ff0000; border-radius: 5px; padding: 5px; box-shadow: 0 2px 10px rgba(216&comma; 216&comma; 216&comma; 0.3);'>\n<h3 style='font-size: 22px; border-bottom: 2px solid currentColor; padding-bottom: 5px; margin-top: 0; color: inherit; opacity: 0.8;'>Caracter\u00edsticas principales<\/h3>\n<ul style='padding-left: 20px; font-size: 15px; color: inherit; list-style-type: disc;'>\n<li style='margin-bottom: 5px;'>Dimensiones: 250 \u00d7 145 \u00d7 36 mm (largo \u00d7 ancho \u00d7 alto)<\/li>\n<li style='margin-bottom: 5px;'>Aplicaciones Triple Play: <strong style='color: inherit;'>Datos y Voz IP<\/strong><\/li>\n<li style='margin-bottom: 5px;'>Gesti\u00f3n y Monitoreo en l\u00ednea desde la OLT V-SOL<\/li>\n<li style='margin-bottom: 5px;'>Gesti\u00f3n amigable desde: EMS \/ Web \/ Telnet \/ CLI<\/li>\n<\/ul><\/div>\n<div style='border-left: 5px solid #ff0000; border-radius: 5px; padding: 5px; box-shadow: 0 2px 10px rgba(216&comma; 216&comma; 216&comma; 0.3);'>\n<h3 style='font-size: 22px; border-bottom: 2px solid currentColor; padding-bottom: 5px; margin-top: 0; color: inherit; opacity: 0.8;'>Caracter\u00edsticas F\u00edsicas y El\u00e9ctricas<\/h3>\n<ul style='padding-left: 20px; font-size: 15px; color: inherit; list-style-type: disc;'>\n<li style='margin-bottom: 5px;'>Alimentaci\u00f3n: 12V 1A (Fuente Incluida)<\/li>\n<li style='margin-bottom: 5px;'>Consumo m\u00e1ximo: 18W<\/li>\n<li style='margin-bottom: 5px;'>Peso: 0.34 Kg<\/li>\n<li style='margin-bottom: 5px;'>Temperatura de operaci\u00f3n: 0 a 55\u00b0 C<\/li>\n<\/ul><\/div>\n<div style='border-left: 5px solid #ff0000; border-radius: 5px; padding: 5px; box-shadow: 0 2px 10px rgba(216&comma; 216&comma; 216&comma; 0.3);'>\n<h3 style='font-size: 22px; border-bottom: 2px solid currentColor; padding-bottom: 5px; margin-top: 0; color: inherit; opacity: 0.8;'>Caracter\u00edsticas de Red<\/h3>\n<ul style='padding-left: 20px; font-size: 15px; color: inherit; list-style-type: disc;'>\n<li style='margin-bottom: 5px;'>4 Puertos 1Gbps RJ45<\/li>\n<li style='margin-bottom: 5px;'>1 Puerto RJ11<\/li>\n<li style='margin-bottom: 5px;'>1 Puerto PON SC\/UPC<\/li>\n<li style='margin-bottom: 5px;'>1 Puerto USB<\/li>\n<li style='margin-bottom: 5px;'>4 Antenas Wi-Fi con 5 dBi<\/li>\n<\/ul><\/div>\n<\/p><\/div>\n<p> <!-- Secci\u00f3n de im\u00e1genes y contenido adicional --> <\/p>\n<div style='margin-bottom: 30px;'>\n<h2 style='font-size: 28px; margin: 0 0 20px; color: inherit; text-align: center; font-weight: 500;'>ONU EPON\/EPON Wi-Fi 6<\/h2>\n<p style='text-align: center; margin: 15px 0; font-size: 15px; color: inherit;'>WiFi 6 | OFDMA Multi-Usuario<\/p>\n<p> <img style='width: 100%; height: auto; border: 1px solid rgba(150&comma;150&comma;150&comma;0.3); border-radius: 8px;' src='https:\/\/www.vsolcn.com\/wp-content\/uploads\/2023\/08\/HG325AX-1.jpg' alt=''> <\/div>\n<div style='margin-bottom: 30px;'>\n<h2 style='font-size: 28px; margin: 0 0 20px; color: inherit; text-align: center; font-weight: 500;'>Hasta 52% M\u00e1s de Velocidad V\u00eda Inal\u00e1mbrica<\/h2>\n<p style='text-align: center; margin: 15px 0; font-size: 15px; color: inherit;'>En comparaci\u00f3n con la generaci\u00f3n<\/p>\n<p> <img style='width: 100%; height: auto; border: 1px solid rgba(150&comma;150&comma;150&comma;0.3); border-radius: 8px;' src='https:\/\/www.vsolcn.com\/wp-content\/uploads\/2023\/06\/HG325AX%E4%BA%A7%E5%93%81%E8%AF%A6%E6%83%85%E9%A1%B5-%E8%8B%B1%E6%96%87-2.jpg' alt=''> <\/div>\n<div style='margin-bottom: 30px;'>\n<h2 style='font-size: 28px; margin: 0 0 20px; color: inherit; text-align: center; font-weight: 500;'>En Wi-Fi 6 con la Tecnolog\u00eda OFDMA Reduce la Latencia hasta en 75%<\/h2>\n<p style='text-align: center; margin: 15px 0; font-size: 15px; color: inherit;'>Reduzca la latencia de la navegaci\u00f3n mientras aprovecha los recursos de la ONU<\/p>\n<p> <img style='width: 100%; height: auto; border: 1px solid rgba(150&comma;150&comma;150&comma;0.3); border-radius: 8px;' src='https:\/\/www.vsolcn.com\/wp-content\/uploads\/2023\/06\/HG325AX%E4%BA%A7%E5%93%81%E8%AF%A6%E6%83%85%E9%A1%B5-%E8%8B%B1%E6%96%87-3.jpg' alt=''> <\/div>\n<div style='margin-bottom: 30px;'>\n<h2 style='font-size: 28px; margin: 0 0 20px; color: inherit; text-align: center; font-weight: 500;'>Con Wi-Fi 6 Ahorra hasta un 30% en el Consumo de Energ\u00eda de la ONU<\/h2>\n<p> <img style='width: 100%; height: auto; border: 1px solid rgba(150&comma;150&comma;150&comma;0.3); border-radius: 8px;' src='https:\/\/www.vsolcn.com\/wp-content\/uploads\/2023\/06\/HG325AX%E4%BA%A7%E5%93%81%E8%AF%A6%E6%83%85%E9%A1%B5-%E8%8B%B1%E6%96%87-4.jpg' alt=''> <\/div>\n<div style='margin-bottom: 30px;'>\n<h2 style='font-size: 28px; margin: 0 0 20px; color: inherit; text-align: center; font-weight: 500;'>FEM Incorporado con 4 Canales&comma; Mejor Propagaci\u00f3n de la Se\u00f1al<\/h2>\n<p> <img style='width: 100%; height: auto; border: 1px solid rgba(150&comma;150&comma;150&comma;0.3); border-radius: 8px;' src='https:\/\/www.vsolcn.com\/wp-content\/uploads\/2023\/06\/HG325AX%E4%BA%A7%E5%93%81%E8%AF%A6%E6%83%85%E9%A1%B5-%E8%8B%B1%E6%96%87-5.jpg' alt=''> <\/div>\n<div style='margin-bottom: 30px;'> <img style='width: 100%; height: auto; border: 1px solid rgba(150&comma;150&comma;150&comma;0.3); border-radius: 8px;' src='https:\/\/www.vsolcn.com\/wp-content\/uploads\/2023\/06\/HG325AX%E4%BA%A7%E5%93%81%E8%AF%A6%E6%83%85%E9%A1%B5-%E8%8B%B1%E6%96%87-6.jpg' alt=''> <\/div>\n<\/p><\/div>\n","protected":false},"excerpt":{"rendered":"<p>ONU DualMode EPON\/GPON \/ Wi-Fi 6 \/ 1 Puerto FXS \/ 4 Puertos Gigabit \/ 1 Puerto USB \/ 1 Puerto SC\/UPC<\/p>\n","protected":false},"featured_media":90903,"comment_status":"open","ping_status":"closed","template":"","meta":[],"product_brand":[],"product_cat":[2010],"product_tag":[2012,2011,2013],"class_list":{"0":"post-90904","1":"product","2":"type-product","3":"status-publish","4":"has-post-thumbnail","6":"product_cat-onus-onts","7":"product_tag-onus-onts","8":"product_tag-redes-ftth-pon","9":"product_tag-v-sol","11":"first","12":"instock","13":"sale","14":"shipping-taxable","15":"purchasable","16":"product-type-simple"},"_links":{"self":[{"href":"https:\/\/soydeaqui.ddns.net\/pachuca\/index.php\/wp-json\/wp\/v2\/product\/90904","targetHints":{"allow":["GET"]}}],"collection":[{"href":"https:\/\/soydeaqui.ddns.net\/pachuca\/index.php\/wp-json\/wp\/v2\/product"}],"about":[{"href":"https:\/\/soydeaqui.ddns.net\/pachuca\/index.php\/wp-json\/wp\/v2\/types\/product"}],"replies":[{"embeddable":true,"href":"https:\/\/soydeaqui.ddns.net\/pachuca\/index.php\/wp-json\/wp\/v2\/comments?post=90904"}],"wp:featuredmedia":[{"embeddable":true,"href":"https:\/\/soydeaqui.ddns.net\/pachuca\/index.php\/wp-json\/wp\/v2\/media\/90903"}],"wp:attachment":[{"href":"https:\/\/soydeaqui.ddns.net\/pachuca\/index.php\/wp-json\/wp\/v2\/media?parent=90904"}],"wp:term":[{"taxonomy":"product_brand","embeddable":true,"href":"https:\/\/soydeaqui.ddns.net\/pachuca\/index.php\/wp-json\/wp\/v2\/product_brand?post=90904"},{"taxonomy":"product_cat","embeddable":true,"href":"https:\/\/soydeaqui.ddns.net\/pachuca\/index.php\/wp-json\/wp\/v2\/product_cat?post=90904"},{"taxonomy":"product_tag","embeddable":true,"href":"https:\/\/soydeaqui.ddns.net\/pachuca\/index.php\/wp-json\/wp\/v2\/product_tag?post=90904"}],"curies":[{"name":"wp","href":"https:\/\/api.w.org\/{rel}","templated":true}]}}