{"id":90898,"date":"2026-03-20T04:04:15","date_gmt":"2026-03-20T04:04:15","guid":{"rendered":"https:\/\/soydeaqui.ddns.net\/pachuca\/index.php\/producto\/switch-gigabit-poe-administrable-24-puertos-10-100-1000-mbps-4-puertos-sfp-uplink-hasta-360w-compatible-con-gwn-cloud\/"},"modified":"2026-03-20T04:04:27","modified_gmt":"2026-03-20T04:04:27","slug":"switch-gigabit-poe-administrable-24-puertos-10-100-1000-mbps-4-puertos-sfp-uplink-hasta-360w-compatible-con-gwn-cloud","status":"publish","type":"product","link":"https:\/\/soydeaqui.ddns.net\/pachuca\/index.php\/producto\/switch-gigabit-poe-administrable-24-puertos-10-100-1000-mbps-4-puertos-sfp-uplink-hasta-360w-compatible-con-gwn-cloud\/","title":{"rendered":"Switch Gigabit PoE+ Administrable \/ 24 puertos 10\/100\/1000 Mbps + 4 Puertos SFP Uplink \/ Hasta 360W \/ Compatible con GWN Cloud."},"content":{"rendered":"<div style='width: 100%; max-width: 1200px; margin: 0 auto; font-family: sans-serif; line-height: 1.6; color: inherit; background-color: transparent;'>\n<div style='display: flex; flex-wrap: wrap; gap: 30px; margin-bottom: 30px;'>\n<div style='flex: 1 1 300px; min-width: 280px;'> <img style='width: 100%; height: auto; border: 1px solid rgba(150&comma;150&comma;150&comma;0.3); border-radius: 8px;' src='https:\/\/ftp3.syscom.mx\/usuarios\/fotos\/GWN7803\/213484-gwn7803_web.png' alt=''> <\/div>\n<div style='flex: 1 1 300px; min-width: 280px;'>\n<h3 style='font-size: 22px; border-bottom: 2px solid currentColor; padding-bottom: 5px; margin-top: 0; color: inherit; opacity: 0.8;'>Administraci\u00f3n en la nube con GWN Cloud&comma; totalmente gratuito<\/h3>\n<ul style='padding-left: 20px; font-size: 15px; color: inherit;'>\n<li style='margin-bottom: 5px; text-align: justify;'>24 puertos PoE af\/at Gigabit Ethernet<\/li>\n<li style='margin-bottom: 5px; text-align: justify;'>Poe hasta 360W<\/li>\n<li style='margin-bottom: 5px; text-align: justify;'>4 puertos SFP Uplink<\/li>\n<li style='margin-bottom: 5px; text-align: justify;'>Administrado por GWN.Cloud&comma; GWN Manager y GWN700X<\/li>\n<li style='margin-bottom: 5px; text-align: justify;'>Enrutadores GWN701X<\/li>\n<li style='margin-bottom: 5px; text-align: justify;'>GVRP para realizar distribuci\u00f3n&comma; registro y atributos din\u00e1micos de VLAN propagaci\u00f3n&comma; reducir la cantidad de configuraci\u00f3n manual y garantizar la correcci\u00f3n de la configuraci\u00f3n<\/li>\n<li style='margin-bottom: 5px; text-align: justify;'>Agregaci\u00f3n de enlaces para aumentar el ancho de banda y mejorar la confiabilidad<\/li>\n<li style='margin-bottom: 5px; text-align: justify;'>Control de tormentas para evitar la interrupci\u00f3n del tr\u00e1fico causada por la transmisi\u00f3n&comma; multidifusi\u00f3n o ciertos paquetes de unidifusi\u00f3n<\/li>\n<\/ul><\/div>\n<\/p><\/div>\n<div style='display: flex; flex-wrap: wrap; gap: 20px; margin-bottom: 30px;'>\n<div style='flex: 1 1 250px; border: 1px solid rgba(150&comma; 150&comma; 150&comma; 0.4); border-radius: 8px; overflow: hidden; display: flex; flex-direction: column;'>\n<div style='padding: 15px; border-bottom: 1px solid rgba(150&comma; 150&comma; 150&comma; 0.2); font-weight: bold; font-size: 18px; color: inherit;'>Caracter\u00edsticas principales<\/div>\n<div style='padding: 15px; color: inherit;'>\n<ul style='padding-left: 20px; margin: 0; font-size: 14px; list-style-type: disc;'>\n<li style='margin-bottom: 5px;'>24 puertos RJ45 de 10\/100\/1000 Mbps<\/li>\n<li style='margin-bottom: 5px;'>24 puertos PoE+ hasta 360W<\/li>\n<li style='margin-bottom: 5px;'>4 puertos SFP<\/li>\n<li style='margin-bottom: 5px;'>Capacidad de conmutaci\u00f3n 56 Gbps<\/li>\n<li style='margin-bottom: 5px;'>Tasa de reenv\u00edo de paquetes 41&comma;66 Mpps<\/li>\n<li style='margin-bottom: 5px;'>Compatible con GWN Cloud<\/li>\n<li style='margin-bottom: 5px; font-weight: bold;'>3 a\u00f1os de Garant\u00eda<\/li>\n<\/ul><\/div>\n<\/p><\/div>\n<div style='flex: 1 1 250px; border: 1px solid rgba(150&comma; 150&comma; 150&comma; 0.4); border-radius: 8px; overflow: hidden; display: flex; flex-direction: column;'>\n<div style='padding: 15px; border-bottom: 1px solid rgba(150&comma; 150&comma; 150&comma; 0.2); font-weight: bold; font-size: 18px; color: inherit;'>Caracter\u00edsticas F\u00edsicas y El\u00e9ctricas<\/div>\n<div style='padding: 15px; color: inherit;'>\n<ul style='padding-left: 20px; margin: 0; font-size: 14px; list-style-type: disc;'>\n<li style='margin-bottom: 5px;'>Peso 2.7 kg<\/li>\n<li style='margin-bottom: 5px;'>Dimensiones 440 \u00d7 200 \u00d7 44 mm<\/li>\n<li style='margin-bottom: 5px;'>Temperatura de funcionamiento: 0\u201345 \u00b0C<\/li>\n<li style='margin-bottom: 5px;'>Temperatura de almacenamiento: -10\u201360 \u00b0C<\/li>\n<li style='margin-bottom: 5px;'>Fuente de alimentaci\u00f3n 100-240 VAC&comma; 50\/60 Hz&comma; Max. 6 A (Fuente incluida)<\/li>\n<li style='margin-bottom: 5px; font-weight: bold;'>Montable en rack<\/li>\n<\/ul><\/div>\n<\/p><\/div>\n<div style='flex: 1 1 250px; border: 1px solid rgba(150&comma; 150&comma; 150&comma; 0.4); border-radius: 8px; overflow: hidden; display: flex; flex-direction: column;'>\n<div style='padding: 15px; border-bottom: 1px solid rgba(150&comma; 150&comma; 150&comma; 0.2); font-weight: bold; font-size: 18px; color: inherit;'>Contenido<\/div>\n<div style='padding: 15px; color: inherit;'>\n<ul style='padding-left: 20px; margin: 0; font-size: 14px; list-style-type: disc;'>\n<li style='margin-bottom: 5px;'>Switch GWN7803P<\/li>\n<li style='margin-bottom: 5px;'>1 cable de CA de 1&comma;2 m (10 A)<\/li>\n<li style='margin-bottom: 5px;'>1 Cable para conexi\u00f3n a tierra<\/li>\n<li style='margin-bottom: 5px;'>4 pies de goma<\/li>\n<li style='margin-bottom: 5px;'>2 orejas para montaje en rack<\/li>\n<li style='margin-bottom: 5px;'>Gu\u00eda de instalaci\u00f3n<\/li>\n<\/ul><\/div>\n<\/p><\/div>\n<\/p><\/div>\n<\/p><\/div>\n","protected":false},"excerpt":{"rendered":"<p>Switch Gigabit PoE+ Administrable \/ 24 puertos 10\/100\/1000 Mbps + 4 Puertos SFP Uplink \/ Hasta 360W \/ Compatible con GWN Cloud.<\/p>\n","protected":false},"featured_media":90897,"comment_status":"open","ping_status":"closed","template":"","meta":[],"product_brand":[],"product_cat":[1986],"product_tag":[909,664,1987],"class_list":{"0":"post-90898","1":"product","2":"type-product","3":"status-publish","4":"has-post-thumbnail","6":"product_cat-switches-poe","7":"product_tag-grandstream","8":"product_tag-networking","9":"product_tag-switches-poe","11":"first","12":"instock","13":"sale","14":"shipping-taxable","15":"purchasable","16":"product-type-simple"},"_links":{"self":[{"href":"https:\/\/soydeaqui.ddns.net\/pachuca\/index.php\/wp-json\/wp\/v2\/product\/90898","targetHints":{"allow":["GET"]}}],"collection":[{"href":"https:\/\/soydeaqui.ddns.net\/pachuca\/index.php\/wp-json\/wp\/v2\/product"}],"about":[{"href":"https:\/\/soydeaqui.ddns.net\/pachuca\/index.php\/wp-json\/wp\/v2\/types\/product"}],"replies":[{"embeddable":true,"href":"https:\/\/soydeaqui.ddns.net\/pachuca\/index.php\/wp-json\/wp\/v2\/comments?post=90898"}],"wp:featuredmedia":[{"embeddable":true,"href":"https:\/\/soydeaqui.ddns.net\/pachuca\/index.php\/wp-json\/wp\/v2\/media\/90897"}],"wp:attachment":[{"href":"https:\/\/soydeaqui.ddns.net\/pachuca\/index.php\/wp-json\/wp\/v2\/media?parent=90898"}],"wp:term":[{"taxonomy":"product_brand","embeddable":true,"href":"https:\/\/soydeaqui.ddns.net\/pachuca\/index.php\/wp-json\/wp\/v2\/product_brand?post=90898"},{"taxonomy":"product_cat","embeddable":true,"href":"https:\/\/soydeaqui.ddns.net\/pachuca\/index.php\/wp-json\/wp\/v2\/product_cat?post=90898"},{"taxonomy":"product_tag","embeddable":true,"href":"https:\/\/soydeaqui.ddns.net\/pachuca\/index.php\/wp-json\/wp\/v2\/product_tag?post=90898"}],"curies":[{"name":"wp","href":"https:\/\/api.w.org\/{rel}","templated":true}]}}