{"id":90877,"date":"2026-03-20T04:03:15","date_gmt":"2026-03-20T04:03:15","guid":{"rendered":"https:\/\/soydeaqui.ddns.net\/pachuca\/index.php\/producto\/router-inalambrico-doble-banda-2-4-y-5-ghz-hasta-1200-mbps-soporta-mesh-con-las-onus-doble-banda-de-v-sol-4-antenas-de-5dbi-mimo-2x2\/"},"modified":"2026-03-20T04:03:31","modified_gmt":"2026-03-20T04:03:31","slug":"router-inalambrico-doble-banda-2-4-y-5-ghz-hasta-1200-mbps-soporta-mesh-con-las-onus-doble-banda-de-v-sol-4-antenas-de-5dbi-mimo-2x2","status":"publish","type":"product","link":"https:\/\/soydeaqui.ddns.net\/pachuca\/index.php\/producto\/router-inalambrico-doble-banda-2-4-y-5-ghz-hasta-1200-mbps-soporta-mesh-con-las-onus-doble-banda-de-v-sol-4-antenas-de-5dbi-mimo-2x2\/","title":{"rendered":"Router Inal\u00e1mbrico Doble Banda (2.4 y 5 GHz) \/ Hasta 1200 Mbps \/ Soporta MESH con las ONUs Doble banda de V-SOL \/ 4 Antenas de 5dBi \/ MIMO 2&#215;2 \/"},"content":{"rendered":"<div style='width: 100%; max-width: 1200px; margin: 0 auto; font-family: sans-serif; line-height: 1.6; color: inherit; background-color: transparent;'> <!-- Secci\u00f3n de caracter\u00edsticas con grid --> <\/p>\n<div style='display: grid; grid-template-columns: repeat(auto-fill&comma; minmax(280px&comma; 1fr)); gap: 30px; margin-bottom: 40px;'>\n<div style='border-left: 5px solid #ff0000; border-radius: 8px; padding: 15px; background-color: rgba(150&comma;150&comma;150&comma;0.05);'>\n<h3 style='font-size: 20px; margin-top: 0; margin-bottom: 15px; color: inherit; opacity: 0.9;'>Caracter\u00edsticas principales<\/h3>\n<ul style='padding-left: 20px; margin: 0; font-size: 15px; color: inherit;'>\n<li style='margin-bottom: 8px;'>Dimensiones: 115 \u00d7 115 \u00d7 180 mm (largo \u00d7 ancho \u00d7 alto)<\/li>\n<li style='margin-bottom: 8px;'>Aplicaciones: <strong>Datos<\/strong><\/li>\n<\/ul><\/div>\n<div style='border-left: 5px solid #ff0000; border-radius: 8px; padding: 15px; background-color: rgba(150&comma;150&comma;150&comma;0.05);'>\n<h3 style='font-size: 20px; margin-top: 0; margin-bottom: 15px; color: inherit; opacity: 0.9;'>Caracter\u00edsticas F\u00edsicas y El\u00e9ctricas<\/h3>\n<ul style='padding-left: 20px; margin: 0; font-size: 15px; color: inherit;'>\n<li style='margin-bottom: 8px;'>Alimentaci\u00f3n: 12V 1.5A (Fuente Incluida)<\/li>\n<li style='margin-bottom: 8px;'>Consumo m\u00e1ximo: 10W<\/li>\n<li style='margin-bottom: 8px;'>Peso: 0.56 Kg<\/li>\n<li style='margin-bottom: 8px;'>Temperatura de operaci\u00f3n: 0 a 70\u00b0 C<\/li>\n<\/ul><\/div>\n<div style='border-left: 5px solid #ff0000; border-radius: 8px; padding: 15px; background-color: rgba(150&comma;150&comma;150&comma;0.05);'>\n<h3 style='font-size: 20px; margin-top: 0; margin-bottom: 15px; color: inherit; opacity: 0.9;'>Caracter\u00edsticas de Red<\/h3>\n<ul style='padding-left: 20px; margin: 0; font-size: 15px; color: inherit;'>\n<li style='margin-bottom: 8px;'>1 Puerto 1000 Mbps RJ45<\/li>\n<li style='margin-bottom: 8px;'>1 Puerto 100 Mbps RJ45<\/li>\n<li style='margin-bottom: 8px;'>Wi-Fi Doble Banda (2.4 y 5 GHz)<\/li>\n<\/ul><\/div>\n<\/p><\/div>\n<p> <!-- Secci\u00f3n de im\u00e1genes --> <\/p>\n<div style='margin-bottom: 40px;'>\n<h2 style='font-size: 24px; margin-bottom: 25px; text-align: center; color: inherit; opacity: 0.9;'>Router Wi-Fi Doble Banda Easy Mesh<\/h2>\n<p> <img style='width: 100%; height: auto; border: 1px solid rgba(150&comma;150&comma;150&comma;0.3); border-radius: 8px; margin-bottom: 20px;' src='https:\/\/www.vsolcn.com\/wp-content\/uploads\/2023\/06\/mesh-wifi-%E4%BA%A7%E5%93%81%E8%AF%A6%E6%83%85%E9%A1%B5-%E8%8B%B1%E6%96%87-1-1.jpg' alt=''> <\/div>\n<div style='margin-bottom: 40px;'>\n<h2 style='font-size: 24px; margin-bottom: 25px; text-align: center; color: inherit; opacity: 0.9;'>Wi-Fi 2.4 y 5 GHz (Hasta 1.2 Gbps V\u00eda Inal\u00e1mbrico)<\/h2>\n<p> <img style='width: 100%; height: auto; border: 1px solid rgba(150&comma;150&comma;150&comma;0.3); border-radius: 8px; margin-bottom: 20px;' src='https:\/\/www.vsolcn.com\/wp-content\/uploads\/2023\/06\/mesh-wifi-%E4%BA%A7%E5%93%81%E8%AF%A6%E6%83%85%E9%A1%B5-%E8%8B%B1%E6%96%87-2-1.jpg' alt=''> <\/div>\n<div style='margin-bottom: 40px;'>\n<h2 style='font-size: 24px; margin-bottom: 25px; text-align: center; color: inherit; opacity: 0.9;'>Gran Cobertura Wi-Fi y F\u00e1cil Configuraci\u00f3n Para un red Mesh<\/h2>\n<p> <img style='width: 100%; height: auto; border: 1px solid rgba(150&comma;150&comma;150&comma;0.3); border-radius: 8px; margin-bottom: 20px;' src='https:\/\/www.vsolcn.com\/wp-content\/uploads\/2023\/06\/mesh-wifi-%E4%BA%A7%E5%93%81%E8%AF%A6%E6%83%85%E9%A1%B5-%E8%8B%B1%E6%96%87-3-1.jpg' alt=''> <img style='width: 100%; height: auto; border: 1px solid rgba(150&comma;150&comma;150&comma;0.3); border-radius: 8px; margin-top: 20px;' src='https:\/\/www.vsolcn.com\/wp-content\/uploads\/2023\/06\/mesh-wifi-%E4%BA%A7%E5%93%81%E8%AF%A6%E6%83%85%E9%A1%B5-%E8%8B%B1%E6%96%87-6-2.jpg' alt=''> <\/div>\n<div style='margin-bottom: 40px;'>\n<h2 style='font-size: 24px; margin-bottom: 25px; text-align: center; color: inherit; opacity: 0.9;'>PA y LNA Integrados en el Chip<\/h2>\n<p> <img style='width: 100%; height: auto; border: 1px solid rgba(150&comma;150&comma;150&comma;0.3); border-radius: 8px; margin-bottom: 20px;' src='https:\/\/www.vsolcn.com\/wp-content\/uploads\/2023\/06\/mesh-wifi-%E4%BA%A7%E5%93%81%E8%AF%A6%E6%83%85%E9%A1%B5-%E8%8B%B1%E6%96%87-4-1.jpg' alt=''> <\/div>\n<div style='margin-bottom: 40px;'>\n<h2 style='font-size: 24px; margin-bottom: 25px; text-align: center; color: inherit; opacity: 0.9;'>4 Antenas de Alta Ganancia para una fuerte Se\u00f1al Inal\u00e1mbrica<\/h2>\n<p> <img style='width: 100%; height: auto; border: 1px solid rgba(150&comma;150&comma;150&comma;0.3); border-radius: 8px; margin-bottom: 20px;' src='https:\/\/www.vsolcn.com\/wp-content\/uploads\/2023\/06\/mesh-wifi-%E4%BA%A7%E5%93%81%E8%AF%A6%E6%83%85%E9%A1%B5-%E8%8B%B1%E6%96%87-5-1.jpg' alt=''> <\/div>\n<\/p><\/div>\n","protected":false},"excerpt":{"rendered":"<p>Router Inal\u00e1mbrico Doble Banda (2.4 y 5 GHz) \/ Hasta 1200 Mbps \/ Soporta MESH con las ONUs Doble banda de V-SOL \/ 4 Antenas de 5dBi \/ MIMO 2&#215;2 \/<\/p>\n","protected":false},"featured_media":90876,"comment_status":"open","ping_status":"closed","template":"","meta":[],"product_brand":[],"product_cat":[2024],"product_tag":[1479,2025,2013],"class_list":{"0":"post-90877","1":"product","2":"type-product","3":"status-publish","4":"has-post-thumbnail","6":"product_cat-routers-inalambricos","7":"product_tag-redes-wifi","8":"product_tag-routers-inalambricos","9":"product_tag-v-sol","11":"first","12":"instock","13":"sale","14":"shipping-taxable","15":"purchasable","16":"product-type-simple"},"_links":{"self":[{"href":"https:\/\/soydeaqui.ddns.net\/pachuca\/index.php\/wp-json\/wp\/v2\/product\/90877","targetHints":{"allow":["GET"]}}],"collection":[{"href":"https:\/\/soydeaqui.ddns.net\/pachuca\/index.php\/wp-json\/wp\/v2\/product"}],"about":[{"href":"https:\/\/soydeaqui.ddns.net\/pachuca\/index.php\/wp-json\/wp\/v2\/types\/product"}],"replies":[{"embeddable":true,"href":"https:\/\/soydeaqui.ddns.net\/pachuca\/index.php\/wp-json\/wp\/v2\/comments?post=90877"}],"wp:featuredmedia":[{"embeddable":true,"href":"https:\/\/soydeaqui.ddns.net\/pachuca\/index.php\/wp-json\/wp\/v2\/media\/90876"}],"wp:attachment":[{"href":"https:\/\/soydeaqui.ddns.net\/pachuca\/index.php\/wp-json\/wp\/v2\/media?parent=90877"}],"wp:term":[{"taxonomy":"product_brand","embeddable":true,"href":"https:\/\/soydeaqui.ddns.net\/pachuca\/index.php\/wp-json\/wp\/v2\/product_brand?post=90877"},{"taxonomy":"product_cat","embeddable":true,"href":"https:\/\/soydeaqui.ddns.net\/pachuca\/index.php\/wp-json\/wp\/v2\/product_cat?post=90877"},{"taxonomy":"product_tag","embeddable":true,"href":"https:\/\/soydeaqui.ddns.net\/pachuca\/index.php\/wp-json\/wp\/v2\/product_tag?post=90877"}],"curies":[{"name":"wp","href":"https:\/\/api.w.org\/{rel}","templated":true}]}}