{"id":90863,"date":"2026-03-20T04:02:36","date_gmt":"2026-03-20T04:02:36","guid":{"rendered":"https:\/\/soydeaqui.ddns.net\/pachuca\/index.php\/producto\/servidor-nas-de-4-bahias-expandible-a-9-bahias-hasta-162-tb-servicio-nube-gratis-p2p-administracion-remota-y-respaldo-programado\/"},"modified":"2026-03-20T04:02:49","modified_gmt":"2026-03-20T04:02:49","slug":"servidor-nas-de-4-bahias-expandible-a-9-bahias-hasta-162-tb-servicio-nube-gratis-p2p-administracion-remota-y-respaldo-programado","status":"publish","type":"product","link":"https:\/\/soydeaqui.ddns.net\/pachuca\/index.php\/producto\/servidor-nas-de-4-bahias-expandible-a-9-bahias-hasta-162-tb-servicio-nube-gratis-p2p-administracion-remota-y-respaldo-programado\/","title":{"rendered":"Servidor NAS de 4 Bah\u00edas (Expandible a 9 Bah\u00edas) \/ Hasta 162 TB \/ Servicio Nube Gratis (P2P) \/ Administraci\u00f3n Remota y Respaldo Programado"},"content":{"rendered":"<div style='width: 100%; max-width: 1200px; margin: 0 auto; font-family: sans-serif; line-height: 1.6; color: inherit; background-color: transparent;'>\n<div style='margin-bottom: 30px;'> <a href='https:\/\/ftp3.syscom.mx\/usuarios\/nortega\/synology\/PROCEDIMIENTO%20DE%20GARANTIAS.pdf' style='display: block; text-align: center;'> <img style='width: 100%; max-width: 900px; height: auto; border: 1px solid rgba(150&comma;150&comma;150&comma;0.3); border-radius: 8px;' src='https:\/\/ftp3.syscom.mx\/usuarios\/nortega\/synology\/imagenes\/cintillo%20garantia.jpg' alt=''> <\/a> <\/div>\n<p>Synology DS923+ es una potente soluci\u00f3n NAS de 4 bah\u00edas que puede ajustar y ampliar a medida que cambian sus necesidades&comma; con posibilidad de incluir hasta nueve unidades&comma; redes m\u00e1s r\u00e1pidas y SSD NVMe para almacenamiento en cach\u00e9 o grupos de almacenamiento adicional. Con la tecnolog\u00eda de Synology DiskStation Manager (DSM)&comma; ofrece una soluci\u00f3n flexible y todo en uno para compartir datos&comma; sincronizar&comma; realizar copias de seguridad y supervisar.<\/p>\n<div style='display: flex; flex-wrap: wrap; gap: 30px; margin-bottom: 30px;'>\n<div style='flex: 1 1 300px; min-width: 280px;'>\n<h3 style='font-size: 22px; border-bottom: 2px solid currentColor; padding-bottom: 5px; margin-top: 0; color: inherit; opacity: 0.8;'>Procesador<\/h3>\n<ul style='padding-left: 20px; font-size: 15px; color: inherit;'>\n<li style='margin-bottom: 5px;'><strong>Modelo:<\/strong> AMD Ryzen\u2122 R1600 de dos n\u00facleos (4 subprocesos)&comma; aumento de reloj m\u00e1ximo hasta 3&comma;1 GHz<\/li>\n<li style='margin-bottom: 5px;'><strong>Arquitectura:<\/strong> 64-bit<\/li>\n<li style='margin-bottom: 5px;'><strong>Motor de crifrado de hardware:<\/strong> AES-NI<\/li>\n<li style='margin-bottom: 5px;'><strong>Memoria RAM:<\/strong> 4GB ECC DDR4 (expandible hasta 32GB)<\/li>\n<\/ul><\/div>\n<div style='flex: 1 1 300px; min-width: 280px;'>\n<h3 style='font-size: 22px; border-bottom: 2px solid currentColor; padding-bottom: 5px; margin-top: 0; color: inherit; opacity: 0.8;'>Almacenamiento<\/h3>\n<ul style='padding-left: 20px; font-size: 15px; color: inherit;'>\n<li style='margin-bottom: 5px;'>4 x HDD\/SSD SATA de 3&comma;5&#8242; o 2&comma;5&#8242; (no se incluyen los discos)<\/li>\n<li style='margin-bottom: 5px;'>2 x SSD M.2 2280 NVMe (no se incluyen los discos)<\/li>\n<li style='margin-bottom: 5px;'>Synology solo garantiza la funcionalidad&comma; la fiabilidad y el rendimiento completos de las unidades Synology que figuran en la lista de compatibilidad<\/li>\n<li style='margin-bottom: 5px;'>Hot Swap<\/li>\n<\/ul>\n<h4 style='font-size: 18px; margin-top: 20px; margin-bottom: 10px; color: inherit; opacity: 0.8;'>Gesti\u00f3n de almacenamiento<\/h4>\n<ul style='padding-left: 20px; font-size: 15px; color: inherit;'>\n<li style='margin-bottom: 5px;'><strong>N\u00famero m\u00e1ximo de ISCSI Target:<\/strong> 128<\/li>\n<li style='margin-bottom: 5px;'><strong>N\u00famero m\u00e1ximo de iSCSI LUN:<\/strong> 256<\/li>\n<\/ul><\/div>\n<div style='flex: 1 1 300px; min-width: 280px;'>\n<h3 style='font-size: 22px; border-bottom: 2px solid currentColor; padding-bottom: 5px; margin-top: 0; color: inherit; opacity: 0.8;'>Caracter\u00edsticas F\u00edsicas y El\u00e9ctricas<\/h3>\n<ul style='padding-left: 20px; font-size: 15px; color: inherit;'>\n<li style='margin-bottom: 5px;'><strong>Alimentaci\u00f3n:<\/strong> 100 a 240VCA. (Incluye fuente de alimentaci\u00f3n)<\/li>\n<li style='margin-bottom: 5px;'><strong>Consumo:<\/strong> 28.8W<\/li>\n<li style='margin-bottom: 5px;'><strong>Temperatura de operaci\u00f3n:<\/strong> 0 a 40 \u00b0C<\/li>\n<li style='margin-bottom: 5px;'><strong>Dimensiones:<\/strong> 166 x 199 x 223 mm<\/li>\n<li style='margin-bottom: 5px;'><strong>Peso:<\/strong> 2.24Kg<\/li>\n<\/ul><\/div>\n<\/p><\/div>\n<div style='display: flex; flex-wrap: wrap; gap: 30px; margin-bottom: 30px;'>\n<div style='flex: 1 1 300px; min-width: 280px;'>\n<h3 style='font-size: 22px; border-bottom: 2px solid currentColor; padding-bottom: 5px; margin-top: 0; color: inherit; opacity: 0.8;'>Puertos de conexi\u00f3n<\/h3>\n<ul style='padding-left: 20px; font-size: 15px; color: inherit;'>\n<li style='margin-bottom: 5px;'>2 Puertos RJ45 Gigabit (Con Link Aggregation \/ Failover support)<\/li>\n<li style='margin-bottom: 5px;'>2 Puertos USB 3.2<\/li>\n<li style='margin-bottom: 5px;'>1 Puerto eSATA<\/li>\n<\/ul><\/div>\n<div style='flex: 1 1 300px; min-width: 280px;'>\n<h3 style='font-size: 22px; border-bottom: 2px solid currentColor; padding-bottom: 5px; margin-top: 0; color: inherit; opacity: 0.8;'>RAID Compatible<\/h3>\n<ul style='padding-left: 20px; font-size: 15px; color: inherit;'>\n<li style='margin-bottom: 5px;'>Synology Hybrid RAID<\/li>\n<li style='margin-bottom: 5px;'>JBOD<\/li>\n<li style='margin-bottom: 5px;'>RAID 0<\/li>\n<li style='margin-bottom: 5px;'>RAID 1<\/li>\n<li style='margin-bottom: 5px;'>RAID 5<\/li>\n<li style='margin-bottom: 5px;'>RAID 6<\/li>\n<li style='margin-bottom: 5px;'>RAID 10<\/li>\n<\/ul><\/div>\n<div style='flex: 1 1 300px; min-width: 280px;'>\n<h3 style='font-size: 22px; border-bottom: 2px solid currentColor; padding-bottom: 5px; margin-top: 0; color: inherit; opacity: 0.8;'>Software<\/h3>\n<p style='font-size: 15px; color: inherit;'>Synology DiskStation Manager (DSM) es un elegante sistema operativo basado en navegador&comma; lo que hace que Synology NAS sea muy f\u00e1cil de utilizar.<\/p>\n<\/p><\/div>\n<\/p><\/div>\n<div style='margin: 30px 0; text-align: center;'>\n<p style='font-size: 14pt; font-weight: bold; color: inherit;'>Garant\u00eda 3 a\u00f1os<\/p>\n<\/p><\/div>\n<div style='margin-bottom: 30px;'> <a href='https:\/\/www.synology.com\/es-mx\/compatibility?search_by=products&#038;model=DS120j&#038;category=hdds_no_ssd_trim&#038;p=1&#038;change_log_p=1' target='_blank' rel='noopener' style='display: block; text-align: center;'> <img style='width: 100%; height: auto; border: 1px solid rgba(150&comma;150&comma;150&comma;0.3); border-radius: 8px;' src='http:\/\/ftp3.syscom.mx\/usuarios\/nortega\/synology\/compatibilidad.jpg' alt=''> <\/a> <\/div>\n<div style='margin-bottom: 30px;'>\n<div style='display: flex; flex-wrap: wrap; background-color: #616d71; color: white; border-radius: 8px; overflow: hidden;'>\n<div style='flex: 1 1 100%; padding: 20px; text-align: center;'>\n<h2 style='margin-top: 0; color: inherit;'>Surveillance Station<\/h2>\n<p style='color: inherit;'>Proteja su empresa&comma; su hogar y otros entornos con el sistema Surveillance Station es cual es fiable e intuitivo&comma; ademas ofrece herramientas inteligentes de supervisi\u00f3n y de gesti\u00f3n de v\u00eddeo para proteger sus valiosos activos.<\/p>\n<p style='margin-top: 15px;'><a style='color: white; text-decoration: underline;' href='https:\/\/www.synology.com\/es-mx\/compatibility\/camera' target='_blank' rel='noopener'>Verifique compatibilidad con c\u00e1maras IP<\/a><\/p>\n<\/p><\/div>\n<div style='flex: 1 1 100%; display: flex; justify-content: center; align-items: center; padding: 20px;'> <img style='width: 80%; max-width: 400px; height: auto; border: 1px solid rgba(150&comma;150&comma;150&comma;0.3); border-radius: 8px;' src='https:\/\/ftp3.syscom.mx\/usuarios\/nortega\/synology\/imagenes\/imagenes%20generales\/ss.png' alt=''> <\/div>\n<\/p><\/div>\n<\/p><\/div>\n<div style='margin-bottom: 30px;'>\n<div style='display: flex; flex-wrap: wrap; gap: 30px;'>\n<div style='flex: 1 1 100%; max-width: 500px;'> <img style='width: 80%; max-width: 400px; height: auto; border: 1px solid rgba(150&comma;150&comma;150&comma;0.3); border-radius: 8px;' src='https:\/\/ftp3.syscom.mx\/usuarios\/nortega\/synology\/imagenes\/imagenes%20generales\/moviles.png' alt=''> <\/div>\n<div style='flex: 1 1 100%; max-width: 500px;'>\n<h3 style='font-size: 22px; border-bottom: 2px solid currentColor; padding-bottom: 5px; margin-top: 0; color: inherit; opacity: 0.8;'>Integraci\u00f3n perfecta con sus dispositivos m\u00f3viles<\/h3>\n<p style='font-size: 15px; color: inherit;'>Las aplicaciones m\u00f3viles de Synology est\u00e1n dise\u00f1adas para permitir un acceso r\u00e1pido y seguro a sus datos desde cualquier ubicaci\u00f3n.<\/p>\n<div style='display: flex; gap: 15px; margin-top: 15px;'> <img style='width: 62px; height: 62px; border: 1px solid rgba(150&comma;150&comma;150&comma;0.3); border-radius: 8px;' src='https:\/\/ftp3.syscom.mx\/usuarios\/nortega\/synology\/imagenes\/imagenes%20generales\/ds_audio.png' alt='DS Audio'> <img style='width: 62px; height: 62px; border: 1px solid rgba(150&comma;150&comma;150&comma;0.3); border-radius: 8px;' src='https:\/\/ftp3.syscom.mx\/usuarios\/nortega\/synology\/imagenes\/imagenes%20generales\/ds_photo.png' alt='DS Photo'> <img style='width: 62px; height: 62px; border: 1px solid rgba(150&comma;150&comma;150&comma;0.3); border-radius: 8px;' src='https:\/\/ftp3.syscom.mx\/usuarios\/nortega\/synology\/imagenes\/imagenes%20generales\/ds_video.png' alt='DS Video'> <\/div>\n<\/p><\/div>\n<\/p><\/div>\n<\/p><\/div>\n<div style='margin-bottom: 30px;'>\n<div style='display: flex; flex-wrap: wrap; background-color: #616d71; color: white; border-radius: 8px; overflow: hidden;'>\n<div style='flex: 1 1 100%; padding: 20px; text-align: center;'>\n<h2 style='margin-top: 0; color: inherit;'>Soluci\u00f3n de copia de seguridad centralizada para sus dispositivos digitales<\/h2>\n<p style='color: inherit;'>La soluci\u00f3n de copia de seguridad completa de m\u00faltiples versiones de Synology protege sus activos digitales en ordenadores (Windows\/Mac) y tel\u00e9fonos m\u00f3viles (Android\/iOS) contra ataques maliciosos&comma; incluidas las crecientes amenazas de ransomware basadas en cifrado.<\/p>\n<\/p><\/div>\n<div style='flex: 1 1 100%; display: flex; justify-content: center; align-items: center; padding: 20px;'> <img style='width: 80%; max-width: 400px; height: auto; border: 1px solid rgba(150&comma;150&comma;150&comma;0.3); border-radius: 8px;' src='https:\/\/ftp3.syscom.mx\/usuarios\/nortega\/synology\/imagenes\/imagenes%20generales\/computers.jpg' alt=''> <\/div>\n<\/p><\/div>\n<\/p><\/div>\n<div style='margin-bottom: 30px;'>\n<h2 style='text-align: center; font-size: 20px; margin-bottom: 30px; color: inherit; opacity: 0.8;'>Con tecnolog\u00eda de Synology DiskStation Manager<\/h2>\n<div style='display: flex; flex-wrap: wrap; gap: 20px;'>\n<div style='flex: 1 1 250px; border: 1px solid rgba(150&comma; 150&comma; 150&comma; 0.4); border-radius: 8px; overflow: hidden; display: flex; flex-direction: column;'>\n<div style='padding: 15px; border-bottom: 1px solid rgba(150&comma; 150&comma; 150&comma; 0.2); font-weight: bold; font-size: 18px; color: inherit;'>Administraci\u00f3n\/Servidor de archivos<\/div>\n<div style='padding: 15px; color: inherit;'>\n<div style='text-align: center; margin-bottom: 15px;'> <img style='width: 60px; height: 56px; border: none;' src='http:\/\/ftp3.syscom.mx\/usuarios\/nortega\/synology\/imagenes\/imagenes%20generales\/iconos%20DSM\/archivos.png' alt=''> <\/div>\n<p style='font-size: 14px; text-align: center; margin: 0;'>Administraci\u00f3n de archivos y servicios compartidos integrados y potentes.<\/p>\n<\/p><\/div>\n<\/p><\/div>\n<div style='flex: 1 1 250px; border: 1 1 250px; border: 1px solid rgba(150&comma; 150&comma; 150&comma; 0.4); border-radius: 8px; overflow: hidden; display: flex; flex-direction: column;'>\n<div style='padding: 15px; border-bottom: 1px solid rgba(150&comma; 150&comma; 150&comma; 0.2); font-weight: bold; font-size: 18px; color: inherit;'>Multimedia<\/div>\n<div style='padding: 15px; color: inherit;'>\n<div style='text-align: center; margin-bottom: 15px;'> <img style='width: 60px; height: 56px; border: none;' src='http:\/\/ftp3.syscom.mx\/usuarios\/nortega\/synology\/imagenes\/imagenes%20generales\/iconos%20DSM\/multimedia.png' alt=''> <\/div>\n<p style='font-size: 14px; text-align: center; margin: 0;'>Soluci\u00f3n multimedia completa para la administraci\u00f3n&comma; transmisi\u00f3n y reproducci\u00f3n.<\/p>\n<\/p><\/div>\n<\/p><\/div>\n<div style='flex: 1 1 250px; border: 1px solid rgba(150&comma; 150&comma; 150&comma; 0.4); border-radius: 8px; overflow: hidden; display: flex; flex-direction: column;'>\n<div style='padding: 15px; border-bottom: 1px solid rgba(150&comma; 150&comma; 150&comma; 0.2); font-weight: bold; font-size: 18px; color: inherit;'>Hyper Backup<\/div>\n<div style='padding: 15px; color: inherit;'>\n<div style='text-align: center; margin-bottom: 15px;'> <img style='width: 60px; height: 56px; border: none;' src='http:\/\/ftp3.syscom.mx\/usuarios\/nortega\/synology\/imagenes\/imagenes%20generales\/iconos%20DSM\/hyperb.png' alt=''> <\/div>\n<p style='font-size: 14px; text-align: center; margin: 0;'>Almacene varias versiones de respaldo mediante una copia de seguridad de datos incrementales a nivel de bloque y la eliminaci\u00f3n de duplicados entre versiones.<\/p>\n<\/p><\/div>\n<\/p><\/div>\n<div style='flex: 1 1 250px; border: 1px solid rgba(150&comma; 150&comma; 150&comma; 0.4); border-radius: 8px; overflow: hidden; display: flex; flex-direction: column;'>\n<div style='padding: 15px; border-bottom: 1px solid rgba(150&comma; 150&comma; 150&comma; 0.2); font-weight: bold; font-size: 18px; color: inherit;'>Interfaz de usuario de DSM<\/div>\n<div style='padding: 15px; color: inherit;'>\n<div style='text-align: center; margin-bottom: 15px;'> <img style='width: 60px; height: 56px; border: none;' src='http:\/\/ftp3.syscom.mx\/usuarios\/nortega\/synology\/imagenes\/imagenes%20generales\/iconos%20DSM\/dsm.png' alt=''> <\/div>\n<p style='font-size: 14px; text-align: center; margin: 0;'>Sistema operativo galardonado que cuenta con una interfaz de usuario intuitiva y funciones potentes.<\/p>\n<\/p><\/div>\n<\/p><\/div>\n<div style='flex: 1 1 250px; border: 1px solid rgba(150&comma; 150&comma; 150&comma; 0.4); border-radius: 8px; overflow: hidden; display: flex; flex-direction: column;'>\n<div style='padding: 15px; border-bottom: 1px solid rgba(150&comma; 150&comma; 150&comma; 0.2); font-weight: bold; font-size: 18px; color: inherit;'>Seguridad<\/div>\n<div style='padding: 15px; color: inherit;'>\n<div style='text-align: center; margin-bottom: 15px;'> <img style='width: 60px; height: 56px; border: none;' src='http:\/\/ftp3.syscom.mx\/usuarios\/nortega\/synology\/imagenes\/imagenes%20generales\/iconos%20DSM\/seguridad.png' alt=''> <\/div>\n<p style='font-size: 14px; text-align: center; margin: 0;'>Proteja sus datos mediante completas herramientas de seguridad integradas para defender sus dispositivos frente a amenazas constantes.<\/p>\n<\/p><\/div>\n<\/p><\/div>\n<div style='flex: 1 1 250px; border: 1px solid rgba(150&comma; 150&comma; 150&comma; 0.4); border-radius: 8px; overflow: hidden; display: flex; flex-direction: column;'>\n<div style='padding: 15px; border-bottom: 1px solid rgba(150&comma; 150&comma; 150&comma; 0.2); font-weight: bold; font-size: 18px; color: inherit;'>Servidor todo en uno<\/div>\n<div style='padding: 15px; color: inherit;'>\n<div style='text-align: center; margin-bottom: 15px;'> <img style='width: 60px; height: 56px; border: none;' src='http:\/\/ftp3.syscom.mx\/usuarios\/nortega\/synology\/imagenes\/imagenes%20generales\/iconos%20DSM\/todoenuno.png' alt=''> <\/div>\n<p style='font-size: 14px; text-align: center; margin: 0;'>Ahorre inversiones adicionales mediante la integraci\u00f3n de varios servicios de red&comma; de internet o correo electr\u00f3nico y aplicaciones de administraci\u00f3n de su NAS.<\/p>\n<\/p><\/div>\n<\/p><\/div>\n<\/p><\/div>\n<\/p><\/div>\n<hr style='border: 0; border-top: 1px solid rgba(150&comma; 150&comma; 150&comma; 0.3); margin: 30px 0;'> <\/div>\n","protected":false},"excerpt":{"rendered":"<p>Servidor NAS de 4 Bah\u00edas (Expandible a 9 Bah\u00edas) \/ Hasta 162 TB \/ Servicio Nube Gratis (P2P) \/ Administraci\u00f3n Remota y Respaldo Programado<\/p>\n","protected":false},"featured_media":90862,"comment_status":"open","ping_status":"closed","template":"","meta":[],"product_brand":[],"product_cat":[2067],"product_tag":[1974,2068,1976],"class_list":{"0":"post-90863","1":"product","2":"type-product","3":"status-publish","4":"has-post-thumbnail","6":"product_cat-servidores-nas","7":"product_tag-almacenamiento","8":"product_tag-servidores-nas","9":"product_tag-synology","11":"first","12":"outofstock","13":"sale","14":"shipping-taxable","15":"purchasable","16":"product-type-simple"},"_links":{"self":[{"href":"https:\/\/soydeaqui.ddns.net\/pachuca\/index.php\/wp-json\/wp\/v2\/product\/90863","targetHints":{"allow":["GET"]}}],"collection":[{"href":"https:\/\/soydeaqui.ddns.net\/pachuca\/index.php\/wp-json\/wp\/v2\/product"}],"about":[{"href":"https:\/\/soydeaqui.ddns.net\/pachuca\/index.php\/wp-json\/wp\/v2\/types\/product"}],"replies":[{"embeddable":true,"href":"https:\/\/soydeaqui.ddns.net\/pachuca\/index.php\/wp-json\/wp\/v2\/comments?post=90863"}],"wp:featuredmedia":[{"embeddable":true,"href":"https:\/\/soydeaqui.ddns.net\/pachuca\/index.php\/wp-json\/wp\/v2\/media\/90862"}],"wp:attachment":[{"href":"https:\/\/soydeaqui.ddns.net\/pachuca\/index.php\/wp-json\/wp\/v2\/media?parent=90863"}],"wp:term":[{"taxonomy":"product_brand","embeddable":true,"href":"https:\/\/soydeaqui.ddns.net\/pachuca\/index.php\/wp-json\/wp\/v2\/product_brand?post=90863"},{"taxonomy":"product_cat","embeddable":true,"href":"https:\/\/soydeaqui.ddns.net\/pachuca\/index.php\/wp-json\/wp\/v2\/product_cat?post=90863"},{"taxonomy":"product_tag","embeddable":true,"href":"https:\/\/soydeaqui.ddns.net\/pachuca\/index.php\/wp-json\/wp\/v2\/product_tag?post=90863"}],"curies":[{"name":"wp","href":"https:\/\/api.w.org\/{rel}","templated":true}]}}