{"id":90837,"date":"2026-03-20T04:01:29","date_gmt":"2026-03-20T04:01:29","guid":{"rendered":"https:\/\/soydeaqui.ddns.net\/pachuca\/index.php\/producto\/telefono-ip-grado-operador-2-lineas-sip-con-4-cuentas-puertos-gigabit-poe-codec-opus-ipv4-ipv6-con-gestion-en-la-nube-gdms\/"},"modified":"2026-03-20T04:01:40","modified_gmt":"2026-03-20T04:01:40","slug":"telefono-ip-grado-operador-2-lineas-sip-con-4-cuentas-puertos-gigabit-poe-codec-opus-ipv4-ipv6-con-gestion-en-la-nube-gdms","status":"publish","type":"product","link":"https:\/\/soydeaqui.ddns.net\/pachuca\/index.php\/producto\/telefono-ip-grado-operador-2-lineas-sip-con-4-cuentas-puertos-gigabit-poe-codec-opus-ipv4-ipv6-con-gestion-en-la-nube-gdms\/","title":{"rendered":"Tel\u00e9fono IP Grado Operador, 2 l\u00edneas SIP con 4 cuentas, puertos Gigabit PoE, codec Opus, IPV4\/IPV6 con gesti\u00f3n en la nube GDMS"},"content":{"rendered":"<div style='width: 100%; max-width: 1200px; margin: 0 auto; font-family: sans-serif; line-height: 1.6; color: inherit; background-color: transparent;'>\n<div style='display: flex; flex-wrap: wrap; gap: 30px; margin-bottom: 30px;'>\n<div style='flex: 1 1 300px; min-width: 280px;'> <img style='width: 100%; height: auto; border: 1px solid rgba(150&comma;150&comma;150&comma;0.3); border-radius: 8px;' src='https:\/\/ftp3.syscom.mx\/usuarios\/fotos\/GRP2601P\/192328-flyer_grps_gdms_spa_-_abril_2020.png' alt=''> <\/div>\n<div style='flex: 1 1 300px; min-width: 280px;'>\n<h3 style='font-size: 22px; border-bottom: 2px solid currentColor; padding-bottom: 5px; margin-top: 0; color: inherit; opacity: 0.8;'>Tel\u00e9fono IP Essential<\/h3>\n<p style='text-align: justify;'>Como parte de la serie GRP de Tel\u00e9fonos IP Carrier-Grade&comma; el GRP2602 es un modelo esencial de 2 l\u00edneas dise\u00f1ado con aprovisionamiento zero-touch para implementaci\u00f3n masiva y f\u00e1cil gesti\u00f3n:<\/p>\n<ul style='padding-left: 20px; font-size: 15px; color: inherit;'>\n<li style='margin-bottom: 5px;'><strong>4 cuentas SIP<\/strong>&comma; dos l\u00edneas.<\/li>\n<li style='margin-bottom: 5px;'>Gesti\u00f3n y aprovisionamiento en la nube de los dispositivos a trav\u00e9s de GDMS.<\/li>\n<li style='margin-bottom: 5px;'>Conferencia de audio de 5 participantes para llamadas de conferencia f\u00e1ciles.<\/li>\n<li style='margin-bottom: 5px;'>Equipado con tecnolog\u00eda Noise Shield para minimizar el ruido de fondo.<\/li>\n<li style='margin-bottom: 5px;'>Soporte Electronic Hook Switch (EHS) para auriculares Plantronics&comma; Jabra y Sennheiser.<\/li>\n<li style='margin-bottom: 5px;'>Protecci\u00f3n de nivel empresarial incluyendo arranque seguro&comma; im\u00e1genes de firmware dual y almacenamiento de datos cifrados.<\/li>\n<\/ul>\n<p style='text-align: justify;'>Se caracteriza por tener un dise\u00f1o elegante y un conjunto de funciones de \u00faltima generaci\u00f3n incluyendo conferencia de voz de 5 participantes para maximizar la productividad&comma; soporte EHS para auriculares Plantronics&comma; <a href='https:\/\/www.syscom.mx\/principal\/listadopormarca\/JABRA\/full?ordenar=Mas_Vendidos&#038;pag=1' target='_blank' rel='noopener' style='color: inherit; text-decoration: underline;'><strong>Jabra<\/strong><\/a> y Sennheiser y soporte en m\u00faltiples idiomas. La serie GRP incluye caracter\u00edsticas de seguridad carrier-grade para proporcionar seguridad de nivel empresarial&comma; incluyendo arranque seguro&comma; im\u00e1genes de firmware dual y almacenamiento de datos cifrados. Para el aprovisionamiento en la nube y la gesti\u00f3n centralizada<\/p>\n<\/p><\/div>\n<\/p><\/div>\n<div style='display: flex; flex-wrap: wrap; gap: 30px; margin-bottom: 30px;'>\n<div style='flex: 1 1 300px; min-width: 280px;'>\n<h3 style='font-size: 22px; border-bottom: 2px solid currentColor; padding-bottom: 5px; margin-top: 0; color: inherit; opacity: 0.8;'>Soporte de Grandstream GDMS<\/h3>\n<p style='text-align: justify;'>El cual proporciona una interfaz centralizada para configurar&comma; aprovisionar&comma; gestionar y monitorear la implementaci\u00f3n de los dispositivos Grandstream.<\/p>\n<p style='text-align: justify;'>Creado para las necesidades b\u00e1sicas de los empleados de escritorio en sitio o a distancia y dise\u00f1ado para una f\u00e1cil implementaci\u00f3n por las empresas&comma; los proveedores de servicios y otros mercados de gran volumen&comma; el GRP2602 ofrece un dispositivo de voz f\u00e1cil de usar y de implementar.<\/p>\n<\/p><\/div>\n<\/p><\/div>\n<div style='display: flex; flex-wrap: wrap; gap: 20px; margin-bottom: 30px;'>\n<div style='flex: 1 1 250px; border: 1px solid rgba(150&comma; 150&comma; 150&comma; 0.4); border-radius: 8px; overflow: hidden; display: flex; flex-direction: column;'>\n<div style='padding: 15px; border-bottom: 1px solid rgba(150&comma; 150&comma; 150&comma; 0.2); font-weight: bold; font-size: 18px; color: inherit;'>Caracter\u00edsticas principales:<\/div>\n<div style='padding: 15px; color: inherit;'>\n<ul style='padding-left: 20px; margin: 0; font-size: 14px; list-style-type: disc;'>\n<li style='margin-bottom: 5px;'>2 lineas SIP.<\/li>\n<li style='margin-bottom: 5px;'>4 cuentas SIP.<\/li>\n<li style='margin-bottom: 5px;'>PoE.<\/li>\n<li style='margin-bottom: 5px;'>Compatibilidad con GDMS.<\/li>\n<li style='margin-bottom: 5px;'>Pantalla LCD de 132 x 48 (2.41&#8242;).<\/li>\n<li style='margin-bottom: 5px;'>Soporte para G.729A\/B&comma; G.711\u00b5\/a-law&comma; G.726&comma; G.722 (banda ancha)&comma; G.723&comma; iLBC&comma; OPUS&comma; DTMF en banda y fuera de banda (in audio&comma; RFC2833&comma; SIP INFO)&comma; VAD&comma; AEC&comma; CNG&comma; PLC&comma; AGC<\/li>\n<li style='margin-bottom: 5px;'>Dos puertos Ethernet conmutados de 10\/100\/1000 Mbps<\/li>\n<li style='margin-bottom: 5px;'>Conector RJ9 para auriculares (permitiendo EHS con auriculares Plantronics&comma; <a href='https:\/\/www.syscom.mx\/principal\/listadopormarca\/JABRA\/full?ordenar=Mas_Vendidos&#038;pag=1' target='_blank' rel='noopener' style='color: inherit; text-decoration: underline;'><strong>Jabra<\/strong><\/a> y Sennheiser)<\/li>\n<li style='margin-bottom: 5px;'>1 posici\u00f3n angular disponible (45\u00b0)&comma; montaje en pared (*el soporte de pared se vende por separado).<\/li>\n<\/ul><\/div>\n<\/p><\/div>\n<div style='flex: 1 1 250px; border: 1px solid rgba(150&comma; 150&comma; 150&comma; 0.4); border-radius: 8px; overflow: hidden; display: flex; flex-direction: column;'>\n<div style='padding: 15px; border-bottom: 1px solid rgba(150&comma; 150&comma; 150&comma; 0.2); font-weight: bold; font-size: 18px; color: inherit;'>Contenido del paquete:<\/div>\n<div style='padding: 15px; color: inherit;'>\n<ul style='padding-left: 20px; margin: 0; font-size: 14px; list-style-type: disc;'>\n<li style='margin-bottom: 5px;'>Tel\u00e9fono GRP2602G.<\/li>\n<li style='margin-bottom: 5px;'>Auricular con cord\u00f3n.<\/li>\n<li style='margin-bottom: 5px;'>Base.<\/li>\n<li style='margin-bottom: 5px;'>Cable de red.<\/li>\n<li style='margin-bottom: 5px;'>Gu\u00eda de Instalaci\u00f3n R\u00e1pida.<\/li>\n<li style='margin-bottom: 5px;'>Fuente de alimentaci\u00f3n.<\/li>\n<\/ul><\/div>\n<\/p><\/div>\n<div style='flex: 1 1 250px; border: 1px solid rgba(150&comma; 150&comma; 150&comma; 0.4); border-radius: 8px; overflow: hidden; display: flex; flex-direction: column;'>\n<div style='padding: 15px; border-bottom: 1px solid rgba(150&comma; 150&comma; 150&comma; 0.2); font-weight: bold; font-size: 18px; color: inherit;'>Caracter\u00edsticas F\u00edsicas y El\u00e9ctricas:<\/div>\n<div style='padding: 15px; color: inherit;'>\n<ul style='padding-left: 20px; margin: 0; font-size: 14px; list-style-type: disc;'>\n<li style='margin-bottom: 5px;'>Fuente de Alimentaci\u00f3n Universal Entrada: 100-240 VAC 50-60 Hz; Salida: +5 VDC&comma; 600 mA (fuente incluida).<\/li>\n<li style='margin-bottom: 5px;'>Dimensi\u00f3n: 208 mm (Largo) x 180 mm (Ancho) x 63.4 mm (Alto) (con el auricular).<\/li>\n<li style='margin-bottom: 5px;'>Operaci\u00f3n: 0 \u00b0C a 40 \u00b0C Almacenamiento: -10 \u00b0C a 60 \u00b0C Humedad: 10% a 90% sin condensaci\u00f3n.<\/li>\n<\/ul><\/div>\n<\/p><\/div>\n<\/p><\/div>\n<hr style='border: 0; border-top: 1px solid rgba(150&comma; 150&comma; 150&comma; 0.3); margin: 30px 0;'>\n<div style='display: flex; flex-wrap: wrap; gap: 30px; margin-bottom: 30px;'>\n<div style='flex: 1 1 100%;'>\n<div style='position: relative; padding-bottom: 56.25%; height: 0; overflow: hidden; margin-bottom: 30px;'>   <\/div>\n<\/p><\/div>\n<\/p><\/div>\n<div style='display: flex; flex-wrap: wrap; gap: 30px; margin-bottom: 30px;'>\n<div style='flex: 1 1 100%;'>\n<h3 style='font-size: 22px; border-bottom: 2px solid currentColor; padding-bottom: 5px; margin-top: 0; color: inherit; opacity: 0.8;'>Introducci\u00f3n y Configuraci\u00f3n B\u00e1sica de GDMS compatible con Tel\u00e9fonos GRP2600<\/h3>\n<div style='position: relative; padding-bottom: 56.25%; height: 0; overflow: hidden; margin-bottom: 30px;'>   <\/div>\n<\/p><\/div>\n<\/p><\/div>\n<\/p><\/div>\n","protected":false},"excerpt":{"rendered":"<p>Tel\u00e9fono IP Grado Operador, 2 l\u00edneas SIP con 4 cuentas, puertos Gigabit PoE, codec Opus, IPV4\/IPV6 con gesti\u00f3n en la nube GDMS<\/p>\n","protected":false},"featured_media":90836,"comment_status":"open","ping_status":"closed","template":"","meta":[],"product_brand":[],"product_cat":[2003],"product_tag":[909,2005,2004],"class_list":{"0":"post-90837","1":"product","2":"type-product","3":"status-publish","4":"has-post-thumbnail","6":"product_cat-telefonos-ip","7":"product_tag-grandstream","8":"product_tag-telefonos-ip","9":"product_tag-voip-telefonia-ip-videoconferencia","11":"first","12":"instock","13":"sale","14":"shipping-taxable","15":"purchasable","16":"product-type-simple"},"_links":{"self":[{"href":"https:\/\/soydeaqui.ddns.net\/pachuca\/index.php\/wp-json\/wp\/v2\/product\/90837","targetHints":{"allow":["GET"]}}],"collection":[{"href":"https:\/\/soydeaqui.ddns.net\/pachuca\/index.php\/wp-json\/wp\/v2\/product"}],"about":[{"href":"https:\/\/soydeaqui.ddns.net\/pachuca\/index.php\/wp-json\/wp\/v2\/types\/product"}],"replies":[{"embeddable":true,"href":"https:\/\/soydeaqui.ddns.net\/pachuca\/index.php\/wp-json\/wp\/v2\/comments?post=90837"}],"wp:featuredmedia":[{"embeddable":true,"href":"https:\/\/soydeaqui.ddns.net\/pachuca\/index.php\/wp-json\/wp\/v2\/media\/90836"}],"wp:attachment":[{"href":"https:\/\/soydeaqui.ddns.net\/pachuca\/index.php\/wp-json\/wp\/v2\/media?parent=90837"}],"wp:term":[{"taxonomy":"product_brand","embeddable":true,"href":"https:\/\/soydeaqui.ddns.net\/pachuca\/index.php\/wp-json\/wp\/v2\/product_brand?post=90837"},{"taxonomy":"product_cat","embeddable":true,"href":"https:\/\/soydeaqui.ddns.net\/pachuca\/index.php\/wp-json\/wp\/v2\/product_cat?post=90837"},{"taxonomy":"product_tag","embeddable":true,"href":"https:\/\/soydeaqui.ddns.net\/pachuca\/index.php\/wp-json\/wp\/v2\/product_tag?post=90837"}],"curies":[{"name":"wp","href":"https:\/\/api.w.org\/{rel}","templated":true}]}}