{"id":90774,"date":"2026-03-20T03:58:35","date_gmt":"2026-03-20T03:58:35","guid":{"rendered":"https:\/\/soydeaqui.ddns.net\/pachuca\/index.php\/producto\/router-balanceador-con-funcion-sd-wan-poe-hasta-110-watts-hasta-4-servicios-de-internet-y-hasta-350-clientes-con-desempeno-de-1-5-gbps\/"},"modified":"2026-03-20T03:58:47","modified_gmt":"2026-03-20T03:58:47","slug":"router-balanceador-con-funcion-sd-wan-poe-hasta-110-watts-hasta-4-servicios-de-internet-y-hasta-350-clientes-con-desempeno-de-1-5-gbps","status":"publish","type":"product","link":"https:\/\/soydeaqui.ddns.net\/pachuca\/index.php\/producto\/router-balanceador-con-funcion-sd-wan-poe-hasta-110-watts-hasta-4-servicios-de-internet-y-hasta-350-clientes-con-desempeno-de-1-5-gbps\/","title":{"rendered":"Router Balanceador con Funci\u00f3n SD-WAN, PoE+ hasta 110 Watts, Hasta 4 Servicios de Internet y hasta 350 clientes con desempe\u00f1o de 1.5 Gbps"},"content":{"rendered":"<div style='width: 100%; max-width: 1200px; margin: 0 auto; font-family: sans-serif; line-height: 1.6; color: inherit; background-color: transparent;'> <!-- Imagen principal --> <\/p>\n<div style='width: 100%; margin-bottom: 30px;'> <img style='width: 100%; height: auto; border: 1px solid rgba(150&comma;150&comma;150&comma;0.3); border-radius: 8px;' src='https:\/\/ftp3.syscom.mx\/usuarios\/fotos\/RGRAP2260(G)\/203964-output.png' alt='Router Reyee modelo RG-EG310GH-P-E'> <\/div>\n<p> <!-- Descripci\u00f3n general --> <\/p>\n<div style='margin-bottom: 30px;'>\n<h2 style='font-size: 24px; margin-top: 0; margin-bottom: 20px; color: inherit; opacity: 0.9;'>Router Reyee modelo: RG-EG310GH-P-E<\/h2>\n<p style='font-size: 15px; color: inherit; opacity: 0.8;'>El Router VPN de Alto Rendimiento RG-EG310GH-E de Ruijie es la soluci\u00f3n ideal para oficinas que requieren una conectividad robusta y segura. Con un throughput de 1.5 Gbps&comma; este dispositivo ofrece un rendimiento excepcional para redes empresariales. Facilita la creaci\u00f3n de potentes VPN para conectar sucursales y empleados remotos de forma eficiente y confiable. Su capacidad de visualizaci\u00f3n y monitorizaci\u00f3n del tr\u00e1fico&comma; combinada con una gesti\u00f3n de ancho de banda eficiente basada en aplicaciones y usuarios&comma; garantiza el control total sobre la red. Adem\u00e1s&comma; cuenta con funciones Multi-WAN y balanceo de carga inteligente&comma; asegurando una conectividad constante y optimizada para su negocio.<\/p>\n<\/p><\/div>\n<p> <!-- Secci\u00f3n de caracter\u00edsticas generales --> <\/p>\n<div style='display: flex; flex-wrap: wrap; gap: 30px; margin-bottom: 30px;'>\n<div style='flex: 1 1 300px; min-width: 280px;'> <img style='width: 100%; height: auto; border: 1px solid rgba(150&comma;150&comma;150&comma;0.3); border-radius: 8px;' src='http:\/\/ftp3.syscom.mx\/usuarios\/ftp\/2025\/11\/12\/2251\/RGEG310GHPEh_POE.png_froala_6914fbde916ea' alt='Caracter\u00edsticas PoE'> <\/div>\n<div style='flex: 1 1 300px; min-width: 280px;'>\n<h3 style='font-size: 22px; border-bottom: 2px solid currentColor; padding-bottom: 5px; margin-top: 0; color: inherit; opacity: 0.8;'>Caracter\u00edsticas Generales<\/h3>\n<ul style='padding-left: 20px; font-size: 15px; color: inherit;'>\n<li style='margin-bottom: 5px;'><strong>Montaje:<\/strong> Escritorio \/ Charola en Rack<\/li>\n<li style='margin-bottom: 5px;'><strong>L\u00edneas ISP Soportadas:<\/strong> Hasta 4 servicios de Internet<\/li>\n<li style='margin-bottom: 5px;'><strong>Modos de operaci\u00f3n:<\/strong> Router&comma; Balanceador&comma; AC<\/li>\n<li style='margin-bottom: 5px;'><strong>Sesiones:<\/strong> Hasta 100&comma;000<\/li>\n<li style='margin-bottom: 5px;'><strong>SD-WAN:<\/strong> Hasta 64 Sucursales \/ 192 T\u00faneles \/ hasta 300Mbps<\/li>\n<li style='margin-bottom: 5px;'><strong>Configuraci\u00f3n a trav\u00e9s de:<\/strong> Interfaz web (red local)&comma; aplicaci\u00f3n m\u00f3vil (remoto o en red local)&comma; plataforma cloud (remoto)<\/li>\n<li style='margin-bottom: 5px;'><strong>Puertos:<\/strong> Un WAN Gigabit&comma; Un LAN\/WAN Gigabit&comma; Dos LAN\/WAN PoE Gigabit y Seis LAN Gigabit<\/li>\n<li style='margin-bottom: 5px;'><strong>Garant\u00eda:<\/strong> 3 a\u00f1os<\/li>\n<\/ul><\/div>\n<\/p><\/div>\n<p> <!-- Separador --> <\/p>\n<hr style='border: 0; border-top: 1px solid rgba(150&comma;150&comma;150&comma;0.3); margin: 30px 0;'> <!-- Secci\u00f3n de especificaciones t\u00e9cnicas --> <\/p>\n<div style='display: flex; flex-wrap: wrap; gap: 20px; margin-bottom: 30px;'>\n<div style='flex: 1 1 250px; border: 1px solid rgba(150&comma; 150&comma; 150&comma; 0.4); border-radius: 8px; overflow: hidden; display: flex; flex-direction: column;'>\n<div style='padding: 15px; border-bottom: 1px solid rgba(150&comma; 150&comma; 150&comma; 0.2); font-weight: bold; font-size: 18px; color: inherit;'>Desempe\u00f1o<\/div>\n<div style='padding: 15px; color: inherit;'>\n<ul style='padding-left: 20px; margin: 0; font-size: 14px; list-style-type: disc;'>\n<li style='margin-bottom: 5px;'><strong>N\u00famero de Clientes:<\/strong> Hasta 350 recomendados<\/li>\n<li style='margin-bottom: 5px;'><strong>Throughput:<\/strong> 1500 Mbps Normal Mode<\/li>\n<li style='margin-bottom: 5px;'><strong>VPNs:<\/strong> IPSec&comma; WireGuard&comma; L2TP&comma; PPTP&comma; y OpenVPN \/ Desempe\u00f1o de 100-540 Mbps \/ T\u00faneles 64<\/li>\n<li style='margin-bottom: 5px;'><strong>VLANs:<\/strong> Hasta 64 segmentos de Red<\/li>\n<li style='margin-bottom: 5px;'><strong>Reyee APs Soportados:<\/strong> 128 en Modo Router \/ 500 en Modo AC<\/li>\n<\/ul>\n<p style='font-size: 13px; margin-top: 15px; color: inherit; opacity: 0.7;'>*Notas: Rango general&comma; Ver dato espec\u00edfico para cada protocolo.<\/p>\n<\/p><\/div>\n<\/p><\/div>\n<div style='flex: 1 1 250px; border: 1px solid rgba(150&comma; 150&comma; 150&comma; 0.4); border-radius: 8px; overflow: hidden; display: flex; flex-direction: column;'>\n<div style='padding: 15px; border-bottom: 1px solid rgba(150&comma; 150&comma; 150&comma; 0.2); font-weight: bold; font-size: 18px; color: inherit;'>Caracter\u00edsticas F\u00edsicas y El\u00e9ctricas<\/div>\n<div style='padding: 15px; color: inherit;'>\n<ul style='padding-left: 20px; margin: 0; font-size: 14px; list-style-type: disc;'>\n<li style='margin-bottom: 5px;'><strong>Alimentaci\u00f3n:<\/strong> 54V &#8211; 2.5 A (130 W)<\/li>\n<li style='margin-bottom: 5px;'><strong>Dimensiones:<\/strong> 202 mm x 108 mm x 28 mm<\/li>\n<li style='margin-bottom: 5px;'><strong>Peso:<\/strong> 1.5 Kg<\/li>\n<li style='margin-bottom: 5px;'><strong>Temperatura en Operaci\u00f3n:<\/strong> 0\u00b0 a 40\u00b0C<\/li>\n<li style='margin-bottom: 5px;'><strong>Grado de protecci\u00f3n El\u00e9ctrica:<\/strong> \u00b14KV<\/li>\n<li style='margin-bottom: 5px;'><strong>Memoria Flash:<\/strong> 256 MB<\/li>\n<li style='margin-bottom: 5px;'><strong>SD RAM:<\/strong> 512 MB<\/li>\n<li style='margin-bottom: 5px;'><strong>CPU:<\/strong> 1350 Mhz*2<\/li>\n<\/ul><\/div>\n<\/p><\/div>\n<div style='flex: 1 1 250px; border: 1px solid rgba(150&comma; 150&comma; 150&comma; 0.4); border-radius: 8px; overflow: hidden; display: flex; flex-direction: column;'>\n<div style='padding: 15px; border-bottom: 1px solid rgba(150&comma; 150&comma; 150&comma; 0.2); font-weight: bold; font-size: 18px; color: inherit;'>Contenido del Paquete<\/div>\n<div style='padding: 15px; color: inherit;'>\n<ul style='padding-left: 20px; margin: 0; font-size: 14px; list-style-type: disc;'>\n<li style='margin-bottom: 5px;'>1 Pieza Router modelo: RG-EG310GH-E<\/li>\n<li style='margin-bottom: 5px;'>Fuente de Alimentaci\u00f3n DC 54V &#8211; 2.5 A<\/li>\n<li style='margin-bottom: 5px;'>Gu\u00eda r\u00e1pida de instalaci\u00f3n<\/li>\n<\/ul>\n<p> <img style='width: 100%; height: auto; border: 1px solid rgba(150&comma;150&comma;150&comma;0.3); border-radius: 8px; margin-top: 15px;' src='http:\/\/ftp3.syscom.mx\/usuarios\/ftp\/2025\/11\/12\/2251\/1762982912951.png_froala_6915000035752' alt='Contenido del Paquete'> <\/div>\n<\/p><\/div>\n<\/p><\/div>\n<p> <!-- Separador --> <\/p>\n<hr style='border: 0; border-top: 1px solid rgba(150&comma;150&comma;150&comma;0.3); margin: 30px 0;'> <!-- Secci\u00f3n de documentos y enlaces --> <\/p>\n<div style='display: flex; flex-wrap: wrap; gap: 20px; margin-bottom: 30px;'>\n<div style='flex: 1 1 250px; border: 1px solid rgba(150&comma; 150&comma; 150&comma; 0.4); border-radius: 8px; overflow: hidden; display: flex; flex-direction: column;'>\n<div style='padding: 15px; border-bottom: 1px solid rgba(150&comma; 150&comma; 150&comma; 0.2); font-weight: bold; font-size: 18px; color: inherit;'>Documentaci\u00f3n y Firmware<\/div>\n<div style='padding: 15px; color: inherit;'>\n<ul style='padding-left: 20px; margin: 0; font-size: 14px; list-style-type: disc;'>\n<li style='margin-bottom: 5px;'><a href='https:\/\/ftp3.syscom.mx\/usuarios\/ftp\/2025\/11\/12\/2251\/RGEG310GHPE_Datasheet.pdf' target='_blank' rel='noopener noreferrer' style='color: inherit; text-decoration: underline; opacity: 0.9;'>Hoja de Especificaciones<\/a><\/li>\n<li style='margin-bottom: 5px;'><a href='https:\/\/ftp3.syscom.mx\/usuarios\/ftp\/2025\/11\/12\/2251\/RGEG300G_Series_Routers_Installation.pdf' target='_blank' rel='noopener noreferrer' style='color: inherit; text-decoration: underline; opacity: 0.9;'>Especificaciones de Hardware<\/a><\/li>\n<li style='margin-bottom: 5px;'><a href='https:\/\/reyee.ruijie.com\/en-global\/support\/' target='_blank' rel='noopener noreferrer' style='color: inherit; text-decoration: underline; opacity: 0.9;'>Firmware<\/a><\/li>\n<\/ul><\/div>\n<\/p><\/div>\n<div style='flex: 1 1 250px; border: 1px solid rgba(150&comma; 150&comma; 150&comma; 0.4); border-radius: 8px; overflow: hidden; display: flex; flex-direction: column;'>\n<div style='padding: 15px; border-bottom: 1px solid rgba(150&comma; 150&comma; 150&comma; 0.2); font-weight: bold; font-size: 18px; color: inherit;'>Accesorios Sugeridos<\/div>\n<div style='padding: 15px; color: inherit;'>\n<ul style='padding-left: 20px; margin: 0; font-size: 14px; list-style-type: disc;'>\n<li style='margin-bottom: 5px;'>Cable de Alimentaci\u00f3n AC modelo: <a href='https:\/\/www.syscom.mx\/products\/162897' target='_blank' rel='noopener noreferrer' style='color: inherit; text-decoration: underline; opacity: 0.9;'>AC-CORD-1.8M<\/a><\/li>\n<\/ul><\/div>\n<\/p><\/div>\n<div style='flex: 1 1 250px; border: 1px solid rgba(150&comma; 150&comma; 150&comma; 0.4); border-radius: 8px; overflow: hidden; display: flex; flex-direction: column;'>\n<div style='padding: 15px; border-bottom: 1px solid rgba(150&comma; 150&comma; 150&comma; 0.2); font-weight: bold; font-size: 18px; color: inherit;'>Enlaces \u00datiles<\/div>\n<div style='padding: 15px; color: inherit;'>\n<ul style='padding-left: 20px; margin: 0; font-size: 14px; list-style-type: disc;'>\n<li style='margin-bottom: 5px;'><a href='https:\/\/cloud-la.ruijienetworks.com\/' target='_blank' rel='noopener noreferrer' style='color: inherit; text-decoration: underline; opacity: 0.9;'>Ruijie Cloud<\/a><\/li>\n<li style='margin-bottom: 5px;'><strong>Ruijie APP:<\/strong> <a href='https:\/\/play.google.com\/store\/apps\/details?id=cn.com.ruijie.cloudapp&#038;hl=es_MX&#038;pli=1' target='_blank' rel='noopener noreferrer' style='color: inherit; text-decoration: underline; opacity: 0.9;'>Android<\/a> \/ <a href='https:\/\/apps.apple.com\/us\/app\/ruijie-reyee\/id1423429270' target='_blank' rel='noopener noreferrer' style='color: inherit; text-decoration: underline; opacity: 0.9;'>iOS<\/a><\/li>\n<li style='margin-bottom: 5px;'><a href='https:\/\/soporte.syscom.mx\/es\/collections\/3797236-ruijie-networks' target='_blank' rel='noopener noreferrer' style='color: inherit; text-decoration: underline; opacity: 0.9;'>Manuales y Gu\u00edas R\u00e1pidas<\/a><\/li>\n<\/ul><\/div>\n<\/p><\/div>\n<\/p><\/div>\n<p> <!-- Separador --> <\/p>\n<hr style='border: 0; border-top: 1px solid rgba(150&comma;150&comma;150&comma;0.3); margin: 30px 0;'> <!-- Secci\u00f3n de im\u00e1genes adicionales --> <\/p>\n<div style='display: flex; flex-wrap: wrap; gap: 30px;'>\n<div style='flex: 1 1 100%; min-width: 300px;'> <img style='width: 100%; height: auto; border: 1px solid rgba(150&comma;150&comma;150&comma;0.3); border-radius: 8px;' src='http:\/\/ftp3.syscom.mx\/usuarios\/ftp\/2025\/11\/12\/2251\/20251112_15_45_01Greenshot.png_froala_6915000035752' alt='Imagen adicional 1'> <\/div>\n<div style='flex: 1 1 100%; min-width: 300px;'> <img style='width: 100%; height: auto; border: 1px solid rgba(150&comma;150&comma;150&comma;0.3); border-radius: 8px;' src='http:\/\/ftp3.syscom.mx\/usuarios\/ftp\/2025\/11\/12\/2251\/20251112_13_21_33Greenshot.png_froala_6914de5901c5e' alt='Imagen adicional 2'> <\/div>\n<\/p><\/div>\n<\/p><\/div>\n","protected":false},"excerpt":{"rendered":"<p>Router Balanceador con Funci\u00f3n SD-WAN, PoE+ hasta 110 Watts, Hasta 4 Servicios de Internet y hasta 350 clientes con desempe\u00f1o de 1.5 Gbps<\/p>\n","protected":false},"featured_media":90773,"comment_status":"open","ping_status":"closed","template":"","meta":[],"product_brand":[],"product_cat":[2036,2035,2034],"product_tag":[2039,2038,664,2037,2123],"class_list":{"0":"post-90774","1":"product","2":"type-product","3":"status-publish","4":"has-post-thumbnail","6":"product_cat-balanceadores","7":"product_cat-firewalls","8":"product_cat-routers","9":"product_tag-balanceadores","10":"product_tag-firewalls","11":"product_tag-networking","12":"product_tag-routers","13":"product_tag-ruijie","15":"first","16":"instock","17":"sale","18":"shipping-taxable","19":"purchasable","20":"product-type-simple"},"_links":{"self":[{"href":"https:\/\/soydeaqui.ddns.net\/pachuca\/index.php\/wp-json\/wp\/v2\/product\/90774","targetHints":{"allow":["GET"]}}],"collection":[{"href":"https:\/\/soydeaqui.ddns.net\/pachuca\/index.php\/wp-json\/wp\/v2\/product"}],"about":[{"href":"https:\/\/soydeaqui.ddns.net\/pachuca\/index.php\/wp-json\/wp\/v2\/types\/product"}],"replies":[{"embeddable":true,"href":"https:\/\/soydeaqui.ddns.net\/pachuca\/index.php\/wp-json\/wp\/v2\/comments?post=90774"}],"wp:featuredmedia":[{"embeddable":true,"href":"https:\/\/soydeaqui.ddns.net\/pachuca\/index.php\/wp-json\/wp\/v2\/media\/90773"}],"wp:attachment":[{"href":"https:\/\/soydeaqui.ddns.net\/pachuca\/index.php\/wp-json\/wp\/v2\/media?parent=90774"}],"wp:term":[{"taxonomy":"product_brand","embeddable":true,"href":"https:\/\/soydeaqui.ddns.net\/pachuca\/index.php\/wp-json\/wp\/v2\/product_brand?post=90774"},{"taxonomy":"product_cat","embeddable":true,"href":"https:\/\/soydeaqui.ddns.net\/pachuca\/index.php\/wp-json\/wp\/v2\/product_cat?post=90774"},{"taxonomy":"product_tag","embeddable":true,"href":"https:\/\/soydeaqui.ddns.net\/pachuca\/index.php\/wp-json\/wp\/v2\/product_tag?post=90774"}],"curies":[{"name":"wp","href":"https:\/\/api.w.org\/{rel}","templated":true}]}}