{"id":90765,"date":"2026-03-20T03:58:12","date_gmt":"2026-03-20T03:58:12","guid":{"rendered":"https:\/\/soydeaqui.ddns.net\/pachuca\/index.php\/producto\/punto-de-acceso-ac-ptp-y-ptmp-en-5-ghz-hasta-867-mbps-antena-sectorial-de-h-35-mimo-2x2-12-dbi-de-ganancia-uso-en-exterior\/"},"modified":"2026-03-20T03:58:13","modified_gmt":"2026-03-20T03:58:13","slug":"punto-de-acceso-ac-ptp-y-ptmp-en-5-ghz-hasta-867-mbps-antena-sectorial-de-h-35-mimo-2x2-12-dbi-de-ganancia-uso-en-exterior","status":"publish","type":"product","link":"https:\/\/soydeaqui.ddns.net\/pachuca\/index.php\/producto\/punto-de-acceso-ac-ptp-y-ptmp-en-5-ghz-hasta-867-mbps-antena-sectorial-de-h-35-mimo-2x2-12-dbi-de-ganancia-uso-en-exterior\/","title":{"rendered":"Punto de Acceso (AC) PTP y PTMP en 5 GHz \/ Hasta 867 Mbps \/ Antena Sectorial de H: 35\u00b0 \/ MIMO 2X2 \/ 12 dBi de Ganancia \/ Uso en Exterior"},"content":{"rendered":"<div style='width: 100%; max-width: 1200px; margin: 0 auto; font-family: sans-serif; line-height: 1.6; color: inherit; background-color: transparent;'>\n<p style='text-align: center;'><img style='width: 45%; height: auto; border: 1px solid rgba(150&comma;150&comma;150&comma;0.3); border-radius: 8px;' src='https:\/\/ftp3.syscom.mx\/usuarios\/jsosa\/HIKVISION\/imagenes\/logo\/hikvision%20see%20far.png' alt=''><\/p>\n<div style='display: flex; flex-wrap: wrap; gap: 30px; margin-bottom: 30px;'>\n<div style='flex: 1 1 300px; min-width: 280px;'>\n<h3 style='font-size: 22px; border-bottom: 2px solid currentColor; padding-bottom: 5px; margin-top: 0; color: inherit; opacity: 0.8;'>Caracter\u00edsticas Principales<\/h3>\n<ul style='padding-left: 20px; font-size: 15px; color: inherit;'>\n<li style='margin-bottom: 5px;'>Equipos para conexi\u00f3n punto a punto y punto multipunto<\/li>\n<li style='margin-bottom: 5px;'>Distancia de <strong>HASTA 5 KM<\/strong><\/li>\n<li style='margin-bottom: 5px;'>Interfaz WEB para f\u00e1cil acceso a su configuraci\u00f3n<\/li>\n<li style='margin-bottom: 5px;'>IP Default (192.168.1.35)<\/li>\n<li style='margin-bottom: 5px;'>Soporta est\u00e1ndar WiFi: IEEE802.11 a\/n\/ac<\/li>\n<li style='margin-bottom: 5px;'>Velocidad de hasta: 867 Mbps<\/li>\n<li style='margin-bottom: 5px;'>Antenas interconstruida de 12 dBi<\/li>\n<li style='margin-bottom: 5px;'>Poder de Trasmision: 22 dBm<\/li>\n<li style='margin-bottom: 5px;'>Encriptacion: WPA-PSK \/ WPA2-PSK<\/li>\n<\/ul><\/div>\n<div style='flex: 1 1 300px; min-width: 280px;'>\n<h3 style='font-size: 22px; border-bottom: 2px solid currentColor; padding-bottom: 5px; margin-top: 0; color: inherit; opacity: 0.8;'>Caracter\u00edsticas F\u00edsicas y El\u00e9ctricas<\/h3>\n<ul style='padding-left: 20px; font-size: 15px; color: inherit;'>\n<li style='margin-bottom: 5px;'>Ancho de canal ajustable: 20 MHz \/ 40 MHz \/ 80 MHz<\/li>\n<li style='margin-bottom: 5px;'>Alimentaci\u00f3n: 12-24 VDC\/1 A PoE Pasivo<\/li>\n<li style='margin-bottom: 5px;'>Frecuencia de operaci\u00f3n: 5150 ~ 5825 MHz<\/li>\n<li style='margin-bottom: 5px;'><strong>Incluye 1 pieza de PoE pasivo<\/strong><\/li>\n<li style='margin-bottom: 5px;'>Consumo en Watts: 4.5 W<\/li>\n<li style='margin-bottom: 5px;'>Potencia: 22 dBm<\/li>\n<li style='margin-bottom: 5px;'>Dimensiones: 90.8 mm \u00d7 57.8 mm \u00d7 187.8 mm<\/li>\n<li style='margin-bottom: 5px;'>Temperatura de Operacion: -30 \u00b0C to 65 \u00b0C<\/li>\n<li style='margin-bottom: 5px;'>Garant\u00eda: 5 a\u00f1os<\/li>\n<\/ul><\/div>\n<\/p><\/div>\n<div style='display: flex; flex-wrap: wrap; gap: 30px; margin-bottom: 30px;'>\n<div style='flex: 1 1 300px; min-width: 280px;'>\n<h3 style='font-size: 22px; border-bottom: 2px solid currentColor; padding-bottom: 5px; margin-top: 0; color: inherit; opacity: 0.8;'>Caracter\u00edsticas Avanzadas<\/h3>\n<ul style='padding-left: 20px; font-size: 15px; color: inherit;'>\n<li style='margin-bottom: 5px;'>Access Point para enlaces PTP<\/li>\n<li style='margin-bottom: 5px;'>CPE (suscriptor) de enlaces PTP<\/li>\n<li style='margin-bottom: 5px;'>Access Point para enlaces PTMP<\/li>\n<li style='margin-bottom: 5px;'>CPE (suscriptor) de enlaces PTMP<\/li>\n<\/ul><\/div>\n<div style='flex: 1 1 300px; min-width: 280px;'>\n<h3 style='font-size: 22px; border-bottom: 2px solid currentColor; padding-bottom: 5px; margin-top: 0; color: inherit; opacity: 0.8;'>Consideraciones<\/h3>\n<ul style='padding-left: 20px; font-size: 15px; color: inherit;'>\n<li style='margin-bottom: 5px;'>La Antena se alimenta por PoE pasivo (ya incluye inyector PoE y fuente de alimentaci\u00f3n)<\/li>\n<li style='margin-bottom: 5px;'>La Antena cuenta con un <strong>bot\u00f3n<\/strong> para regresar a valores de fabrica (es necesario dejar presionado por 10 seg)<\/li>\n<li style='margin-bottom: 5px;'><strong>Distancias PTP:<\/strong> Soporta hasta 8-ch IPC (2MP) Distancia Max. 5 KM y una velocidad maxima de 40 Mbps<\/li>\n<li style='margin-bottom: 5px;'><strong>Distancias PTP:<\/strong> Soporta hasta 40-ch IPC (2MP) Distancia Max. 1 KM y una velocidad maxima de 200 Mbps<\/li>\n<li style='margin-bottom: 5px;'><strong>Distancias PTMP:<\/strong> Punto a punto: Soporta hasta 16-ch IPC (2MP) Distancia Max. 1 KM y una velocidad maxima de 80 Mbps maximo 1 a 8 PTMP<\/li>\n<\/ul><\/div>\n<\/p><\/div>\n<div style='width: 100%; margin-bottom: 30px;'> <img style='width: 100%; height: auto; border: 1px solid rgba(150&comma;150&comma;150&comma;0.3); border-radius: 8px;' src='http:\/\/ftp3.syscom.mx\/usuarios\/roberto.espino\/Transmision\/Antenas\/enlace%20exterior.PNG' alt=''> <\/div>\n<\/p><\/div>\n","protected":false},"excerpt":{"rendered":"<p>Punto de Acceso (AC) PTP y PTMP en 5 GHz \/ Hasta 867 Mbps \/ Antena Sectorial de H: 35\u00b0 \/ MIMO 2X2 \/ 12 dBi de Ganancia \/ Uso en Exterior<\/p>\n","protected":false},"featured_media":90764,"comment_status":"open","ping_status":"closed","template":"","meta":[],"product_brand":[],"product_cat":[2058],"product_tag":[2059,1980,54],"class_list":{"0":"post-90765","1":"product","2":"type-product","3":"status-publish","4":"has-post-thumbnail","6":"product_cat-2-4-ghz","7":"product_tag-2-4-ghz","8":"product_tag-enlaces-ptp-y-ptmp","9":"product_tag-hikvision","11":"first","12":"instock","13":"sale","14":"shipping-taxable","15":"purchasable","16":"product-type-simple"},"_links":{"self":[{"href":"https:\/\/soydeaqui.ddns.net\/pachuca\/index.php\/wp-json\/wp\/v2\/product\/90765","targetHints":{"allow":["GET"]}}],"collection":[{"href":"https:\/\/soydeaqui.ddns.net\/pachuca\/index.php\/wp-json\/wp\/v2\/product"}],"about":[{"href":"https:\/\/soydeaqui.ddns.net\/pachuca\/index.php\/wp-json\/wp\/v2\/types\/product"}],"replies":[{"embeddable":true,"href":"https:\/\/soydeaqui.ddns.net\/pachuca\/index.php\/wp-json\/wp\/v2\/comments?post=90765"}],"wp:featuredmedia":[{"embeddable":true,"href":"https:\/\/soydeaqui.ddns.net\/pachuca\/index.php\/wp-json\/wp\/v2\/media\/90764"}],"wp:attachment":[{"href":"https:\/\/soydeaqui.ddns.net\/pachuca\/index.php\/wp-json\/wp\/v2\/media?parent=90765"}],"wp:term":[{"taxonomy":"product_brand","embeddable":true,"href":"https:\/\/soydeaqui.ddns.net\/pachuca\/index.php\/wp-json\/wp\/v2\/product_brand?post=90765"},{"taxonomy":"product_cat","embeddable":true,"href":"https:\/\/soydeaqui.ddns.net\/pachuca\/index.php\/wp-json\/wp\/v2\/product_cat?post=90765"},{"taxonomy":"product_tag","embeddable":true,"href":"https:\/\/soydeaqui.ddns.net\/pachuca\/index.php\/wp-json\/wp\/v2\/product_tag?post=90765"}],"curies":[{"name":"wp","href":"https:\/\/api.w.org\/{rel}","templated":true}]}}