{"id":90748,"date":"2026-03-20T03:57:25","date_gmt":"2026-03-20T03:57:25","guid":{"rendered":"https:\/\/soydeaqui.ddns.net\/pachuca\/index.php\/producto\/transceptor-optico-sfp-mini-gbic-multimodo-1310-nm-1-25-gbps-1000base-sx-conectores-lc-upc-duplex-ddm-hasta-2-km\/"},"modified":"2026-03-20T03:57:38","modified_gmt":"2026-03-20T03:57:38","slug":"transceptor-optico-sfp-mini-gbic-multimodo-1310-nm-1-25-gbps-1000base-sx-conectores-lc-upc-duplex-ddm-hasta-2-km","status":"publish","type":"product","link":"https:\/\/soydeaqui.ddns.net\/pachuca\/index.php\/producto\/transceptor-optico-sfp-mini-gbic-multimodo-1310-nm-1-25-gbps-1000base-sx-conectores-lc-upc-duplex-ddm-hasta-2-km\/","title":{"rendered":"Transceptor \u00d3ptico SFP (Mini-Gbic) \/ Multimodo 1310 nm \/ 1.25 Gbps \/ 1000BASE-SX \/ Conectores LC\/UPC D\u00faplex \/ DDM \/ Hasta 2 km"},"content":{"rendered":"<div style='width: 100%; max-width: 1200px; margin: 0 auto; font-family: sans-serif; line-height: 1.6; color: inherit; background-color: transparent;'>\n<div style='display: flex; flex-wrap: wrap; gap: 30px; margin-bottom: 30px;'>\n<div style='flex: 1 1 300px; min-width: 280px;'>\n<h3 style='font-size: 22px; border-bottom: 2px solid currentColor; padding-bottom: 5px; margin-top: 0; color: inherit; opacity: 0.8;'>Caracter\u00edsticas<\/h3>\n<ul style='padding-left: 20px; font-size: 15px; color: inherit;'>\n<li style='margin-bottom: 5px;'><strong>Transceptor SFP para fibra \u00f3ptica Multimodo<\/strong><\/li>\n<li style='margin-bottom: 5px;'><strong>Velocidad de transmisi\u00f3n:<\/strong> 1.25 Gbps<\/li>\n<li style='margin-bottom: 5px;'><strong>Longitud de onda:<\/strong> 1310 nm<\/li>\n<li style='margin-bottom: 5px;'><strong>Conectores:<\/strong> D\u00faplex LC<\/li>\n<li style='margin-bottom: 5px;'>Hot-pluggable<\/li>\n<li style='margin-bottom: 5px;'>Fabricado de metal para una baja interferencia en ruido EMI<\/li>\n<li style='margin-bottom: 5px;'>Certificado internacional de seguridad para l\u00e1ser Clase 1<\/li>\n<li style='margin-bottom: 5px;'>Cumple con RoHS<\/li>\n<li style='margin-bottom: 5px;'>Cumple con DDM<\/li>\n<li style='margin-bottom: 5px;'><strong>Distancia:<\/strong> Hasta 2 km<\/li>\n<li style='margin-bottom: 5px;'><strong>Temperatura de operaci\u00f3n:<\/strong> 0 a 70 \u00baC<\/li>\n<\/ul><\/div>\n<div style='flex: 1 1 300px; min-width: 280px;'>\n<div style='font-size: 15px; color: inherit;'>\n<p style='margin-bottom: 15px;'>Transceptores dise\u00f1ados para enlaces de alto desempe\u00f1o sobre fibra \u00f3ptica. La conexi\u00f3n en caliente (Hot-pluggable) ofrece una manera f\u00e1cil y r\u00e1pida de instalarse\/desinstalarse en puertos compatibles con SFP en cualquier momento sin interrumpir la operaci\u00f3n del equipo anfitri\u00f3n.<\/p>\n<p style='margin-bottom: 15px;'>Las distancias y capacidades de la transmisi\u00f3n de datos var\u00eda dependiendo del modelo del transceptor. La nueva l\u00ednea de transceptores Linkedpro fue creada con el prop\u00f3sito de optimizar la creciente demanda de la transmisi\u00f3n de datos&comma; as\u00ed c\u00f3mo mejorar el rendimiento de las soluciones de enlaces con fibra \u00f3ptica y buscando siempre la mejor compatibilidad con diferentes marcas para crear un ambiente amigable.<\/p>\n<p style='margin-bottom: 15px;'>Nuestros Transceptores son compatibles con una amplia gama de marcas&comma; incluyendo <strong style='color: inherit; font-weight: bold;'>Ruijie&comma; Cisco&comma; MikroTik&comma; Ubiquiti&comma; TP-Link&comma; Planet&comma; Allied Telesis&comma; Ruckus&comma; Avaya&comma; Arista&comma; Extreme&comma; Fortinet&comma; Huawei&comma; Hikvision&comma; Juniper&comma; Alcatel-Lucent&comma; Brocade&comma; D-Link&comma; Dell&comma; Moxa&comma; SonicWall&comma; Netgear&comma; Lenovo&comma; Zyxel&comma; Calix&comma; Ciena&comma; IBM e Infinera.<\/strong><\/p>\n<\/p><\/div>\n<\/p><\/div>\n<\/p><\/div>\n<div style='display: flex; flex-wrap: wrap; gap: 20px; margin-bottom: 30px;'>\n<div style='flex: 1 1 100%; border: 1px solid rgba(150&comma; 150&comma; 150&comma; 0.4); border-radius: 8px; overflow: hidden; display: flex; flex-direction: column;'>\n<div style='padding: 15px; border-bottom: 1px solid rgba(150&comma; 150&comma; 150&comma; 0.2); font-weight: bold; font-size: 18px; color: inherit;'>Aplicaciones<\/div>\n<div style='padding: 15px; color: inherit;'>\n<ul style='padding-left: 20px; margin: 0; font-size: 14px; list-style-type: disc;'>\n<li style='margin-bottom: 5px;'>Redes LAN de alta velocidad<\/li>\n<li style='margin-bottom: 5px;'>Redes MAN<\/li>\n<li style='margin-bottom: 5px;'>Redes de centros de datos<\/li>\n<li style='margin-bottom: 5px;'>Backbone de fibra \u00f3ptica<\/li>\n<li style='margin-bottom: 5px;'>Conexiones punto a punto<\/li>\n<\/ul><\/div>\n<\/p><\/div>\n<\/p><\/div>\n<div style='display: flex; flex-wrap: wrap; gap: 20px; margin-bottom: 30px;'>\n<div style='flex: 1 1 100%; border: 1px solid rgba(150&comma; 150&comma; 150&comma; 0.4); border-radius: 8px; overflow: hidden; display: flex; flex-direction: column;'>\n<div style='padding: 15px; border-bottom: 1px solid rgba(150&comma; 150&comma; 150&comma; 0.2); font-weight: bold; font-size: 18px; color: inherit;'>Compatibilidad<\/div>\n<div style='padding: 15px; color: inherit;'>\n<p style='margin-bottom: 15px;'>Dise\u00f1ado para operar con equipos fabricados por:<\/p>\n<ul style='padding-left: 20px; margin: 0; font-size: 14px; list-style-type: disc;'>\n<li style='margin-bottom: 5px;'>Ruijie<\/li>\n<li style='margin-bottom: 5px;'>Cisco<\/li>\n<li style='margin-bottom: 5px;'>MikroTik<\/li>\n<li style='margin-bottom: 5px;'>Ubiquiti<\/li>\n<li style='margin-bottom: 5px;'>TP-Link<\/li>\n<li style='margin-bottom: 5px;'>Planet<\/li>\n<li style='margin-bottom: 5px;'>Allied Telesis<\/li>\n<li style='margin-bottom: 5px;'>Ruckus<\/li>\n<li style='margin-bottom: 5px;'>Avaya<\/li>\n<li style='margin-bottom: 5px;'>Arista<\/li>\n<li style='margin-bottom: 5px;'>Extreme<\/li>\n<li style='margin-bottom: 5px;'>Fortinet<\/li>\n<li style='margin-bottom: 5px;'>Huawei<\/li>\n<li style='margin-bottom: 5px;'>Hikvision<\/li>\n<li style='margin-bottom: 5px;'>Juniper<\/li>\n<li style='margin-bottom: 5px;'>Alcatel-Lucent<\/li>\n<li style='margin-bottom: 5px;'>Brocade<\/li>\n<li style='margin-bottom: 5px;'>D-Link<\/li>\n<li style='margin-bottom: 5px;'>Dell<\/li>\n<li style='margin-bottom: 5px;'>Moxa<\/li>\n<li style='margin-bottom: 5px;'>SonicWall<\/li>\n<li style='margin-bottom: 5px;'>Netgear<\/li>\n<li style='margin-bottom: 5px;'>Lenovo<\/li>\n<li style='margin-bottom: 5px;'>Zyxel<\/li>\n<li style='margin-bottom: 5px;'>Calix<\/li>\n<li style='margin-bottom: 5px;'>Ciena<\/li>\n<li style='margin-bottom: 5px;'>IBM<\/li>\n<li style='margin-bottom: 5px;'>Infinera<\/li>\n<\/ul><\/div>\n<\/p><\/div>\n<\/p><\/div>\n<div style='display: flex; flex-wrap: wrap; gap: 20px; margin-bottom: 30px;'>\n<div style='flex: 1 1 100%;'> <img style='width: 100%; height: auto; border: 1px solid rgba(150&comma;150&comma;150&comma;0.3); border-radius: 8px;' src='https:\/\/ftp3.syscom.mx\/usuarios\/daniel.anchondo\/%28LINKEDPRO%29\/IMAGENES\/Linkedpro%20arriba.jpg' alt='' \/> <\/div>\n<\/p><\/div>\n<div style='display: flex; flex-wrap: wrap; gap: 20px; margin-bottom: 30px;'>\n<div style='flex: 1 1 48%;'> <img style='width: 100%; height: auto; border: 1px solid rgba(150&comma;150&comma;150&comma;0.3); border-radius: 8px;' src='https:\/\/ftp3.syscom.mx\/usuarios\/fotos\/LPSFP1GSM10\/211882-tipos_de_transceptores_bien.png' alt='' \/> <\/div>\n<div style='flex: 1 1 48%;'> <img style='width: 100%; height: auto; border: 1px solid rgba(150&comma;150&comma;150&comma;0.3); border-radius: 8px;' src='https:\/\/ftp3.syscom.mx\/usuarios\/fotos\/LPSFP1GSM10\/211882-duplex-01-01.png' alt='' \/> <\/div>\n<\/p><\/div>\n<div style='display: flex; flex-wrap: wrap; gap: 20px; margin-bottom: 30px;'>\n<div style='flex: 1 1 100%;'> <img style='width: 100%; height: auto; border: 1px solid rgba(150&comma;150&comma;150&comma;0.3); border-radius: 8px;' src='https:\/\/ftp3.syscom.mx\/usuarios\/fotos\/LPSFP1GSM10\/211882-banner_abajo_2_linkedpro.png' alt='' \/> <\/div>\n<\/p><\/div>\n<\/p><\/div>\n","protected":false},"excerpt":{"rendered":"<p>Transceptor \u00d3ptico SFP (Mini-Gbic) \/ Multimodo 1310 nm \/ 1.25 Gbps \/ 1000BASE-SX \/ Conectores LC\/UPC D\u00faplex \/ DDM \/ Hasta 2 km<\/p>\n","protected":false},"featured_media":90747,"comment_status":"open","ping_status":"closed","template":"","meta":[],"product_brand":[],"product_cat":[663],"product_tag":[435,664,665],"class_list":{"0":"post-90748","1":"product","2":"type-product","3":"status-publish","4":"has-post-thumbnail","6":"product_cat-transceptores-de-fibra","7":"product_tag-linkedpro-by-epcom","8":"product_tag-networking","9":"product_tag-transceptores-de-fibra","11":"first","12":"instock","13":"sale","14":"shipping-taxable","15":"purchasable","16":"product-type-simple"},"_links":{"self":[{"href":"https:\/\/soydeaqui.ddns.net\/pachuca\/index.php\/wp-json\/wp\/v2\/product\/90748","targetHints":{"allow":["GET"]}}],"collection":[{"href":"https:\/\/soydeaqui.ddns.net\/pachuca\/index.php\/wp-json\/wp\/v2\/product"}],"about":[{"href":"https:\/\/soydeaqui.ddns.net\/pachuca\/index.php\/wp-json\/wp\/v2\/types\/product"}],"replies":[{"embeddable":true,"href":"https:\/\/soydeaqui.ddns.net\/pachuca\/index.php\/wp-json\/wp\/v2\/comments?post=90748"}],"wp:featuredmedia":[{"embeddable":true,"href":"https:\/\/soydeaqui.ddns.net\/pachuca\/index.php\/wp-json\/wp\/v2\/media\/90747"}],"wp:attachment":[{"href":"https:\/\/soydeaqui.ddns.net\/pachuca\/index.php\/wp-json\/wp\/v2\/media?parent=90748"}],"wp:term":[{"taxonomy":"product_brand","embeddable":true,"href":"https:\/\/soydeaqui.ddns.net\/pachuca\/index.php\/wp-json\/wp\/v2\/product_brand?post=90748"},{"taxonomy":"product_cat","embeddable":true,"href":"https:\/\/soydeaqui.ddns.net\/pachuca\/index.php\/wp-json\/wp\/v2\/product_cat?post=90748"},{"taxonomy":"product_tag","embeddable":true,"href":"https:\/\/soydeaqui.ddns.net\/pachuca\/index.php\/wp-json\/wp\/v2\/product_tag?post=90748"}],"curies":[{"name":"wp","href":"https:\/\/api.w.org\/{rel}","templated":true}]}}