{"id":90711,"date":"2026-03-20T03:55:36","date_gmt":"2026-03-20T03:55:36","guid":{"rendered":"https:\/\/soydeaqui.ddns.net\/pachuca\/index.php\/producto\/router-wifi-6-doble-banda-ax5400-mu-mimo-4x4-y-ofdma-1-puerto-wan-10-100-1000-mbps-4-puertos-lan-10-100-1000-mbps-1-puerto-usb-3-0-6-potentes-antenas-administracion-app-tether-o-pagina\/"},"modified":"2026-03-20T03:55:45","modified_gmt":"2026-03-20T03:55:45","slug":"router-wifi-6-doble-banda-ax5400-mu-mimo-4x4-y-ofdma-1-puerto-wan-10-100-1000-mbps-4-puertos-lan-10-100-1000-mbps-1-puerto-usb-3-0-6-potentes-antenas-administracion-app-tether-o-pagina","status":"publish","type":"product","link":"https:\/\/soydeaqui.ddns.net\/pachuca\/index.php\/producto\/router-wifi-6-doble-banda-ax5400-mu-mimo-4x4-y-ofdma-1-puerto-wan-10-100-1000-mbps-4-puertos-lan-10-100-1000-mbps-1-puerto-usb-3-0-6-potentes-antenas-administracion-app-tether-o-pagina\/","title":{"rendered":"Router WiFi 6 Doble Banda \/ AX5400 MU-MIMO 4X4 y OFDMA \/ 1 puerto WAN 10\/100\/1000 Mbps \/ 4 puertos LAN 10\/100\/1000 Mbps \/ 1 puerto USB 3.0 \/  6 potentes antenas \/ Administraci\u00f3n App (Tether) o P\u00e1gina web \/ Protecci\u00f3n HomeShield"},"content":{"rendered":"<div style='width: 100%; max-width: 1200px; margin: 0 auto; font-family: sans-serif; line-height: 1.6; color: inherit; background-color: transparent;'> <!-- Secci\u00f3n de enlaces principales --> <\/p>\n<div style='text-align: center; margin: 30px 0;'>\n<h3 style='margin: 0 0 15px; font-size: 20px; color: inherit;'><a href='https:\/\/www.tp-link.com\/es\/tether\/' style='color: inherit; text-decoration: none; border-bottom: 1px solid rgba(150&comma;150&comma;150&comma;0.5);'>Aprende m\u00e1s sobre la App Tether<\/a><\/h3>\n<\/p><\/div>\n<p> <!-- Imagen principal --> <\/p>\n<div style='margin: 30px 0;'> <img style='width: 100%; height: auto; border: 1px solid rgba(150&comma;150&comma;150&comma;0.3); border-radius: 8px;' src='https:\/\/ftp3.syscom.mx\/usuarios\/fotos\/ARCHERAX73\/213758-image_(69).png' alt='Router TP-LINK ARCHERAX73'> <\/div>\n<p> <!-- Secciones con im\u00e1genes --> <\/p>\n<div style='display: flex; flex-direction: column; gap: 40px; margin: 40px 0;'>\n<div style='text-align: center;'>\n<h3 style='font-size: 22px; margin: 0 0 15px; color: inherit; opacity: 0.8;'>Mayor rendimiento con WiFi 6&comma; amplia tu cobertura con tecnolog\u00eda avanzada.<\/h3>\n<h4 style='margin: 0 0 15px; font-size: 16px; color: inherit;'><a href='https:\/\/www.tp-link.com\/es\/wifi6\/' style='color: inherit; text-decoration: none; border-bottom: 1px solid rgba(150&comma;150&comma;150&comma;0.5);'>Aprende m\u00e1s sobre WiFi 6<\/a><\/h4>\n<p> <img style='width: 100%; height: auto; border: 1px solid rgba(150&comma;150&comma;150&comma;0.3); border-radius: 8px;' src='https:\/\/ftp3.syscom.mx\/usuarios\/fotos\/ARCHERAX73\/213758-image_(68).png' alt='Tecnolog\u00eda WiFi 6'> <\/div>\n<div style='text-align: center;'>\n<h3 style='font-size: 22px; margin: 0 0 15px; color: inherit; opacity: 0.8;'>Protege la integridad de tus datos.<\/h3>\n<h4 style='margin: 0 0 15px; font-size: 16px; color: inherit;'><a href='https:\/\/www.tp-link.com\/mx\/homeshield\/' style='color: inherit; text-decoration: none; border-bottom: 1px solid rgba(150&comma;150&comma;150&comma;0.5);'>Aprende m\u00e1s sobre HomeShiel<\/a><\/h4>\n<p> <img style='width: 100%; height: auto; border: 1px solid rgba(150&comma;150&comma;150&comma;0.3); border-radius: 8px;' src='https:\/\/ftp3.syscom.mx\/usuarios\/fotos\/ARCHERAX73\/213758-image_(70).png' alt='Protecci\u00f3n de datos'> <\/div>\n<div style='text-align: center;'>\n<h3 style='font-size: 22px; margin: 0 0 15px; color: inherit; opacity: 0.8;'>Protege tu red y todo lo que hay en ella.<\/h3>\n<p> <img style='width: 100%; height: auto; border: 1px solid rgba(150&comma;150&comma;150&comma;0.3); border-radius: 8px;' src='https:\/\/ftp3.syscom.mx\/usuarios\/fotos\/ARCHERAX73\/213758-image_(67).png' alt='Protecci\u00f3n de red'> <\/div>\n<div style='text-align: center;'> <img style='width: 100%; height: auto; border: 1px solid rgba(150&comma;150&comma;150&comma;0.3); border-radius: 8px;' src='https:\/\/ftp3.syscom.mx\/usuarios\/fotos\/ARCHERAX73\/213758-image_(66).png' alt='Interfaz de administraci\u00f3n'> <\/div>\n<div style='text-align: center;'>\n<h3 style='font-size: 22px; margin: 0 0 15px; color: inherit; opacity: 0.8;'>Aplicaci\u00f3n pr\u00e1ctica y f\u00e1cil de manipular.<\/h3>\n<p> <img style='width: 100%; height: auto; border: 1px solid rgba(150&comma;150&comma;150&comma;0.3); border-radius: 8px;' src='https:\/\/ftp3.syscom.mx\/usuarios\/fotos\/ARCHERAX73\/213758-image_(65).png' alt='Aplicaci\u00f3n Tether'> <\/div>\n<\/p><\/div>\n<p> <!-- Separador --> <\/p>\n<hr style='border: 0; border-top: 1px solid rgba(150&comma; 150&comma; 150&comma; 0.3); margin: 50px 0;'> <!-- Especificaciones t\u00e9cnicas --> <\/p>\n<div style='display: flex; flex-wrap: wrap; gap: 30px;'>\n<div style='flex: 1 1 300px; min-width: 280px;'>\n<h3 style='font-size: 22px; border-bottom: 2px solid currentColor; padding-bottom: 5px; margin-top: 0; color: inherit; opacity: 0.8;'>Especificaciones<\/h3>\n<ul style='padding-left: 20px; font-size: 15px; color: inherit;'>\n<li style='margin-bottom: 8px;'><strong>Dimensiones:<\/strong> 272.5 x 147.2 x 49.2 mm<\/li>\n<li style='margin-bottom: 8px;'><strong>Puertos:<\/strong> (1) puerto RJ45 Gigabit WAN&comma; (4) puertos RJ45 Gigabit LAN&comma; Agregaci\u00f3n de enlaces est\u00e1ticos (LAG) disponible en 2 puertos LAN<\/li>\n<li style='margin-bottom: 8px;'><strong>Procesador:<\/strong> CPU de tres n\u00facleos a 1&comma;5 GHz<\/li>\n<li style='margin-bottom: 8px;'><strong>Alimentaci\u00f3n:<\/strong> 12 Vcc 2.5A<\/li>\n<li style='margin-bottom: 8px;'><strong>Rango WiFi:<\/strong> 6 antenas fijas de alto rendimiento&comma; Beamforming&comma; FEM de alta potencia&comma; 4T4R&comma; varias transmisiones en la misma banda fortalecen la tolerancia a fallas<\/li>\n<li style='margin-bottom: 8px;'><strong>Inal\u00e1mbrico:<\/strong> WiFi 6&comma; IEEE 802.11ax\/ac\/n\/a 5 GHz&comma; IEEE 802.11ax\/n\/b\/g 2.4 GHz&comma; AX5400&comma; 5 GHz: 4804 Mbps (802.11ax&comma; HE160)&comma; 2.4 GHz: 574 Mbps (802.11ax)<\/li>\n<li style='margin-bottom: 8px;'><strong>Modo Trabajo:<\/strong> Router&comma; Punto de acceso<\/li>\n<li style='margin-bottom: 8px;'><strong>Servidor \/ Cliente VPN:<\/strong> OpenVPN&comma; PPTP&comma; L2TP<\/li>\n<li style='margin-bottom: 8px;'><strong>Calidad de servicio:<\/strong> QoS por dispositivos<\/li>\n<li style='margin-bottom: 8px;'><strong>Gesti\u00f3n:<\/strong> <a href='https:\/\/www.tp-link.com\/mx\/tether\/' style='color: inherit; text-decoration: none; border-bottom: 1px solid rgba(150&comma;150&comma;150&comma;0.5);'>Aplicaci\u00f3n Tether<\/a>&comma; P\u00e1gina web<\/li>\n<li style='margin-bottom: 8px;'><strong>Seguridad de red:<\/strong> Cortafuegos SPI&comma; Control de acceso&comma; Enlace IP y MAC&comma; Puerta de enlace de capa de aplicaci\u00f3n&comma; Seguridad HomeShield<\/li>\n<li style='margin-bottom: 8px;'><strong>OneMesh:<\/strong> Link Agregation&comma; LACP 802.3ad&comma; Compatible con OneMesh&comma; <a href='https:\/\/www.tp-link.com\/mx\/onemesh\/product-list\/' style='color: inherit; text-decoration: none; border-bottom: 1px solid rgba(150&comma;150&comma;150&comma;0.5);'>leer mas<\/a><\/li>\n<li style='margin-bottom: 8px;'><strong>Seguridad HomeShield:<\/strong> Protecci\u00f3n de IoT en tiempo real&comma; Bloquear sitios maliciosos&comma; Sistema de prevenci\u00f3n de intrusi\u00f3n&comma; Prevenci\u00f3n de ataques DDoS&comma; Esc\u00e1ner de red dom\u00e9stica&comma; <a href='https:\/\/www.tp-link.com\/mx\/homeshield\/' style='color: inherit; text-decoration: none; border-bottom: 1px solid rgba(150&comma;150&comma;150&comma;0.5);'>Leer m\u00e1s<\/a><\/li>\n<li style='margin-bottom: 8px;'><strong>Temperatura de operaci\u00f3n:<\/strong> 0 ~ 40\u00b0 C<\/li>\n<li style='margin-bottom: 8px;'><strong>Certificaciones:<\/strong> CE&comma; FCC&comma; RoHS<\/li>\n<\/ul><\/div>\n<div style='flex: 1 1 300px; min-width: 280px;'>\n<h3 style='font-size: 22px; border-bottom: 2px solid currentColor; padding-bottom: 5px; margin-top: 0; color: inherit; opacity: 0.8;'>Caracter\u00edsticas<\/h3>\n<ul style='padding-left: 20px; font-size: 15px; color: inherit;'>\n<li style='margin-bottom: 8px;'><strong>Capacidad WiFi:<\/strong> 4 x 4 MU-MIMO&comma; OFDMA&comma; Wi-Fi 6&comma; Equidad de tiempo aire<\/li>\n<li style='margin-bottom: 8px;'><strong>Seguridad:<\/strong> DFS (accede a una banda extra para reducir congesti\u00f3n)&comma; 6 flujos (mayor ancho de banda)<\/li>\n<li style='margin-bottom: 8px;'><strong>Procesador:<\/strong> CPU de tres n\u00facleos a 1&comma;5 GHz<\/li>\n<li style='margin-bottom: 8px;'><strong>Botones:<\/strong> Encendido\/apagado\/WPS\/reinicio<\/li>\n<\/ul>\n<h3 style='font-size: 22px; border-bottom: 2px solid currentColor; padding-bottom: 5px; margin-top: 30px; color: inherit; opacity: 0.8;'>Otros<\/h3>\n<ul style='padding-left: 20px; font-size: 15px; color: inherit;'>\n<li style='margin-bottom: 8px;'><strong>Contenido del Paquete:<\/strong> Archer AX73&comma; Cable de alimentaci\u00f3n&comma; Cable RJ45&comma; Gu\u00eda de instalaci\u00f3n<\/li>\n<\/ul><\/div>\n<\/p><\/div>\n<p> <!-- Separador final --> <\/p>\n<hr style='border: 0; border-top: 1px solid rgba(150&comma; 150&comma; 150&comma; 0.3); margin: 50px 0;'> <\/div>\n","protected":false},"excerpt":{"rendered":"<p>Router WiFi 6 Doble Banda \/ AX5400 MU-MIMO 4X4 y OFDMA \/ 1 puerto WAN 10\/100\/1000 Mbps \/ 4 puertos LAN 10\/100\/1000 Mbps \/ 1 puerto USB 3.0 \/  6 potentes antenas \/ Administraci\u00f3n App (Tether) o P\u00e1gina web \/ Protecci\u00f3n HomeShield<\/p>\n","protected":false},"featured_media":90710,"comment_status":"open","ping_status":"closed","template":"","meta":[],"product_brand":[],"product_cat":[2024],"product_tag":[1479,2025,71],"class_list":{"0":"post-90711","1":"product","2":"type-product","3":"status-publish","4":"has-post-thumbnail","6":"product_cat-routers-inalambricos","7":"product_tag-redes-wifi","8":"product_tag-routers-inalambricos","9":"product_tag-tp-link","11":"first","12":"instock","13":"sale","14":"shipping-taxable","15":"purchasable","16":"product-type-simple"},"_links":{"self":[{"href":"https:\/\/soydeaqui.ddns.net\/pachuca\/index.php\/wp-json\/wp\/v2\/product\/90711","targetHints":{"allow":["GET"]}}],"collection":[{"href":"https:\/\/soydeaqui.ddns.net\/pachuca\/index.php\/wp-json\/wp\/v2\/product"}],"about":[{"href":"https:\/\/soydeaqui.ddns.net\/pachuca\/index.php\/wp-json\/wp\/v2\/types\/product"}],"replies":[{"embeddable":true,"href":"https:\/\/soydeaqui.ddns.net\/pachuca\/index.php\/wp-json\/wp\/v2\/comments?post=90711"}],"wp:featuredmedia":[{"embeddable":true,"href":"https:\/\/soydeaqui.ddns.net\/pachuca\/index.php\/wp-json\/wp\/v2\/media\/90710"}],"wp:attachment":[{"href":"https:\/\/soydeaqui.ddns.net\/pachuca\/index.php\/wp-json\/wp\/v2\/media?parent=90711"}],"wp:term":[{"taxonomy":"product_brand","embeddable":true,"href":"https:\/\/soydeaqui.ddns.net\/pachuca\/index.php\/wp-json\/wp\/v2\/product_brand?post=90711"},{"taxonomy":"product_cat","embeddable":true,"href":"https:\/\/soydeaqui.ddns.net\/pachuca\/index.php\/wp-json\/wp\/v2\/product_cat?post=90711"},{"taxonomy":"product_tag","embeddable":true,"href":"https:\/\/soydeaqui.ddns.net\/pachuca\/index.php\/wp-json\/wp\/v2\/product_tag?post=90711"}],"curies":[{"name":"wp","href":"https:\/\/api.w.org\/{rel}","templated":true}]}}