{"id":90703,"date":"2026-03-20T03:55:13","date_gmt":"2026-03-20T03:55:13","guid":{"rendered":"https:\/\/soydeaqui.ddns.net\/pachuca\/index.php\/producto\/router-wifi-6-doble-banda-ax-3000-mbps-mu-mimo-y-ofdma-1-puerto-wan-10-100-1000-mbps-4-puertos-lan-10-100-1000-mbps-4-potentes-antenas\/"},"modified":"2026-03-20T03:55:32","modified_gmt":"2026-03-20T03:55:32","slug":"router-wifi-6-doble-banda-ax-3000-mbps-mu-mimo-y-ofdma-1-puerto-wan-10-100-1000-mbps-4-puertos-lan-10-100-1000-mbps-4-potentes-antenas","status":"publish","type":"product","link":"https:\/\/soydeaqui.ddns.net\/pachuca\/index.php\/producto\/router-wifi-6-doble-banda-ax-3000-mbps-mu-mimo-y-ofdma-1-puerto-wan-10-100-1000-mbps-4-puertos-lan-10-100-1000-mbps-4-potentes-antenas\/","title":{"rendered":"Router WiFi 6 doble banda AX 3000 Mbps \/  MU-MIMO y OFDMA \/ 1 Puerto WAN 10\/100\/1000 Mbps \/ 4 Puertos LAN 10\/100\/1000 Mbps \/ 4 Potentes Antenas."},"content":{"rendered":"<div style='width: 100%; max-width: 1200px; margin: 0 auto; font-family: sans-serif; line-height: 1.6; color: inherit; background-color: transparent;'> <!-- Secci\u00f3n de enlace a App Tether --> <\/p>\n<div style='text-align: center; margin: 30px 0;'>\n<h2 style='margin: 0;'><a href='https:\/\/www.tp-link.com\/es\/tether\/' style='color: inherit; text-decoration: none; font-size: 22px; border-bottom: 2px solid currentColor; padding-bottom: 5px;'>Aprende m\u00e1s sobre la App Tether<\/a><\/h2>\n<\/p><\/div>\n<p> <!-- Imagen principal --> <\/p>\n<div style='margin: 30px 0;'> <img style='width: 100%; height: auto; border: 1px solid rgba(150&comma;150&comma;150&comma;0.3); border-radius: 8px;' src='https:\/\/ftp3.syscom.mx\/usuarios\/fotos\/ARCHERAX53\/213759-image_-_2023-12-12t161057.139.png' alt='Router TP-LINK ARCHER AX53'> <\/div>\n<p> <!-- Secci\u00f3n de rendimiento WiFi 6 --> <\/p>\n<div style='margin: 30px 0;'>\n<div style='text-align: center; margin-bottom: 20px;'>\n<h2 style='font-size: 24px; margin: 0; color: inherit; opacity: 0.8;'>Mayor rendimiento con WiFi 6&comma; amplia tu cobertura con tecnolog\u00eda avanzada.<\/h2>\n<p style='margin: 15px 0 0; text-align: center;'> <a href='https:\/\/www.tp-link.com\/es\/wifi6\/' style='color: inherit; text-decoration: none; border-bottom: 2px solid currentColor; padding-bottom: 5px;'>Aprende m\u00e1s sobre WiFi 6<\/a> <\/p>\n<\/p><\/div>\n<div style='margin-top: 20px;'> <img style='width: 100%; height: auto; border: 1px solid rgba(150&comma;150&comma;150&comma;0.3); border-radius: 8px;' src='https:\/\/ftp3.syscom.mx\/usuarios\/fotos\/ARCHERAX53\/213759-image_-_2023-12-12t161110.876.png' alt='Tecnolog\u00eda WiFi 6'> <\/div>\n<\/p><\/div>\n<p> <!-- Secci\u00f3n de protecci\u00f3n de datos --> <\/p>\n<div style='margin: 30px 0;'>\n<div style='text-align: center; margin-bottom: 20px;'>\n<h2 style='font-size: 24px; margin: 0; color: inherit; opacity: 0.8;'>Protege la integridad de tus datos.<\/h2>\n<p style='margin: 15px 0 0; text-align: center;'> <a href='https:\/\/www.tp-link.com\/mx\/homeshield\/' style='color: inherit; text-decoration: none; border-bottom: 2px solid currentColor; padding-bottom: 5px;'>Aprende m\u00e1s sobre HomeShiel<\/a> <\/p>\n<\/p><\/div>\n<div style='margin-top: 20px;'> <img style='width: 100%; height: auto; border: 1px solid rgba(150&comma;150&comma;150&comma;0.3); border-radius: 8px;' src='https:\/\/ftp3.syscom.mx\/usuarios\/fotos\/ARCHERAX73\/213758-image_(70).png' alt='Protecci\u00f3n de datos'> <\/div>\n<\/p><\/div>\n<p> <!-- Secci\u00f3n de velocidad de conexi\u00f3n --> <\/p>\n<div style='margin: 30px 0;'>\n<div style='text-align: center; margin-bottom: 20px;'>\n<h2 style='font-size: 24px; margin: 0; color: inherit; opacity: 0.8;'>Mayor velocidad de conexi\u00f3n.<\/h2>\n<\/p><\/div>\n<div style='margin-top: 20px;'> <img style='width: 100%; height: auto; border: 1px solid rgba(150&comma;150&comma;150&comma;0.3); border-radius: 8px;' src='https:\/\/ftp3.syscom.mx\/usuarios\/fotos\/ARCHERAX53\/213759-image_-_2023-12-12t161117.804.png' alt='Velocidad de conexi\u00f3n'> <\/div>\n<\/p><\/div>\n<p> <!-- Secci\u00f3n de aplicaci\u00f3n Tether --> <\/p>\n<div style='margin: 30px 0;'>\n<div style='text-align: center; margin-bottom: 20px;'>\n<h2 style='font-size: 24px; margin: 0; color: inherit; opacity: 0.8;'>Aplicaci\u00f3n pr\u00e1ctica y f\u00e1cil de manipular.<\/h2>\n<\/p><\/div>\n<div style='margin-top: 20px;'> <img style='width: 100%; height: auto; border: 1px solid rgba(150&comma;150&comma;150&comma;0.3); border-radius: 8px;' src='https:\/\/ftp3.syscom.mx\/usuarios\/fotos\/ARCHERAX73\/213758-image_(65).png' alt='Aplicaci\u00f3n Tether'> <\/div>\n<\/p><\/div>\n<p> <!-- Secci\u00f3n de especificaciones --> <\/p>\n<div style='margin: 30px 0;'>\n<h3 style='font-size: 22px; border-bottom: 2px solid currentColor; padding-bottom: 5px; margin-top: 0; color: inherit; opacity: 0.8;'>Especificaciones<\/h3>\n<div style='display: flex; flex-wrap: wrap; gap: 20px; margin-top: 20px;'>\n<div style='flex: 1 1 250px; border: 1px solid rgba(150&comma; 150&comma; 150&comma; 0.4); border-radius: 8px; overflow: hidden; display: flex; flex-direction: column;'>\n<div style='padding: 15px; border-bottom: 1px solid rgba(150&comma; 150&comma; 150&comma; 0.2); font-weight: bold; font-size: 18px; color: inherit;'>Conectividad<\/div>\n<div style='padding: 15px; color: inherit;'>\n<ul style='padding-left: 20px; margin: 0; font-size: 14px; list-style-type: disc;'>\n<li style='margin-bottom: 5px;'><strong>Puertos:<\/strong> (1) puerto RJ45 Gigabit WAN&comma; (4) puertos RJ45 Gigabit LAN<\/li>\n<li style='margin-bottom: 5px;'><strong>Velocidad:<\/strong> AX3000 (5 GHz: 4804 Mbps&comma; 2.4 GHz: 574 Mbps)<\/li>\n<li style='margin-bottom: 5px;'><strong>Est\u00e1ndares:<\/strong> WiFi 6 (802.11ax) 5 GHz y 2.4 GHz<\/li>\n<li style='margin-bottom: 5px;'><strong>Modo de trabajo:<\/strong> Router y Punto de acceso<\/li>\n<\/ul><\/div>\n<\/p><\/div>\n<div style='flex: 1 1 250px; border: 1px solid rgba(150&comma; 150&comma; 150&comma; 0.4); border-radius: 8px; overflow: hidden; display: flex; flex-direction: column;'>\n<div style='padding: 15px; border-bottom: 1px solid rgba(150&comma; 150&comma; 150&comma; 0.2); font-weight: bold; font-size: 18px; color: inherit;'>Caracter\u00edsticas T\u00e9cnicas<\/div>\n<div style='padding: 15px; color: inherit;'>\n<ul style='padding-left: 20px; margin: 0; font-size: 14px; list-style-type: disc;'>\n<li style='margin-bottom: 5px;'><strong>Procesador:<\/strong> CPU doble n\u00facleo<\/li>\n<li style='margin-bottom: 5px;'><strong>Alimentaci\u00f3n:<\/strong> 12 Vcc 2A<\/li>\n<li style='margin-bottom: 5px;'><strong>Dimensiones:<\/strong> 260.2 x 135 x 41.6 mm<\/li>\n<li style='margin-bottom: 5px;'><strong>Temperatura:<\/strong> 0 ~ 40\u00b0 C<\/li>\n<li style='margin-bottom: 5px;'><strong>Certificaciones:<\/strong> CE&comma; FCC&comma; RoHS<\/li>\n<\/ul><\/div>\n<\/p><\/div>\n<div style='flex: 1 1 250px; border: 1px solid rgba(150&comma; 150&comma; 150&comma; 0.4); border-radius: 8px; overflow: hidden; display: flex; flex-direction: column;'>\n<div style='padding: 15px; border-bottom: 1px solid rgba(150&comma; 150&comma; 150&comma; 0.2); font-weight: bold; font-size: 18px; color: inherit;'>WiFi y Cobertura<\/div>\n<div style='padding: 15px; color: inherit;'>\n<ul style='padding-left: 20px; margin: 0; font-size: 14px; list-style-type: disc;'>\n<li style='margin-bottom: 5px;'><strong>Antenas:<\/strong> 4 antenas fijas de alto rendimiento<\/li>\n<li style='margin-bottom: 5px;'><strong>Tecnolog\u00edas:<\/strong> Beamforming&comma; FEM de alta potencia&comma; 4T4R<\/li>\n<li style='margin-bottom: 5px;'><strong>Capacidad WiFi:<\/strong> Doble banda&comma; OFDMA&comma; WiFi 6&comma; Equidad de tiempo aire<\/li>\n<li style='margin-bottom: 5px;'><strong>DFS:<\/strong> Acceso a banda extra para reducir congesti\u00f3n<\/li>\n<li style='margin-bottom: 5px;'><strong>Flujos:<\/strong> 4 flujos (mayor ancho de banda)<\/li>\n<\/ul><\/div>\n<\/p><\/div>\n<div style='flex: 1 1 250px; border: 1px solid rgba(150&comma; 150&comma; 150&comma; 0.4); border-radius: 8px; overflow: hidden; display: flex; flex-direction: column;'>\n<div style='padding: 15px; border-bottom: 1px solid rgba(150&comma; 150&comma; 150&comma; 0.2); font-weight: bold; font-size: 18px; color: inherit;'>Seguridad y Gesti\u00f3n<\/div>\n<div style='padding: 15px; color: inherit;'>\n<ul style='padding-left: 20px; margin: 0; font-size: 14px; list-style-type: disc;'>\n<li style='margin-bottom: 5px;'><strong>Seguridad:<\/strong> Cortafuegos SPI&comma; Control de acceso&comma; Enlace IP y MAC&comma; Puerta de enlace de capa de aplicaci\u00f3n<\/li>\n<li style='margin-bottom: 5px;'><strong>HomeShield:<\/strong> Biblioteca de filtrado de contenido&comma; Pausar internet&comma; Hora de acostarse&comma; Informes semanales y mensuales&comma; Esc\u00e1ner de red dom\u00e9stica<\/li>\n<li style='margin-bottom: 5px;'><strong>Gesti\u00f3n:<\/strong> Aplicaci\u00f3n Tether&comma; P\u00e1gina web<\/li>\n<li style='margin-bottom: 5px;'><strong>Calidad de servicio:<\/strong> QoS por dispositivos<\/li>\n<\/ul><\/div>\n<\/p><\/div>\n<div style='flex: 1 1 250px; border: 1px solid rgba(150&comma; 150&comma; 150&comma; 0.4); border-radius: 8px; overflow: hidden; display: flex; flex-direction: column;'>\n<div style='padding: 15px; border-bottom: 1px solid rgba(150&comma; 150&comma; 150&comma; 0.2); font-weight: bold; font-size: 18px; color: inherit;'>Conectividad Avanzada<\/div>\n<div style='padding: 15px; color: inherit;'>\n<ul style='padding-left: 20px; margin: 0; font-size: 14px; list-style-type: disc;'>\n<li style='margin-bottom: 5px;'><strong>EasyMesh:<\/strong> Redes en malla<\/li>\n<li style='margin-bottom: 5px;'><strong>OneMesh:<\/strong> Link Aggregation&comma; LACP 802.3ad<\/li>\n<li style='margin-bottom: 5px;'><strong>VPN:<\/strong> OpenVPN&comma; PPTP&comma; L2TP<\/li>\n<li style='margin-bottom: 5px;'><strong>Botones:<\/strong> Encendido\/apagado\/WPS\/reinicio<\/li>\n<\/ul><\/div>\n<\/p><\/div>\n<div style='flex: 1 1 250px; border: 1px solid rgba(150&comma; 150&comma; 150&comma; 0.4); border-radius: 8px; overflow: hidden; display: flex; flex-direction: column;'>\n<div style='padding: 15px; border-bottom: 1px solid rgba(150&comma; 150&comma; 150&comma; 0.2); font-weight: bold; font-size: 18px; color: inherit;'>Contenido del Paquete<\/div>\n<div style='padding: 15px; color: inherit;'>\n<ul style='padding-left: 20px; margin: 0; font-size: 14px; list-style-type: disc;'>\n<li style='margin-bottom: 5px;'>Router TP-LINK ARCHER AX53<\/li>\n<li style='margin-bottom: 5px;'>Cable de alimentaci\u00f3n<\/li>\n<li style='margin-bottom: 5px;'>Cable RJ45<\/li>\n<li style='margin-bottom: 5px;'>Gu\u00eda de instalaci\u00f3n<\/li>\n<\/ul><\/div>\n<\/p><\/div>\n<\/p><\/div>\n<\/p><\/div>\n<p> <!-- Separador --> <\/p>\n<hr style='border: 0; border-top: 1px solid rgba(150&comma; 150&comma; 150&comma; 0.3); margin: 30px 0;'> <!-- Secci\u00f3n de enlaces adicionales --> <\/p>\n<div style='display: flex; flex-wrap: wrap; gap: 15px; justify-content: center; margin: 30px 0;'>\n<div style='border: 1px solid rgba(150&comma; 150&comma; 150&comma; 0.4); border-radius: 8px; padding: 15px; text-align: center;'> <a href='https:\/\/www.tp-link.com\/es\/wifi6\/' style='color: inherit; text-decoration: none; border-bottom: 2px solid currentColor; padding-bottom: 5px; font-weight: bold;'>Aprende m\u00e1s sobre WiFi 6<\/a> <\/div>\n<div style='border: 1px solid rgba(150&comma; 150&comma; 150&comma; 0.4); border-radius: 8px; padding: 15px; text-align: center;'> <a href='https:\/\/www.tp-link.com\/mx\/homeshield\/' style='color: inherit; text-decoration: none; border-bottom: 2px solid currentColor; padding-bottom: 5px; font-weight: bold;'>Aprende m\u00e1s sobre HomeShield<\/a> <\/div>\n<div style='border: 1px solid rgba(150&comma; 150&comma; 150&comma; 0.4); border-radius: 8px; padding: 15px; text-align: center;'> <a href='https:\/\/www.tp-link.com\/us\/easymesh\/' style='color: inherit; text-decoration: none; border-bottom: 2px solid currentColor; padding-bottom: 5px; font-weight: bold;'>Aprende m\u00e1s sobre EasyMesh<\/a> <\/div>\n<div style='border: 1px solid rgba(150&comma; 150&comma; 150&comma; 0.4); border-radius: 8px; padding: 15px; text-align: center;'> <a href='https:\/\/www.tp-link.com\/mx\/onemesh\/product-list\/' style='color: inherit; text-decoration: none; border-bottom: 2px solid currentColor; padding-bottom: 5px; font-weight: bold;'>Aprende m\u00e1s sobre OneMesh<\/a> <\/div>\n<\/p><\/div>\n<\/p><\/div>\n","protected":false},"excerpt":{"rendered":"<p>Router WiFi 6 doble banda AX 3000 Mbps \/  MU-MIMO y OFDMA \/ 1 Puerto WAN 10\/100\/1000 Mbps \/ 4 Puertos LAN 10\/100\/1000 Mbps \/ 4 Potentes Antenas.<\/p>\n","protected":false},"featured_media":90702,"comment_status":"open","ping_status":"closed","template":"","meta":[],"product_brand":[],"product_cat":[2036,2035,2034],"product_tag":[2039,2038,664,2037,71],"class_list":{"0":"post-90703","1":"product","2":"type-product","3":"status-publish","4":"has-post-thumbnail","6":"product_cat-balanceadores","7":"product_cat-firewalls","8":"product_cat-routers","9":"product_tag-balanceadores","10":"product_tag-firewalls","11":"product_tag-networking","12":"product_tag-routers","13":"product_tag-tp-link","15":"first","16":"instock","17":"sale","18":"shipping-taxable","19":"purchasable","20":"product-type-simple"},"_links":{"self":[{"href":"https:\/\/soydeaqui.ddns.net\/pachuca\/index.php\/wp-json\/wp\/v2\/product\/90703","targetHints":{"allow":["GET"]}}],"collection":[{"href":"https:\/\/soydeaqui.ddns.net\/pachuca\/index.php\/wp-json\/wp\/v2\/product"}],"about":[{"href":"https:\/\/soydeaqui.ddns.net\/pachuca\/index.php\/wp-json\/wp\/v2\/types\/product"}],"replies":[{"embeddable":true,"href":"https:\/\/soydeaqui.ddns.net\/pachuca\/index.php\/wp-json\/wp\/v2\/comments?post=90703"}],"wp:featuredmedia":[{"embeddable":true,"href":"https:\/\/soydeaqui.ddns.net\/pachuca\/index.php\/wp-json\/wp\/v2\/media\/90702"}],"wp:attachment":[{"href":"https:\/\/soydeaqui.ddns.net\/pachuca\/index.php\/wp-json\/wp\/v2\/media?parent=90703"}],"wp:term":[{"taxonomy":"product_brand","embeddable":true,"href":"https:\/\/soydeaqui.ddns.net\/pachuca\/index.php\/wp-json\/wp\/v2\/product_brand?post=90703"},{"taxonomy":"product_cat","embeddable":true,"href":"https:\/\/soydeaqui.ddns.net\/pachuca\/index.php\/wp-json\/wp\/v2\/product_cat?post=90703"},{"taxonomy":"product_tag","embeddable":true,"href":"https:\/\/soydeaqui.ddns.net\/pachuca\/index.php\/wp-json\/wp\/v2\/product_tag?post=90703"}],"curies":[{"name":"wp","href":"https:\/\/api.w.org\/{rel}","templated":true}]}}