{"id":90688,"date":"2026-03-20T03:54:20","date_gmt":"2026-03-20T03:54:20","guid":{"rendered":"https:\/\/soydeaqui.ddns.net\/pachuca\/index.php\/producto\/punto-de-acceso-unifi-wifi-6e-enterprise-alta-densidad-hasta-600-usuarios-mu-mimo-4x4-bandas-2-4-5-6-ghz-1-puerto-rj45-2-5g-poe-no-incluido\/"},"modified":"2026-03-20T03:54:35","modified_gmt":"2026-03-20T03:54:35","slug":"punto-de-acceso-unifi-wifi-6e-enterprise-alta-densidad-hasta-600-usuarios-mu-mimo-4x4-bandas-2-4-5-6-ghz-1-puerto-rj45-2-5g-poe-no-incluido","status":"publish","type":"product","link":"https:\/\/soydeaqui.ddns.net\/pachuca\/index.php\/producto\/punto-de-acceso-unifi-wifi-6e-enterprise-alta-densidad-hasta-600-usuarios-mu-mimo-4x4-bandas-2-4-5-6-ghz-1-puerto-rj45-2-5g-poe-no-incluido\/","title":{"rendered":"Punto de Acceso UniFi WiFi 6E Enterprise, alta densidad, hasta 600 usuarios, Mu-MIMO 4&#215;4, bandas 2.4\/5\/6 Ghz, (1) puerto RJ45 2.5G (POE+ no incluido)"},"content":{"rendered":"<div style='width: 100%; max-width: 1200px; margin: 0 auto; font-family: sans-serif; line-height: 1.6; color: inherit; background-color: transparent;'> <!-- Imagen principal --> <\/p>\n<div style='display: flex; justify-content: center; margin-bottom: 30px;'> <img style='width: 100%; max-width: 500px; height: auto; border: 1px solid rgba(150&comma;150&comma;150&comma;0.3); border-radius: 8px;' src='https:\/\/ftp3.syscom.mx\/usuarios\/fotos\/U6ENTERPRISE\/214100-unifi.png' alt=''> <\/div>\n<p> <!-- Descripci\u00f3n general --> <\/p>\n<div style='margin-bottom: 30px;'>\n<p style='font-size: 15px; margin-bottom: 15px; color: inherit;'> Potente punto de acceso WiFi 6E con montaje en el techo; dise\u00f1ado para proporcionar una cobertura multibanda perfecta en entornos de alta densidad de clientes. <\/p>\n<\/p><\/div>\n<p> <!-- Caracter\u00edsticas con \u00edconos --> <\/p>\n<div style='display: flex; flex-wrap: wrap; gap: 15px; margin-bottom: 30px;'>\n<div style='flex: 1 1 250px; min-width: 200px; display: flex; align-items: center; color: inherit;'> <img style='width: 20px; height: 20px; margin-right: 10px; flex-shrink: 0;' src='https:\/\/assets.ecomm.ui.com\/static\/key-features\/wifi6.svg' alt=''> <span style='font-size: 14px; color: inherit;'>WiFi 6E con soporte para 6 GHz<\/span> <\/div>\n<div style='flex: 1 1 250px; min-width: 200px; display: flex; align-items: center; color: inherit;'> <img style='width: 20px; height: 20px; margin-right: 10px; flex-shrink: 0;' src='https:\/\/assets.ecomm.ui.com\/static\/key-features\/streams.svg' alt=''> <span style='font-size: 14px; color: inherit;'>10 cadenas espaciales<\/span> <\/div>\n<div style='flex: 1 1 250px; min-width: 200px; display: flex; align-items: center; color: inherit;'> <img style='width: 20px; height: 20px; margin-right: 10px; flex-shrink: 0;' src='https:\/\/assets.ecomm.ui.com\/static\/key-features\/floorplan.svg' alt=''> <span style='font-size: 14px; color: inherit;'>Cobertura de hasta 140 m\u00b2 (1&comma;500 ft\u00b2)<\/span> <\/div>\n<div style='flex: 1 1 250px; min-width: 200px; display: flex; align-items: center; color: inherit;'> <img style='width: 20px; height: 20px; margin-right: 10px; flex-shrink: 0;' src='https:\/\/assets.ecomm.ui.com\/static\/key-features\/connection.svg' alt=''> <span style='font-size: 14px; color: inherit;'>600+ dispositivos conectados<\/span> <\/div>\n<div style='flex: 1 1 250px; min-width: 200px; display: flex; align-items: flex-start; color: inherit;'> <img style='width: 20px; height: 20px; margin-right: 10px; flex-shrink: 0;' src='https:\/\/assets.ecomm.ui.com\/static\/key-features\/poe_plus.svg' alt=''> <span style='font-size: 14px; color: inherit;'>Alimentado con PoE+ (NO incluye inyector&comma; recomendado utilizar switch PoE+ con puerto 2.5G&comma; si prefiere inyector a 1G puede considerar U-POE+)<\/span> <\/div>\n<div style='flex: 1 1 250px; min-width: 200px; display: flex; align-items: center; color: inherit;'> <img style='width: 20px; height: 20px; margin-right: 10px; flex-shrink: 0;' src='https:\/\/assets.ecomm.ui.com\/static\/key-features\/uplink.svg' alt=''> <span style='font-size: 14px; color: inherit;'>Puerto UpLink 2.5 GbE<\/span> <\/div>\n<\/p><\/div>\n<p> <!-- Nota sobre 6GHz --> <\/p>\n<div style='margin-bottom: 30px; padding: 15px; border-left: 4px solid rgba(0&comma;0&comma;0&comma;0.1); background-color: rgba(128&comma;128&comma;128&comma;0.05); border-radius: 4px;'>\n<p style='font-size: 14px; margin: 0; color: inherit;'> <strong style='font-weight: bold; color: inherit;'>Nota:<\/strong> 6 GHz soportado solamente en <a style='color: #006fff; text-decoration: underline;' href='https:\/\/help.ui.com\/hc\/en-us\/articles\/8691786444567' target='_blank' rel='noopener'>estos pa\u00edses<\/a>. <\/p>\n<\/p><\/div>\n<p> <!-- Video --> <\/p>\n<div style='position: relative; padding-bottom: 56.25%; height: 0; overflow: hidden; margin-bottom: 30px;'> <video style='position: absolute; top: 0; left: 0; width: 100%; height: 100%;' controls><source src='https:\/\/cdn.ecomm.ui.com\/products\/f9118c0f-060b-4fd7-99ce-ace671c7a1fe\/cced0ce9-fa48-4689-94a6-faf44be30439.mp4' type='video\/mp4'><\/video> <\/div>\n<p> <!-- Im\u00e1genes adicionales --> <\/p>\n<div style='display: flex; flex-wrap: wrap; gap: 20px; margin-bottom: 30px; justify-content: center;'> <img style='width: 100%; max-width: 500px; height: auto; border: 1px solid rgba(150&comma;150&comma;150&comma;0.3); border-radius: 8px;' src='https:\/\/images.svc.ui.com\/?u=https%3A%2F%2Fcdn.ecomm.ui.com%2Fproducts%2Ff9118c0f-060b-4fd7-99ce-ace671c7a1fe%2F0db9d3a9-5145-4cb1-adc7-c4c66ff70529.png&#038;q=75&#038;w=3840' alt=''> <img style='width: 100%; max-width: 500px; height: auto; border: 1px solid rgba(150&comma;150&comma;150&comma;0.3); border-radius: 8px;' src='https:\/\/images.svc.ui.com\/?u=https%3A%2F%2Fcdn.ecomm.ui.com%2Fproducts%2Ff9118c0f-060b-4fd7-99ce-ace671c7a1fe%2Fd8da9e65-729d-4128-a30e-322c18564c90.png&#038;q=75&#038;w=3840' alt=''> <img style='width: 100%; max-width: 500px; height: auto; border: 1px solid rgba(150&comma;150&comma;150&comma;0.3); border-radius: 8px;' src='https:\/\/images.svc.ui.com\/?u=https%3A%2F%2Fcdn.ecomm.ui.com%2Fproducts%2Ff9118c0f-060b-4fd7-99ce-ace671c7a1fe%2Fbd010fde-5c28-4c95-a4ee-6549c5060d43.png&#038;q=75&#038;w=3840' alt=''> <\/div>\n<p> <!-- Especificaciones t\u00e9cnicas --> <\/p>\n<div style='display: flex; flex-direction: column; gap: 30px; margin-bottom: 30px;'>\n<div style='border: 1px solid rgba(150&comma;150&comma;150&comma;0.3); border-radius: 8px; overflow: hidden; background-color: rgba(128&comma;128&comma;128&comma;0.05);'>\n<div style='padding: 15px 20px; font-weight: bold; font-size: 18px; border-bottom: 1px solid rgba(150&comma;150&comma;150&comma;0.3); color: inherit;'> Hardware <\/div>\n<div style='padding: 20px;'>\n<div style='display: grid; grid-template-columns: 1fr 2fr; gap: 15px 30px; font-size: 14px; color: inherit;'>\n<div style='font-weight: bold; padding-top: 8px;'>Interfaz de gesti\u00f3n<\/div>\n<div style='padding-top: 8px;'>Ethernet \/ Bluetooth<\/div>\n<div style='font-weight: bold; padding-top: 8px;'>Interfaz de red<\/div>\n<div style='padding-top: 8px;'>(1) puerto RJ45 de 2&comma;5 GbE<\/div>\n<div style='font-weight: bold; padding-top: 8px;'>Bot\u00f3n<\/div>\n<div style='padding-top: 8px;'>Reinicio y restablecimiento de f\u00e1brica<\/div>\n<div style='font-weight: bold; padding-top: 8px;'>LED<\/div>\n<div style='padding-top: 8px;'>A\/B<\/div>\n<div style='font-weight: bold; padding-top: 8px;'>M\u00e9todo de alimentaci\u00f3n<\/div>\n<div style='padding-top: 8px;'>PoE+ (802.3at)<\/div>\n<div style='font-weight: bold; padding-top: 8px;'>Fuente de alimentaci\u00f3n<\/div>\n<div style='padding-top: 8px;'> Switch UniFi PoE<br \/> 48V&comma; 0.5A adaptador PoE (inyector POE NO INCLUIDO&comma; recomendado 1G <a style='color: #006fff; text-decoration: underline;' href='https:\/\/www.syscom.mx\/producto\/U-POE+-UBIQUITI-INC.-237732.html' target='_blank' rel='noopener'>U-POE+<\/a>&comma;<br \/> para 2.5G se recomienda switch UniFi con puertos 2.5G) <\/div>\n<div style='font-weight: bold; padding-top: 8px;'>Rango de voltaje admitido<\/div>\n<div style='padding-top: 8px;'>44 &#8211; 57 VCC<\/div>\n<div style='font-weight: bold; padding-top: 8px;'>Max. consumo de energ\u00eda<\/div>\n<div style='padding-top: 8px;'>22W<\/div>\n<div style='font-weight: bold; padding-top: 8px;'>Max. potencia de transmisi\u00f3n<\/div>\n<div style='padding-top: 8px;'> 22 dBm (2&comma;4 GHz)<br \/> 26 dBm (5-7 GHz) <\/div>\n<div style='font-weight: bold; padding-top: 8px;'>MIMO<\/div>\n<div style='padding-top: 8px;'> 2 x 2 (UL MU-MIMO) &#8211; 2&comma;4 GHz<br \/> 4 x 4 (DL\/UL MU-MIMO) &#8211; 5 GHz<br \/> 4 x 4 (DL\/UL MU-MIMO) &#8211; 6 GHz <\/div>\n<div style='font-weight: bold; padding-top: 8px;'>Tasa de rendimiento<\/div>\n<div style='padding-top: 8px;'> 573&comma;5 Mbps &#8211; 2&comma;4 GHz<br \/> 4&comma;8 Gbps &#8211; 5 GHz<br \/> 4&comma;8 Gbps &#8211; 6 GHz <\/div>\n<div style='font-weight: bold; padding-top: 8px;'>Ganancia de antena<\/div>\n<div style='padding-top: 8px;'> 3&comma;2 dBi &#8211; 2&comma;4 GHz<br \/> 5&comma;3 dBi &#8211; 5 GHz<br \/> 6 dBi &#8211; 6 GHz <\/div>\n<div style='font-weight: bold; padding-top: 8px;'>Montaje<\/div>\n<div style='padding-top: 8px;'>Pared\/techo (incluido)<\/div>\n<div style='font-weight: bold; padding-top: 8px;'>Temperatura de funcionamiento<\/div>\n<div style='padding-top: 8px;'>-30 a 60 \u00b0C (-22 a 140 \u00b0F)<\/div>\n<div style='font-weight: bold; padding-top: 8px;'>Humedad de funcionamiento<\/div>\n<div style='padding-top: 8px;'>5 &#8211; 95% sin condensaci\u00f3n<\/div>\n<div style='font-weight: bold; padding-top: 8px;'>Certificaciones<\/div>\n<div style='padding-top: 8px;'>CE&comma; FCC&comma; CI<\/div>\n<\/p><\/div>\n<\/p><\/div>\n<\/p><\/div>\n<div style='border: 1px solid rgba(150&comma;150&comma;150&comma;0.3); border-radius: 8px; overflow: hidden; background-color: rgba(128&comma;128&comma;128&comma;0.05);'>\n<div style='padding: 15px 20px; font-weight: bold; font-size: 18px; border-bottom: 1px solid rgba(150&comma;150&comma;150&comma;0.3); color: inherit;'> Software <\/div>\n<div style='padding: 20px;'>\n<div style='display: grid; grid-template-columns: 1fr 2fr; gap: 15px 30px; font-size: 14px; color: inherit;'>\n<div style='font-weight: bold; padding-top: 8px;'>Est\u00e1ndares Wi-Fi<\/div>\n<div style='padding-top: 8px;'> 802.11a\/b\/g<br \/> WiFi 4\/WiFi 5\/WiFi 6\/WiFi 6E <\/div>\n<div style='font-weight: bold; padding-top: 8px;'>Seguridad inal\u00e1mbrica<\/div>\n<div style='padding-top: 8px;'>WPA-PSK&comma; WPA-Empresa (WPA\/WPA2\/WPA3)<\/div>\n<div style='font-weight: bold; padding-top: 8px;'>BSSID<\/div>\n<div style='padding-top: 8px;'>8 por radio<\/div>\n<div style='font-weight: bold; padding-top: 8px;'>VLAN<\/div>\n<div style='padding-top: 8px;'>802.1Q<\/div>\n<div style='font-weight: bold; padding-top: 8px;'>Calidad de servicio avanzada<\/div>\n<div style='padding-top: 8px;'>L\u00edmite de velocidad por usuario<\/div>\n<div style='font-weight: bold; padding-top: 8px;'>Aislamiento del tr\u00e1fico de invitados<\/div>\n<div style='padding-top: 8px;'>Soportado<\/div>\n<div style='font-weight: bold; padding-top: 8px;'>Clientes concurrentes<\/div>\n<div style='padding-top: 8px;'>600+<\/div>\n<div style='font-weight: bold; padding-top: 8px;'>DFS de espera cero<\/div>\n<div style='padding-top: 8px;'>S\u00ed<\/div>\n<\/p><\/div>\n<\/p><\/div>\n<\/p><\/div>\n<\/p><\/div>\n<p> <!-- Software y gesti\u00f3n --> <\/p>\n<div style='display: flex; flex-wrap: wrap; gap: 30px; margin-bottom: 30px;'>\n<div style='flex: 1 1 300px; min-width: 250px;'> <img style='width: 100%; height: auto; border: 1px solid rgba(150&comma;150&comma;150&comma;0.3); border-radius: 8px;' src='https:\/\/cdn.shopify.com\/s\/files\/1\/1439\/1668\/files\/SW-UniFi-Network.png?v=1658934022' alt=''> <\/div>\n<div style='flex: 2 1 400px; min-width: 280px;'>\n<h3 style='font-size: 20px; margin-top: 0; margin-bottom: 15px; color: inherit; opacity: 0.8;'>Funciona con la aplicaci\u00f3n UniFi Network<\/h3>\n<ul style='padding-left: 20px; font-size: 14px; color: inherit; list-style-type: disc;'>\n<li style='margin-bottom: 8px;'>Administre de forma centralizada m\u00faltiples redes desde una interfaz intuitiva<\/li>\n<li style='margin-bottom: 8px;'>Disfrute de informaci\u00f3n de dispositivos en tiempo real y opciones de configuraci\u00f3n profundas<\/li>\n<li style='margin-bottom: 8px;'>Actualice el firmware del dispositivo de forma remota<\/li>\n<li style='margin-bottom: 8px;'>Administre usuarios de red e invitados con facilidad<\/li>\n<li style='margin-bottom: 8px;'>Personalice el dise\u00f1o&comma; la arquitectura y la privacidad de los puntos de acceso para invitados<\/li>\n<li style='margin-bottom: 8px;'>Configure dispositivos r\u00e1pidamente y admin\u00edstrelos sobre la marcha con una potente aplicaci\u00f3n m\u00f3vil<\/li>\n<\/ul><\/div>\n<\/p><\/div>\n<p> <!-- Contenido del paquete --> <\/p>\n<div style='margin-bottom: 30px;'>\n<h3 style='font-size: 20px; margin-top: 0; margin-bottom: 15px; color: inherit; opacity: 0.8;'>Contenido del paquete:<\/h3>\n<p> <img style='width: 100%; max-width: 400px; height: auto; border: 1px solid rgba(150&comma;150&comma;150&comma;0.3); border-radius: 8px;' src='https:\/\/images.svc.ui.com\/?u=https%3A%2F%2Fcdn.ecomm.ui.com%2Fproducts%2Ff9118c0f-060b-4fd7-99ce-ace671c7a1fe%2F318062f8-1cde-4cbc-a061-ee2634edd3ae.png&#038;q=75&#038;w=1920' alt=''> <\/div>\n<\/p><\/div>\n","protected":false},"excerpt":{"rendered":"<p>Punto de Acceso UniFi WiFi 6E Enterprise, alta densidad, hasta 600 usuarios, Mu-MIMO 4&#215;4, bandas 2.4\/5\/6 Ghz, (1) puerto RJ45 2.5G (POE+ no incluido)<\/p>\n","protected":false},"featured_media":90687,"comment_status":"open","ping_status":"closed","template":"","meta":[],"product_brand":[],"product_cat":[1794],"product_tag":[1795,1479,166],"class_list":{"0":"post-90688","1":"product","2":"type-product","3":"status-publish","4":"has-post-thumbnail","6":"product_cat-puntos-de-acceso","7":"product_tag-puntos-de-acceso","8":"product_tag-redes-wifi","9":"product_tag-ubiquiti","11":"first","12":"instock","13":"sale","14":"shipping-taxable","15":"purchasable","16":"product-type-simple"},"_links":{"self":[{"href":"https:\/\/soydeaqui.ddns.net\/pachuca\/index.php\/wp-json\/wp\/v2\/product\/90688","targetHints":{"allow":["GET"]}}],"collection":[{"href":"https:\/\/soydeaqui.ddns.net\/pachuca\/index.php\/wp-json\/wp\/v2\/product"}],"about":[{"href":"https:\/\/soydeaqui.ddns.net\/pachuca\/index.php\/wp-json\/wp\/v2\/types\/product"}],"replies":[{"embeddable":true,"href":"https:\/\/soydeaqui.ddns.net\/pachuca\/index.php\/wp-json\/wp\/v2\/comments?post=90688"}],"wp:featuredmedia":[{"embeddable":true,"href":"https:\/\/soydeaqui.ddns.net\/pachuca\/index.php\/wp-json\/wp\/v2\/media\/90687"}],"wp:attachment":[{"href":"https:\/\/soydeaqui.ddns.net\/pachuca\/index.php\/wp-json\/wp\/v2\/media?parent=90688"}],"wp:term":[{"taxonomy":"product_brand","embeddable":true,"href":"https:\/\/soydeaqui.ddns.net\/pachuca\/index.php\/wp-json\/wp\/v2\/product_brand?post=90688"},{"taxonomy":"product_cat","embeddable":true,"href":"https:\/\/soydeaqui.ddns.net\/pachuca\/index.php\/wp-json\/wp\/v2\/product_cat?post=90688"},{"taxonomy":"product_tag","embeddable":true,"href":"https:\/\/soydeaqui.ddns.net\/pachuca\/index.php\/wp-json\/wp\/v2\/product_tag?post=90688"}],"curies":[{"name":"wp","href":"https:\/\/api.w.org\/{rel}","templated":true}]}}