{"id":90684,"date":"2026-03-20T03:54:10","date_gmt":"2026-03-20T03:54:10","guid":{"rendered":"https:\/\/soydeaqui.ddns.net\/pachuca\/index.php\/producto\/tarjeta-de-monitoreo-remoto-para-ups-cyberpower-modelos-pr-ol-or-y-pdus-con-tarjeta-de-expansion\/"},"modified":"2026-03-20T03:54:16","modified_gmt":"2026-03-20T03:54:16","slug":"tarjeta-de-monitoreo-remoto-para-ups-cyberpower-modelos-pr-ol-or-y-pdus-con-tarjeta-de-expansion","status":"publish","type":"product","link":"https:\/\/soydeaqui.ddns.net\/pachuca\/index.php\/producto\/tarjeta-de-monitoreo-remoto-para-ups-cyberpower-modelos-pr-ol-or-y-pdus-con-tarjeta-de-expansion\/","title":{"rendered":"Tarjeta de Monitoreo Remoto para UPS CyberPower Modelos PR, OL, OR  y PDUs con Tarjeta de Expansi\u00f3n"},"content":{"rendered":"<div style='width: 100%; max-width: 1200px; margin: 0 auto; font-family: sans-serif; line-height: 1.6; color: inherit; background-color: transparent;'>\n<div style='display: flex; flex-direction: column; align-items: center; margin-bottom: 30px;'> <img style='width: 100%; max-width: 600px; height: auto; border: 1px solid rgba(150&comma;150&comma;150&comma;0.3); border-radius: 8px;' src='https:\/\/ftp3.syscom.mx\/usuarios\/fotos\/logotipos\/cyberpower.png' alt=''> <\/div>\n<div style='display: flex; flex-wrap: wrap; gap: 30px; margin-bottom: 30px;'>\n<div style='flex: 1 1 300px; min-width: 280px;'>\n<p style='font-size: 15px; color: inherit;'> RWCCARD100 es un complemento de administraci\u00f3n opcional para la serie espec\u00edfica de UPS Cyberpower. Al insertar la tarjeta en la ranura de expansi\u00f3n en el UPS&comma; los usuarios pueden agregarlo al sistema PowerPanel Cloud&comma; permitiendo as\u00ed la supervisi\u00f3n y administraci\u00f3n remota del UPS&comma; a trav\u00e9s de un portal web seguro o aplicaci\u00f3n m\u00f3vil. <\/p>\n<p style='font-size: 15px; color: inherit;'> La tarjeta tiene un dise\u00f1o Plug-and-Play y puede cambiarse en caliente&comma; lo que permite una instalaci\u00f3n r\u00e1pida y f\u00e1cil sin interrumpir el funcionamiento del UPS. Adem\u00e1s&comma; la tarjeta admite firmware actualizable por el usuario&comma; por lo que los usuarios pueden mantener la funcionalidad actualizada con facilidad. <\/p>\n<\/p><\/div>\n<\/p><\/div>\n<div style='display: flex; flex-wrap: wrap; gap: 20px; margin-bottom: 30px;'>\n<div style='flex: 1 1 250px; border: 1px solid rgba(150&comma; 150&comma; 150&comma; 0.4); border-radius: 8px; overflow: hidden; display: flex; flex-direction: column;'>\n<div style='padding: 15px; border-bottom: 1px solid rgba(150&comma; 150&comma; 150&comma; 0.2); font-weight: bold; font-size: 18px; color: inherit;'>Caracter\u00edsticas<\/div>\n<div style='padding: 15px; color: inherit;'>\n<ul style='padding-left: 20px; margin: 0; font-size: 14px; list-style-type: disc;'>\n<li style='margin-bottom: 5px;'>Notificaci\u00f3n de Eventos Autom\u00e1tica<\/li>\n<li style='margin-bottom: 5px;'>Puerto de conectividad: Antena externa<\/li>\n<li style='margin-bottom: 5px;'>Protocolo de Enlace de Datos: IEEE802.11b\/g\/n<\/li>\n<li style='margin-bottom: 5px;'>Programaci\u00f3n remota del funcionamiento del UPS<\/li>\n<li style='margin-bottom: 5px;'>Configuraci\u00f3n de acciones de eventos flexible<\/li>\n<li style='margin-bottom: 5px;'>Notificaciones de Alerta M\u00faltiples<\/li>\n<li style='margin-bottom: 5px;'>Registro de Eventos<\/li>\n<li style='margin-bottom: 5px;'>Instalaci\u00f3n R\u00e1pida<\/li>\n<li style='margin-bottom: 5px;'>Aplicaci\u00f3n: PowerPanelCloud\u00ae<\/li>\n<li style='margin-bottom: 5px;'>Dimensiones: 54 x 36.6 x 76.2 mm (Ancho x alto x profundidad)<\/li>\n<li style='margin-bottom: 5px;'>Peso: 0.04 kg<\/li>\n<li style='margin-bottom: 5px;'>Compatibilidad de UPS: Series PR\/OL\/OR y PDU ATS con puerto de expansi\u00f3n<\/li>\n<li style='margin-bottom: 5px;'>Instalaci\u00f3n Plug and Play<\/li>\n<li style='margin-bottom: 5px;'>Firmware actualizable por el usuario<\/li>\n<\/ul><\/div>\n<\/p><\/div>\n<\/p><\/div>\n<hr style='border: 0; border-top: 1px solid rgba(150&comma; 150&comma; 150&comma; 0.3); margin: 30px 0;'> <\/div>\n","protected":false},"excerpt":{"rendered":"<p>Tarjeta de Monitoreo Remoto para UPS CyberPower Modelos PR, OL, OR  y PDUs con Tarjeta de Expansi\u00f3n<\/p>\n","protected":false},"featured_media":90683,"comment_status":"open","ping_status":"closed","template":"","meta":[],"product_brand":[],"product_cat":[1231],"product_tag":[677,142,1232],"class_list":{"0":"post-90684","1":"product","2":"type-product","3":"status-publish","4":"has-post-thumbnail","6":"product_cat-ups-no-break-energia-videovigilancia","7":"product_tag-cyberpower","8":"product_tag-energia","9":"product_tag-ups-no-break-2","11":"first","12":"instock","13":"sale","14":"shipping-taxable","15":"purchasable","16":"product-type-simple"},"_links":{"self":[{"href":"https:\/\/soydeaqui.ddns.net\/pachuca\/index.php\/wp-json\/wp\/v2\/product\/90684","targetHints":{"allow":["GET"]}}],"collection":[{"href":"https:\/\/soydeaqui.ddns.net\/pachuca\/index.php\/wp-json\/wp\/v2\/product"}],"about":[{"href":"https:\/\/soydeaqui.ddns.net\/pachuca\/index.php\/wp-json\/wp\/v2\/types\/product"}],"replies":[{"embeddable":true,"href":"https:\/\/soydeaqui.ddns.net\/pachuca\/index.php\/wp-json\/wp\/v2\/comments?post=90684"}],"wp:featuredmedia":[{"embeddable":true,"href":"https:\/\/soydeaqui.ddns.net\/pachuca\/index.php\/wp-json\/wp\/v2\/media\/90683"}],"wp:attachment":[{"href":"https:\/\/soydeaqui.ddns.net\/pachuca\/index.php\/wp-json\/wp\/v2\/media?parent=90684"}],"wp:term":[{"taxonomy":"product_brand","embeddable":true,"href":"https:\/\/soydeaqui.ddns.net\/pachuca\/index.php\/wp-json\/wp\/v2\/product_brand?post=90684"},{"taxonomy":"product_cat","embeddable":true,"href":"https:\/\/soydeaqui.ddns.net\/pachuca\/index.php\/wp-json\/wp\/v2\/product_cat?post=90684"},{"taxonomy":"product_tag","embeddable":true,"href":"https:\/\/soydeaqui.ddns.net\/pachuca\/index.php\/wp-json\/wp\/v2\/product_tag?post=90684"}],"curies":[{"name":"wp","href":"https:\/\/api.w.org\/{rel}","templated":true}]}}