{"id":90681,"date":"2026-03-20T03:54:02","date_gmt":"2026-03-20T03:54:02","guid":{"rendered":"https:\/\/soydeaqui.ddns.net\/pachuca\/index.php\/producto\/jabra-engage-55-auricular-stereo-version-ms-con-aislamiento-de-ruido-activa-adaptador-dect-usb-a-9559-450-125\/"},"modified":"2026-03-20T03:54:07","modified_gmt":"2026-03-20T03:54:07","slug":"jabra-engage-55-auricular-stereo-version-ms-con-aislamiento-de-ruido-activa-adaptador-dect-usb-a-9559-450-125","status":"publish","type":"product","link":"https:\/\/soydeaqui.ddns.net\/pachuca\/index.php\/producto\/jabra-engage-55-auricular-stereo-version-ms-con-aislamiento-de-ruido-activa-adaptador-dect-usb-a-9559-450-125\/","title":{"rendered":"Jabra Engage 55, Auricular stereo versi\u00f3n MS con aislamiento de ruido activa, adaptador DECT USB-A (9559-450-125)"},"content":{"rendered":"<div style='width: 100%; max-width: 1200px; margin: 0 auto; font-family: sans-serif; line-height: 1.6; color: inherit; background-color: transparent;'> <!-- ENCABEZADO --> <\/p>\n<div style='background-color: #f5b700; color: inherit; text-align: center; padding: 35px 20px;'>\n<h1 style='margin: 0; font-size: 36px; color: inherit;'>Jabra Engage 55 MS<\/h1>\n<p style='margin-top: 10px; font-size: 18px; color: inherit;'>Port\u00e1tiles. Productivos. Profesionales.<\/p>\n<\/p><\/div>\n<div style='width: 100%; padding: 20px;'> <!-- INTRO --> <\/p>\n<h2 style='text-align: center; font-size: 32px; color: inherit; margin-top: 0;'>Dise\u00f1ados para hacer que cada llamada cuente<\/h2>\n<hr style='width: 40px; border: 2px solid #f5b700; margin: 20px auto;'> <!-- BLOQUE TEXTO + VIDEO --> <\/p>\n<div style='display: flex; flex-wrap: wrap; gap: 30px; align-items: center; margin: 30px 0;'>\n<div style='flex: 1 1 300px; min-width: 300px;'>\n<h3 style='color: #f5b700; border-left: 6px solid #f5b700; padding-left: 10px; font-size: 22px; margin-top: 0; color: inherit;'>Conversaciones de peso<\/h3>\n<p style='text-align: justify; font-size: 14px; color: inherit;'>Mantenga mejores conversaciones&comma; tanto en casa como en la oficina&comma; con los Engage 55. Estos auriculares intuitivos est\u00e1n dise\u00f1ados para quienes pasan la mayor parte del d\u00eda en llamadas o reuniones virtuales&comma; ofreciendo un amplio rango inal\u00e1mbrico y los m\u00e1s altos niveles de seguridad.<\/p>\n<\/p><\/div>\n<div style='flex: 1 1 300px; min-width: 300px; text-align: center;'>\n<div style='position: relative; padding-bottom: 56.25%; height: 0; overflow: hidden; margin-bottom: 30px;'>   <\/div>\n<\/p><\/div>\n<\/p><\/div>\n<hr style='border: 0; border-top: 1px solid rgba(150&comma; 150&comma; 150&comma; 0.3); margin: 40px 0;'> <!-- GALER\u00cdA --> <\/p>\n<h3 style='color: #f5b700; border-left: 6px solid #f5b700; padding-left: 10px; font-size: 22px; margin-top: 0; color: inherit;'>Llamadas maravillosas<\/h3>\n<div style='display: flex; flex-wrap: wrap; gap: 20px; margin: 20px 0;'> <img style='flex: 1 1 auto; max-width: 100%; height: auto; border: 1px solid rgba(150&comma;150&comma;150&comma;0.3); border-radius: 10px;' src='https:\/\/ftp3.syscom.mx\/usuarios\/fotos\/ENGAGE55MSSTEREOA\/214061-captura_de_pantalla_2022-12-07_a_la(s)_10.12.59.png' alt=''> <img style='flex: 1 1 auto; max-width: 100%; height: auto; border: 1px solid rgba(150&comma;150&comma;150&comma;0.3); border-radius: 10px;' src='https:\/\/ftp3.syscom.mx\/usuarios\/fotos\/ENGAGE55MSSTEREOA\/214061-captura_de_pantalla_2022-12-07_a_la(s)_10.12.26.png' alt=''> <img style='flex: 1 1 auto; max-width: 100%; height: auto; border: 1px solid rgba(150&comma;150&comma;150&comma;0.3); border-radius: 10px;' src='https:\/\/ftp3.syscom.mx\/usuarios\/fotos\/ENGAGE55MSSTEREOA\/214061-captura_de_pantalla_2022-12-07_a_la(s)_10.12.13.png' alt=''> <\/div>\n<hr style='border: 0; border-top: 1px solid rgba(150&comma; 150&comma; 150&comma; 0.3); margin: 40px 0;'> <!-- SAFETONE --> <\/p>\n<h3 style='color: #f5b700; border-left: 6px solid #f5b700; padding-left: 10px; font-size: 22px; margin-top: 0; color: inherit;'>Protecci\u00f3n auditiva SafeTone\u2122 2.0<\/h3>\n<ul style='padding-left: 20px; margin: 20px 0; font-size: 14px; color: inherit;'>\n<li style='margin-bottom: 5px;'>PeakStop\u2122 evita picos de audio repentinos<\/li>\n<li style='margin-bottom: 5px;'>IntelliTone\u2122 2.0 limita la exposici\u00f3n prolongada<\/li>\n<li style='margin-bottom: 5px;'>Normalizaci\u00f3n de voz y prevenci\u00f3n de choques ac\u00fasticos<\/li>\n<\/ul>\n<hr style='border: 0; border-top: 1px solid rgba(150&comma; 150&comma; 150&comma; 0.3); margin: 40px 0;'> <!-- ESPECIFICACIONES --> <\/p>\n<h3 style='color: #f5b700; border-left: 6px solid #f5b700; padding-left: 10px; font-size: 22px; margin-top: 0; color: inherit;'>Especificaciones t\u00e9cnicas<\/h3>\n<div style='display: flex; flex-wrap: wrap; gap: 20px; margin: 20px 0;'>\n<div style='flex: 1 1 230px; min-width: 230px;'>\n<h4 style='font-size: 18px; margin-top: 0; color: inherit;'>Audio<\/h4>\n<ul style='padding-left: 20px; margin: 10px 0; font-size: 14px; color: inherit;'>\n<li style='margin-bottom: 5px;'>Micr\u00f3fono dual ECM + MEMS<\/li>\n<li style='margin-bottom: 5px;'>Sonido est\u00e9reo (modelo est\u00e9reo)<\/li>\n<li style='margin-bottom: 5px;'>Tono lateral: S\u00ed<\/li>\n<\/ul><\/div>\n<div style='flex: 1 1 230px; min-width: 230px;'>\n<h4 style='font-size: 18px; margin-top: 0; color: inherit;'>Ajuste y comodidad<\/h4>\n<ul style='padding-left: 20px; margin: 10px 0; font-size: 14px; color: inherit;'>\n<li style='margin-bottom: 5px;'>Almohadillas de polipiel suave<\/li>\n<li style='margin-bottom: 5px;'>Peso: Est\u00e9reo 83 g \/ Mono 57 g<\/li>\n<li style='margin-bottom: 5px;'>SafeTone\u2122 2.0 integrado<\/li>\n<\/ul><\/div>\n<div style='flex: 1 1 230px; min-width: 230px;'>\n<h4 style='font-size: 18px; margin-top: 0; color: inherit;'>Conectividad<\/h4>\n<ul style='padding-left: 20px; margin: 10px 0; font-size: 14px; color: inherit;'>\n<li style='margin-bottom: 5px;'>Adaptador DECT Jabra Link 400<\/li>\n<li style='margin-bottom: 5px;'>Alcance hasta 150 m<\/li>\n<li style='margin-bottom: 5px;'>Conferencia hasta 4 auriculares<\/li>\n<\/ul><\/div>\n<div style='flex: 1 1 230px; min-width: 230px;'>\n<h4 style='font-size: 18px; margin-top: 0; color: inherit;'>Seguridad<\/h4>\n<ul style='padding-left: 20px; margin: 10px 0; font-size: 14px; color: inherit;'>\n<li style='margin-bottom: 5px;'>DECT C<\/li>\n<li style='margin-bottom: 5px;'>Algoritmos FIPS 140-2<\/li>\n<\/ul><\/div>\n<\/p><\/div>\n<hr style='border: 0; border-top: 1px solid rgba(150&comma; 150&comma; 150&comma; 0.3); margin: 40px 0;'> <!-- JABRA DIRECT --> <\/p>\n<h3 style='text-align: center; font-size: 22px; color: inherit; margin-top: 0;'>Jabra Direct<\/h3>\n<div style='text-align: center; margin: 20px 0;'> <img style='max-width: 100%; height: auto; border: 1px solid rgba(150&comma;150&comma;150&comma;0.3); border-radius: 10px;' src='https:\/\/ftp3.syscom.mx\/usuarios\/fotos\/ENGAGE55MSSTEREOA\/214061-captura_de_pantalla_2022-12-07_a_la(s)_10.15.08.png' alt=''> <\/div>\n<p> <!-- CIERRE --> <\/p>\n<div style='background: #f5b700; color: #000; text-align: center; padding: 20px; margin-top: 40px;'> Auriculares profesionales con seguridad de nivel empresarial <\/div>\n<\/p><\/div>\n<\/p><\/div>\n","protected":false},"excerpt":{"rendered":"<p>Jabra Engage 55, Auricular stereo versi\u00f3n MS con aislamiento de ruido activa, adaptador DECT USB-A (9559-450-125)<\/p>\n","protected":false},"featured_media":90680,"comment_status":"open","ping_status":"closed","template":"","meta":[],"product_brand":[],"product_cat":[2050],"product_tag":[2051,2052,2004],"class_list":{"0":"post-90681","1":"product","2":"type-product","3":"status-publish","4":"has-post-thumbnail","6":"product_cat-auriculares","7":"product_tag-auriculares","8":"product_tag-jabra","9":"product_tag-voip-telefonia-ip-videoconferencia","11":"first","12":"instock","13":"sale","14":"shipping-taxable","15":"purchasable","16":"product-type-simple"},"_links":{"self":[{"href":"https:\/\/soydeaqui.ddns.net\/pachuca\/index.php\/wp-json\/wp\/v2\/product\/90681","targetHints":{"allow":["GET"]}}],"collection":[{"href":"https:\/\/soydeaqui.ddns.net\/pachuca\/index.php\/wp-json\/wp\/v2\/product"}],"about":[{"href":"https:\/\/soydeaqui.ddns.net\/pachuca\/index.php\/wp-json\/wp\/v2\/types\/product"}],"replies":[{"embeddable":true,"href":"https:\/\/soydeaqui.ddns.net\/pachuca\/index.php\/wp-json\/wp\/v2\/comments?post=90681"}],"wp:featuredmedia":[{"embeddable":true,"href":"https:\/\/soydeaqui.ddns.net\/pachuca\/index.php\/wp-json\/wp\/v2\/media\/90680"}],"wp:attachment":[{"href":"https:\/\/soydeaqui.ddns.net\/pachuca\/index.php\/wp-json\/wp\/v2\/media?parent=90681"}],"wp:term":[{"taxonomy":"product_brand","embeddable":true,"href":"https:\/\/soydeaqui.ddns.net\/pachuca\/index.php\/wp-json\/wp\/v2\/product_brand?post=90681"},{"taxonomy":"product_cat","embeddable":true,"href":"https:\/\/soydeaqui.ddns.net\/pachuca\/index.php\/wp-json\/wp\/v2\/product_cat?post=90681"},{"taxonomy":"product_tag","embeddable":true,"href":"https:\/\/soydeaqui.ddns.net\/pachuca\/index.php\/wp-json\/wp\/v2\/product_tag?post=90681"}],"curies":[{"name":"wp","href":"https:\/\/api.w.org\/{rel}","templated":true}]}}