{"id":90679,"date":"2026-03-20T03:53:57","date_gmt":"2026-03-20T03:53:57","guid":{"rendered":"https:\/\/soydeaqui.ddns.net\/pachuca\/index.php\/producto\/mastil-de-2-metros-de-2-de-diametro-con-opresor-base-soldada-galvanizado-por-inmersion-en-caliente\/"},"modified":"2026-03-20T03:53:59","modified_gmt":"2026-03-20T03:53:59","slug":"mastil-de-2-metros-de-2-de-diametro-con-opresor-base-soldada-galvanizado-por-inmersion-en-caliente","status":"publish","type":"product","link":"https:\/\/soydeaqui.ddns.net\/pachuca\/index.php\/producto\/mastil-de-2-metros-de-2-de-diametro-con-opresor-base-soldada-galvanizado-por-inmersion-en-caliente\/","title":{"rendered":"M\u00e1stil de 2 metros, de 2&#8243; de Di\u00e1metro, con Opresor, Base Soldada . Galvanizado por Inmersi\u00f3n en Caliente."},"content":{"rendered":"<div style='width: 100%; max-width: 1200px; margin: 0 auto; font-family: sans-serif; line-height: 1.6; color: inherit; background-color: transparent;'> <!-- Imagen principal --> <\/p>\n<div style='margin-bottom: 30px;'> <img style='width: 100%; height: auto; border: 1px solid rgba(150&comma;150&comma;150&comma;0.3); border-radius: 8px;' src='https:\/\/ftp3.syscom.mx\/usuarios\/fotos\/SMBPR1M\/213357-syscom_towers.png' alt=''> <\/div>\n<p> <!-- Secci\u00f3n de caracter\u00edsticas --> <\/p>\n<div style='display: flex; flex-wrap: wrap; gap: 30px; margin-bottom: 30px;'>\n<div style='flex: 1 1 300px; min-width: 280px;'>\n<h3 style='font-size: 22px; border-bottom: 2px solid currentColor; padding-bottom: 5px; margin-top: 0; color: inherit; opacity: 0.8;'>M\u00e1stil de 2 metro con opresor<\/h3>\n<ul style='padding-left: 20px; font-size: 15px; color: inherit;'>\n<li style='margin-bottom: 5px;'><strong>Material de fabricaci\u00f3n:<\/strong> Acero A36<\/li>\n<li style='margin-bottom: 5px;'><strong>Recubrimiento:<\/strong> Galvanizado por Inmersi\u00f3n en caliente<\/li>\n<li style='margin-bottom: 5px;'><strong>Di\u00e1metro de Tubo:<\/strong> 2&#8242; c\u00e9dula 30<\/li>\n<li style='margin-bottom: 5px;'><strong>Largo total del tubo:<\/strong> 2m<\/li>\n<li style='margin-bottom: 5px;'><strong>Placa base:<\/strong> Placa de \u00bc&#8217; de 30 x 30 cm<\/li>\n<\/ul><\/div>\n<\/p><\/div>\n<p> <!-- Nota importante --> <\/p>\n<div style='margin-bottom: 30px;'>\n<div style='padding: 15px; border-left: 4px solid #e74c3c; background-color: rgba(231&comma; 76&comma; 60&comma; 0.1); color: inherit;'>\n<p style='margin: 0; font-size: 15px; color: inherit;'> <strong>Nota:<\/strong> Cuenta con opresor para instalaci\u00f3n directa de pararrayos <\/p>\n<\/p><\/div>\n<\/p><\/div>\n<\/p><\/div>\n","protected":false},"excerpt":{"rendered":"<p>M\u00e1stil de 2 metros, de 2&#8243; de Di\u00e1metro, con Opresor, Base Soldada . Galvanizado por Inmersi\u00f3n en Caliente.<\/p>\n","protected":false},"featured_media":90678,"comment_status":"open","ping_status":"closed","template":"","meta":[],"product_brand":[],"product_cat":[1654],"product_tag":[1328,733,246],"class_list":{"0":"post-90679","1":"product","2":"type-product","3":"status-publish","4":"has-post-thumbnail","6":"product_cat-mastiles-y-accesorios-torres-y-mastiles-redes-e-it","7":"product_tag-mastiles-y-accesorios","8":"product_tag-syscom-towers","9":"product_tag-torres-y-mastiles","11":"first","12":"outofstock","13":"sale","14":"shipping-taxable","15":"purchasable","16":"product-type-simple"},"_links":{"self":[{"href":"https:\/\/soydeaqui.ddns.net\/pachuca\/index.php\/wp-json\/wp\/v2\/product\/90679","targetHints":{"allow":["GET"]}}],"collection":[{"href":"https:\/\/soydeaqui.ddns.net\/pachuca\/index.php\/wp-json\/wp\/v2\/product"}],"about":[{"href":"https:\/\/soydeaqui.ddns.net\/pachuca\/index.php\/wp-json\/wp\/v2\/types\/product"}],"replies":[{"embeddable":true,"href":"https:\/\/soydeaqui.ddns.net\/pachuca\/index.php\/wp-json\/wp\/v2\/comments?post=90679"}],"wp:featuredmedia":[{"embeddable":true,"href":"https:\/\/soydeaqui.ddns.net\/pachuca\/index.php\/wp-json\/wp\/v2\/media\/90678"}],"wp:attachment":[{"href":"https:\/\/soydeaqui.ddns.net\/pachuca\/index.php\/wp-json\/wp\/v2\/media?parent=90679"}],"wp:term":[{"taxonomy":"product_brand","embeddable":true,"href":"https:\/\/soydeaqui.ddns.net\/pachuca\/index.php\/wp-json\/wp\/v2\/product_brand?post=90679"},{"taxonomy":"product_cat","embeddable":true,"href":"https:\/\/soydeaqui.ddns.net\/pachuca\/index.php\/wp-json\/wp\/v2\/product_cat?post=90679"},{"taxonomy":"product_tag","embeddable":true,"href":"https:\/\/soydeaqui.ddns.net\/pachuca\/index.php\/wp-json\/wp\/v2\/product_tag?post=90679"}],"curies":[{"name":"wp","href":"https:\/\/api.w.org\/{rel}","templated":true}]}}