{"id":90669,"date":"2026-03-20T03:53:29","date_gmt":"2026-03-20T03:53:29","guid":{"rendered":"https:\/\/soydeaqui.ddns.net\/pachuca\/index.php\/producto\/kit-de-730-creditos-para-altaicare-cloud-suscripcion-anual-para-administracion-de-ix500-ix600-c2s-a2c-cx200-cx600-c260-s-c260-x\/"},"modified":"2026-03-20T03:53:30","modified_gmt":"2026-03-20T03:53:30","slug":"kit-de-730-creditos-para-altaicare-cloud-suscripcion-anual-para-administracion-de-ix500-ix600-c2s-a2c-cx200-cx600-c260-s-c260-x","status":"publish","type":"product","link":"https:\/\/soydeaqui.ddns.net\/pachuca\/index.php\/producto\/kit-de-730-creditos-para-altaicare-cloud-suscripcion-anual-para-administracion-de-ix500-ix600-c2s-a2c-cx200-cx600-c260-s-c260-x\/","title":{"rendered":"Kit de 730 Cr\u00e9ditos Para AltaiCare Cloud (Suscripci\u00f3n Anual para Administraci\u00f3n de IX500\/IX600\/C2s\/A2c\/CX200\/CX600\/C260-S\/C260-X)"},"content":{"rendered":"<div style='width: 100%; max-width: 1200px; margin: 0 auto; font-family: sans-serif; line-height: 1.6; color: inherit; background-color: transparent;'> <!-- Nota importante --> <\/p>\n<div style='margin-bottom: 30px; padding: 20px; border-left: 4px solid #c0392b; background-color: rgba(192&comma;57&comma;43&comma;0.05);'>\n<p style='margin: 0 0 15px 0; font-size: 16px; color: #c0392b; font-weight: bold;'> NOTA: Enviar a su ejecutivo de ventas la siguiente informaci\u00f3n para crear y\/o enviar los cr\u00e9ditos a su plataforma AltaiCare: <\/p>\n<ul style='padding-left: 20px; margin: 15px 0; font-size: 15px; color: #c0392b;'>\n<li style='margin-bottom: 8px;'>Nombre de cliente<\/li>\n<li style='margin-bottom: 8px;'>Nombre de proyecto<\/li>\n<li style='margin-bottom: 8px;'>Correo electr\u00f3nico<\/li>\n<li style='margin-bottom: 8px;'>Factura<\/li>\n<\/ul><\/div>\n<p> <!-- Logos --> <\/p>\n<div style='text-align: center; margin: 30px 0;'> <img style='width: 100%; max-width: 300px; height: auto; border: 1px solid rgba(150&comma;150&comma;150&comma;0.3); border-radius: 8px;' src='https:\/\/ftp3.syscom.mx\/usuarios\/hortega\/Altai\/Altai.png' alt='Logo Altai'> <\/div>\n<p> <!-- Descripci\u00f3n principal --> <\/p>\n<div style='margin: 30px 0; padding: 20px; border: 1px solid rgba(150&comma;150&comma;150&comma;0.2); border-radius: 8px;'>\n<h3 style='font-size: 18px; margin-top: 0; color: inherit; opacity: 0.85;'>Sistema de cr\u00e9ditos para plataforma AltaiCare Cloud<\/h3>\n<p style='margin: 15px 0; font-size: 15px; color: inherit; text-align: justify;'> La plataforma de gesti\u00f3n AltaiCare Cloud permite a los administradores de la red un completo control de toda la red de puntos de acceso de Altai&comma; para gestionar&comma; monitorear la red&comma; generar reportes y estad\u00edsticas&comma; cambios y actualizaciones masivos&comma; an\u00e1lisis&comma; gestionar servicios pre y post pago&comma; portal cautivo&comma; etc. Un sistema completo de administraci\u00f3n desde cualquier parte del mundo con solo una conexi\u00f3n a internet. <\/p>\n<\/p><\/div>\n<p> <!-- Consumo de cr\u00e9ditos --> <\/p>\n<div style='margin: 30px 0;'>\n<h3 style='font-size: 18px; margin-top: 0; margin-bottom: 20px; color: inherit; opacity: 0.85; text-align: center;'>Consumos de cr\u00e9ditos de AltaiCare Cloud por serie de puntos de acceso<\/h3>\n<div style='display: flex; flex-wrap: wrap; gap: 20px; justify-content: center;'>\n<div style='flex: 1 1 250px; min-width: 200px; border: 1px solid rgba(150&comma;150&comma;150&comma;0.3); border-radius: 8px; padding: 15px; text-align: center;'> <strong style='font-size: 20px; color: #c0392b; display: block; margin-bottom: 8px;'>25 cr\u00e9ditos por d\u00eda<\/strong> <span style='font-size: 14px; color: inherit;'>por cada equipo A8n\/A8-Ein\/A8in\/A8n-ac\/A8-Ein-ac\/A8in-ac<\/span> <\/div>\n<div style='flex: 1 1 250px; min-width: 200px; border: 1px solid rgba(150&comma;150&comma;150&comma;0.3); border-radius: 8px; padding: 15px; text-align: center;'> <strong style='font-size: 20px; color: #c0392b; display: block; margin-bottom: 8px;'>8 cr\u00e9ditos por d\u00eda<\/strong> <span style='font-size: 14px; color: inherit;'>por cada equipo A2-Ei\/A3-Ei\/AX500-S\/AX500-T\/AX500-X<\/span> <\/div>\n<div style='flex: 1 1 250px; min-width: 200px; border: 1px solid rgba(150&comma;150&comma;150&comma;0.3); border-radius: 8px; padding: 15px; text-align: center;'> <strong style='font-size: 20px; color: #c0392b; display: block; margin-bottom: 8px;'>6 cr\u00e9ditos por d\u00eda<\/strong> <span style='font-size: 14px; color: inherit;'>por cada equipo A2\/A2e\/A3c\/A3w<\/span> <\/div>\n<div style='flex: 1 1 250px; min-width: 200px; border: 1px solid rgba(150&comma;150&comma;150&comma;0.3); border-radius: 8px; padding: 15px; text-align: center;'> <strong style='font-size: 20px; color: #c0392b; display: block; margin-bottom: 8px;'>2 cr\u00e9ditos por d\u00eda<\/strong> <span style='font-size: 14px; color: inherit;'>por cada equipo IX600\/IX500\/C2s\/A2c\/CX200\/CX600\/C260-S\/C260-X<\/span> <\/div>\n<div style='flex: 1 1 250px; min-width: 200px; border: 1px solid rgba(150&comma;150&comma;150&comma;0.3); border-radius: 8px; padding: 15px; text-align: center;'> <strong style='font-size: 20px; color: #c0392b; display: block; margin-bottom: 8px;'>1 cr\u00e9dito por d\u00eda<\/strong> <span style='font-size: 14px; color: inherit;'>por cada equipo C1n\/C1an\/C1xn\/C1xan<\/span> <\/div>\n<\/p><\/div>\n<\/p><\/div>\n<p> <!-- Imagen AltaiCare --> <\/p>\n<div style='text-align: center; margin: 30px 0;'> <img style='width: 100%; max-width: 800px; height: auto; border: 1px solid rgba(150&comma;150&comma;150&comma;0.3); border-radius: 8px;' src='https:\/\/ftp3.syscom.mx\/usuarios\/fotos\/SDAN5S1600\/76925-altaicare.jpg' alt='Plataforma AltaiCare'> <\/div>\n<p> <!-- Videos de YouTube --> <\/p>\n<div style='display: flex; flex-wrap: wrap; gap: 30px; justify-content: center; margin: 40px 0;'>\n<div style='flex: 1 1 560px; min-width: 300px;'>\n<div style='position: relative; padding-bottom: 56.25%; height: 0; overflow: hidden;'>   <\/div>\n<\/p><\/div>\n<div style='flex: 1 1 560px; min-width: 300px;'>\n<div style='position: relative; padding-bottom: 56.25%; height: 0; overflow: hidden;'>   <\/div>\n<\/p><\/div>\n<\/p><\/div>\n<\/p><\/div>\n","protected":false},"excerpt":{"rendered":"<p>Kit de 730 Cr\u00e9ditos Para AltaiCare Cloud (Suscripci\u00f3n Anual para Administraci\u00f3n de IX500\/IX600\/C2s\/A2c\/CX200\/CX600\/C260-S\/C260-X)<\/p>\n","protected":false},"featured_media":90668,"comment_status":"open","ping_status":"closed","template":"","meta":[],"product_brand":[],"product_cat":[1996],"product_tag":[1950,1997,664],"class_list":{"0":"post-90669","1":"product","2":"type-product","3":"status-publish","4":"has-post-thumbnail","6":"product_cat-licencias-suscripciones","7":"product_tag-altai-technologies","8":"product_tag-licencias-suscripciones","9":"product_tag-networking","11":"first","12":"instock","13":"sale","14":"shipping-taxable","15":"purchasable","16":"product-type-simple"},"_links":{"self":[{"href":"https:\/\/soydeaqui.ddns.net\/pachuca\/index.php\/wp-json\/wp\/v2\/product\/90669","targetHints":{"allow":["GET"]}}],"collection":[{"href":"https:\/\/soydeaqui.ddns.net\/pachuca\/index.php\/wp-json\/wp\/v2\/product"}],"about":[{"href":"https:\/\/soydeaqui.ddns.net\/pachuca\/index.php\/wp-json\/wp\/v2\/types\/product"}],"replies":[{"embeddable":true,"href":"https:\/\/soydeaqui.ddns.net\/pachuca\/index.php\/wp-json\/wp\/v2\/comments?post=90669"}],"wp:featuredmedia":[{"embeddable":true,"href":"https:\/\/soydeaqui.ddns.net\/pachuca\/index.php\/wp-json\/wp\/v2\/media\/90668"}],"wp:attachment":[{"href":"https:\/\/soydeaqui.ddns.net\/pachuca\/index.php\/wp-json\/wp\/v2\/media?parent=90669"}],"wp:term":[{"taxonomy":"product_brand","embeddable":true,"href":"https:\/\/soydeaqui.ddns.net\/pachuca\/index.php\/wp-json\/wp\/v2\/product_brand?post=90669"},{"taxonomy":"product_cat","embeddable":true,"href":"https:\/\/soydeaqui.ddns.net\/pachuca\/index.php\/wp-json\/wp\/v2\/product_cat?post=90669"},{"taxonomy":"product_tag","embeddable":true,"href":"https:\/\/soydeaqui.ddns.net\/pachuca\/index.php\/wp-json\/wp\/v2\/product_tag?post=90669"}],"curies":[{"name":"wp","href":"https:\/\/api.w.org\/{rel}","templated":true}]}}