{"id":90665,"date":"2026-03-20T03:53:21","date_gmt":"2026-03-20T03:53:21","guid":{"rendered":"https:\/\/soydeaqui.ddns.net\/pachuca\/index.php\/producto\/kit-con-2190-creditos-para-altaicare-cloud-suscripcion-anual-para-gestionar-un-a2-a2e-a3c-a3w\/"},"modified":"2026-03-20T03:53:22","modified_gmt":"2026-03-20T03:53:22","slug":"kit-con-2190-creditos-para-altaicare-cloud-suscripcion-anual-para-gestionar-un-a2-a2e-a3c-a3w","status":"publish","type":"product","link":"https:\/\/soydeaqui.ddns.net\/pachuca\/index.php\/producto\/kit-con-2190-creditos-para-altaicare-cloud-suscripcion-anual-para-gestionar-un-a2-a2e-a3c-a3w\/","title":{"rendered":"Kit con 2,190 Cr\u00e9ditos Para AltaiCare Cloud (Suscripci\u00f3n Anual Para Gestionar un A2\/A2e\/A3c\/A3w)"},"content":{"rendered":"<div style='width: 100%; max-width: 1200px; margin: 0 auto; font-family: sans-serif; line-height: 1.6; color: inherit; background-color: transparent;'>\n<div style='margin-bottom: 30px;'>\n<div style='padding: 15px; border: 1px solid rgba(150&comma; 150&comma; 150&comma; 0.3); border-radius: 8px; background-color: rgba(255&comma; 255&comma; 255&comma; 0.05);'>\n<p style='margin: 0; font-weight: bold; color: inherit;'><span style='color: #c0392b;'>NOTA:<\/span> Enviar a su ejecutivo de ventas la siguiente informaci\u00f3n para crear y\/o enviar los cr\u00e9ditos a su plataforma AltaiCare:<\/p>\n<ul style='padding-left: 20px; margin-top: 15px; color: inherit;'>\n<li style='margin-bottom: 5px; color: #c0392b;'><span style='color: #c0392b;'>Nombre de cliente<\/span><\/li>\n<li style='margin-bottom: 5px; color: #c0392b;'><span style='color: #c0392b;'>Nombre de proyecto<\/span><\/li>\n<li style='margin-bottom: 5px; color: #c0392b;'><span style='color: #c0392b;'>Correo electr\u00f3nico<\/span><\/li>\n<li style='margin-bottom: 5px; color: #c0392b;'><span style='color: #c0392b;'>Factura<\/span><\/li>\n<\/ul><\/div>\n<\/p><\/div>\n<div style='margin-bottom: 30px; text-align: center;'> <img style='width: 100%; height: auto; border: 1px solid rgba(150&comma;150&comma;150&comma;0.3); border-radius: 8px;' src='https:\/\/ftp3.syscom.mx\/usuarios\/hortega\/Altai\/Altai.png' alt='Logo Altai'> <\/div>\n<div style='margin-bottom: 30px;'>\n<p style='text-align: center; margin: 0; font-size: 18px; font-weight: bold; color: inherit;'>Sistema de cr\u00e9ditos para plataforma AltaiCare Cloud<\/p>\n<p style='text-align: center; margin: 15px 0; color: inherit;'>La plataforma de gesti\u00f3n AltaiCare Cloud permite a los administradores de la red un completo control de toda la red de puntos de acceso de Altai&comma; para gestionar&comma; monitorear la red&comma; generar reportes y estad\u00edsticas&comma; cambios y actualizaciones masivos&comma; an\u00e1lisis&comma; gestionar servicios pre y post pago&comma; portal cautivo&comma; etc. Un sistema completo de administraci\u00f3n desde cualquier parte del mundo con solo una conexi\u00f3n a internet.<\/p>\n<\/p><\/div>\n<div style='margin-bottom: 30px;'>\n<div style='padding: 15px; border: 1px solid rgba(150&comma; 150&comma; 150&comma; 0.3); border-radius: 8px;'>\n<p style='text-align: center; margin: 0 0 15px 0; font-size: 16px; font-weight: bold; color: inherit;'>Consumos de cr\u00e9ditos de AltaiCare Cloud por serie de puntos de acceso:<\/p>\n<ul style='padding-left: 20px; margin: 0; color: inherit;'>\n<li style='margin-bottom: 8px;'><strong>25 cr\u00e9ditos por d\u00eda<\/strong> por cada equipo A8n\/A8-Ein\/A8in\/A8n-ac\/A8-Ein-ac\/A8in-ac<\/li>\n<li style='margin-bottom: 8px;'><strong>8 cr\u00e9ditos por d\u00eda<\/strong> por cada equipo A2-Ei\/A3-Ei\/AX500-S\/AX500-T\/AX500-X<\/li>\n<li style='margin-bottom: 8px;'><strong>6 cr\u00e9ditos por d\u00eda<\/strong> por cada equipo A2\/A2e\/A3c\/A3w<\/li>\n<li style='margin-bottom: 8px;'><strong>2 cr\u00e9ditos por d\u00eda<\/strong> por cada equipo IX500-S\/IX500-T\/IX500-X\/C2s\/A2c\/CX200<\/li>\n<li><strong>1 cr\u00e9dito por d\u00eda<\/strong> por cada equipo C1n\/C1an\/C1xn\/C1xan<\/li>\n<\/ul><\/div>\n<\/p><\/div>\n<div style='margin-bottom: 30px; text-align: center;'> <img style='width: 100%; height: auto; border: 1px solid rgba(150&comma;150&comma;150&comma;0.3); border-radius: 8px;' src='https:\/\/ftp3.syscom.mx\/usuarios\/fotos\/SDAN5S1600\/76925-altaicare.jpg' alt='AltaiCare Cloud'> <\/div>\n<div style='margin-bottom: 30px;'>\n<div style='display: flex; flex-wrap: wrap; gap: 20px; justify-content: center;'>\n<div style='position: relative; padding-bottom: 56.25%; height: 0; overflow: hidden; flex: 1 1 300px; max-width: 560px;'>   <\/div>\n<div style='position: relative; padding-bottom: 56.25%; height: 0; overflow: hidden; flex: 1 1 300px; max-width: 560px;'>   <\/div>\n<\/p><\/div>\n<\/p><\/div>\n<\/p><\/div>\n","protected":false},"excerpt":{"rendered":"<p>Kit con 2,190 Cr\u00e9ditos Para AltaiCare Cloud (Suscripci\u00f3n Anual Para Gestionar un A2\/A2e\/A3c\/A3w)<\/p>\n","protected":false},"featured_media":90664,"comment_status":"open","ping_status":"closed","template":"","meta":[],"product_brand":[],"product_cat":[1996],"product_tag":[1950,1997,664],"class_list":{"0":"post-90665","1":"product","2":"type-product","3":"status-publish","4":"has-post-thumbnail","6":"product_cat-licencias-suscripciones","7":"product_tag-altai-technologies","8":"product_tag-licencias-suscripciones","9":"product_tag-networking","11":"first","12":"instock","13":"sale","14":"shipping-taxable","15":"purchasable","16":"product-type-simple"},"_links":{"self":[{"href":"https:\/\/soydeaqui.ddns.net\/pachuca\/index.php\/wp-json\/wp\/v2\/product\/90665","targetHints":{"allow":["GET"]}}],"collection":[{"href":"https:\/\/soydeaqui.ddns.net\/pachuca\/index.php\/wp-json\/wp\/v2\/product"}],"about":[{"href":"https:\/\/soydeaqui.ddns.net\/pachuca\/index.php\/wp-json\/wp\/v2\/types\/product"}],"replies":[{"embeddable":true,"href":"https:\/\/soydeaqui.ddns.net\/pachuca\/index.php\/wp-json\/wp\/v2\/comments?post=90665"}],"wp:featuredmedia":[{"embeddable":true,"href":"https:\/\/soydeaqui.ddns.net\/pachuca\/index.php\/wp-json\/wp\/v2\/media\/90664"}],"wp:attachment":[{"href":"https:\/\/soydeaqui.ddns.net\/pachuca\/index.php\/wp-json\/wp\/v2\/media?parent=90665"}],"wp:term":[{"taxonomy":"product_brand","embeddable":true,"href":"https:\/\/soydeaqui.ddns.net\/pachuca\/index.php\/wp-json\/wp\/v2\/product_brand?post=90665"},{"taxonomy":"product_cat","embeddable":true,"href":"https:\/\/soydeaqui.ddns.net\/pachuca\/index.php\/wp-json\/wp\/v2\/product_cat?post=90665"},{"taxonomy":"product_tag","embeddable":true,"href":"https:\/\/soydeaqui.ddns.net\/pachuca\/index.php\/wp-json\/wp\/v2\/product_tag?post=90665"}],"curies":[{"name":"wp","href":"https:\/\/api.w.org\/{rel}","templated":true}]}}