{"id":90659,"date":"2026-03-20T03:53:06","date_gmt":"2026-03-20T03:53:06","guid":{"rendered":"https:\/\/soydeaqui.ddns.net\/pachuca\/index.php\/producto\/css610-8g-2sin-switch-smart-con-switchos-8-puertos-gigabit-2-puertos-sfp-10g-desktop-rack\/"},"modified":"2026-03-20T03:53:09","modified_gmt":"2026-03-20T03:53:09","slug":"css610-8g-2sin-switch-smart-con-switchos-8-puertos-gigabit-2-puertos-sfp-10g-desktop-rack","status":"publish","type":"product","link":"https:\/\/soydeaqui.ddns.net\/pachuca\/index.php\/producto\/css610-8g-2sin-switch-smart-con-switchos-8-puertos-gigabit-2-puertos-sfp-10g-desktop-rack\/","title":{"rendered":"(CSS610-8G-2S+IN) Switch Smart con SwitchOS, 8 puertos Gigabit, 2 puertos SFP+ 10G, Desktop\/Rack"},"content":{"rendered":"<div style='width: 100%; max-width: 1200px; margin: 0 auto; font-family: sans-serif; line-height: 1.6; color: inherit; background-color: transparent;'> <!-- Descripci\u00f3n general --> <\/p>\n<div style='margin-bottom: 30px;'>\n<p style='font-size: 15px; margin-bottom: 15px;'> Cloud Smart Switch 610-8G-2S+IN es nuestra respuesta a la eterna demanda de m\u00e1s potencia en un paquete peque\u00f1o y simple. Viene con el SwOS ligero que es f\u00e1cil de configurar desde su navegador web. Le brinda toda la funcionalidad b\u00e1sica para un conmutador administrado y m\u00e1s: puede administrar el reenv\u00edo de puerto a puerto&comma; transmitir control de tormentas&comma; aplicar filtros MAC&comma; configurar VLAN&comma; duplicar el tr\u00e1fico&comma; aplicar limitaci\u00f3n de ancho de banda e incluso ajustar algunos encabezados MAC e IP campos. <\/p>\n<\/p><\/div>\n<p> <!-- Secci\u00f3n de especificaciones --> <\/p>\n<div style='display: flex; flex-wrap: wrap; gap: 20px; margin-bottom: 30px;'>\n<div style='flex: 1 1 250px; border: 1px solid rgba(150&comma;150&comma;150&comma;0.4); border-radius: 8px; overflow: hidden; display: flex; flex-direction: column;'>\n<div style='padding: 15px; border-bottom: 1px solid rgba(150&comma;150&comma;150&comma;0.2); font-weight: bold; font-size: 18px; color: inherit;'>Especificaciones<\/div>\n<div style='padding: 15px; color: inherit;'>\n<ul style='padding-left: 20px; margin: 0; font-size: 14px; list-style-type: disc;'>\n<li style='margin-bottom: 5px;'><strong>C\u00f3digo de producto:<\/strong> CSS610-8G-2S+IN<\/li>\n<li style='margin-bottom: 5px;'><strong>Dimensiones:<\/strong> 200 x 167 x 46 mm<\/li>\n<li style='margin-bottom: 5px;'><strong>Sistema operativo:<\/strong> <a style='color: inherit; text-decoration: underline;' href='https:\/\/wiki.mikrotik.com\/wiki\/SwOS' target='_blank' rel='noopener'>SwitchOS<\/a><\/li>\n<li style='margin-bottom: 5px;'><strong>Tama\u00f1o de almacenamiento:<\/strong> 64 KB<\/li>\n<li style='margin-bottom: 5px;'><strong>Tipo de almacenamiento:<\/strong> FLASH<\/li>\n<li style='margin-bottom: 10px;'><strong>Temperatura ambiente probada:<\/strong> -20\u00b0 C hasta 60\u00b0 C<\/li>\n<li style='margin-bottom: 10px;'><strong>MTBF:<\/strong> Aproximadamente 100.000 horas a 25 \u00b0 C<\/li>\n<\/ul><\/div>\n<\/p><\/div>\n<div style='flex: 1 1 250px; border: 1px solid rgba(150&comma;150&comma;150&comma;0.4); border-radius: 8px; overflow: hidden; display: flex; flex-direction: column;'>\n<div style='padding: 15px; border-bottom: 1px solid rgba(150&comma;150&comma;150&comma;0.2); font-weight: bold; font-size: 18px; color: inherit;'>Alimentaci\u00f3n<\/div>\n<div style='padding: 15px; color: inherit;'>\n<ul style='padding-left: 20px; margin: 0; font-size: 14px; list-style-type: disc;'>\n<li style='margin-bottom: 5px;'><strong>PoE en:<\/strong> PoE pasivo<\/li>\n<li style='margin-bottom: 5px;'><strong>PoE en voltaje de entrada:<\/strong> 12-57 V<\/li>\n<li style='margin-bottom: 5px;'><strong>N\u00famero de entradas DC:<\/strong> 2 (toma de CC&comma; PoE-IN)<\/li>\n<li style='margin-bottom: 5px;'><strong>Voltaje de entrada DC jack:<\/strong> 12-57 V<\/li>\n<li style='margin-bottom: 5px;'><strong>Consumo m\u00e1ximo de energ\u00eda:<\/strong> 11 W<\/li>\n<li style='margin-bottom: 5px;'><strong>Consumo m\u00e1ximo de energ\u00eda sin accesorios:<\/strong> 5 W<\/li>\n<li style='margin-bottom: 10px;'><strong>Recuento de ventiladores:<\/strong> Pasivo<\/li>\n<\/ul><\/div>\n<\/p><\/div>\n<div style='flex: 1 1 250px; border: 1px solid rgba(150&comma;150&comma;150&comma;0.4); border-radius: 8px; overflow: hidden; display: flex; flex-direction: column;'>\n<div style='padding: 15px; border-bottom: 1px solid rgba(150&comma;150&comma;150&comma;0.2); font-weight: bold; font-size: 18px; color: inherit;'>Ethernet<\/div>\n<div style='padding: 15px; color: inherit;'>\n<ul style='padding-left: 20px; margin: 0; font-size: 14px; list-style-type: disc;'>\n<li style='margin-bottom: 10px;'><strong>Puertos Ethernet 10\/100\/1000:<\/strong> 8<\/li>\n<\/ul><\/div>\n<\/p><\/div>\n<div style='flex: 1 1 250px; border: 1px solid rgba(150&comma;150&comma;150&comma;0.4); border-radius: 8px; overflow: hidden; display: flex; flex-direction: column;'>\n<div style='padding: 15px; border-bottom: 1px solid rgba(150&comma;150&comma;150&comma;0.2); font-weight: bold; font-size: 18px; color: inherit;'>Fibra<\/div>\n<div style='padding: 15px; color: inherit;'>\n<ul style='padding-left: 20px; margin: 0; font-size: 14px; list-style-type: disc;'>\n<li style='margin-bottom: 10px;'><strong>Puertos SFP +:<\/strong> 2<\/li>\n<\/ul><\/div>\n<\/p><\/div>\n<div style='flex: 1 1 250px; border: 1px solid rgba(150&comma;150&comma;150&comma;0.4); border-radius: 8px; overflow: hidden; display: flex; flex-direction: column;'>\n<div style='padding: 15px; border-bottom: 1px solid rgba(150&comma;150&comma;150&comma;0.2); font-weight: bold; font-size: 18px; color: inherit;'>Certificaciones<\/div>\n<div style='padding: 15px; color: inherit;'>\n<ul style='padding-left: 20px; margin: 0; font-size: 14px; list-style-type: disc;'>\n<li style='margin-bottom: 10px;'><strong>Certificaci\u00f3n:<\/strong> CE&comma; EAC&comma; ROHS<\/li>\n<\/ul><\/div>\n<\/p><\/div>\n<\/p><\/div>\n<p> <!-- Tabla de rendimiento --> <\/p>\n<div style='margin-bottom: 30px;'>\n<h3 style='font-size: 22px; border-bottom: 2px solid currentColor; padding-bottom: 5px; margin-top: 0; color: inherit; opacity: 0.8;'>Rendimiento de conmutaci\u00f3n<\/h3>\n<div style='overflow-x: auto;'>\n<table style='width: 100%; border-collapse: collapse; margin-top: 15px; color: inherit;'>\n<thead>\n<tr style='background-color: rgba(150&comma;150&comma;150&comma;0.1);'>\n<th style='padding: 10px; border: 1px solid rgba(150&comma;150&comma;150&comma;0.3); text-align: left;'>Modo<\/th>\n<th style='padding: 10px; border: 1px solid rgba(150&comma;150&comma;150&comma;0.3); text-align: left;'>Configuraci\u00f3n<\/th>\n<th style='padding: 10px; border: 1px solid rgba(150&comma;150&comma;150&comma;0.3); text-align: left;' colspan='2'>1518 bytes<\/th>\n<th style='padding: 10px; border: 1px solid rgba(150&comma;150&comma;150&comma;0.3); text-align: left;' colspan='2'>512 bytes<\/th>\n<th style='padding: 10px; border: 1px solid rgba(150&comma;150&comma;150&comma;0.3); text-align: left;' colspan='2'>64 bytes<\/th>\n<\/tr>\n<tr style='background-color: rgba(150&comma;150&comma;150&comma;0.1);'>\n<th style='padding: 10px; border: 1px solid rgba(150&comma;150&comma;150&comma;0.3); text-align: left;'> <\/th>\n<th style='padding: 10px; border: 1px solid rgba(150&comma;150&comma;150&comma;0.3); text-align: left;'> <\/th>\n<th style='padding: 10px; border: 1px solid rgba(150&comma;150&comma;150&comma;0.3); text-align: left;'>kpps<\/th>\n<th style='padding: 10px; border: 1px solid rgba(150&comma;150&comma;150&comma;0.3); text-align: left;'>Mbps<\/th>\n<th style='padding: 10px; border: 1px solid rgba(150&comma;150&comma;150&comma;0.3); text-align: left;'>kpps<\/th>\n<th style='padding: 10px; border: 1px solid rgba(150&comma;150&comma;150&comma;0.3); text-align: left;'>Mbps<\/th>\n<th style='padding: 10px; border: 1px solid rgba(150&comma;150&comma;150&comma;0.3); text-align: left;'>kpps<\/th>\n<th style='padding: 10px; border: 1px solid rgba(150&comma;150&comma;150&comma;0.3); text-align: left;'>Mbps<\/th>\n<\/tr>\n<\/thead>\n<tbody>\n<tr style='background-color: rgba(150&comma;150&comma;150&comma;0.05);'>\n<td style='padding: 10px; border: 1px solid rgba(150&comma;150&comma;150&comma;0.3);'>Traspuesta<\/td>\n<td style='padding: 10px; border: 1px solid rgba(150&comma;150&comma;150&comma;0.3);'>Rendimiento de la capa 2 sin bloqueo<\/td>\n<td style='padding: 10px; border: 1px solid rgba(150&comma;150&comma;150&comma;0.3);'>2.275&comma;7<\/td>\n<td style='padding: 10px; border: 1px solid rgba(150&comma;150&comma;150&comma;0.3);'>27.635&comma;9<\/td>\n<td style='padding: 10px; border: 1px solid rgba(150&comma;150&comma;150&comma;0.3);'>6.578&comma;9<\/td>\n<td style='padding: 10px; border: 1px solid rgba(150&comma;150&comma;150&comma;0.3);'>26.947&comma;4<\/td>\n<td style='padding: 10px; border: 1px solid rgba(150&comma;150&comma;150&comma;0.3);'>41.666&comma;7<\/td>\n<td style='padding: 10px; border: 1px solid rgba(150&comma;150&comma;150&comma;0.3);'>21.333&comma;3<\/td>\n<\/tr>\n<tr style='background-color: rgba(150&comma;150&comma;150&comma;0.05);'>\n<td style='padding: 10px; border: 1px solid rgba(150&comma;150&comma;150&comma;0.3);'>Traspuesta<\/td>\n<td style='padding: 10px; border: 1px solid rgba(150&comma;150&comma;150&comma;0.3);'>Capacidad de capa 2 sin bloqueo<\/td>\n<td style='padding: 10px; border: 1px solid rgba(150&comma;150&comma;150&comma;0.3);'>2.275&comma;7<\/td>\n<td style='padding: 10px; border: 1px solid rgba(150&comma;150&comma;150&comma;0.3);'>55.271&comma;8<\/td>\n<td style='padding: 10px; border: 1px solid rgba(150&comma;150&comma;150&comma;0.3);'>6.578&comma;9<\/td>\n<td style='padding: 10px; border: 1px solid rgba(150&comma;150&comma;150&comma;0.3);'>53.894&comma;7<\/td>\n<td style='padding: 10px; border: 1px solid rgba(150&comma;150&comma;150&comma;0.3);'>41.666&comma;7<\/td>\n<td style='padding: 10px; border: 1px solid rgba(150&comma;150&comma;150&comma;0.3);'>42.666&comma;7<\/td>\n<\/tr>\n<tr style='background-color: rgba(150&comma;150&comma;150&comma;0.05);'>\n<td style='padding: 10px; border: 1px solid rgba(150&comma;150&comma;150&comma;0.3);'>Traspuesta<\/td>\n<td style='padding: 10px; border: 1px solid rgba(150&comma;150&comma;150&comma;0.3);'>Rendimiento de la capa 1 sin bloqueo<\/td>\n<td style='padding: 10px; border: 1px solid rgba(150&comma;150&comma;150&comma;0.3);'>2.275&comma;7<\/td>\n<td style='padding: 10px; border: 1px solid rgba(150&comma;150&comma;150&comma;0.3);'>28.000&comma;0<\/td>\n<td style='padding: 10px; border: 1px solid rgba(150&comma;150&comma;150&comma;0.3);'>6.578&comma;9<\/td>\n<td style='padding: 10px; border: 1px solid rgba(150&comma;150&comma;150&comma;0.3);'>28.000&comma;0<\/td>\n<td style='padding: 10px; border: 1px solid rgba(150&comma;150&comma;150&comma;0.3);'>41.666&comma;7<\/td>\n<td style='padding: 10px; border: 1px solid rgba(150&comma;150&comma;150&comma;0.3);'>28.000&comma;0<\/td>\n<\/tr>\n<tr style='background-color: rgba(150&comma;150&comma;150&comma;0.05);'>\n<td style='padding: 10px; border: 1px solid rgba(150&comma;150&comma;150&comma;0.3);'>Traspuesta<\/td>\n<td style='padding: 10px; border: 1px solid rgba(150&comma;150&comma;150&comma;0.3);'>Capacidad de capa 1 sin bloqueo<\/td>\n<td style='padding: 10px; border: 1px solid rgba(150&comma;150&comma;150&comma;0.3);'>2.275&comma;7<\/td>\n<td style='padding: 10px; border: 1px solid rgba(150&comma;150&comma;150&comma;0.3);'>56.000&comma;0<\/td>\n<td style='padding: 10px; border: 1px solid rgba(150&comma;150&comma;150&comma;0.3);'>6.578&comma;9<\/td>\n<td style='padding: 10px; border: 1px solid rgba(150&comma;150&comma;150&comma;0.3);'>56.000&comma;0<\/td>\n<td style='padding: 10px; border: 1px solid rgba(150&comma;150&comma;150&comma;0.3);'>41.666&comma;7<\/td>\n<td style='padding: 10px; border: 1px solid rgba(150&comma;150&comma;150&comma;0.3);'>42.666&comma;7<\/td>\n<\/tr>\n<\/tbody>\n<\/table><\/div>\n<\/p><\/div>\n<p> <!-- Partes incluidas --> <\/p>\n<div style='margin-bottom: 30px;'>\n<h3 style='font-size: 22px; border-bottom: 2px solid currentColor; padding-bottom: 5px; margin-top: 0; color: inherit; opacity: 0.8;'>Partes incluidas<\/h3>\n<div style='display: grid; grid-template-columns: repeat(auto-fill&comma; minmax(140px&comma; 1fr)); gap: 20px; margin-top: 20px;'>\n<div style='text-align: center;'> <a style='text-decoration: none;' href='https:\/\/i.mt.lv\/cdn\/rb_images\/part11391161548m.jpg' target='_blank'> <img style='width: 100%; height: auto; border: 1px solid rgba(150&comma;150&comma;150&comma;0.3); border-radius: 8px;' src='https:\/\/i.mt.lv\/cdn\/rb_images\/part11391161548s.jpg' alt='Adaptador de corriente 24V 0.8A'> <\/p>\n<p style='margin-top: 10px; font-size: 14px; color: inherit;'>Adaptador de corriente 24V 0.8A<\/p>\n<p> <\/a> <\/div>\n<div style='text-align: center;'> <a style='text-decoration: none;' href='https:\/\/i.mt.lv\/cdn\/rb_images\/part1181600762677m.jpg' target='_blank'> <img style='width: 100%; height: auto; border: 1px solid rgba(150&comma;150&comma;150&comma;0.3); border-radius: 8px;' src='https:\/\/i.mt.lv\/cdn\/rb_images\/part1181600762677s.jpg' alt='Juego de fijaci\u00f3n K-48'> <\/p>\n<p style='margin-top: 10px; font-size: 14px; color: inherit;'>Juego de fijaci\u00f3n K-48<\/p>\n<p> <\/a> <\/div>\n<div style='text-align: center;'> <a style='text-decoration: none;' href='https:\/\/i.mt.lv\/cdn\/rb_images\/part1191600762800m.jpg' target='_blank'> <img style='width: 100%; height: auto; border: 1px solid rgba(150&comma;150&comma;150&comma;0.3); border-radius: 8px;' src='https:\/\/i.mt.lv\/cdn\/rb_images\/part1191600762800s.jpg' alt='Orejas de rack para CSS610-8G-2S + IN'> <\/p>\n<p style='margin-top: 10px; font-size: 14px; color: inherit;'>Orejas de rack para CSS610-8G-2S + IN<\/p>\n<p> <\/a> <\/div>\n<\/p><\/div>\n<\/p><\/div>\n<\/p><\/div>\n","protected":false},"excerpt":{"rendered":"<p>(CSS610-8G-2S+IN) Switch Smart con SwitchOS, 8 puertos Gigabit, 2 puertos SFP+ 10G, Desktop\/Rack<\/p>\n","protected":false},"featured_media":32,"comment_status":"open","ping_status":"closed","template":"","meta":[],"product_brand":[],"product_cat":[1970],"product_tag":[643,664,1971],"class_list":{"0":"post-90659","1":"product","2":"type-product","3":"status-publish","4":"has-post-thumbnail","6":"product_cat-switches","7":"product_tag-mikrotik","8":"product_tag-networking","9":"product_tag-switches","11":"first","12":"outofstock","13":"sale","14":"shipping-taxable","15":"purchasable","16":"product-type-simple"},"_links":{"self":[{"href":"https:\/\/soydeaqui.ddns.net\/pachuca\/index.php\/wp-json\/wp\/v2\/product\/90659","targetHints":{"allow":["GET"]}}],"collection":[{"href":"https:\/\/soydeaqui.ddns.net\/pachuca\/index.php\/wp-json\/wp\/v2\/product"}],"about":[{"href":"https:\/\/soydeaqui.ddns.net\/pachuca\/index.php\/wp-json\/wp\/v2\/types\/product"}],"replies":[{"embeddable":true,"href":"https:\/\/soydeaqui.ddns.net\/pachuca\/index.php\/wp-json\/wp\/v2\/comments?post=90659"}],"wp:featuredmedia":[{"embeddable":true,"href":"https:\/\/soydeaqui.ddns.net\/pachuca\/index.php\/wp-json\/wp\/v2\/media\/32"}],"wp:attachment":[{"href":"https:\/\/soydeaqui.ddns.net\/pachuca\/index.php\/wp-json\/wp\/v2\/media?parent=90659"}],"wp:term":[{"taxonomy":"product_brand","embeddable":true,"href":"https:\/\/soydeaqui.ddns.net\/pachuca\/index.php\/wp-json\/wp\/v2\/product_brand?post=90659"},{"taxonomy":"product_cat","embeddable":true,"href":"https:\/\/soydeaqui.ddns.net\/pachuca\/index.php\/wp-json\/wp\/v2\/product_cat?post=90659"},{"taxonomy":"product_tag","embeddable":true,"href":"https:\/\/soydeaqui.ddns.net\/pachuca\/index.php\/wp-json\/wp\/v2\/product_tag?post=90659"}],"curies":[{"name":"wp","href":"https:\/\/api.w.org\/{rel}","templated":true}]}}