{"id":90649,"date":"2026-03-20T03:52:37","date_gmt":"2026-03-20T03:52:37","guid":{"rendered":"https:\/\/soydeaqui.ddns.net\/pachuca\/index.php\/producto\/servidor-nas-para-rack-de-12-bahias-expandible-hasta-180-bahias-hasta-1536-tb-3\/"},"modified":"2026-03-20T03:52:44","modified_gmt":"2026-03-20T03:52:44","slug":"servidor-nas-para-rack-de-12-bahias-expandible-hasta-180-bahias-hasta-1536-tb-3","status":"publish","type":"product","link":"https:\/\/soydeaqui.ddns.net\/pachuca\/index.php\/producto\/servidor-nas-para-rack-de-12-bahias-expandible-hasta-180-bahias-hasta-1536-tb-3\/","title":{"rendered":"Servidor NAS para rack de 12 bah\u00edas \/ Expandible hasta 180 bah\u00edas \/ Hasta 1,536 TB"},"content":{"rendered":"<div style='width: 100%; max-width: 1200px; margin: 0 auto; font-family: sans-serif; line-height: 1.6; color: inherit; background-color: transparent;'>\n<div style='display: flex; flex-wrap: wrap; gap: 30px; margin-bottom: 30px;'>\n<div style='flex: 1 1 300px; min-width: 280px;'>\n<h3 style='font-size: 22px; border-bottom: 2px solid currentColor; padding-bottom: 5px; margin-top: 0; color: inherit; opacity: 0.8;'>Todo el espacio que necesitar\u00e1<\/h3>\n<ul style='padding-left: 20px; font-size: 15px; color: inherit;'>\n<li style='margin-bottom: 5px;'>Con 60 bah\u00edas en una carcasa de montaje en rack 4U y compatibilidad con hasta 300 unidades tras la expansi\u00f3n&comma; Synology HD6500 es la soluci\u00f3n de almacenamiento de alta densidad ideal para aplicaciones de almacenamiento en fr\u00edo y en caliente a gran escala&comma; como copias de seguridad completas del sistema&comma; posproducci\u00f3n de v\u00eddeo e implementaciones de vigilancia de gran tama\u00f1o.<\/li>\n<\/ul><\/div>\n<\/p><\/div>\n<hr style='border: 0; border-top: 1px solid rgba(150&comma; 150&comma; 150&comma; 0.3); margin: 30px 0;'>\n<div style='display: flex; flex-wrap: wrap; gap: 30px; margin-bottom: 30px;'>\n<div style='flex: 1 1 300px; min-width: 280px;'>\n<h3 style='font-size: 22px; border-bottom: 2px solid currentColor; padding-bottom: 5px; margin-top: 0; color: inherit; opacity: 0.8;'>Un rendimiento consistente con un tama\u00f1o cinco veces mayor<\/h3>\n<ul style='padding-left: 20px; font-size: 15px; color: inherit;'>\n<li style='margin-bottom: 5px;'>El HD6500 se ha dise\u00f1ado para ampliar hasta 5 veces su capacidad con cuatro unidades de expansi\u00f3n RX6022sas adicionales. La conectividad con SAS habilitada con m\u00faltiples rutas proporciona hasta el doble del rendimiento t\u00edpico y una redundancia mejorada.<\/li>\n<\/ul><\/div>\n<\/p><\/div>\n<div style='display: flex; flex-wrap: wrap; gap: 20px; margin-bottom: 30px;'>\n<div style='flex: 1 1 250px; border: 1px solid rgba(150&comma; 150&comma; 150&comma; 0.4); border-radius: 8px; overflow: hidden; display: flex; flex-direction: column;'>\n<div style='padding: 15px; border-bottom: 1px solid rgba(150&comma; 150&comma; 150&comma; 0.2); font-weight: bold; font-size: 18px; color: inherit;'>CPU<\/div>\n<div style='padding: 15px; color: inherit;'>\n<ul style='padding-left: 20px; margin: 0; font-size: 14px; list-style-type: disc;'>\n<li style='margin-bottom: 5px;'>2 Intel Xeon Silver de 10 n\u00facleos<\/li>\n<\/ul><\/div>\n<\/p><\/div>\n<div style='flex: 1 1 250px; border: 1px solid rgba(150&comma; 150&comma; 150&comma; 0.4); border-radius: 8px; overflow: hidden; display: flex; flex-direction: column;'>\n<div style='padding: 15px; border-bottom: 1px solid rgba(150&comma; 150&comma; 150&comma; 0.2); font-weight: bold; font-size: 18px; color: inherit;'>Rendimiento<\/div>\n<div style='padding: 15px; color: inherit;'>\n<ul style='padding-left: 20px; margin: 0; font-size: 14px; list-style-type: disc;'>\n<li style='margin-bottom: 5px;'>M\u00e1s de 6688\/6662 MB\/s de lectura\/escritura secuencial<\/li>\n<\/ul><\/div>\n<\/p><\/div>\n<div style='flex: 1 1 250px; border: 1px solid rgba(150&comma; 150&comma; 150&comma; 0.4); border-radius: 8px; overflow: hidden; display: flex; flex-direction: column;'>\n<div style='padding: 15px; border-bottom: 1px solid rgba(150&comma; 150&comma; 150&comma; 0.2); font-weight: bold; font-size: 18px; color: inherit;'>Memoria<\/div>\n<div style='padding: 15px; color: inherit;'>\n<ul style='padding-left: 20px; margin: 0; font-size: 14px; list-style-type: disc;'>\n<li style='margin-bottom: 5px;'>DDR4 ECC de 64 GB&comma; ampliable hasta 512 GB<\/li>\n<\/ul><\/div>\n<\/p><\/div>\n<div style='flex: 1 1 250px; border: 1px solid rgba(150&comma; 150&comma; 150&comma; 0.4); border-radius: 8px; overflow: hidden; display: flex; flex-direction: column;'>\n<div style='padding: 15px; border-bottom: 1px solid rgba(150&comma; 150&comma; 150&comma; 0.2); font-weight: bold; font-size: 18px; color: inherit;'>Escalabilidad<\/div>\n<div style='padding: 15px; color: inherit;'>\n<ul style='padding-left: 20px; margin: 0; font-size: 14px; list-style-type: disc;'>\n<li style='margin-bottom: 5px;'>Disfrute de hasta 300 unidades con cuatro unidades de expansi\u00f3n RX6022sas<\/li>\n<\/ul><\/div>\n<\/p><\/div>\n<\/p><\/div>\n<div style='background-color: rgba(31&comma; 36&comma; 45&comma; 0.9); padding: 15px; color: white; border-radius: 8px; margin: 25px 0;'>\n<div style='display: flex; flex-wrap: wrap; gap: 20px;'>\n<div style='flex: 1 1 100%;'>\n<p style='font-size: 18px; font-weight: bold; margin-top: 0;'>Un rendimiento consistente con un tama\u00f1o cinco veces mayor<\/p>\n<\/p><\/div>\n<div style='flex: 1 1 100%;'>\n<p style='margin-bottom: 0;'>El HD6500 se ha dise\u00f1ado para ampliar hasta 5 veces su capacidad con cuatro unidades de expansi\u00f3n RX6022sas adicionales. La conectividad con SAS habilitada con m\u00faltiples rutas proporciona hasta el doble del rendimiento t\u00edpico y una redundancia mejorada.<\/p>\n<\/p><\/div>\n<\/p><\/div>\n<\/p><\/div>\n<hr style='border: 0; border-top: 1px solid rgba(150&comma; 150&comma; 150&comma; 0.3); margin: 30px 0;'>\n<div style='display: flex; flex-wrap: wrap; gap: 30px; margin-bottom: 30px;'>\n<div style='flex: 1 1 300px; min-width: 280px;'> <img style='width: 100%; height: auto; border: 1px solid rgba(150&comma;150&comma;150&comma;0.3); border-radius: 8px;' src='https:\/\/ftp3.syscom.mx\/usuarios\/ftp\/single_page\/synology\/5year_warranty_02.png' alt=''> <\/div>\n<div style='flex: 1 1 300px; min-width: 280px;'>\n<h3 style='font-size: 20px; margin-top: 0; color: inherit;'>Synology le ofrece todo lo que necesita<\/h3>\n<p style='color: inherit;'>El HD6500 est\u00e1 respaldado por la garant\u00eda limitada de 5 a\u00f1os de Synology&comma;6 que incluye soporte t\u00e9cnico y servicios de sustituci\u00f3n de hardware para maximizar el retorno de la inversi\u00f3n y garantizar que disfrute de un rendimiento de alta calidad.<\/p>\n<\/p><\/div>\n<\/p><\/div>\n<hr style='border: 0; border-top: 1px solid rgba(150&comma; 150&comma; 150&comma; 0.3); margin: 30px 0;'>\n<div style='display: flex; flex-wrap: wrap; gap: 30px; margin-bottom: 30px;'>\n<div style='flex: 1 1 300px; min-width: 280px;'>\n<h3 style='font-size: 20px; border-bottom: 2px solid currentColor; padding-bottom: 5px; margin-top: 0; color: inherit; opacity: 0.8;'>Dise\u00f1ado para una alta fiabilidad<\/h3>\n<p style='color: inherit;'>El HD6500 est\u00e1 dise\u00f1ado para mantener accesibles los datos y servicios de misi\u00f3n cr\u00edtica&comma; de modo que las empresas puedan seguir funcionando incluso cuando se produzca un desastre.<\/p>\n<\/p><\/div>\n<\/p><\/div>\n<div style='display: flex; flex-wrap: wrap; gap: 20px; margin-bottom: 30px;'>\n<div style='flex: 1 1 250px; border: 1px solid rgba(150&comma; 150&comma; 150&comma; 0.4); border-radius: 8px; overflow: hidden; display: flex; flex-direction: column;'>\n<div style='padding: 15px; border-bottom: 1px solid rgba(150&comma; 150&comma; 150&comma; 0.2); font-weight: bold; font-size: 18px; color: inherit;'>Procesador<\/div>\n<div style='padding: 15px; color: inherit;'>\n<ul style='padding-left: 20px; margin: 0; font-size: 14px; list-style-type: disc;'>\n<li style='margin-bottom: 5px;'>Intel Xeon Silver 4210R (Doble Procesador)<\/li>\n<li style='margin-bottom: 5px;'>64-bit.<\/li>\n<li style='margin-bottom: 5px;'>10-core 2.4 (base) \/ 3.2 (turbo) GHz<\/li>\n<\/ul><\/div>\n<\/p><\/div>\n<div style='flex: 1 1 250px; border: 1px solid rgba(150&comma; 150&comma; 150&comma; 0.4); border-radius: 8px; overflow: hidden; display: flex; flex-direction: column;'>\n<div style='padding: 15px; border-bottom: 1px solid rgba(150&comma; 150&comma; 150&comma; 0.2); font-weight: bold; font-size: 18px; color: inherit;'>Memoria<\/div>\n<div style='padding: 15px; color: inherit;'>\n<ul style='padding-left: 20px; margin: 0; font-size: 14px; list-style-type: disc;'>\n<li style='margin-bottom: 5px;'>64GB DDR4 ECC UDIMM preinstalado<\/li>\n<li style='margin-bottom: 5px;'>16 Ranuras totales<\/li>\n<li style='margin-bottom: 5px;'>Capacidad maxima 512 GB (32 GB x 16)<\/li>\n<\/ul><\/div>\n<\/p><\/div>\n<div style='flex: 1 1 250px; border: 1px solid rgba(150&comma; 150&comma; 150&comma; 0.4); border-radius: 8px; overflow: hidden; display: flex; flex-direction: column;'>\n<div style='padding: 15px; border-bottom: 1px solid rgba(150&comma; 150&comma; 150&comma; 0.2); font-weight: bold; font-size: 18px; color: inherit;'>Almacenamiento<\/div>\n<div style='padding: 15px; color: inherit;'>\n<ul style='padding-left: 20px; margin: 0; font-size: 14px; list-style-type: disc;'>\n<li style='margin-bottom: 5px;'>80 Bah\u00edas para Disco Duro (no incluidos)<\/li>\n<li style='margin-bottom: 5px;'>Expandible hasta 400 bah\u00edas con unidad de expansi\u00f3n RX6022SAS<\/li>\n<li style='margin-bottom: 5px;'>Soporta discos duros SAS de 3.5&#8217;&comma; 2.5&#8242; SSD SATA (unidades de sistema). <a style='color: inherit; text-decoration: underline;' href='https:\/\/www.synology.com\/es-mx\/compatibility?search_by=products&#038;model=HD6500&#038;category=hdds_no_ssd_trim&#038;p=1&#038;change_log_p=1' target='_blank' rel='noopener noreferrer'>Lista compatibilidad<\/a><\/li>\n<li style='margin-bottom: 5px;'>Hot Swap<\/li>\n<\/ul><\/div>\n<\/p><\/div>\n<div style='flex: 1 1 250px; border: 1px solid rgba(150&comma; 150&comma; 150&comma; 0.4); border-radius: 8px; overflow: hidden; display: flex; flex-direction: column;'>\n<div style='padding: 15px; border-bottom: 1px solid rgba(150&comma; 150&comma; 150&comma; 0.2); font-weight: bold; font-size: 18px; color: inherit;'>Puertos<\/div>\n<div style='padding: 15px; color: inherit;'>\n<ul style='padding-left: 20px; margin: 0; font-size: 14px; list-style-type: disc;'>\n<li style='margin-bottom: 5px;'>2 Puertos RJ45 Gigabit (Con soporte de conmutaci\u00f3n por error \/ Link Aggregation)<\/li>\n<li style='margin-bottom: 5px;'>2 Puertos RJ45 10GbE (Con soporte de conmutaci\u00f3n por error \/ Link Aggregation)<\/li>\n<li style='margin-bottom: 5px;'>15 Puertos LAN m\u00e1ximos<\/li>\n<li style='margin-bottom: 5px;'>2 Puerto de expansi\u00f3n<\/li>\n<li style='margin-bottom: 5px;'>Expansi\u00f3n PCIe: 2 x Gen3 x16 slot (x16 link); 2 x Gen3 x8 slots (x8 link)<\/li>\n<\/ul><\/div>\n<\/p><\/div>\n<div style='flex: 1 1 250px; border: 1px solid rgba(150&comma; 150&comma; 150&comma; 0.4); border-radius: 8px; overflow: hidden; display: flex; flex-direction: column;'>\n<div style='padding: 15px; border-bottom: 1px solid rgba(150&comma; 150&comma; 150&comma; 0.2); font-weight: bold; font-size: 18px; color: inherit;'>RAID Compatible<\/div>\n<div style='padding: 15px; color: inherit;'>\n<ul style='padding-left: 20px; margin: 0; font-size: 14px; list-style-type: disc;'>\n<li style='margin-bottom: 5px;'>JBOD<\/li>\n<li style='margin-bottom: 5px;'>RAID 0<\/li>\n<li style='margin-bottom: 5px;'>RAID 1<\/li>\n<li style='margin-bottom: 5px;'>RAID 5<\/li>\n<li style='margin-bottom: 5px;'>RAID 6<\/li>\n<li style='margin-bottom: 5px;'>RAID 10<\/li>\n<\/ul><\/div>\n<\/p><\/div>\n<div style='flex: 1 1 250px; border: 1px solid rgba(150&comma; 150&comma; 150&comma; 0.4); border-radius: 8px; overflow: hidden; display: flex; flex-direction: column;'>\n<div style='padding: 15px; border-bottom: 1px solid rgba(150&comma; 150&comma; 150&comma; 0.2); font-weight: bold; font-size: 18px; color: inherit;'>Software<\/div>\n<div style='padding: 15px; color: inherit;'>\n<p style='margin-bottom: 5px;'>Synology DiskStation Manager (DSM) es un elegante sistema operativo basado en navegador&comma; lo que hace que Synology NAS sea muy f\u00e1cil de utilizar. Para conocer todas las aplicaciones adicionales (Add-Ons)&comma; como Servidor de Archivos&comma; de correo&comma; FTP&comma; impresi\u00f3n&comma; fotos&comma; videos y muchos m\u00e1s&comma; consulte la Hoja de Especificaciones.<\/p>\n<\/p><\/div>\n<\/p><\/div>\n<div style='flex: 1 1 250px; border: 1px solid rgba(150&comma; 150&comma; 150&comma; 0.4); border-radius: 8px; overflow: hidden; display: flex; flex-direction: column;'>\n<div style='padding: 15px; border-bottom: 1px solid rgba(150&comma; 150&comma; 150&comma; 0.2); font-weight: bold; font-size: 18px; color: inherit;'>Caracter\u00edsticas F\u00edsicas y El\u00e9ctricas<\/div>\n<div style='padding: 15px; color: inherit;'>\n<ul style='padding-left: 20px; margin: 0; font-size: 14px; list-style-type: disc;'>\n<li style='margin-bottom: 5px;'>Alimentaci\u00f3n: 200 a 240VCA<\/li>\n<li style='margin-bottom: 5px;'>Consumo: 1600W<\/li>\n<li style='margin-bottom: 5px;'>Temperatura de operaci\u00f3n: 5 a 35 C<\/li>\n<li style='margin-bottom: 5px;'>Dimensiones: 176 mm x 482 mm x 1020 mm<\/li>\n<li style='margin-bottom: 5px;'>Peso: 37.9Kg<\/li>\n<li style='margin-bottom: 5px;'>Para instalaci\u00f3n en rack de 4 postes (utilizar RKS03)<\/li>\n<\/ul>\n<p> <strong style='display: block; margin-top: 10px;'>Garant\u00eda 5 a\u00f1os.<\/strong> <em style='display: block; margin-top: 5px;'>*No incluye discos duros.<\/em> <\/div>\n<\/p><\/div>\n<\/p><\/div>\n<div style='margin-top: 30px; text-align: center;'>\n<h3 style='font-size: 18px; margin-bottom: 15px; color: inherit;'>\u00bfQue servidor NAS es el mas adecuado para usted?<\/h3>\n<p> <a style='display: inline-block; padding: 8px 16px; background-color: #007bff; color: white; text-decoration: none; border-radius: 4px; font-size: 14px;' href='https:\/\/www.synology.com\/es-mx\/support\/nas_selector' target='_blank' rel='noopener noreferrer'>Selector de servidor NAS<\/a> <\/div>\n<\/p><\/div>\n","protected":false},"excerpt":{"rendered":"<p>Servidor NAS para rack de 12 bah\u00edas \/ Expandible hasta 180 bah\u00edas \/ Hasta 1,536 TB<\/p>\n","protected":false},"featured_media":90648,"comment_status":"open","ping_status":"closed","template":"","meta":[],"product_brand":[],"product_cat":[2067],"product_tag":[1974,2068,1976],"class_list":{"0":"post-90649","1":"product","2":"type-product","3":"status-publish","4":"has-post-thumbnail","6":"product_cat-servidores-nas","7":"product_tag-almacenamiento","8":"product_tag-servidores-nas","9":"product_tag-synology","11":"first","12":"outofstock","13":"sale","14":"shipping-taxable","15":"purchasable","16":"product-type-simple"},"_links":{"self":[{"href":"https:\/\/soydeaqui.ddns.net\/pachuca\/index.php\/wp-json\/wp\/v2\/product\/90649","targetHints":{"allow":["GET"]}}],"collection":[{"href":"https:\/\/soydeaqui.ddns.net\/pachuca\/index.php\/wp-json\/wp\/v2\/product"}],"about":[{"href":"https:\/\/soydeaqui.ddns.net\/pachuca\/index.php\/wp-json\/wp\/v2\/types\/product"}],"replies":[{"embeddable":true,"href":"https:\/\/soydeaqui.ddns.net\/pachuca\/index.php\/wp-json\/wp\/v2\/comments?post=90649"}],"wp:featuredmedia":[{"embeddable":true,"href":"https:\/\/soydeaqui.ddns.net\/pachuca\/index.php\/wp-json\/wp\/v2\/media\/90648"}],"wp:attachment":[{"href":"https:\/\/soydeaqui.ddns.net\/pachuca\/index.php\/wp-json\/wp\/v2\/media?parent=90649"}],"wp:term":[{"taxonomy":"product_brand","embeddable":true,"href":"https:\/\/soydeaqui.ddns.net\/pachuca\/index.php\/wp-json\/wp\/v2\/product_brand?post=90649"},{"taxonomy":"product_cat","embeddable":true,"href":"https:\/\/soydeaqui.ddns.net\/pachuca\/index.php\/wp-json\/wp\/v2\/product_cat?post=90649"},{"taxonomy":"product_tag","embeddable":true,"href":"https:\/\/soydeaqui.ddns.net\/pachuca\/index.php\/wp-json\/wp\/v2\/product_tag?post=90649"}],"curies":[{"name":"wp","href":"https:\/\/api.w.org\/{rel}","templated":true}]}}