{"id":90639,"date":"2026-03-20T03:52:08","date_gmt":"2026-03-20T03:52:08","guid":{"rendered":"https:\/\/soydeaqui.ddns.net\/pachuca\/index.php\/producto\/cnmaestro-x-tier-4-1-ano\/"},"modified":"2026-03-20T03:52:11","modified_gmt":"2026-03-20T03:52:11","slug":"cnmaestro-x-tier-4-1-ano","status":"publish","type":"product","link":"https:\/\/soydeaqui.ddns.net\/pachuca\/index.php\/producto\/cnmaestro-x-tier-4-1-ano\/","title":{"rendered":"CNMAESTRO X TIER 4, 1 A\u00d1O"},"content":{"rendered":"<div style='width: 100%; max-width: 1200px; margin: 0 auto; font-family: sans-serif; line-height: 1.6; color: inherit; background-color: transparent;'>\n<div style='display: flex; flex-wrap: wrap; gap: 30px; margin-bottom: 30px;'>\n<div style='flex: 1 1 300px; min-width: 280px;'>\n<h3 style='font-size: 22px; border-bottom: 2px solid currentColor; padding-bottom: 5px; margin-top: 0; color: inherit; opacity: 0.8;'>Descripci\u00f3n<\/h3>\n<p style='font-size: 15px; color: inherit;'>Licencia Tier 4 para cnMaestro X por 1 a\u00f1o<\/p>\n<\/p><\/div>\n<\/p><\/div>\n<div style='display: flex; flex-wrap: wrap; gap: 30px; margin-bottom: 30px;'>\n<div style='flex: 1 1 300px; min-width: 280px;'>\n<h3 style='font-size: 22px; border-bottom: 2px solid currentColor; padding-bottom: 5px; margin-top: 0; color: inherit; opacity: 0.8;'>Familias de equipos Tier 4<\/h3>\n<p style='font-size: 15px; color: inherit;'>No se especifican familias de equipos en la informaci\u00f3n proporcionada<\/p>\n<\/p><\/div>\n<\/p><\/div>\n<div style='display: flex; flex-wrap: wrap; gap: 30px; margin-bottom: 30px;'>\n<div style='flex: 1 1 300px; min-width: 280px;'>\n<h3 style='font-size: 22px; border-bottom: 2px solid currentColor; padding-bottom: 5px; margin-top: 0; color: inherit; opacity: 0.8;'>Beneficios<\/h3>\n<ul style='padding-left: 20px; font-size: 15px; color: inherit; list-style-type: circle;'>\n<li>Cambium Care Pro (Soporte 24\/7 con Cambium Networks)<\/li>\n<li>Acceso acelerado a ingenieros de nivel 2 y nivel 3 con Cambium Networks<\/li>\n<li>Reportes<\/li>\n<li>Anal\u00edticos<\/li>\n<li>Hist\u00f3ricos de hasta 2 a\u00f1os<\/li>\n<li>Alta Disponibilidad<\/li>\n<li>Capacidad para monitorear el rendimiento de Wi-Fi desde el cliente\/AP<\/li>\n<li>Soluci\u00f3n de problemas avanzada: registros de auditor\u00eda<\/li>\n<li>+ 4 Portales Cautivos<\/li>\n<li>+ 4&comma;000 Vouchers<\/li>\n<li>Entre muchas m\u00e1s&#8230;<\/li>\n<\/ul><\/div>\n<\/p><\/div>\n<div style='display: flex; flex-wrap: wrap; gap: 30px; margin-bottom: 30px;'>\n<div style='flex: 1 1 300px; min-width: 280px;'>\n<h3 style='font-size: 22px; border-bottom: 2px solid currentColor; padding-bottom: 5px; margin-top: 0; color: inherit; opacity: 0.8;'>Caracter\u00edsticas principales<\/h3>\n<ul style='padding-left: 20px; font-size: 15px; color: inherit;'>\n<li style='margin-bottom: 5px;'>Soporte t\u00e9cnico 24\/7 con Cambium Networks<\/li>\n<li style='margin-bottom: 5px;'>Anal\u00edticos para tomar decisiones a futuro<\/li>\n<li style='margin-bottom: 5px;'>Hist\u00f3rico de informaci\u00f3n hasta de 2 a\u00f1os<\/li>\n<\/ul><\/div>\n<\/p><\/div>\n<div style='display: flex; flex-wrap: wrap; gap: 30px; margin-bottom: 30px;'>\n<div style='flex: 1 1 300px; min-width: 280px;'>\n<h3 style='font-size: 22px; border-bottom: 2px solid currentColor; padding-bottom: 5px; margin-top: 0; color: inherit; opacity: 0.8;'>Nota importante<\/h3>\n<p style='font-size: 15px; color: inherit;'>Se necesita 1 licencia por cada equipo<\/p>\n<\/p><\/div>\n<\/p><\/div>\n<hr style='border: 0; border-top: 1px solid rgba(150&comma; 150&comma; 150&comma; 0.3); margin: 30px 0;'> <\/div>\n","protected":false},"excerpt":{"rendered":"<p>CNMAESTRO X TIER 4, 1 A\u00d1O<\/p>\n","protected":false},"featured_media":90638,"comment_status":"open","ping_status":"closed","template":"","meta":[],"product_brand":[],"product_cat":[1983],"product_tag":[93,1404,1316],"class_list":{"0":"post-90639","1":"product","2":"type-product","3":"status-publish","4":"has-post-thumbnail","6":"product_cat-accesorios-antenas-redes-e-it","7":"product_tag-accesorios","8":"product_tag-antenas","9":"product_tag-cambium-networks","11":"first","12":"outofstock","13":"sale","14":"shipping-taxable","15":"purchasable","16":"product-type-simple"},"_links":{"self":[{"href":"https:\/\/soydeaqui.ddns.net\/pachuca\/index.php\/wp-json\/wp\/v2\/product\/90639","targetHints":{"allow":["GET"]}}],"collection":[{"href":"https:\/\/soydeaqui.ddns.net\/pachuca\/index.php\/wp-json\/wp\/v2\/product"}],"about":[{"href":"https:\/\/soydeaqui.ddns.net\/pachuca\/index.php\/wp-json\/wp\/v2\/types\/product"}],"replies":[{"embeddable":true,"href":"https:\/\/soydeaqui.ddns.net\/pachuca\/index.php\/wp-json\/wp\/v2\/comments?post=90639"}],"wp:featuredmedia":[{"embeddable":true,"href":"https:\/\/soydeaqui.ddns.net\/pachuca\/index.php\/wp-json\/wp\/v2\/media\/90638"}],"wp:attachment":[{"href":"https:\/\/soydeaqui.ddns.net\/pachuca\/index.php\/wp-json\/wp\/v2\/media?parent=90639"}],"wp:term":[{"taxonomy":"product_brand","embeddable":true,"href":"https:\/\/soydeaqui.ddns.net\/pachuca\/index.php\/wp-json\/wp\/v2\/product_brand?post=90639"},{"taxonomy":"product_cat","embeddable":true,"href":"https:\/\/soydeaqui.ddns.net\/pachuca\/index.php\/wp-json\/wp\/v2\/product_cat?post=90639"},{"taxonomy":"product_tag","embeddable":true,"href":"https:\/\/soydeaqui.ddns.net\/pachuca\/index.php\/wp-json\/wp\/v2\/product_tag?post=90639"}],"curies":[{"name":"wp","href":"https:\/\/api.w.org\/{rel}","templated":true}]}}