{"id":90595,"date":"2026-03-20T03:50:04","date_gmt":"2026-03-20T03:50:04","guid":{"rendered":"https:\/\/soydeaqui.ddns.net\/pachuca\/index.php\/producto\/router-balanceador-inalambrico-wi-fi-6-mesh-con-funcion-sd-wan-hasta-4-servicios-de-internet-y-hasta-180-clientes-con-desempeno-de-1-2-gbps\/"},"modified":"2026-03-20T03:50:22","modified_gmt":"2026-03-20T03:50:22","slug":"router-balanceador-inalambrico-wi-fi-6-mesh-con-funcion-sd-wan-hasta-4-servicios-de-internet-y-hasta-180-clientes-con-desempeno-de-1-2-gbps","status":"publish","type":"product","link":"https:\/\/soydeaqui.ddns.net\/pachuca\/index.php\/producto\/router-balanceador-inalambrico-wi-fi-6-mesh-con-funcion-sd-wan-hasta-4-servicios-de-internet-y-hasta-180-clientes-con-desempeno-de-1-2-gbps\/","title":{"rendered":"Router Balanceador inal\u00e1mbrico Wi-Fi 6 MESH con Funci\u00f3n SD-WAN, Hasta 4 Servicios de Internet y Hasta 180 clientes con desempe\u00f1o de 1.2 Gbps"},"content":{"rendered":"<div style='width: 100%; max-width: 1200px; margin: 0 auto; font-family: sans-serif; line-height: 1.6; color: inherit; background-color: transparent;'> <!-- Imagen principal --> <\/p>\n<div style='margin-bottom: 30px;'> <img style='width: 100%; height: auto; border: 1px solid rgba(150&comma;150&comma;150&comma;0.3); border-radius: 8px;' src='https:\/\/ftp3.syscom.mx\/usuarios\/fotos\/RGRAP2260(G)\/203964-output.png' alt='Router RG-EG105GW-X'> <\/div>\n<p> <!-- Descripci\u00f3n general --> <\/p>\n<div style='margin-bottom: 30px;'>\n<h2 style='font-size: 22px; border-bottom: 2px solid currentColor; padding-bottom: 5px; margin-top: 0; color: inherit; opacity: 0.8;'>Descripci\u00f3n General<\/h2>\n<p style='font-size: 15px; color: inherit;'>El Router Inal\u00e1mbrico Profesional RG-EG105GW-X de Ruijie es la soluci\u00f3n integral perfecta para peque\u00f1os negocios que requieren una red potente y de sencilla configuraci\u00f3n. Este dispositivo combina un dise\u00f1o discreto y una instalaci\u00f3n flexible para escritorio o pared con la tecnolog\u00eda Reyee Mesh&comma; que permite expandir la cobertura de forma estable con solo presionar un bot\u00f3n. Su configuraci\u00f3n unificada simplifica enormemente el despliegue de la red completa. Adem\u00e1s&comma; ofrece la capacidad de monitorizar de forma segura su NVR&comma; c\u00e1maras IP o servidor interno en cualquier momento y desde cualquier lugar&comma; garantizando el control y la supervisi\u00f3n remota de su negocio.<\/p>\n<\/p><\/div>\n<p> <!-- Secci\u00f3n de caracter\u00edsticas principales --> <\/p>\n<div style='display: flex; flex-wrap: wrap; gap: 30px; margin-bottom: 30px;'>\n<div style='flex: 1 1 300px; min-width: 280px;'>\n<h3 style='font-size: 20px; border-bottom: 2px solid currentColor; padding-bottom: 5px; margin-top: 0; color: inherit; opacity: 0.8;'>Caracter\u00edsticas Generales<\/h3>\n<ul style='padding-left: 20px; font-size: 15px; color: inherit;'>\n<li style='margin-bottom: 5px;'><strong>Montaje:<\/strong> Escritorio \/ Pared \/ Charola en Rack<\/li>\n<li style='margin-bottom: 5px;'><strong>L\u00edneas ISP Soportadas:<\/strong> Hasta 4 servicios de Internet<\/li>\n<li style='margin-bottom: 5px;'><strong>Modos de operaci\u00f3n:<\/strong> Router&comma; Balanceador<\/li>\n<li style='margin-bottom: 5px;'><strong>Sesiones:<\/strong> Hasta 30&comma;000<\/li>\n<li style='margin-bottom: 5px;'><strong>SD-WAN:<\/strong> Hasta 32 Sucursales \/ 96 T\u00faneles \/ hasta 300Mbps<\/li>\n<li style='margin-bottom: 5px;'><strong>Configuraci\u00f3n a trav\u00e9s de:<\/strong> Interfaz web (red local)&comma; aplicaci\u00f3n m\u00f3vil (remoto o en red local)&comma; plataforma cloud (remoto)<\/li>\n<li style='margin-bottom: 5px;'><strong>Puertos:<\/strong> Un WAN Gigabit&comma; Tres LAN\/WAN Gigabit y Un LAN Gigabit<\/li>\n<li style='margin-bottom: 5px;'><strong>Garant\u00eda:<\/strong> 3 a\u00f1os<\/li>\n<\/ul><\/div>\n<div style='flex: 1 1 300px; min-width: 280px;'> <img style='width: 100%; height: auto; border: 1px solid rgba(150&comma;150&comma;150&comma;0.3); border-radius: 8px;' src='http:\/\/ftp3.syscom.mx\/usuarios\/ftp\/2025\/11\/10\/2251\/RouterRGEG105GWXRuijie7.webp_froala_6912643d9c0a6' alt='Router RG-EG105GW-X'> <\/div>\n<\/p><\/div>\n<p> <!-- Secci\u00f3n de especificaciones t\u00e9cnicas --> <\/p>\n<div style='display: flex; flex-wrap: wrap; gap: 20px; margin-bottom: 30px;'>\n<div style='flex: 1 1 250px; border: 1px solid rgba(150&comma;150&comma;150&comma;0.4); border-radius: 8px; overflow: hidden; display: flex; flex-direction: column;'>\n<div style='padding: 15px; border-bottom: 1px solid rgba(150&comma;150&comma;150&comma;0.2); font-weight: bold; font-size: 18px; color: inherit;'>Desempe\u00f1o<\/div>\n<div style='padding: 15px; color: inherit;'>\n<ul style='padding-left: 20px; margin: 0; font-size: 14px; list-style-type: disc;'>\n<li style='margin-bottom: 5px;'><strong>N\u00famero de Clientes:<\/strong> Hasta 180 recomendados<\/li>\n<li style='margin-bottom: 5px;'><strong>Throughput:<\/strong> 1&comma;200 Mbps Normal Mode<\/li>\n<li style='margin-bottom: 5px;'><strong>VPNs:<\/strong> IPSec&comma; WireGuard&comma; L2TP&comma; PPTP&comma; y OpenVPN \/ Desempe\u00f1o de 100-400 Mbps \/ T\u00faneles 32<\/li>\n<li style='margin-bottom: 5px;'><strong>VLANs:<\/strong> Hasta 16 segmentos de Red<\/li>\n<\/ul>\n<p style='font-size: 14px; color: inherit; margin-top: 15px;'><em>Nota: Rango general&comma; Ver dato espec\u00edfico para cada protocolo.<\/em><\/p>\n<\/p><\/div>\n<\/p><\/div>\n<div style='flex: 1 1 250px; border: 1px solid rgba(150&comma;150&comma;150&comma;0.4); border-radius: 8px; overflow: hidden; display: flex; flex-direction: column;'>\n<div style='padding: 15px; border-bottom: 1px solid rgba(150&comma;150&comma;150&comma;0.2); font-weight: bold; font-size: 18px; color: inherit;'>Caracter\u00edsticas RF<\/div>\n<div style='padding: 15px; color: inherit;'>\n<ul style='padding-left: 20px; margin: 0; font-size: 14px; list-style-type: disc;'>\n<li style='margin-bottom: 5px;'><strong>Ancho de banda:<\/strong> 2.4 GHz \/ 573 Mbps; 5 GHz \/ 2401 Mbps<\/li>\n<li style='margin-bottom: 5px;'><strong>Ganancia de las Antenas:<\/strong> 2.4 GHz \/ 5 dBi; 5 GHz \/ 5 dBi<\/li>\n<li style='margin-bottom: 5px;'><strong>Potencia de transmisi\u00f3n:<\/strong> 2.4 GHz \/ 20 dBm (100 mW); 5 GHz \/ 33 dBm (1995.2 mW<\/li>\n<li style='margin-bottom: 5px;'><strong>Clientes Soportados:<\/strong> Hasta 180<\/li>\n<li style='margin-bottom: 5px;'><strong>Cobertura 2.4Ghz:<\/strong> 47m &#8211; 53m<\/li>\n<li style='margin-bottom: 5px;'><strong>Cobertura 5Ghz:<\/strong> 138m &#8211; 154m<\/li>\n<\/ul>\n<p style='font-size: 14px; color: inherit; margin-top: 15px;'><strong>Nota:<\/strong> Considere que las distancias de cobertura mencionadas son en \u00e1rea libre y sin interferencias en un rango de -45 dBm a -65 dBm&comma; estas tendr\u00e1n variaci\u00f3n dependiendo del ambiente&comma; la instalaci\u00f3n y capacidad de recepci\u00f3n en los dispositivos clientes (celular \/ Laptop \/ etc).<\/p>\n<\/p><\/div>\n<\/p><\/div>\n<div style='flex: 1 1 250px; border: 1px solid rgba(150&comma;150&comma;150&comma;0.4); border-radius: 8px; overflow: hidden; display: flex; flex-direction: column;'>\n<div style='padding: 15px; border-bottom: 1px solid rgba(150&comma;150&comma;150&comma;0.2); font-weight: bold; font-size: 18px; color: inherit;'>Caracter\u00edsticas F\u00edsicas y El\u00e9ctricas<\/div>\n<div style='padding: 15px; color: inherit;'>\n<ul style='padding-left: 20px; margin: 0; font-size: 14px; list-style-type: disc;'>\n<li style='margin-bottom: 5px;'><strong>Alimentaci\u00f3n:<\/strong> 110-240V &#8211; 0.6 A (20 W)<\/li>\n<li style='margin-bottom: 5px;'><strong>Dimensiones:<\/strong> 83 mm x 172 mm x 46 mm<\/li>\n<li style='margin-bottom: 5px;'><strong>Peso:<\/strong> 1.2 Kg<\/li>\n<li style='margin-bottom: 5px;'><strong>Temperatura en Operaci\u00f3n:<\/strong> 0\u00b0 a 40\u00b0C<\/li>\n<li style='margin-bottom: 5px;'><strong>Grado de protecci\u00f3n El\u00e9ctrica:<\/strong> \u00b14KV<\/li>\n<li style='margin-bottom: 5px;'><strong>Memoria Flash:<\/strong> 128 MB<\/li>\n<li style='margin-bottom: 5px;'><strong>SD RAM:<\/strong> 512 MB<\/li>\n<li style='margin-bottom: 5px;'><strong>CPU:<\/strong> 1300 Mhz*2<\/li>\n<\/ul><\/div>\n<\/p><\/div>\n<div style='flex: 1 1 250px; border: 1px solid rgba(150&comma;150&comma;150&comma;0.4); border-radius: 8px; overflow: hidden; display: flex; flex-direction: column;'>\n<div style='padding: 15px; border-bottom: 1px solid rgba(150&comma;150&comma;150&comma;0.2); font-weight: bold; font-size: 18px; color: inherit;'>Contenido del Paquete<\/div>\n<div style='padding: 15px; color: inherit;'>\n<ul style='padding-left: 20px; margin: 0; font-size: 14px; list-style-type: disc;'>\n<li style='margin-bottom: 5px;'>1 Pieza Router modelo: RG-EG105GW-X<\/li>\n<li style='margin-bottom: 5px;'>Cable de Alimentaci\u00f3n AC<\/li>\n<li style='margin-bottom: 5px;'>Gu\u00eda r\u00e1pida de instalaci\u00f3n<\/li>\n<\/ul>\n<div style='margin-top: 15px;'> <img style='width: 100%; height: auto; border: 1px solid rgba(150&comma;150&comma;150&comma;0.3); border-radius: 8px;' src='http:\/\/ftp3.syscom.mx\/usuarios\/ftp\/2025\/11\/10\/2251\/RGEG105GWXAD6h.png_froala_69126458f0616' alt='Contenido del Paquete'> <\/div>\n<\/p><\/div>\n<\/p><\/div>\n<\/p><\/div>\n<p> <!-- Secci\u00f3n de im\u00e1genes adicionales --> <\/p>\n<div style='display: flex; flex-wrap: wrap; gap: 30px; margin-bottom: 30px;'>\n<div style='flex: 1 1 100%; min-width: 280px;'> <img style='width: 100%; height: auto; border: 1px solid rgba(150&comma;150&comma;150&comma;0.3); border-radius: 8px;' src='http:\/\/ftp3.syscom.mx\/usuarios\/ftp\/2025\/11\/10\/2251\/20251110_16_08_44C__Users_ASUS_Pictures_Screenshots_20251110_14_00_05Imagenes__Explorador_de_.png_froala_691267af22124' alt='Vista frontal del router'> <\/div>\n<div style='flex: 1 1 100%; min-width: 280px;'> <img style='width: 100%; height: auto; border: 1px solid rgba(150&comma;150&comma;150&comma;0.3); border-radius: 8px;' src='http:\/\/ftp3.syscom.mx\/usuarios\/ftp\/2025\/11\/10\/2251\/20251110_16_07_57C__Users_ASUS_Pictures_Screenshots_20251110_14_00_05Imagenes__Explorador_de_.png_froala_691267b922b29' alt='Panel de control del router'> <\/div>\n<\/p><\/div>\n<p> <!-- Secci\u00f3n de recursos y enlaces --> <\/p>\n<div style='display: flex; flex-wrap: wrap; gap: 20px; margin-bottom: 30px;'>\n<div style='flex: 1 1 250px; border: 1px solid rgba(150&comma;150&comma;150&comma;0.4); border-radius: 8px; overflow: hidden; display: flex; flex-direction: column;'>\n<div style='padding: 15px; border-bottom: 1px solid rgba(150&comma;150&comma;150&comma;0.2); font-weight: bold; font-size: 18px; color: inherit;'>Documentaci\u00f3n y Firmware<\/div>\n<div style='padding: 15px; color: inherit;'>\n<ul style='padding-left: 20px; margin: 0; font-size: 14px; list-style-type: disc;'>\n<li style='margin-bottom: 5px;'><a href='https:\/\/ftp3.syscom.mx\/usuarios\/ftp\/2025\/11\/10\/2251\/RGEG105GWX_Datasheet.pdf' target='_blank' rel='noopener noreferrer' style='color: inherit; text-decoration: underline;'>Hoja de Especificaciones<\/a><\/li>\n<li style='margin-bottom: 5px;'><a href='https:\/\/ftp3.syscom.mx\/usuarios\/ftp\/2025\/11\/10\/2251\/RGEG105GWX_Wireless_Router_Installation.pdf' target='_blank' rel='noopener noreferrer' style='color: inherit; text-decoration: underline;'>Especificaciones de Hardware<\/a><\/li>\n<li style='margin-bottom: 5px;'><a href='https:\/\/reyee.ruijie.com\/en-global\/support\/' target='_blank' rel='noopener noreferrer' style='color: inherit; text-decoration: underline;'>Firmware<\/a><\/li>\n<\/ul><\/div>\n<\/p><\/div>\n<div style='flex: 1 1 250px; border: 1px solid rgba(150&comma;150&comma;150&comma;0.4); border-radius: 8px; overflow: hidden; display: flex; flex-direction: column;'>\n<div style='padding: 15px; border-bottom: 1px solid rgba(150&comma;150&comma;150&comma;0.2); font-weight: bold; font-size: 18px; color: inherit;'>Accesorios Sugeridos<\/div>\n<div style='padding: 15px; color: inherit;'>\n<ul style='padding-left: 20px; margin: 0; font-size: 14px; list-style-type: disc;'>\n<li style='margin-bottom: 5px;'>Charola para rack 1 unidad: <a href='https:\/\/www.syscom.mx\/producto\/S-CH-19X1U-LINKEDPRO-BY-EPCOM-80467.html' target='_blank' rel='noopener noreferrer' style='color: inherit; text-decoration: underline;'>S-CH-19X1U<\/a><\/li>\n<li style='margin-bottom: 5px;'>Rack de Pared: <a href='https:\/\/www.syscom.mx\/producto\/LP-REP-1205-CH-LINKEDPRO-BY-EPCOM-154049.html' target='_blank' rel='noopener noreferrer' style='color: inherit; text-decoration: underline;'>LP-REP-1205-CH<\/a><\/li>\n<li style='margin-bottom: 5px;'>Cable de Alimentaci\u00f3n AC modelo: <a href='https:\/\/www.syscom.mx\/products\/211191' target='_blank' rel='noopener noreferrer' style='color: inherit; text-decoration: underline;'>ACCORDL-1M<\/a><\/li>\n<\/ul><\/div>\n<\/p><\/div>\n<div style='flex: 1 1 250px; border: 1px solid rgba(150&comma;150&comma;150&comma;0.4); border-radius: 8px; overflow: hidden; display: flex; flex-direction: column;'>\n<div style='padding: 15px; border-bottom: 1px solid rgba(150&comma;150&comma;150&comma;0.2); font-weight: bold; font-size: 18px; color: inherit;'>Enlaces \u00datiles<\/div>\n<div style='padding: 15px; color: inherit;'>\n<ul style='padding-left: 20px; margin: 0; font-size: 14px; list-style-type: disc;'>\n<li style='margin-bottom: 5px;'><a href='https:\/\/cloud-la.ruijie-networks.com\/' target='_blank' rel='noopener noreferrer' style='color: inherit; text-decoration: underline;'>Ruijie Cloud<\/a><\/li>\n<li style='margin-bottom: 5px;'><strong>Ruijie APP:<\/strong> <a href='https:\/\/play.google.com\/store\/apps\/details?id=cn.com.ruijie.cloudapp&#038;hl=es_MX&#038;pli=1' target='_blank' rel='noopener noreferrer' style='color: inherit; text-decoration: underline;'>Android<\/a> \/ <a href='https:\/\/apps.apple.com\/us\/app\/ruijie-reyee\/id1423429270' target='_blank' rel='noopener noreferrer' style='color: inherit; text-decoration: underline;'>iOS<\/a><\/li>\n<li style='margin-bottom: 5px;'><a href='https:\/\/soporte.syscom.mx\/es\/collections\/3797236-ruijie-networks' target='_blank' rel='noopener noreferrer' style='color: inherit; text-decoration: underline;'>Manuales y Gu\u00edas R\u00e1pidas<\/a><\/li>\n<\/ul><\/div>\n<\/p><\/div>\n<\/p><\/div>\n<p> <!-- Separador final --> <\/p>\n<hr style='border: 0; border-top: 1px solid rgba(150&comma;150&comma;150&comma;0.3); margin: 30px 0;'> <\/div>\n","protected":false},"excerpt":{"rendered":"<p>Router Balanceador inal\u00e1mbrico Wi-Fi 6 MESH con Funci\u00f3n SD-WAN, Hasta 4 Servicios de Internet y Hasta 180 clientes con desempe\u00f1o de 1.2 Gbps<\/p>\n","protected":false},"featured_media":90594,"comment_status":"open","ping_status":"closed","template":"","meta":[],"product_brand":[],"product_cat":[2036,2035,2034],"product_tag":[2039,2038,664,2037,2123],"class_list":{"0":"post-90595","1":"product","2":"type-product","3":"status-publish","4":"has-post-thumbnail","6":"product_cat-balanceadores","7":"product_cat-firewalls","8":"product_cat-routers","9":"product_tag-balanceadores","10":"product_tag-firewalls","11":"product_tag-networking","12":"product_tag-routers","13":"product_tag-ruijie","15":"first","16":"instock","17":"sale","18":"shipping-taxable","19":"purchasable","20":"product-type-simple"},"_links":{"self":[{"href":"https:\/\/soydeaqui.ddns.net\/pachuca\/index.php\/wp-json\/wp\/v2\/product\/90595","targetHints":{"allow":["GET"]}}],"collection":[{"href":"https:\/\/soydeaqui.ddns.net\/pachuca\/index.php\/wp-json\/wp\/v2\/product"}],"about":[{"href":"https:\/\/soydeaqui.ddns.net\/pachuca\/index.php\/wp-json\/wp\/v2\/types\/product"}],"replies":[{"embeddable":true,"href":"https:\/\/soydeaqui.ddns.net\/pachuca\/index.php\/wp-json\/wp\/v2\/comments?post=90595"}],"wp:featuredmedia":[{"embeddable":true,"href":"https:\/\/soydeaqui.ddns.net\/pachuca\/index.php\/wp-json\/wp\/v2\/media\/90594"}],"wp:attachment":[{"href":"https:\/\/soydeaqui.ddns.net\/pachuca\/index.php\/wp-json\/wp\/v2\/media?parent=90595"}],"wp:term":[{"taxonomy":"product_brand","embeddable":true,"href":"https:\/\/soydeaqui.ddns.net\/pachuca\/index.php\/wp-json\/wp\/v2\/product_brand?post=90595"},{"taxonomy":"product_cat","embeddable":true,"href":"https:\/\/soydeaqui.ddns.net\/pachuca\/index.php\/wp-json\/wp\/v2\/product_cat?post=90595"},{"taxonomy":"product_tag","embeddable":true,"href":"https:\/\/soydeaqui.ddns.net\/pachuca\/index.php\/wp-json\/wp\/v2\/product_tag?post=90595"}],"curies":[{"name":"wp","href":"https:\/\/api.w.org\/{rel}","templated":true}]}}