{"id":90591,"date":"2026-03-20T03:49:55","date_gmt":"2026-03-20T03:49:55","guid":{"rendered":"https:\/\/soydeaqui.ddns.net\/pachuca\/index.php\/producto\/switch-l3-stackable-40x-10-100-1000-t-poe-8x-100m-1g-2-5g-5g-t-poe-4x-sfp-ports-370w\/"},"modified":"2026-03-20T03:49:56","modified_gmt":"2026-03-20T03:49:56","slug":"switch-l3-stackable-40x-10-100-1000-t-poe-8x-100m-1g-2-5g-5g-t-poe-4x-sfp-ports-370w","status":"publish","type":"product","link":"https:\/\/soydeaqui.ddns.net\/pachuca\/index.php\/producto\/switch-l3-stackable-40x-10-100-1000-t-poe-8x-100m-1g-2-5g-5g-t-poe-4x-sfp-ports-370w\/","title":{"rendered":"Switch L3 Stackable, 40x 10\/100\/1000-T PoE+ , 8x 100M\/1G\/2.5G\/5G-T PoE+, 4x SFP+ Ports, 370W"},"content":{"rendered":"<div style='width: 100%; max-width: 1200px; margin: 0 auto; font-family: sans-serif&comma; 'Apple Color Emoji'&comma; 'Segoe UI Emoji'&comma; 'Segoe UI Symbol'&comma; 'Noto Color Emoji'; line-height: 1.6; color: inherit; background-color: transparent;'> <!-- T\u00edtulo principal --> <\/p>\n<h1 style='font-size: 2.5rem; margin: 0 0 0.5em; color: inherit;'> <span style='display: inline-block;'>Serie GS980MX<\/span> <\/h1>\n<p> <!-- Descripci\u00f3n corta --> <\/p>\n<div style='margin-bottom: 1.5em; font-size: 1.1rem; color: inherit;'> Switch multi-Gigabit Layer 3 Lite apilables <\/div>\n<p> <!-- Contenido principal --> <\/p>\n<div style='display: flex; flex-wrap: wrap; gap: 30px; margin-bottom: 30px;'>\n<div style='flex: 1 1 300px; min-width: 280px;'>\n<h3 style='font-size: 22px; border-bottom: 2px solid currentColor; padding-bottom: 5px; margin-top: 0; color: inherit; opacity: 0.8;'>DESCRIPCI\u00d3N<\/h3>\n<ul style='padding-left: 20px; font-size: 15px; color: inherit; list-style-type: disc;'>\n<li style='margin-bottom: 5px; margin-top: 5px;'>Admite soluciones Wi-Fi 6 de alta velocidad y actualizaciones de red sobre el cableado heredado&comma; con conectividad 2.5G y 5G (modelos PoE)<\/li>\n<li style='margin-bottom: 5px;'>Conecte y conecte terminales como tel\u00e9fonos IP&comma; puntos de acceso inal\u00e1mbricos y m\u00e1s con hasta 30 vatios de PoE+<\/li>\n<li style='margin-bottom: 5px;'>Admite dispositivos de alta potencia&comma; como c\u00e1maras PTZ para exteriores con calentadores\/sopladores y controladores de iluminaci\u00f3n mejorados&comma; con hasta 90 vatios de PoE++ (modelos de 10 y 18 puertos)<\/li>\n<li style='margin-bottom: 5px;'>Construya una red resistente con la capacidad de apilar m\u00faltiples unidades usando VCStack<sup>TM<\/sup><\/li>\n<li style='margin-bottom: 5px;'>Ampliar el alcance de la red en entornos distribuidos mediante el apilamiento de larga distancia<\/li>\n<li style='margin-bottom: 5px;'>Reduzca los costes y automatice la gesti\u00f3n de la red con el Autonomous Management Framework<sup>TM<\/sup> (AMF)<\/li>\n<\/ul><\/div>\n<div style='flex: 1 1 300px; min-width: 280px;'>\n<h3 style='font-size: 22px; border-bottom: 2px solid currentColor; padding-bottom: 5px; margin-top: 0; color: inherit; opacity: 0.8;'>Caracter\u00edsticas clave<\/h3>\n<ul style='padding-left: 20px; font-size: 15px; color: inherit; list-style-type: disc;'>\n<li style='margin-bottom: 5px; margin-top: 5px;'>Sistema operativo de clase Enterprise AlliedWare Plus<sup>TM<\/sup><\/li>\n<li style='margin-bottom: 5px;'>Puertos multi-Gigabit con PoE+\/PoE++ para una conectividad de punto final flexible<\/li>\n<li style='margin-bottom: 5px;'>PoE continuo maximiza la conectividad de los puntos finales<\/li>\n<li style='margin-bottom: 5px;'>Active Fiber Monitoring<sup>TM<\/sup> (AFM) para redes de fibra seguras<\/li>\n<li style='margin-bottom: 5px;'>EPSRing<sup>TM<\/sup> para redes de anillo resistente de falla r\u00e1pida<\/li>\n<\/ul><\/div>\n<div style='flex: 1 1 300px; min-width: 280px;'>\n<h3 style='font-size: 22px; border-bottom: 2px solid currentColor; padding-bottom: 5px; margin-top: 0; color: inherit; opacity: 0.8;'>Certificaciones y cumplimiento<\/h3>\n<div style='display: flex; flex-wrap: wrap; gap: 15px; align-items: center; margin-top: 15px;'>\n<div style='flex: 1 1 80px; min-width: 80px;'> <!-- Espacio reservado para imagen de certificaci\u00f3n --> <\/p>\n<div style='width: 100%; height: 80px; border: 1px solid rgba(150&comma;150&comma;150&comma;0.3); border-radius: 8px; display: flex; align-items: center; justify-content: center; color: inherit; font-size: 12px; text-align: center;'> Imagen de certificaci\u00f3n <\/div>\n<\/p><\/div>\n<div style='flex: 1 1 200px; min-width: 200px;'>\n<h4 style='font-size: 18px; margin-top: 0; margin-bottom: 10px; color: inherit;'>Listo para IPv6<\/h4>\n<p style='font-size: 14px; margin: 0; color: inherit;'> Dirigida por el Foro IPv6&comma; la certificaci\u00f3n IPv6 Ready demuestra la conformidad con los est\u00e1ndares IPv6 y valida la interoperabilidad de los productos IPv6. <\/p>\n<\/p><\/div>\n<\/p><\/div>\n<\/p><\/div>\n<\/p><\/div>\n<p> <!-- Separador --> <\/p>\n<hr style='border: 0; border-top: 1px solid rgba(150&comma; 150&comma; 150&comma; 0.3); margin: 30px 0;'> <\/div>\n","protected":false},"excerpt":{"rendered":"<p>Switch L3 Stackable, 40x 10\/100\/1000-T PoE+ , 8x 100M\/1G\/2.5G\/5G-T PoE+, 4x SFP+ Ports, 370W<\/p>\n","protected":false},"featured_media":90590,"comment_status":"open","ping_status":"closed","template":"","meta":[],"product_brand":[],"product_cat":[1986],"product_tag":[1995,664,1987],"class_list":{"0":"post-90591","1":"product","2":"type-product","3":"status-publish","4":"has-post-thumbnail","6":"product_cat-switches-poe","7":"product_tag-allied-telesis","8":"product_tag-networking","9":"product_tag-switches-poe","11":"first","12":"instock","13":"sale","14":"shipping-taxable","15":"purchasable","16":"product-type-simple"},"_links":{"self":[{"href":"https:\/\/soydeaqui.ddns.net\/pachuca\/index.php\/wp-json\/wp\/v2\/product\/90591","targetHints":{"allow":["GET"]}}],"collection":[{"href":"https:\/\/soydeaqui.ddns.net\/pachuca\/index.php\/wp-json\/wp\/v2\/product"}],"about":[{"href":"https:\/\/soydeaqui.ddns.net\/pachuca\/index.php\/wp-json\/wp\/v2\/types\/product"}],"replies":[{"embeddable":true,"href":"https:\/\/soydeaqui.ddns.net\/pachuca\/index.php\/wp-json\/wp\/v2\/comments?post=90591"}],"wp:featuredmedia":[{"embeddable":true,"href":"https:\/\/soydeaqui.ddns.net\/pachuca\/index.php\/wp-json\/wp\/v2\/media\/90590"}],"wp:attachment":[{"href":"https:\/\/soydeaqui.ddns.net\/pachuca\/index.php\/wp-json\/wp\/v2\/media?parent=90591"}],"wp:term":[{"taxonomy":"product_brand","embeddable":true,"href":"https:\/\/soydeaqui.ddns.net\/pachuca\/index.php\/wp-json\/wp\/v2\/product_brand?post=90591"},{"taxonomy":"product_cat","embeddable":true,"href":"https:\/\/soydeaqui.ddns.net\/pachuca\/index.php\/wp-json\/wp\/v2\/product_cat?post=90591"},{"taxonomy":"product_tag","embeddable":true,"href":"https:\/\/soydeaqui.ddns.net\/pachuca\/index.php\/wp-json\/wp\/v2\/product_tag?post=90591"}],"curies":[{"name":"wp","href":"https:\/\/api.w.org\/{rel}","templated":true}]}}