{"id":90552,"date":"2026-03-20T03:48:04","date_gmt":"2026-03-20T03:48:04","guid":{"rendered":"https:\/\/soydeaqui.ddns.net\/pachuca\/index.php\/producto\/adaptador-de-red-ethernet-usb-3-0-a-rj45-10-100-1000mbps\/"},"modified":"2026-03-20T03:48:11","modified_gmt":"2026-03-20T03:48:11","slug":"adaptador-de-red-ethernet-usb-3-0-a-rj45-10-100-1000mbps","status":"publish","type":"product","link":"https:\/\/soydeaqui.ddns.net\/pachuca\/index.php\/producto\/adaptador-de-red-ethernet-usb-3-0-a-rj45-10-100-1000mbps\/","title":{"rendered":"Adaptador de red Ethernet USB 3.0 a RJ45 10\/100\/1000Mbps"},"content":{"rendered":"<div style='width: 100%; max-width: 1200px; margin: 0 auto; font-family: sans-serif; line-height: 1.6; color: inherit; background-color: transparent;'> <!-- Imagen principal --> <\/p>\n<div style='width: 100%; margin-bottom: 30px;'> <img style='width: 100%; height: auto; border: 1px solid rgba(150&comma;150&comma;150&comma;0.3); border-radius: 8px;' src='https:\/\/ftp3.syscom.mx\/usuarios\/fotos\/UE330\/216475-captura_de_pantalla_2024-11-21_a_la(s)_8.36.57%E2%80%AFa.m..png' alt='Adaptador de red Ethernet USB 3.0 a RJ45 10\/100\/1000Mbps'> <\/div>\n<p> <!-- Secci\u00f3n 1 --> <\/p>\n<div style='display: flex; flex-direction: column; align-items: center; text-align: center; margin-bottom: 40px;'>\n<h2 style='font-size: 24px; color: inherit; margin-bottom: 15px;'>Desplegable y listo para usar.<\/h2>\n<p style='font-size: 18px; color: inherit; opacity: 0.8; max-width: 800px;'>No m\u00e1s instalaci\u00f3n de controladores&comma; plug and Play que permite al usuario utilizarlo simplemente contect\u00e1ndolo.<\/p>\n<p> <img style='width: 100%; max-width: 800px; height: auto; border: 1px solid rgba(150&comma;150&comma;150&comma;0.3); border-radius: 8px; margin-top: 20px;' src='https:\/\/ftp3.syscom.mx\/usuarios\/fotos\/UE330\/216475-captura_de_pantalla_2024-11-21_a_la(s)_8.39.59%E2%80%AFa.m..png' alt='Plug and Play'> <\/div>\n<p> <!-- Secci\u00f3n 2 --> <\/p>\n<div style='display: flex; flex-direction: column; align-items: center; text-align: center; margin-bottom: 40px;'>\n<h2 style='font-size: 24px; color: inherit; margin-bottom: 15px;'>Conectar y usar.<\/h2>\n<p style='font-size: 18px; color: inherit; opacity: 0.8; max-width: 800px;'>Instalaci\u00f3n gratuita de controladores para diferentes sistemas operativos.<\/p>\n<p> <img style='width: 100%; max-width: 800px; height: auto; border: 1px solid rgba(150&comma;150&comma;150&comma;0.3); border-radius: 8px; margin-top: 20px;' src='https:\/\/ftp3.syscom.mx\/usuarios\/fotos\/UE330\/216475-captura_de_pantalla_2024-11-21_a_la(s)_8.37.13%E2%80%AFa.m..png' alt='Instalaci\u00f3n de controladores'> <\/div>\n<p> <!-- Secci\u00f3n 3 --> <\/p>\n<div style='display: flex; flex-direction: column; align-items: center; text-align: center; margin-bottom: 40px;'>\n<h2 style='font-size: 24px; color: inherit; margin-bottom: 15px;'>Transferencia de datos estables y mayor seguridad.<\/h2>\n<p style='font-size: 18px; color: inherit; opacity: 0.8; max-width: 800px;'>El UE330 proporciona una velocidad de transferencia de datos m\u00e1s segura y confiable al utilizar el puerto Ethernet 10\/100\/1000 Mbps y 3 puertos USB 3.0<\/p>\n<p> <img style='width: 100%; max-width: 800px; height: auto; border: 1px solid rgba(150&comma;150&comma;150&comma;0.3); border-radius: 8px; margin-top: 20px;' src='https:\/\/ftp3.syscom.mx\/usuarios\/fotos\/UE300\/189877-captura_de_pantalla_2024-11-20_a_la(s)_4.25.21%E2%80%AFp.m..png' alt='Transferencia de datos'> <\/div>\n<p> <!-- Separador --> <\/p>\n<hr style='border: 0; border-top: 1px solid rgba(150&comma; 150&comma; 150&comma; 0.3); margin: 40px 0;'> <!-- Especificaciones --> <\/p>\n<div style='margin-bottom: 40px;'>\n<h3 style='font-size: 22px; border-bottom: 2px solid currentColor; padding-bottom: 5px; margin-top: 0; color: inherit; opacity: 0.8;'>Especificaciones<\/h3>\n<ul style='padding-left: 20px; font-size: 15px; color: inherit; list-style-type: disc;'>\n<li style='margin-bottom: 5px;'><strong>Dimensiones:<\/strong> 96 x 23 x 31 mm.<\/li>\n<li style='margin-bottom: 5px;'><strong>Interface de salida:<\/strong> (1) Ethernet RJ45 10\/100\/1000 Mbps.<\/li>\n<li style='margin-bottom: 5px;'><strong>Interface de entrada:<\/strong> (3) Puerto USB 3.0<\/li>\n<li style='margin-bottom: 5px;'><strong>Conjunto de chips:<\/strong> RTL8153<\/li>\n<li style='margin-bottom: 5px;'><strong>Sistemas Soportados:<\/strong> Windows 11\/10\/8.1\/7&comma; Mac OS&comma; Linux (Ubuntu)&comma; Chrome OS<\/li>\n<\/ul><\/div>\n<p> <!-- Otros --> <\/p>\n<div>\n<h3 style='font-size: 22px; border-bottom: 2px solid currentColor; padding-bottom: 5px; margin-top: 0; color: inherit; opacity: 0.8;'>Otros<\/h3>\n<ul style='padding-left: 20px; font-size: 15px; color: inherit; list-style-type: disc;'>\n<li style='margin-bottom: 5px;'><strong>Contenido del Paquete:<\/strong> Adaptador de red Ethernet 10\/100\/1000 Mbps &#8211; 3 USB 3.0&comma; Gu\u00eda de Usuario\/Garant\u00eda<\/li>\n<\/ul><\/div>\n<\/p><\/div>\n","protected":false},"excerpt":{"rendered":"<p>Adaptador de red Ethernet USB 3.0 a RJ45 10\/100\/1000Mbps<\/p>\n","protected":false},"featured_media":90551,"comment_status":"open","ping_status":"closed","template":"","meta":[],"product_brand":[],"product_cat":[2054],"product_tag":[93,2055,71],"class_list":{"0":"post-90552","1":"product","2":"type-product","3":"status-publish","4":"has-post-thumbnail","6":"product_cat-accesorios-equipo-de-computo","7":"product_tag-accesorios","8":"product_tag-equipo-de-computo","9":"product_tag-tp-link","11":"first","12":"instock","13":"sale","14":"shipping-taxable","15":"purchasable","16":"product-type-simple"},"_links":{"self":[{"href":"https:\/\/soydeaqui.ddns.net\/pachuca\/index.php\/wp-json\/wp\/v2\/product\/90552","targetHints":{"allow":["GET"]}}],"collection":[{"href":"https:\/\/soydeaqui.ddns.net\/pachuca\/index.php\/wp-json\/wp\/v2\/product"}],"about":[{"href":"https:\/\/soydeaqui.ddns.net\/pachuca\/index.php\/wp-json\/wp\/v2\/types\/product"}],"replies":[{"embeddable":true,"href":"https:\/\/soydeaqui.ddns.net\/pachuca\/index.php\/wp-json\/wp\/v2\/comments?post=90552"}],"wp:featuredmedia":[{"embeddable":true,"href":"https:\/\/soydeaqui.ddns.net\/pachuca\/index.php\/wp-json\/wp\/v2\/media\/90551"}],"wp:attachment":[{"href":"https:\/\/soydeaqui.ddns.net\/pachuca\/index.php\/wp-json\/wp\/v2\/media?parent=90552"}],"wp:term":[{"taxonomy":"product_brand","embeddable":true,"href":"https:\/\/soydeaqui.ddns.net\/pachuca\/index.php\/wp-json\/wp\/v2\/product_brand?post=90552"},{"taxonomy":"product_cat","embeddable":true,"href":"https:\/\/soydeaqui.ddns.net\/pachuca\/index.php\/wp-json\/wp\/v2\/product_cat?post=90552"},{"taxonomy":"product_tag","embeddable":true,"href":"https:\/\/soydeaqui.ddns.net\/pachuca\/index.php\/wp-json\/wp\/v2\/product_tag?post=90552"}],"curies":[{"name":"wp","href":"https:\/\/api.w.org\/{rel}","templated":true}]}}