{"id":90534,"date":"2026-03-20T03:47:12","date_gmt":"2026-03-20T03:47:12","guid":{"rendered":"https:\/\/soydeaqui.ddns.net\/pachuca\/index.php\/producto\/microfono-de-mesa-para-conferencia-poe-conexion-ip-dante-6-patrones-de-directividad-para-sistema-de-conferencia-adecia-color-negro\/"},"modified":"2026-03-20T03:47:23","modified_gmt":"2026-03-20T03:47:23","slug":"microfono-de-mesa-para-conferencia-poe-conexion-ip-dante-6-patrones-de-directividad-para-sistema-de-conferencia-adecia-color-negro","status":"publish","type":"product","link":"https:\/\/soydeaqui.ddns.net\/pachuca\/index.php\/producto\/microfono-de-mesa-para-conferencia-poe-conexion-ip-dante-6-patrones-de-directividad-para-sistema-de-conferencia-adecia-color-negro\/","title":{"rendered":"Micr\u00f3fono de Mesa para Conferencia | PoE | Conexi\u00f3n IP Dante | 6 Patrones de Directividad | Para sistema de Conferencia Adecia | Color Negro"},"content":{"rendered":"<div style='width: 100%; max-width: 1200px; margin: 0 auto; font-family: sans-serif; line-height: 1.6; color: inherit; background-color: transparent;'> <!-- Secci\u00f3n de logos --> <\/p>\n<div style='display: flex; flex-wrap: wrap; justify-content: center; gap: 20px; margin-bottom: 30px;'> <img style='width: 40%; border: 1px solid rgba(150&comma;150&comma;150&comma;0.3); border-radius: 8px;' src='https:\/\/ftp3.syscom.mx\/usuarios\/luis.vargas\/YAMAHA\/Yamaha_logo.png' alt='Logo Yamaha'> <img style='width: 100%; border: 1px solid rgba(150&comma;150&comma;150&comma;0.3); border-radius: 8px;' src='https:\/\/ftp3.syscom.mx\/usuarios\/luis.vargas\/YAMAHA\/Linea.PNG' alt='L\u00ednea Yamaha'> <\/div>\n<p> <!-- Imagen principal --> <\/p>\n<div style='margin-bottom: 30px;'> <img style='width: 100%; height: auto; border: 1px solid rgba(150&comma;150&comma;150&comma;0.3); border-radius: 8px;' src='https:\/\/ftp3.syscom.mx\/usuarios\/luis.vargas\/YAMAHA\/RMTT\/RMTT-baner.jpg' alt='Micr\u00f3fono RMTTBL'> <\/div>\n<p> <!-- Secci\u00f3n de descripci\u00f3n --> <\/p>\n<div style='display: flex; flex-wrap: wrap; gap: 30px; margin-bottom: 30px;'>\n<div style='flex: 1 1 300px; min-width: 280px;'>\n<h3 style='font-size: 22px; border-bottom: 2px solid currentColor; padding-bottom: 5px; margin-top: 0; color: inherit; opacity: 0.8;'>Un procesador de se\u00f1ales como centro neur\u00e1lgico de ADECIA<\/h3>\n<p style='font-size: 15px; color: inherit;'> Los procesadores de conferencias remotas resuelven f\u00e1cilmente varios problemas complejos relacionados con el cableado&comma; el establecimiento de entornos de red y la optimizaci\u00f3n de la ac\u00fastica para el entorno de cada sala. Las seis opciones de direcci\u00f3n del micr\u00f3fono permiten personalizar la soluci\u00f3n seg\u00fan el caso de uso y el n\u00famero de participantes: omnidireccional&comma; toroidal&comma; cardioide&comma; supercardioide&comma; hipercardioide y bidireccional. <\/p>\n<\/p><\/div>\n<\/p><\/div>\n<p> <!-- Secci\u00f3n de producto --> <\/p>\n<div style='display: flex; flex-wrap: wrap; gap: 30px; margin-bottom: 30px;'>\n<div style='flex: 1 1 300px; min-width: 280px;'>\n<h3 style='font-size: 22px; border-bottom: 2px solid currentColor; padding-bottom: 5px; margin-top: 0; color: inherit; opacity: 0.8;'>RM-CG<\/h3>\n<p style='font-size: 15px; color: inherit;'> Micr\u00f3fono de sobremesa. Compatibilidad con audio de red est\u00e1ndar para Dante: todos los dispositivos compatibles se pueden conectar con un solo cable de red&comma; adem\u00e1s de recibir alimentaci\u00f3n a trav\u00e9s del m\u00e9todo PoE&comma; cuenta con reconocimiento autom\u00e1tico de los dispositivos conectados en la misma red&comma; lo que facilita el direccionamiento de audio. Logra una calidad de sonido c\u00f3moda al hacer un uso completo del cancelador de eco adaptativo&comma; el control autom\u00e1tico de ganancia&comma; la reducci\u00f3n de ruido y la supresi\u00f3n de reverberaci\u00f3n. <\/p>\n<\/p><\/div>\n<div style='flex: 1 1 300px; min-width: 280px;'> <img style='width: 100%; height: auto; border: 1px solid rgba(150&comma;150&comma;150&comma;0.3); border-radius: 8px;' src='https:\/\/ftp3.syscom.mx\/usuarios\/luis.vargas\/YAMAHA\/RMTT\/RMTT-direccion.JPG' alt='Direcci\u00f3n del micr\u00f3fono'> <\/div>\n<\/p><\/div>\n<p> <!-- Secci\u00f3n de especificaciones --> <\/p>\n<div style='display: flex; flex-wrap: wrap; gap: 20px; margin-bottom: 30px;'>\n<div style='flex: 1 1 250px; border: 1px solid rgba(150&comma; 150&comma; 150&comma; 0.4); border-radius: 8px; overflow: hidden; display: flex; flex-direction: column;'>\n<div style='padding: 15px; border-bottom: 1px solid rgba(150&comma; 150&comma; 150&comma; 0.2); font-weight: bold; font-size: 18px; color: inherit;'>Caracter\u00edsticas Generales<\/div>\n<div style='padding: 15px; color: inherit;'>\n<ul style='padding-left: 20px; margin: 0; font-size: 14px; list-style-type: disc;'>\n<li style='margin-bottom: 5px;'><strong>Tipo:<\/strong> Micr\u00f3fono de sobremesa<\/li>\n<li style='margin-bottom: 5px;'><strong>Alimentaci\u00f3n:<\/strong> PoE<\/li>\n<li style='margin-bottom: 5px;'><strong>Consumo:<\/strong> 4.5 W<\/li>\n<li style='margin-bottom: 5px;'><strong>Respuesta de frecuencia:<\/strong> 160 Hz-16kHz<\/li>\n<li style='margin-bottom: 5px;'><strong>Indicador:<\/strong> Silencio&comma; status y network port<\/li>\n<li style='margin-bottom: 5px;'><strong>Cable requerido:<\/strong> Cat 5e o superior<\/li>\n<li style='margin-bottom: 5px;'><strong>Conectores:<\/strong> RJ45<\/li>\n<\/ul><\/div>\n<\/p><\/div>\n<div style='flex: 1 1 250px; border: 1px solid rgba(150&comma; 150&comma; 150&comma; 0.4); border-radius: 8px; overflow: hidden; display: flex; flex-direction: column;'>\n<div style='padding: 15px; border-bottom: 1px solid rgba(150&comma; 150&comma; 150&comma; 0.2); font-weight: bold; font-size: 18px; color: inherit;'>Especificaciones T\u00e9cnicas<\/div>\n<div style='padding: 15px; color: inherit;'>\n<ul style='padding-left: 20px; margin: 0; font-size: 14px; list-style-type: disc;'>\n<li style='margin-bottom: 5px;'><strong>Peso:<\/strong> 310g<\/li>\n<li style='margin-bottom: 5px;'><strong>Tasa de muestreo:<\/strong> 48kHz<\/li>\n<li style='margin-bottom: 5px;'><strong>Profundidad de bit:<\/strong> 24 bit<\/li>\n<li style='margin-bottom: 5px;'><strong>Latencia:<\/strong> 46ms<\/li>\n<li style='margin-bottom: 5px;'><strong>Dimensiones:<\/strong> 140mm x 140mm x 41.5mm<\/li>\n<li style='margin-bottom: 5px;'><strong>Color:<\/strong> Negro<\/li>\n<\/ul><\/div>\n<\/p><\/div>\n<\/p><\/div>\n<p> <!-- Secci\u00f3n de videos --> <\/p>\n<div style='margin-bottom: 30px;'>\n<h3 style='font-size: 22px; border-bottom: 2px solid currentColor; padding-bottom: 5px; margin-top: 0; color: inherit; opacity: 0.8; margin-bottom: 20px;'>Videos<\/h3>\n<div style='display: grid; grid-template-columns: repeat(auto-fit&comma; minmax(300px&comma; 1fr)); gap: 20px;'>\n<div style='position: relative; padding-bottom: 56.25%; height: 0; overflow: hidden;'>   <\/div>\n<div style='position: relative; padding-bottom: 56.25%; height: 0; overflow: hidden;'>   <\/div>\n<div style='position: relative; padding-bottom: 56.25%; height: 0; overflow: hidden;'>   <\/div>\n<\/p><\/div>\n<\/p><\/div>\n<p> <!-- Imagen posicional --> <\/p>\n<div style='margin-bottom: 30px;'> <img style='width: 100%; height: auto; border: 1px solid rgba(150&comma;150&comma;150&comma;0.3); border-radius: 8px;' src='https:\/\/ftp3.syscom.mx\/usuarios\/luis.vargas\/YAMAHA\/RMTT\/RMTT-posicion.JPG' alt='Posici\u00f3n del micr\u00f3fono'> <\/div>\n<\/p><\/div>\n","protected":false},"excerpt":{"rendered":"<p>Micr\u00f3fono de Mesa para Conferencia | PoE | Conexi\u00f3n IP Dante | 6 Patrones de Directividad | Para sistema de Conferencia Adecia | Color Negro<\/p>\n","protected":false},"featured_media":90533,"comment_status":"open","ping_status":"closed","template":"","meta":[],"product_brand":[],"product_cat":[2048],"product_tag":[2049,2004,2128],"class_list":{"0":"post-90534","1":"product","2":"type-product","3":"status-publish","4":"has-post-thumbnail","6":"product_cat-audio-video-conferencia","7":"product_tag-audio-video-conferencia","8":"product_tag-voip-telefonia-ip-videoconferencia","9":"product_tag-yamaha","11":"first","12":"outofstock","13":"sale","14":"shipping-taxable","15":"purchasable","16":"product-type-simple"},"_links":{"self":[{"href":"https:\/\/soydeaqui.ddns.net\/pachuca\/index.php\/wp-json\/wp\/v2\/product\/90534","targetHints":{"allow":["GET"]}}],"collection":[{"href":"https:\/\/soydeaqui.ddns.net\/pachuca\/index.php\/wp-json\/wp\/v2\/product"}],"about":[{"href":"https:\/\/soydeaqui.ddns.net\/pachuca\/index.php\/wp-json\/wp\/v2\/types\/product"}],"replies":[{"embeddable":true,"href":"https:\/\/soydeaqui.ddns.net\/pachuca\/index.php\/wp-json\/wp\/v2\/comments?post=90534"}],"wp:featuredmedia":[{"embeddable":true,"href":"https:\/\/soydeaqui.ddns.net\/pachuca\/index.php\/wp-json\/wp\/v2\/media\/90533"}],"wp:attachment":[{"href":"https:\/\/soydeaqui.ddns.net\/pachuca\/index.php\/wp-json\/wp\/v2\/media?parent=90534"}],"wp:term":[{"taxonomy":"product_brand","embeddable":true,"href":"https:\/\/soydeaqui.ddns.net\/pachuca\/index.php\/wp-json\/wp\/v2\/product_brand?post=90534"},{"taxonomy":"product_cat","embeddable":true,"href":"https:\/\/soydeaqui.ddns.net\/pachuca\/index.php\/wp-json\/wp\/v2\/product_cat?post=90534"},{"taxonomy":"product_tag","embeddable":true,"href":"https:\/\/soydeaqui.ddns.net\/pachuca\/index.php\/wp-json\/wp\/v2\/product_tag?post=90534"}],"curies":[{"name":"wp","href":"https:\/\/api.w.org\/{rel}","templated":true}]}}