{"id":90522,"date":"2026-03-20T03:46:34","date_gmt":"2026-03-20T03:46:34","guid":{"rendered":"https:\/\/soydeaqui.ddns.net\/pachuca\/index.php\/producto\/antena-direccional-tipo-plato-de-25-dbi-rango-de-frecuencia-de-5-150-a-7-125-ghz-mimo-2x2-para-climas-hostiles-ip67\/"},"modified":"2026-03-20T03:46:48","modified_gmt":"2026-03-20T03:46:48","slug":"antena-direccional-tipo-plato-de-25-dbi-rango-de-frecuencia-de-5-150-a-7-125-ghz-mimo-2x2-para-climas-hostiles-ip67","status":"publish","type":"product","link":"https:\/\/soydeaqui.ddns.net\/pachuca\/index.php\/producto\/antena-direccional-tipo-plato-de-25-dbi-rango-de-frecuencia-de-5-150-a-7-125-ghz-mimo-2x2-para-climas-hostiles-ip67\/","title":{"rendered":"Antena direccional tipo plato de 25 dBi \/ Rango de frecuencia de 5.150 a 7.125 GHz \/ MIMO 2X2 \/ Para climas Hostiles IP67"},"content":{"rendered":"<div style='width: 100%; max-width: 1200px; margin: 0 auto; font-family: sans-serif; line-height: 1.6; color: inherit; background-color: transparent;'> <!-- Header con logo y t\u00edtulo --> <\/p>\n<div style='text-align: center; padding: 30px 10px; border-bottom: 2px solid rgba(128&comma; 128&comma; 128&comma; 0.2); margin-bottom: 30px;'> <img style='width: 250px; height: auto; border: none; margin-bottom: 15px;' src='http:\/\/ftp3.syscom.mx\/usuarios\/hortega\/Cambium\/cambium-networks-logo.png' alt='Cambium Networks'> <\/p>\n<h1 style='font-size: 28px; font-weight: bold; margin: 0; color: inherit; opacity: 0.9;'>ePMP\u2122 6 GHz 2&#215;2 25 dBi Dish Antenna<\/h1>\n<p style='font-size: 16px; opacity: 0.8; margin-top: 5px;'>Dise\u00f1o de alta precisi\u00f3n para espectro de 6 GHz<\/p>\n<\/p><\/div>\n<p> <!-- Caracter\u00edsticas principales --> <\/p>\n<div style='display: flex; flex-wrap: wrap; gap: 15px; margin-bottom: 35px; justify-content: center;'>\n<div style='flex: 1 1 180px; min-width: 180px; background: rgba(0&comma; 85&comma; 149&comma; 0.05); padding: 20px; border-radius: 10px; text-align: center; border: 1px solid rgba(0&comma; 85&comma; 149&comma; 0.2);'> <span style='display: block; font-size: 22px; font-weight: bold; color: inherit; opacity: 0.9;'>25 dBi<\/span> <span style='font-size: 13px; opacity: 0.8;'>Ganancia Nominal<\/span> <\/div>\n<div style='flex: 1 1 180px; min-width: 180px; background: rgba(0&comma; 85&comma; 149&comma; 0.05); padding: 20px; border-radius: 10px; text-align: center; border: 1px solid rgba(0&comma; 85&comma; 149&comma; 0.2);'> <span style='display: block; font-size: 22px; font-weight: bold; color: inherit; opacity: 0.9;'>5.1 &#8211; 7.1 GHz<\/span> <span style='font-size: 13px; opacity: 0.8;'>Rango Extendido<\/span> <\/div>\n<div style='flex: 1 1 180px; min-width: 180px; background: rgba(0&comma; 85&comma; 149&comma; 0.05); padding: 20px; border-radius: 10px; text-align: center; border: 1px solid rgba(0&comma; 85&comma; 149&comma; 0.2);'> <span style='display: block; font-size: 22px; font-weight: bold; color: inherit; opacity: 0.9;'>IP67<\/span> <span style='font-size: 13px; opacity: 0.8;'>Grado de Protecci\u00f3n<\/span> <\/div>\n<div style='flex: 1 1 180px; min-width: 180px; background: rgba(0&comma; 85&comma; 149&comma; 0.05); padding: 20px; border-radius: 10px; text-align: center; border: 1px solid rgba(0&comma; 85&comma; 149&comma; 0.2);'> <span style='display: block; font-size: 22px; font-weight: bold; color: inherit; opacity: 0.9;'>2&#215;2<\/span> <span style='font-size: 13px; opacity: 0.8;'>MIMO Dual-Pol<\/span> <\/div>\n<\/p><\/div>\n<p> <!-- Secci\u00f3n de rendimiento --> <\/p>\n<div style='display: flex; flex-wrap: wrap; gap: 30px; margin-bottom: 40px;'>\n<div style='flex: 1 1 300px; min-width: 300px;'>\n<h2 style='font-size: 20px; color: inherit; margin-bottom: 15px; border-left: 4px solid currentColor; padding-left: 15px; opacity: 0.9;'>Rendimiento Superior<\/h2>\n<p style='text-align: justify; font-size: 15px; opacity: 0.9;'>Ingenierizada espec\u00edficamente para la banda de 6 GHz&comma; esta antena enfoca la mayor ganancia en el haz principal minimizando los l\u00f3bulos laterales. Es la soluci\u00f3n ideal para enlaces de largo alcance que requieren estabilidad frente a interferencias.<\/p>\n<ul style='padding-left: 20px; font-size: 14px; opacity: 0.9; list-style-type: disc;'>\n<li style='margin-bottom: 5px;'>Compatible con <strong>Force 4600C<\/strong>.<\/li>\n<li style='margin-bottom: 5px;'>Construcci\u00f3n de acero con acabado en pintura en polvo.<\/li>\n<li style='margin-bottom: 5px;'>Kit de montaje y cables incluidos.<\/li>\n<\/ul><\/div>\n<div style='flex: 1 1 300px; min-width: 300px; text-align: center;'> <img style='width: 100%; height: auto; border: 1px solid rgba(150&comma;150&comma;150&comma;0.3); border-radius: 8px; max-width: 300px;' src='https:\/\/ftp3.syscom.mx\/usuarios\/fotos\/C060900D021A\/216408-captura_de_pantalla_2026-01-15_a_la_s__1.59.33_p.m.-removebg-preview.png' alt=''> <\/div>\n<\/p><\/div>\n<p> <!-- Secci\u00f3n de especificaciones --> <\/p>\n<div style='background: rgba(128&comma; 128&comma; 128&comma; 0.03); border-radius: 12px; border: 1px solid rgba(128&comma; 128&comma; 128&comma; 0.15); overflow: hidden;'>\n<div style='background: rgba(0&comma; 85&comma; 149&comma; 0.9); color: #ffffff; padding: 12px 20px; font-weight: bold; font-size: 16px;'>Especificaciones T\u00e9cnicas<\/div>\n<table style='width: 100%; border-collapse: collapse; font-size: 14px;'>\n<tbody>\n<tr style='border-bottom: 1px solid rgba(128&comma; 128&comma; 128&comma; 0.1);'>\n<td style='padding: 12px 20px; font-weight: bold; width: 40%; background: rgba(128&comma; 128&comma; 128&comma; 0.05);'>Conectores<\/td>\n<td style='padding: 12px 20px;'>2 x SMA Hembra Inverso (RP-SMA)<\/td>\n<\/tr>\n<tr style='border-bottom: 1px solid rgba(128&comma; 128&comma; 128&comma; 0.1);'>\n<td style='padding: 12px 20px; font-weight: bold; background: rgba(128&comma; 128&comma; 128&comma; 0.05);'>Relaci\u00f3n Frente-Atr\u00e1s<\/td>\n<td style='padding: 12px 20px;'>> 35 dB<\/td>\n<\/tr>\n<tr style='border-bottom: 1px solid rgba(128&comma; 128&comma; 128&comma; 0.1);'>\n<td style='padding: 12px 20px; font-weight: bold; background: rgba(128&comma; 128&comma; 128&comma; 0.05);'>Ancho de Haz (3dB)<\/td>\n<td style='padding: 12px 20px;'>7\u00b0 Azimuth \/ 7\u00b0 Elevaci\u00f3n<\/td>\n<\/tr>\n<tr style='border-bottom: 1px solid rgba(128&comma; 128&comma; 128&comma; 0.1);'>\n<td style='padding: 12px 20px; font-weight: bold; background: rgba(128&comma; 128&comma; 128&comma; 0.05);'>Resistencia al Viento<\/td>\n<td style='padding: 12px 20px;'>Hasta 200 km\/h (124 mph)<\/td>\n<\/tr>\n<tr>\n<td style='padding: 12px 20px; font-weight: bold; background: rgba(128&comma; 128&comma; 128&comma; 0.05);'>Dimensiones<\/td>\n<td style='padding: 12px 20px;'>470 mm de di\u00e1metro (18.5 in)<\/td>\n<\/tr>\n<\/tbody>\n<\/table><\/div>\n<p> <!-- Nota final --> <\/p>\n<div style='text-align: center; margin-top: 30px; padding: 20px; opacity: 0.6; font-size: 12px;'> *Aumente la ganancia hasta 28 dBi utilizando el extensor de rango opcional. <\/div>\n<\/p><\/div>\n","protected":false},"excerpt":{"rendered":"<p>Antena direccional tipo plato de 25 dBi \/ Rango de frecuencia de 5.150 a 7.125 GHz \/ MIMO 2X2 \/ Para climas Hostiles IP67<\/p>\n","protected":false},"featured_media":90521,"comment_status":"open","ping_status":"closed","template":"","meta":[],"product_brand":[],"product_cat":[1918],"product_tag":[1404,1316,1919],"class_list":{"0":"post-90522","1":"product","2":"type-product","3":"status-publish","4":"has-post-thumbnail","6":"product_cat-direccionales","7":"product_tag-antenas","8":"product_tag-cambium-networks","9":"product_tag-direccionales","11":"first","12":"outofstock","13":"sale","14":"shipping-taxable","15":"purchasable","16":"product-type-simple"},"_links":{"self":[{"href":"https:\/\/soydeaqui.ddns.net\/pachuca\/index.php\/wp-json\/wp\/v2\/product\/90522","targetHints":{"allow":["GET"]}}],"collection":[{"href":"https:\/\/soydeaqui.ddns.net\/pachuca\/index.php\/wp-json\/wp\/v2\/product"}],"about":[{"href":"https:\/\/soydeaqui.ddns.net\/pachuca\/index.php\/wp-json\/wp\/v2\/types\/product"}],"replies":[{"embeddable":true,"href":"https:\/\/soydeaqui.ddns.net\/pachuca\/index.php\/wp-json\/wp\/v2\/comments?post=90522"}],"wp:featuredmedia":[{"embeddable":true,"href":"https:\/\/soydeaqui.ddns.net\/pachuca\/index.php\/wp-json\/wp\/v2\/media\/90521"}],"wp:attachment":[{"href":"https:\/\/soydeaqui.ddns.net\/pachuca\/index.php\/wp-json\/wp\/v2\/media?parent=90522"}],"wp:term":[{"taxonomy":"product_brand","embeddable":true,"href":"https:\/\/soydeaqui.ddns.net\/pachuca\/index.php\/wp-json\/wp\/v2\/product_brand?post=90522"},{"taxonomy":"product_cat","embeddable":true,"href":"https:\/\/soydeaqui.ddns.net\/pachuca\/index.php\/wp-json\/wp\/v2\/product_cat?post=90522"},{"taxonomy":"product_tag","embeddable":true,"href":"https:\/\/soydeaqui.ddns.net\/pachuca\/index.php\/wp-json\/wp\/v2\/product_tag?post=90522"}],"curies":[{"name":"wp","href":"https:\/\/api.w.org\/{rel}","templated":true}]}}