{"id":90479,"date":"2026-03-20T03:44:40","date_gmt":"2026-03-20T03:44:40","guid":{"rendered":"https:\/\/soydeaqui.ddns.net\/pachuca\/index.php\/producto\/amplificador-de-zona-integrado-freespace-1x90w-70-100v\/"},"modified":"2026-03-20T03:44:49","modified_gmt":"2026-03-20T03:44:49","slug":"amplificador-de-zona-integrado-freespace-1x90w-70-100v","status":"publish","type":"product","link":"https:\/\/soydeaqui.ddns.net\/pachuca\/index.php\/producto\/amplificador-de-zona-integrado-freespace-1x90w-70-100v\/","title":{"rendered":"Amplificador de zona integrado | FreeSpace | 1x90W | 70\/100V"},"content":{"rendered":"<div style='width: 100%; max-width: 1200px; margin: 0 auto; font-family: sans-serif; line-height: 1.6; color: inherit; background-color: transparent;'> <!-- Logo --> <\/p>\n<p style='margin: 0 0 20px 0;'><img style='width: 100%; height: auto; border: 1px solid rgba(150&comma;150&comma;150&comma;0.3); border-radius: 8px; margin: 0; padding: 0;' src='https:\/\/ftp3.syscom.mx\/usuarios\/luis.vargas\/Bose\/freespace.JPG' alt='Logo Bose Professional'><\/p>\n<p> <!-- Contenido principal --> <\/p>\n<div style='display: flex; flex-wrap: wrap; gap: 30px; margin-bottom: 30px;'>\n<div style='flex: 1 1 300px; min-width: 280px;'>\n<h3 style='font-size: 22px; border-bottom: 2px solid currentColor; padding-bottom: 5px; margin-top: 0; color: inherit; opacity: 0.8;'>Caracter\u00edsticas principales<\/h3>\n<p style='font-size: 15px; color: inherit; text-align: justify;'> Los altavoces FreeSpace FS son el siguiente paso de nuestra l\u00ednea altamente confiable de altavoces de techo y montaje en superficie que ofrece importantes mejoras en cuanto a la durabilidad&comma; dise\u00f1o y facilidad de instalaci\u00f3n&comma; todo esto con una tonalidad notablemente consistente. <\/p>\n<\/p><\/div>\n<div style='flex: 1 1 300px; min-width: 280px;'>\n<h3 style='font-size: 22px; border-bottom: 2px solid currentColor; padding-bottom: 5px; margin-top: 0; color: inherit; opacity: 0.8;'>Descripci\u00f3n general<\/h3>\n<p style='font-size: 15px; color: inherit; text-align: justify;'> Para sistemas de m\u00fasica en primer\/segundo plano y buscapersonas&comma; los amplificadores de zona integrados Bose\u00ae FreeSpace\u00ae IZA 250-LZ e IZA 190-HZ est\u00e1n dise\u00f1ados para ofrecer un sonido de primera calidad&comma; simplificar la configuraci\u00f3n y facilitar el uso diario&comma; y cuentan con flexibilidad de ampliaci\u00f3n cuando se necesitan m\u00e1s altavoces. Cuando se utiliza con los altavoces FreeSpace FS2 y FS4&comma; es posible una mayor optimizaci\u00f3n del sonido mediante preajustes de ecualizador seleccionables integrados. <\/p>\n<\/p><\/div>\n<\/p><\/div>\n<p> <!-- Im\u00e1genes --> <\/p>\n<div style='display: flex; flex-wrap: wrap; gap: 30px; margin-bottom: 30px;'>\n<div style='flex: 1 1 400px; min-width: 300px;'> <img style='width: 100%; height: auto; border: 1px solid rgba(150&comma;150&comma;150&comma;0.3); border-radius: 8px;' src='https:\/\/ftp3.syscom.mx\/usuarios\/luis.vargas\/Bose\/IZA190-HZ\/IZA190-HZ-frontal.JPG' alt='Vista frontal del amplificador IZA190HZ'> <\/div>\n<div style='flex: 1 1 400px; min-width: 300px;'> <img style='width: 100%; height: auto; border: 1px solid rgba(150&comma;150&comma;150&comma;0.3); border-radius: 8px;' src='https:\/\/ftp3.syscom.mx\/usuarios\/luis.vargas\/Bose\/IZA190-HZ\/IZA190-HZ-trasera.JPG' alt='Vista trasera del amplificador IZA190HZ'> <\/div>\n<\/p><\/div>\n<p> <!-- Especificaciones --> <\/p>\n<div style='display: flex; flex-wrap: wrap; gap: 20px; margin-bottom: 30px;'>\n<div style='flex: 1 1 250px; border: 1px solid rgba(150&comma; 150&comma; 150&comma; 0.4); border-radius: 8px; overflow: hidden; display: flex; flex-direction: column;'>\n<div style='padding: 15px; border-bottom: 1px solid rgba(150&comma; 150&comma; 150&comma; 0.2); font-weight: bold; font-size: 18px; color: inherit;'>Especificaciones Generales<\/div>\n<div style='padding: 15px; color: inherit;'>\n<ul style='padding-left: 20px; margin: 0; font-size: 14px; list-style-type: disc;'>\n<li style='margin-bottom: 5px;'><strong>Salida:<\/strong> 90W<\/li>\n<li style='margin-bottom: 5px;'><strong>Impedancia:<\/strong> 70V\/100V<\/li>\n<li style='margin-bottom: 5px;'><strong>Entrada de micr\u00f3fono \/ l\u00ednea balanceado:<\/strong> 1<\/li>\n<li style='margin-bottom: 5px;'><strong>Entrada de l\u00ednea:<\/strong> 2<\/li>\n<li style='margin-bottom: 5px;'><strong>Entrada de p\u00e1gina:<\/strong> 1 micr\u00f3fono balanceado<\/li>\n<li style='margin-bottom: 5px;'><strong>Entrada auxiliar:<\/strong> 1 l\u00ednea no balanceada<\/li>\n<\/ul><\/div>\n<\/p><\/div>\n<div style='flex: 1 1 250px; border: 1px solid rgba(150&comma; 150&comma; 150&comma; 0.4); border-radius: 8px; overflow: hidden; display: flex; flex-direction: column;'>\n<div style='padding: 15px; border-bottom: 1px solid rgba(150&comma; 150&comma; 150&comma; 0.2); font-weight: bold; font-size: 18px; color: inherit;'>Especificaciones T\u00e9cnicas<\/div>\n<div style='padding: 15px; color: inherit;'>\n<ul style='padding-left: 20px; margin: 0; font-size: 14px; list-style-type: disc;'>\n<li style='margin-bottom: 5px;'><strong>Respuesta de frecuencia:<\/strong> 60Hz a 20kHz<\/li>\n<li style='margin-bottom: 5px;'><strong>Consumo de energ\u00eda CA:<\/strong> 15W<\/li>\n<li style='margin-bottom: 5px;'><strong>Conectores:<\/strong> Euroblock de 6 pines con bucle pasante (acepta cables AWG 18-14)<\/li>\n<li style='margin-bottom: 5px;'><strong>Dimensiones (Al x An x Pr):<\/strong> 45mm x 214mm x 310mm<\/li>\n<li style='margin-bottom: 5px;'><strong>Peso:<\/strong> 2.2 kg\/unidad<\/li>\n<li style='margin-bottom: 5px;'><strong>Controles Remotos Compatibles:<\/strong> <a href='https:\/\/www.syscom.mx\/producto\/CC1-W-BOSE-PROFESSIONAL-216556.html' style='color: inherit; text-decoration: underline;'>CC1W<\/a> \/ <a href='https:\/\/www.syscom.mx\/producto\/CC2-BOSE-PROFESSIONAL-215871.html' style='color: inherit; text-decoration: underline;'>CC2<\/a><\/li>\n<\/ul><\/div>\n<\/p><\/div>\n<\/p><\/div>\n<p> <!-- Separador --> <\/p>\n<hr style='border: 0; border-top: 1px solid rgba(150&comma; 150&comma; 150&comma; 0.3); margin: 30px 0;'> <\/div>\n","protected":false},"excerpt":{"rendered":"<p>Amplificador de zona integrado | FreeSpace | 1x90W | 70\/100V<\/p>\n","protected":false},"featured_media":90478,"comment_status":"open","ping_status":"closed","template":"","meta":[],"product_brand":[],"product_cat":[51],"product_tag":[53,52,2177],"class_list":{"0":"post-90479","1":"product","2":"type-product","3":"status-publish","4":"has-post-thumbnail","6":"product_cat-amplificadores-70-100v","7":"product_tag-amplificadores-70-100v","8":"product_tag-audio-residencial-comercial","9":"product_tag-bose-professional","11":"first","12":"instock","13":"sale","14":"shipping-taxable","15":"purchasable","16":"product-type-simple"},"_links":{"self":[{"href":"https:\/\/soydeaqui.ddns.net\/pachuca\/index.php\/wp-json\/wp\/v2\/product\/90479","targetHints":{"allow":["GET"]}}],"collection":[{"href":"https:\/\/soydeaqui.ddns.net\/pachuca\/index.php\/wp-json\/wp\/v2\/product"}],"about":[{"href":"https:\/\/soydeaqui.ddns.net\/pachuca\/index.php\/wp-json\/wp\/v2\/types\/product"}],"replies":[{"embeddable":true,"href":"https:\/\/soydeaqui.ddns.net\/pachuca\/index.php\/wp-json\/wp\/v2\/comments?post=90479"}],"wp:featuredmedia":[{"embeddable":true,"href":"https:\/\/soydeaqui.ddns.net\/pachuca\/index.php\/wp-json\/wp\/v2\/media\/90478"}],"wp:attachment":[{"href":"https:\/\/soydeaqui.ddns.net\/pachuca\/index.php\/wp-json\/wp\/v2\/media?parent=90479"}],"wp:term":[{"taxonomy":"product_brand","embeddable":true,"href":"https:\/\/soydeaqui.ddns.net\/pachuca\/index.php\/wp-json\/wp\/v2\/product_brand?post=90479"},{"taxonomy":"product_cat","embeddable":true,"href":"https:\/\/soydeaqui.ddns.net\/pachuca\/index.php\/wp-json\/wp\/v2\/product_cat?post=90479"},{"taxonomy":"product_tag","embeddable":true,"href":"https:\/\/soydeaqui.ddns.net\/pachuca\/index.php\/wp-json\/wp\/v2\/product_tag?post=90479"}],"curies":[{"name":"wp","href":"https:\/\/api.w.org\/{rel}","templated":true}]}}