{"id":90477,"date":"2026-03-20T03:44:33","date_gmt":"2026-03-20T03:44:33","guid":{"rendered":"https:\/\/soydeaqui.ddns.net\/pachuca\/index.php\/producto\/desbrozadora-inalambrica-7800-rpm-corta-el-cesped-con-potencia-y-comodidad\/"},"modified":"2026-03-20T03:44:35","modified_gmt":"2026-03-20T03:44:35","slug":"desbrozadora-inalambrica-7800-rpm-corta-el-cesped-con-potencia-y-comodidad","status":"publish","type":"product","link":"https:\/\/soydeaqui.ddns.net\/pachuca\/index.php\/producto\/desbrozadora-inalambrica-7800-rpm-corta-el-cesped-con-potencia-y-comodidad\/","title":{"rendered":"Desbrozadora Inal\u00e1mbrica, 7800 RPM, Corta el C\u00e9sped con Potencia y Comodidad"},"content":{"rendered":"<div style='width: 100%; max-width: 1200px; margin: 0 auto; font-family: sans-serif; line-height: 1.6; color: inherit; background-color: transparent;'>\n<div style='display: flex; flex-wrap: wrap; gap: 30px; margin-bottom: 30px;'>\n<div style='flex: 1 1 300px; min-width: 280px;'>\n<h3 style='font-size: 22px; border-bottom: 2px solid currentColor; padding-bottom: 5px; margin-top: 0; color: inherit; opacity: 0.8;'>Descripci\u00f3n<\/h3>\n<p style='font-size: 15px; color: inherit;'>El modelo DUR181Z de Makita es una herramienta de corte de c\u00e9sped inal\u00e1mbrica dise\u00f1ada para brindar una experiencia de jardiner\u00eda sin esfuerzo y eficiente. Con su motor sin escobillas de alta potencia&comma; la DUR181Z ofrece un rendimiento impresionante&comma; capaz de cortar incluso el c\u00e9sped m\u00e1s grueso y dif\u00edcil de manejar.<\/p>\n<p style='font-size: 15px; color: inherit;'>Esta recortadora de c\u00e9sped cuenta con una empu\u00f1adura ergon\u00f3mica y ajustable que permite al usuario trabajar c\u00f3modamente en diferentes posiciones&comma; reduciendo la fatiga y el cansancio. Adem\u00e1s&comma; su dise\u00f1o compacto y ligero permite una mayor maniobrabilidad y facilidad de transporte&comma; lo que la convierte en la herramienta ideal para espacios reducidos.<\/p>\n<p style='font-size: 15px; color: inherit;'>La DUR181Z tambi\u00e9n incluye caracter\u00edsticas adicionales para mejorar la seguridad y la conveniencia. El interruptor de seguridad evita el arranque accidental&comma; mientras que la protecci\u00f3n contra sobrecarga y la desconexi\u00f3n autom\u00e1tica protegen el motor de posibles da\u00f1os.<\/p>\n<p style='font-size: 15px; color: inherit;'>Con su duraci\u00f3n de bater\u00eda excepcional y capacidad para funcionar con bater\u00edas de iones de litio de 18V&comma; la DUR181Z es una excelente opci\u00f3n para aquellos que buscan una herramienta duradera y confiable para mantener su jard\u00edn en perfecto estado.<\/p>\n<\/p><\/div>\n<\/p><\/div>\n<div style='display: flex; flex-wrap: wrap; gap: 20px; margin-bottom: 30px;'>\n<div style='flex: 1 1 250px; border: 1px solid rgba(150&comma; 150&comma; 150&comma; 0.4); border-radius: 8px; overflow: hidden; display: flex; flex-direction: column;'>\n<div style='padding: 15px; border-bottom: 1px solid rgba(150&comma; 150&comma; 150&comma; 0.2); font-weight: bold; font-size: 18px; color: inherit;'>Beneficios del usuario<\/div>\n<div style='padding: 15px; color: inherit;'>\n<ul style='padding-left: 20px; margin: 0; font-size: 14px; list-style-type: disc; color: inherit;'>\n<li style='margin-bottom: 5px;'>Manejabilidad y ligereza.<\/li>\n<li style='margin-bottom: 5px;'>Recortabordes con bater\u00eda de 18V perfecto para la limpieza de caminos&comma; escaleras y lugares donde es complicado el acceso con un desbrozador o cortac\u00e9sped.<\/li>\n<li style='margin-bottom: 5px;'>Dise\u00f1o de la herramienta muy equilibrado para que resulte el trabajo m\u00e1s c\u00f3modo.<\/li>\n<li style='margin-bottom: 5px;'>Cabezal basculante para mayor comodidad para el usuario.<\/li>\n<li style='margin-bottom: 5px;'>Barra extensible para adecuar la altura de la m\u00e1quina y sea as\u00ed m\u00e1s c\u00f3modo para el operario.<\/li>\n<li style='margin-bottom: 5px;'>5 posiciones de ajuste del cabezal.<\/li>\n<li style='margin-bottom: 5px;'>Posibilidad de utilizarlo verticalmente girando el cabezal 180\u00b0.<\/li>\n<li style='margin-bottom: 5px;'>Luz indicadora del estado de carga de la bater\u00eda que avisa cuando es necesario cargarla.<\/li>\n<li style='margin-bottom: 5px;'>Cabezal de nylon de muy f\u00e1cil colocaci\u00f3n y carga. C\u00f3digo 196146-9<\/li>\n<\/ul><\/div>\n<\/p><\/div>\n<\/p><\/div>\n<div style='display: flex; flex-wrap: wrap; gap: 30px; margin-bottom: 30px;'>\n<div style='flex: 1 1 300px; min-width: 280px;'>\n<h3 style='font-size: 22px; border-bottom: 2px solid currentColor; padding-bottom: 5px; margin-top: 0; color: inherit; opacity: 0.8;'>Informaci\u00f3n adicional<\/h3>\n<p style='font-size: 15px; color: inherit; font-weight: bold;'>Sin bater\u00edas&comma; sin cargador y sin malet\u00edn en equipo b\u00e1sico.<\/p>\n<\/p><\/div>\n<\/p><\/div>\n<\/p><\/div>\n","protected":false},"excerpt":{"rendered":"<p>Desbrozadora Inal\u00e1mbrica, 7800 RPM, Corta el C\u00e9sped con Potencia y Comodidad<\/p>\n","protected":false},"featured_media":90476,"comment_status":"open","ping_status":"closed","template":"","meta":[],"product_brand":[],"product_cat":[130],"product_tag":[25,131,252],"class_list":{"0":"post-90477","1":"product","2":"type-product","3":"status-publish","4":"has-post-thumbnail","6":"product_cat-herramientas-electricas","7":"product_tag-herramientas","8":"product_tag-herramientas-electricas","9":"product_tag-makita","11":"first","12":"outofstock","13":"sale","14":"shipping-taxable","15":"purchasable","16":"product-type-simple"},"_links":{"self":[{"href":"https:\/\/soydeaqui.ddns.net\/pachuca\/index.php\/wp-json\/wp\/v2\/product\/90477","targetHints":{"allow":["GET"]}}],"collection":[{"href":"https:\/\/soydeaqui.ddns.net\/pachuca\/index.php\/wp-json\/wp\/v2\/product"}],"about":[{"href":"https:\/\/soydeaqui.ddns.net\/pachuca\/index.php\/wp-json\/wp\/v2\/types\/product"}],"replies":[{"embeddable":true,"href":"https:\/\/soydeaqui.ddns.net\/pachuca\/index.php\/wp-json\/wp\/v2\/comments?post=90477"}],"wp:featuredmedia":[{"embeddable":true,"href":"https:\/\/soydeaqui.ddns.net\/pachuca\/index.php\/wp-json\/wp\/v2\/media\/90476"}],"wp:attachment":[{"href":"https:\/\/soydeaqui.ddns.net\/pachuca\/index.php\/wp-json\/wp\/v2\/media?parent=90477"}],"wp:term":[{"taxonomy":"product_brand","embeddable":true,"href":"https:\/\/soydeaqui.ddns.net\/pachuca\/index.php\/wp-json\/wp\/v2\/product_brand?post=90477"},{"taxonomy":"product_cat","embeddable":true,"href":"https:\/\/soydeaqui.ddns.net\/pachuca\/index.php\/wp-json\/wp\/v2\/product_cat?post=90477"},{"taxonomy":"product_tag","embeddable":true,"href":"https:\/\/soydeaqui.ddns.net\/pachuca\/index.php\/wp-json\/wp\/v2\/product_tag?post=90477"}],"curies":[{"name":"wp","href":"https:\/\/api.w.org\/{rel}","templated":true}]}}