{"id":90474,"date":"2026-03-20T03:44:24","date_gmt":"2026-03-20T03:44:24","guid":{"rendered":"https:\/\/soydeaqui.ddns.net\/pachuca\/index.php\/producto\/cube-60pro-ac-cpe-punto-a-punto-de-60-ghz-802-11ay\/"},"modified":"2026-03-20T03:44:29","modified_gmt":"2026-03-20T03:44:29","slug":"cube-60pro-ac-cpe-punto-a-punto-de-60-ghz-802-11ay","status":"publish","type":"product","link":"https:\/\/soydeaqui.ddns.net\/pachuca\/index.php\/producto\/cube-60pro-ac-cpe-punto-a-punto-de-60-ghz-802-11ay\/","title":{"rendered":"(Cube 60Pro ac) CPE punto a punto de 60 GHz 802.11ay"},"content":{"rendered":"<div style='width: 100%; max-width: 1200px; margin: 0 auto; font-family: sans-serif; line-height: 1.6; color: inherit; background-color: transparent;'> <!-- Descripci\u00f3n principal --> <\/p>\n<div style='margin-bottom: 30px; font-size: 15px;'>\n<p style='margin: 0 0 15px 0; color: inherit;'>Atr\u00e1s quedaron los d\u00edas en los que ten\u00edas que depender de los cables para la velocidad y la estabilidad. Las soluciones de 60 GHz ofrecen velocidad y estabilidad similares a la fibra&comma; a la vez que le ahorran mucho tiempo y dinero en la instalaci\u00f3n y el mantenimiento. Nuestra \u00faltima l\u00ednea de productos Cube 60Pro est\u00e1 llevando las ventajas de la red de 60 GHz al siguiente nivel&comma; con el est\u00e1ndar <strong style='color: inherit;'>802.11ay<\/strong> para distancias&comma; estabilidad&comma; velocidad y comodidad a\u00fan m\u00e1s altas.<\/p>\n<p style='margin: 0 0 15px 0; color: inherit;'>El <strong style='color: inherit;'>Cube 60Pro ac<\/strong> CPE le permite establecer conexiones punto a punto ultrarr\u00e1pidas a distancias de hasta 1 km. Y eso no es todo: hemos a\u00f1adido soporte para Channel 5*&comma; para que puedas alcanzar distancias a\u00fan m\u00e1s altas si es necesario. En nuestras pruebas&comma; el <strong style='color: inherit;'>Cube 60Pro ac<\/strong> mantuvo f\u00e1cilmente una conexi\u00f3n fiable a lo largo de 2&comma;4 km. \u00a1Tunear dos ubicaciones nunca ha sido tan f\u00e1cil!<\/p>\n<p style='margin: 0 0 15px 0; color: inherit;'>Puedes obtener un kit preconfigurado de dos dispositivos Cube 60Pro AC: el <strong style='color: inherit;'>Wireless Wire Cube Pro<\/strong>. \u00a1Solo apunta los cubos el uno al otro y enci\u00e9ndelos! Formar\u00e1n una conexi\u00f3n inal\u00e1mbrica cifrada ultrarr\u00e1pida. \u00a1Pura conexi\u00f3n y reproducci\u00f3n!<\/p>\n<p style='margin: 0 0 15px 0; font-weight: bold; color: inherit;'>Olv\u00eddate del tiempo de inactividad con la conexi\u00f3n de copia de seguridad autom\u00e1tica de 5 GHz<\/p>\n<p style='margin: 0 0 15px 0; color: inherit;'>La frecuencia de 60 GHz no se ve afectada por el abarrotado espectro inal\u00e1mbrico&comma; ofrece alta velocidad y capacidad. Pero a veces puede tener problemas en las malas condiciones clim\u00e1ticas. Es por eso que ambos dispositivos Cube 60Pro cuentan con una conmutaci\u00f3n por error autom\u00e1tica de 5 GHz. Hemos a\u00f1adido una potente antena direccional para que el rango de 5 GHz pueda mantenerse al d\u00eda con los 60 GHz.<\/p>\n<p style='margin: 0 0 15px 0; font-weight: bold; color: inherit;'>M\u00e1s durabilidad&comma; menos atenci\u00f3n no deseada<\/p>\n<p style='margin: 0 0 15px 0; color: inherit;'>Hemos actualizado la carcasa para que cuenta con una base met\u00e1lica resistente&comma; para mejores opciones de montaje y refrigeraci\u00f3n. El factor de forma Cube surge de la pura practicidad: es duradero&comma; discreto y compacto.<\/p>\n<\/p><\/div>\n<p> <!-- Especificaciones --> <\/p>\n<div style='display: flex; flex-wrap: wrap; gap: 30px; margin-bottom: 30px;'>\n<div style='flex: 1 1 300px; min-width: 280px;'>\n<h3 style='font-size: 22px; border-bottom: 2px solid currentColor; padding-bottom: 5px; margin-top: 0; color: inherit; opacity: 0.8;'>Especificaciones<\/h3>\n<ul style='padding-left: 20px; font-size: 15px; color: inherit;'>\n<li style='margin-bottom: 5px;'><strong style='color: inherit;'>C\u00f3digo del producto:<\/strong> CubeG-5ac60ay<\/li>\n<li style='margin-bottom: 5px;'><strong style='color: inherit;'>Arquitectura:<\/strong> ARM de 32 bits<\/li>\n<li style='margin-bottom: 5px;'><strong style='color: inherit;'>CPU:<\/strong> IPQ-4019<\/li>\n<li style='margin-bottom: 5px;'><strong style='color: inherit;'>N\u00facleos de CPU:<\/strong> 4<\/li>\n<li style='margin-bottom: 5px;'><strong style='color: inherit;'>Frecuencia CPU:<\/strong> autom\u00e1tico (448 &#8211; 896) MHz<\/li>\n<li style='margin-bottom: 5px;'><strong style='color: inherit;'>Dimensiones:<\/strong> 115 x 95 x 82 mm<\/li>\n<li style='margin-bottom: 5px;'><strong style='color: inherit;'>Licencia RouterOS:<\/strong> 4<\/li>\n<li style='margin-bottom: 0;'><strong style='color: inherit;'>Sistema operativo:<\/strong> <a style='color: #4984ae; text-decoration: none;' href='https:\/\/wiki.mikrotik.com\/wiki\/Manual:TOC' target='_blank' rel='noopener'>RouterOS<\/a><\/li>\n<\/ul><\/div>\n<div style='flex: 1 1 300px; min-width: 280px;'>\n<h3 style='font-size: 22px; border-bottom: 2px solid currentColor; padding-bottom: 5px; margin-top: 0; color: inherit; opacity: 0.8;'>Memoria<\/h3>\n<ul style='padding-left: 20px; font-size: 15px; color: inherit;'>\n<li style='margin-bottom: 5px;'><strong style='color: inherit;'>RAM:<\/strong> 256 MB<\/li>\n<li style='margin-bottom: 5px;'><strong style='color: inherit;'>Almacenamiento:<\/strong> 64 MB<\/li>\n<li style='margin-bottom: 5px;'><strong style='color: inherit;'>Tipo de almacenamiento:<\/strong> Flash<\/li>\n<li style='margin-bottom: 5px;'><strong style='color: inherit;'>MTBF:<\/strong> Aproximadamente 200 000 horas a 25\u00b0C<\/li>\n<li style='margin-bottom: 0;'><strong style='color: inherit;'>Temperatura ambiente:<\/strong> -40 \u00b0C a 70 \u00b0C<\/li>\n<\/ul><\/div>\n<div style='flex: 1 1 300px; min-width: 280px;'>\n<h3 style='font-size: 22px; border-bottom: 2px solid currentColor; padding-bottom: 5px; margin-top: 0; color: inherit; opacity: 0.8;'>Alimentaci\u00f3n<\/h3>\n<ul style='padding-left: 20px; font-size: 15px; color: inherit;'>\n<li style='margin-bottom: 5px;'><strong style='color: inherit;'>Entrada CC:<\/strong> 1 (PoE-IN)<\/li>\n<li style='margin-bottom: 5px;'><strong style='color: inherit;'>Consumo m\u00e1ximo:<\/strong> 10 W<\/li>\n<li style='margin-bottom: 5px;'><strong style='color: inherit;'>Refrigeraci\u00f3n:<\/strong> Pasivo<\/li>\n<li style='margin-bottom: 5px;'><strong style='color: inherit;'>PoE:<\/strong> 802.3af\/at<\/li>\n<li style='margin-bottom: 0;'><strong style='color: inherit;'>Voltaje PoE:<\/strong> 18-48 V<\/li>\n<\/ul><\/div>\n<div style='flex: 1 1 300px; min-width: 280px;'>\n<h3 style='font-size: 22px; border-bottom: 2px solid currentColor; padding-bottom: 5px; margin-top: 0; color: inherit; opacity: 0.8;'>Red<\/h3>\n<ul style='padding-left: 20px; font-size: 15px; color: inherit;'>\n<li style='margin-bottom: 5px;'><strong style='color: inherit;'>Ethernet:<\/strong> 10\/100\/1000<\/li>\n<li style='margin-bottom: 5px;'><strong style='color: inherit;'>Cantidad:<\/strong> 1 puerto<\/li>\n<li style='margin-bottom: 5px;'><strong style='color: inherit;'>Est\u00e1ndar 5 GHz:<\/strong> 802.11a\/n\/ac<\/li>\n<li style='margin-bottom: 5px;'><strong style='color: inherit;'>Velocidad 5 GHz:<\/strong> 433 Mbit\/s<\/li>\n<li style='margin-bottom: 0;'><strong style='color: inherit;'>GNSS:<\/strong> GPS<\/li>\n<\/ul><\/div>\n<div style='flex: 1 1 300px; min-width: 280px;'>\n<h3 style='font-size: 22px; border-bottom: 2px solid currentColor; padding-bottom: 5px; margin-top: 0; color: inherit; opacity: 0.8;'>Certificaciones<\/h3>\n<ul style='padding-left: 20px; font-size: 15px; color: inherit;'>\n<li style='margin-bottom: 5px;'><strong style='color: inherit;'>Certificaci\u00f3n:<\/strong> CE&comma; FCC&comma; IC&comma; EAC&comma; ROHS<\/li>\n<li style='margin-bottom: 0;'><strong style='color: inherit;'>Protecci\u00f3n:<\/strong> IP54<\/li>\n<\/ul><\/div>\n<div style='flex: 1 1 300px; min-width: 280px;'>\n<h3 style='font-size: 22px; border-bottom: 2px solid currentColor; padding-bottom: 5px; margin-top: 0; color: inherit; opacity: 0.8;'>Inal\u00e1mbrico 5 GHz<\/h3>\n<ul style='padding-left: 20px; font-size: 15px; color: inherit;'>\n<li style='margin-bottom: 5px;'><strong style='color: inherit;'>Cadena:<\/strong> 1<\/li>\n<li style='margin-bottom: 5px;'><strong style='color: inherit;'>Ganancia antena:<\/strong> 11&comma;5 dBi<\/li>\n<li style='margin-bottom: 5px;'><strong style='color: inherit;'>Modelo chip:<\/strong> IPQ4019<\/li>\n<li style='margin-bottom: 5px;'><strong style='color: inherit;'>Wi-Fi:<\/strong> Wi-Fi 5<\/li>\n<li style='margin-bottom: 0;'><strong style='color: inherit;'>Est\u00e1ndar:<\/strong> 802.11a\/n\/ac<\/li>\n<\/ul><\/div>\n<\/p><\/div>\n<p> <!-- Tabla detallada --> <\/p>\n<div style='margin-bottom: 30px;'>\n<h3 style='font-size: 22px; border-bottom: 2px solid currentColor; padding-bottom: 5px; margin-top: 0; color: inherit; opacity: 0.8;'>Detalles t\u00e9cnicos<\/h3>\n<div style='overflow-x: auto;'>\n<table style='width: 100%; border-collapse: collapse; margin-top: 15px; color: inherit;'>\n<thead>\n<tr style='background-color: rgba(150&comma;150&comma;150&comma;0.1);'>\n<th style='padding: 12px; text-align: left; border: 1px solid rgba(150&comma;150&comma;150&comma;0.3);'>Par\u00e1metro<\/th>\n<th style='padding: 12px; text-align: left; border: 1px solid rgba(150&comma;150&comma;150&comma;0.3);'>Valor<\/th>\n<\/tr>\n<\/thead>\n<tbody>\n<tr style='background-color: rgba(150&comma;150&comma;150&comma;0.05);'>\n<td style='padding: 12px; border: 1px solid rgba(150&comma;150&comma;150&comma;0.3);'>6 MBit\/s transmisi\u00f3n<\/td>\n<td style='padding: 12px; border: 1px solid rgba(150&comma;150&comma;150&comma;0.3);'>22 dBm<\/td>\n<\/tr>\n<tr>\n<td style='padding: 12px; border: 1px solid rgba(150&comma;150&comma;150&comma;0.3);'>54 MB\/s transmisi\u00f3n<\/td>\n<td style='padding: 12px; border: 1px solid rgba(150&comma;150&comma;150&comma;0.3);'>18 dBm<\/td>\n<\/tr>\n<tr style='background-color: rgba(150&comma;150&comma;150&comma;0.05);'>\n<td style='padding: 12px; border: 1px solid rgba(150&comma;150&comma;150&comma;0.3);'>MCS0 transmisi\u00f3n<\/td>\n<td style='padding: 12px; border: 1px solid rgba(150&comma;150&comma;150&comma;0.3);'>22 dBm<\/td>\n<\/tr>\n<tr>\n<td style='padding: 12px; border: 1px solid rgba(150&comma;150&comma;150&comma;0.3);'>MCS7 transmisi\u00f3n<\/td>\n<td style='padding: 12px; border: 1px solid rgba(150&comma;150&comma;150&comma;0.3);'>17 dBm<\/td>\n<\/tr>\n<tr style='background-color: rgba(150&comma;150&comma;150&comma;0.05);'>\n<td style='padding: 12px; border: 1px solid rgba(150&comma;150&comma;150&comma;0.3);'>MCS9 transmisi\u00f3n<\/td>\n<td style='padding: 12px; border: 1px solid rgba(150&comma;150&comma;150&comma;0.3);'>15 dBm<\/td>\n<\/tr>\n<\/tbody>\n<\/table><\/div>\n<\/p><\/div>\n<p> <!-- Piezas incluidas --> <\/p>\n<div style='margin-bottom: 30px;'>\n<h3 style='font-size: 22px; border-bottom: 2px solid currentColor; padding-bottom: 5px; margin-top: 0; color: inherit; opacity: 0.8;'>Piezas incluidas<\/h3>\n<div style='display: grid; grid-template-columns: repeat(auto-fill&comma; minmax(150px&comma; 1fr)); gap: 20px; margin-top: 20px;'>\n<div style='text-align: center;'> <a href='https:\/\/i.mt.lv\/cdn\/rb_images\/part11391161548m.jpg' style='color: #4984ae; text-decoration: none;'> <img style='width: 100%; height: auto; border: 1px solid rgba(150&comma;150&comma;150&comma;0.3); border-radius: 8px;' src='https:\/\/i.mt.lv\/cdn\/rb_images\/part11391161548s.jpg' alt='Adaptador de corriente de 24 V y 0&comma;8 A'> <\/p>\n<div style='margin-top: 10px; color: inherit; font-size: 14px;'>Adaptador de corriente de 24 V y 0&comma;8 A<\/div>\n<p> <\/a> <\/div>\n<div style='text-align: center;'> <a href='https:\/\/i.mt.lv\/cdn\/rb_images\/part1021582186477m.jpg' style='color: #4984ae; text-decoration: none;'> <img style='width: 100%; height: auto; border: 1px solid rgba(150&comma;150&comma;150&comma;0.3); border-radius: 8px;' src='https:\/\/i.mt.lv\/cdn\/rb_images\/part1021582186477s.jpg' alt='Abrazadera de manguera 1'> <\/p>\n<div style='margin-top: 10px; color: inherit; font-size: 14px;'>Abrazadera de manguera 1<\/div>\n<p> <\/a> <\/div>\n<div style='text-align: center;'> <a href='https:\/\/i.mt.lv\/cdn\/rb_images\/part1491653472898m.jpg' style='color: #4984ae; text-decoration: none;'> <img style='width: 100%; height: auto; border: 1px solid rgba(150&comma;150&comma;150&comma;0.3); border-radius: 8px;' src='https:\/\/i.mt.lv\/cdn\/rb_images\/part1491653472898s.jpg' alt='Soporte de cubo (sopasto)'> <\/p>\n<div style='margin-top: 10px; color: inherit; font-size: 14px;'>Soporte de cubo (sopasto)<\/div>\n<p> <\/a> <\/div>\n<div style='text-align: center;'> <a href='https:\/\/i.mt.lv\/cdn\/rb_images\/part1141600237409m.jpg' style='color: #4984ae; text-decoration: none;'> <img style='width: 100%; height: auto; border: 1px solid rgba(150&comma;150&comma;150&comma;0.3); border-radius: 8px;' src='https:\/\/i.mt.lv\/cdn\/rb_images\/part1141600237409s.jpg' alt='Inyector Gigabit PoE'> <\/p>\n<div style='margin-top: 10px; color: inherit; font-size: 14px;'>Inyector Gigabit PoE<\/div>\n<p> <\/a> <\/div>\n<\/p><\/div>\n<\/p><\/div>\n<p> <!-- Nota final --> <\/p>\n<div style='margin-bottom: 30px; font-size: 14px; color: inherit;'>\n<p style='margin: 0; color: inherit;'><em style='color: inherit;'>El dispositivo tiene un sistema operativo preinstalado y con licencia. No es necesaria ninguna compra por separado y el producto est\u00e1 listo para usar. El dispositivo incluye actualizaciones de software gratuitas durante la vida \u00fatil del producto o un m\u00ednimo de 5 a\u00f1os a partir de la fecha de compra.<\/em><\/p>\n<\/p><\/div>\n<p> <!-- Separador --> <\/p>\n<hr style='border: 0; border-top: 1px solid rgba(150&comma;150&comma;150&comma;0.3); margin: 30px 0;'> <\/div>\n","protected":false},"excerpt":{"rendered":"<p>(Cube 60Pro ac) CPE punto a punto de 60 GHz 802.11ay<\/p>\n","protected":false},"featured_media":90473,"comment_status":"open","ping_status":"closed","template":"","meta":[],"product_brand":[],"product_cat":[1978,1979],"product_tag":[1981,1982,1980,643],"class_list":{"0":"post-90474","1":"product","2":"type-product","3":"status-publish","4":"has-post-thumbnail","6":"product_cat-1978","7":"product_cat-70-y-80-ghz","8":"product_tag-1981","9":"product_tag-70-y-80-ghz","10":"product_tag-enlaces-ptp-y-ptmp","11":"product_tag-mikrotik","13":"first","14":"outofstock","15":"sale","16":"shipping-taxable","17":"purchasable","18":"product-type-simple"},"_links":{"self":[{"href":"https:\/\/soydeaqui.ddns.net\/pachuca\/index.php\/wp-json\/wp\/v2\/product\/90474","targetHints":{"allow":["GET"]}}],"collection":[{"href":"https:\/\/soydeaqui.ddns.net\/pachuca\/index.php\/wp-json\/wp\/v2\/product"}],"about":[{"href":"https:\/\/soydeaqui.ddns.net\/pachuca\/index.php\/wp-json\/wp\/v2\/types\/product"}],"replies":[{"embeddable":true,"href":"https:\/\/soydeaqui.ddns.net\/pachuca\/index.php\/wp-json\/wp\/v2\/comments?post=90474"}],"wp:featuredmedia":[{"embeddable":true,"href":"https:\/\/soydeaqui.ddns.net\/pachuca\/index.php\/wp-json\/wp\/v2\/media\/90473"}],"wp:attachment":[{"href":"https:\/\/soydeaqui.ddns.net\/pachuca\/index.php\/wp-json\/wp\/v2\/media?parent=90474"}],"wp:term":[{"taxonomy":"product_brand","embeddable":true,"href":"https:\/\/soydeaqui.ddns.net\/pachuca\/index.php\/wp-json\/wp\/v2\/product_brand?post=90474"},{"taxonomy":"product_cat","embeddable":true,"href":"https:\/\/soydeaqui.ddns.net\/pachuca\/index.php\/wp-json\/wp\/v2\/product_cat?post=90474"},{"taxonomy":"product_tag","embeddable":true,"href":"https:\/\/soydeaqui.ddns.net\/pachuca\/index.php\/wp-json\/wp\/v2\/product_tag?post=90474"}],"curies":[{"name":"wp","href":"https:\/\/api.w.org\/{rel}","templated":true}]}}