{"id":90470,"date":"2026-03-20T03:44:14","date_gmt":"2026-03-20T03:44:14","guid":{"rendered":"https:\/\/soydeaqui.ddns.net\/pachuca\/index.php\/producto\/router-omada-vpn-sdn-multi-wan-10g-1-puerto-wan-sfp-10g-1-puerto-wan-lan-sfp-10g-1-puerto-wan-lan-sfp-1g-8-puertos-lan-wan-1g-2-puertos-usb-2-3-millones-sesiones-concurrentes-admini\/"},"modified":"2026-03-20T03:44:21","modified_gmt":"2026-03-20T03:44:21","slug":"router-omada-vpn-sdn-multi-wan-10g-1-puerto-wan-sfp-10g-1-puerto-wan-lan-sfp-10g-1-puerto-wan-lan-sfp-1g-8-puertos-lan-wan-1g-2-puertos-usb-2-3-millones-sesiones-concurrentes-admini","status":"publish","type":"product","link":"https:\/\/soydeaqui.ddns.net\/pachuca\/index.php\/producto\/router-omada-vpn-sdn-multi-wan-10g-1-puerto-wan-sfp-10g-1-puerto-wan-lan-sfp-10g-1-puerto-wan-lan-sfp-1g-8-puertos-lan-wan-1g-2-puertos-usb-2-3-millones-sesiones-concurrentes-admini\/","title":{"rendered":"Router Omada VPN \/  SDN Multi-WAN 10G \/ 1 Puerto WAN SFP+ 10G \/ 1 Puerto WAN\/LAN SFP+ 10G \/ 1 Puerto WAN\/LAN SFP 1G \/ 8 puertos LAN\/WAN 1G \/ 2 Puertos USB \/ 2.3 Millones Sesiones Concurrentes \/ Administraci\u00f3n Centralizada OMADA SDN."},"content":{"rendered":"<div style='width: 100%; max-width: 1200px; margin: 0 auto; font-family: sans-serif; line-height: 1.6; color: inherit; background-color: transparent;'> <!-- Secci\u00f3n Hero con imagen y descripci\u00f3n --> <\/p>\n<div style='display: flex; flex-wrap: wrap; gap: 30px; align-items: center; border: 1px solid rgba(150&comma;150&comma;150&comma;0.3); border-radius: 8px; padding: 20px; margin-bottom: 30px;'> <!-- Imagen --> <\/p>\n<div style='flex: 1 1 300px; min-width: 280px;'> <img style='width: 100%; height: auto; border: 1px solid rgba(150&comma;150&comma;150&comma;0.3); border-radius: 8px;' src='http:\/\/ftp3.syscom.mx\/usuarios\/ftp\/2025\/10\/14\/1908\/1.jpg_froala_68eec0a50dde1' alt='Switch Industrial eKit S210I-8T4SX'> <\/div>\n<p> <!-- Descripci\u00f3n --> <\/p>\n<div style='flex: 1 1 360px; min-width: 280px;'>\n<h2 style='font-size: 24px; margin-top: 0; margin-bottom: 10px; color: inherit;'>Router Omada VPN 10G<\/h2>\n<div style='margin-bottom: 15px; font-weight: 600; color: inherit; opacity: 0.8;'>Modelo: ER8411<\/div>\n<p style='margin: 0; color: inherit;'>Llega la nueva era del networking para PYMES y oficinas multisucursales. El router Omada ER8411 combina la potencia de puertos 10G con la gesti\u00f3n centralizada en la nube. Conecta m\u00faltiples l\u00edneas de banda ancha&comma; implementa VPNs seguras para tu equipo remoto y garantiza una protecci\u00f3n de nivel empresarial&comma; todo de forma sencilla.<\/p>\n<\/p><\/div>\n<\/p><\/div>\n<p> <!-- Secci\u00f3n de cards --> <\/p>\n<div style='display: flex; flex-wrap: wrap; gap: 20px; margin-bottom: 30px;'> <!-- Card: Caracter\u00edsticas principales --> <\/p>\n<div style='flex: 1 1 250px; border: 1px solid rgba(150&comma; 150&comma; 150&comma; 0.4); border-radius: 8px; overflow: hidden; display: flex; flex-direction: column;'>\n<div style='padding: 15px; border-bottom: 1px solid rgba(150&comma; 150&comma; 150&comma; 0.2); font-weight: bold; font-size: 18px; color: inherit;'>Caracter\u00edsticas principales<\/div>\n<div style='padding: 15px; color: inherit;'>\n<ul style='padding-left: 20px; margin: 0; font-size: 14px; list-style-type: disc;'>\n<li style='margin-bottom: 5px;'>(2) Puertos SFP+ 10GE (1 WAN&comma; 1 WAN\/LAN)<\/li>\n<li style='margin-bottom: 5px;'>(1) Puerto SFP 1GE (WAN\/LAN)<\/li>\n<li style='margin-bottom: 5px;'>(8) Puertos RJ45 1GE (WAN\/LAN)<\/li>\n<li style='margin-bottom: 5px;'>(2) Puertos USB<\/li>\n<li style='margin-bottom: 5px;'>(1) Puerto de consola RJ45<\/li>\n<li style='margin-bottom: 5px;'>Gesti\u00f3n Web \/ Omada App<\/li>\n<li style='margin-bottom: 5px;'>Sesiones concurrentes: 2&comma;3 millones<\/li>\n<li style='margin-bottom: 5px;'>Clonado de direcci\u00f3n MAC WAN\/LAN<\/li>\n<li style='margin-bottom: 5px;'>DRAM: 4 GB DDR4<\/li>\n<li style='margin-bottom: 5px;'>Certificaciones: CE&comma; FCC&comma; RoHS<\/li>\n<li style='margin-bottom: 5px;'><a href='https:\/\/www.omadanetworks.com\/mx\/omada-sdn\/' style='color: inherit; text-decoration: underline;' target='_blank' rel='noopener noreferrer'>Aprende m\u00e1s Sobre Omada<\/a><\/li>\n<\/ul><\/div>\n<\/p><\/div>\n<p> <!-- Card: F\u00edsicas y el\u00e9ctricas --> <\/p>\n<div style='flex: 1 1 250px; border: 1px solid rgba(150&comma; 150&comma; 150&comma; 0.4); border-radius: 8px; overflow: hidden; display: flex; flex-direction: column;'>\n<div style='padding: 15px; border-bottom: 1px solid rgba(150&comma; 150&comma; 150&comma; 0.2); font-weight: bold; font-size: 18px; color: inherit;'>Caracter\u00edsticas f\u00edsicas y el\u00e9ctricas<\/div>\n<div style='padding: 15px; color: inherit;'>\n<ul style='padding-left: 20px; margin: 0; font-size: 14px; list-style-type: disc;'>\n<li style='margin-bottom: 5px;'>Dimensiones: 449 x 220 x 44 mm<\/li>\n<li style='margin-bottom: 5px;'>Alimentaci\u00f3n: 100-240 Vca&comma; 50\/60 Hz (doble fuente)<\/li>\n<li style='margin-bottom: 5px;'>Consumo m\u00e1ximo: 26.36 W con USB&comma; 19.12 sin USB<\/li>\n<li style='margin-bottom: 5px;'>Temperatura de operaci\u00f3n: 0\u00ba a 40\u00ba<\/li>\n<li style='margin-bottom: 5px;'>Humedad de operaci\u00f3n: 10 a 90% sin condensaci\u00f3n<\/li>\n<li style='margin-bottom: 5px;'>Procesamiento CPU:<br \/>Carga: hasta 9&comma;445.82 Mbps<br \/>Descarga: hasta 9&comma;449.26 Mbps<\/li>\n<li style='margin-bottom: 5px;'>Bot\u00f3n: Reset<\/li>\n<li style='margin-bottom: 5px;'>(2) Ventiladores<\/li>\n<li style='margin-bottom: 5px;'>Protecci\u00f3n contra sobretensiones de 4 kV<\/li>\n<li style='margin-bottom: 5px;'>Carcasa de acero<\/li>\n<li style='margin-bottom: 5px;'><a href='https:\/\/www.omadanetworks.com\/mx\/business-networking\/technology\/multi-gig\/' style='color: inherit; text-decoration: underline;' target='_blank' rel='noopener noreferrer'>Aprende m\u00e1s sobre redes 10GE<\/a><\/li>\n<\/ul><\/div>\n<\/p><\/div>\n<p> <!-- Card: Contenido del paquete --> <\/p>\n<div style='flex: 1 1 250px; border: 1px solid rgba(150&comma; 150&comma; 150&comma; 0.4); border-radius: 8px; overflow: hidden; display: flex; flex-direction: column;'>\n<div style='padding: 15px; border-bottom: 1px solid rgba(150&comma; 150&comma; 150&comma; 0.2); font-weight: bold; font-size: 18px; color: inherit;'>Contenido del Paquete<\/div>\n<div style='padding: 15px; color: inherit;'>\n<ul style='padding-left: 20px; margin: 0; font-size: 14px; list-style-type: disc;'>\n<li style='margin-bottom: 5px;'>Router ER8411<\/li>\n<li style='margin-bottom: 5px;'>Montaje para rack<\/li>\n<li style='margin-bottom: 5px;'>Adaptador de corriente<\/li>\n<li style='margin-bottom: 5px;'>Gu\u00eda de instalaci\u00f3n<\/li>\n<\/ul><\/div>\n<\/p><\/div>\n<p> <!-- Card: Funciones Avanzadas --> <\/p>\n<div style='flex: 1 1 250px; border: 1px solid rgba(150&comma; 150&comma; 150&comma; 0.4); border-radius: 8px; overflow: hidden; display: flex; flex-direction: column;'>\n<div style='padding: 15px; border-bottom: 1px solid rgba(150&comma; 150&comma; 150&comma; 0.2); font-weight: bold; font-size: 18px; color: inherit;'>Funciones Avanzadas<\/div>\n<div style='padding: 15px; color: inherit;'>\n<ul style='padding-left: 20px; margin: 0; font-size: 14px; list-style-type: disc;'>\n<li style='margin-bottom: 5px;'>IGMP: soporta IPTV&comma; IGMPV2\/3 e IGMP Snooping\/Proxy<\/li>\n<li style='margin-bottom: 5px;'>Balanceo de cargas (Equilibrio conexi\u00f3n de los usuarios)<\/li>\n<li style='margin-bottom: 5px;'>Failover (Redundancia de conexi\u00f3n de internet)<\/li>\n<li style='margin-bottom: 5px;'>Filtrado:<br \/>Filtrado de grupos Web<br \/>Filtrado URL<br \/>Seguridad Web<\/li>\n<li style='margin-bottom: 5px;'>Gesti\u00f3n centralizada:<br \/>OC300<br \/>OC200<br \/><a href='https:\/\/support.omadanetworks.com\/es\/product\/omada-software-controller\/?resourceType=download' style='color: inherit; text-decoration: underline;' target='_blank' rel='noopener noreferrer'>Omada Software<\/a><br \/><a href='https:\/\/omada.tplinkcloud.com\/' style='color: inherit; text-decoration: underline;' target='_blank' rel='noopener noreferrer'>Omada basado en la nube<\/a><\/li>\n<li style='margin-bottom: 5px;'>VPN:<br \/>OpenVPN 110 t\u00faneles <a href='https:\/\/soporte.syscom.mx\/es\/articles\/12588976-como-configurar-openvpn-en-routers-tp-link-standalone#h_07f651db48' style='color: inherit; text-decoration: underline;' target='_blank' rel='noopener noreferrer'>(configuraci\u00f3n)<\/a><br \/>WireGuard 300 t\u00faneles <a href='https:\/\/soporte.syscom.mx\/es\/articles\/8220863-tp-link-omada-configuracion-vpn-wireguard' style='color: inherit; text-decoration: underline;' target='_blank' rel='noopener noreferrer'>(configuraci\u00f3n)<\/a><br \/>IPSec. 300 t\u00faneles<br \/>PPTP 300 t\u00faneles<br \/>L2TP 300 t\u00faneles<\/li>\n<li style='margin-bottom: 5px;'>Tipo de WAN:<br \/>IP est\u00e1tica\/ din\u00e1mica<br \/>PPPoE<br \/>PPTP<br \/>L2TP<br \/>Banda ancho m\u00f3vil<\/li>\n<\/ul><\/div>\n<\/p><\/div>\n<\/p><\/div>\n<p> <!-- Secci\u00f3n con im\u00e1genes y descripciones adicionales --> <\/p>\n<div style='display: flex; flex-wrap: wrap; gap: 30px; align-items: center; border: 1px solid rgba(150&comma;150&comma;150&comma;0.3); border-radius: 8px; padding: 20px; margin-bottom: 30px;'> <!-- Imagen --> <\/p>\n<div style='flex: 1 1 300px; min-width: 280px;'> <img style='width: 100%; height: auto; border: 1px solid rgba(150&comma;150&comma;150&comma;0.3); border-radius: 8px;' src='http:\/\/ftp3.syscom.mx\/usuarios\/ftp\/2025\/10\/14\/1908\/1.jpg_froala_68eecb915de5b' alt='Switch Industrial eKit S210I-8T4SX'> <\/div>\n<p> <!-- Descripci\u00f3n --> <\/p>\n<div style='flex: 1 1 360px; min-width: 280px;'>\n<h2 style='font-size: 24px; margin-top: 0; margin-bottom: 10px; color: inherit;'>Maximice el ancho de banda 10G con Omada Enterprise Gateway<\/h2>\n<p style='margin: 0; color: inherit;'>Maximice la banda ancha 10G con Omada Enterprise Gateway. Cree su red ultrarr\u00e1pida con Omada ER8411&comma; un router VPN empresarial con puertos 10G. Supera la necesidad de redes empresariales de alta velocidad&comma; confiables y seguras&comma; ideales para implementaciones a gran escala como oficinas&comma; escuelas y hoteles.<\/p>\n<\/p><\/div>\n<\/p><\/div>\n<p> <!-- Secci\u00f3n con imagen y descripci\u00f3n (inversa) --> <\/p>\n<div style='display: flex; flex-wrap: wrap; gap: 30px; align-items: center; border: 1px solid rgba(150&comma;150&comma;150&comma;0.3); border-radius: 8px; padding: 20px; margin-bottom: 30px;'> <!-- Descripci\u00f3n --> <\/p>\n<div style='flex: 1 1 360px; min-width: 280px; order: 1;'>\n<h2 style='font-size: 24px; margin-top: 0; margin-bottom: 10px; color: inherit;'>Funciones de seguridad robusta<\/h2>\n<p style='margin: 0; color: inherit;'>Cortafuegos potente: Las pol\u00edticas de firewall avanzadas protegen su red y sus datos.<br \/>C\u00f3modo soporte de VLAN: cree segmentos de red virtuales para mejorar la seguridad y simplificar la gesti\u00f3n de la red.<br \/>Defensa DoS: Detecta y bloquea autom\u00e1ticamente ataques de denegaci\u00f3n de servicio (DoS)&comma; como inundaciones TCP\/UDP\/ICMP&comma; ping of death y otras amenazas relacionadas.<br \/>Filtrado: de IP\/MAC\/URL\/Palabras clave&comma; prevenir en\u00e9rgicamente virus y ataques de intrusos.<br \/>Enlace IP-MAC: Reserva la asignaci\u00f3n de IP est\u00e1tica para que los clientes se defiendan contra ataques ARP y suplantaci\u00f3n de identidad.<br \/>Activaci\u00f3n de ALG con un solo clic&comma; activaci\u00f3n de ALG con un solo clic para aplicaciones como FTP&comma; H323&comma; SIP&comma; IPSec y PPTP.<\/p>\n<\/p><\/div>\n<p> <!-- Imagen --> <\/p>\n<div style='flex: 1 1 300px; min-width: 280px; order: 2;'> <img style='width: 100%; height: auto; border: 1px solid rgba(150&comma;150&comma;150&comma;0.3); border-radius: 8px;' src='http:\/\/ftp3.syscom.mx\/usuarios\/ftp\/2025\/10\/14\/1908\/1.jpg_froala_68eecdc8f37c0' alt='Switch Industrial eKit S210I-8T4SX'> <\/div>\n<\/p><\/div>\n<p> <!-- Secci\u00f3n con imagen y descripci\u00f3n --> <\/p>\n<div style='display: flex; flex-wrap: wrap; gap: 30px; align-items: center; border: 1px solid rgba(150&comma;150&comma;150&comma;0.3); border-radius: 8px; padding: 20px; margin-bottom: 30px;'> <!-- Imagen --> <\/p>\n<div style='flex: 1 1 300px; min-width: 280px;'> <img style='width: 100%; height: auto; border: 1px solid rgba(150&comma;150&comma;150&comma;0.3); border-radius: 8px;' src='http:\/\/ftp3.syscom.mx\/usuarios\/ftp\/2025\/10\/14\/1908\/vpn.png_froala_68eecf48b98ec' alt='Switch Industrial eKit S210I-8T4SX'> <\/div>\n<p> <!-- Descripci\u00f3n --> <\/p>\n<div style='flex: 1 1 360px; min-width: 280px;'>\n<h2 style='font-size: 24px; margin-top: 0; margin-bottom: 10px; color: inherit;'>VPN de alta seguridad y alto rendimiento<\/h2>\n<p style='margin: 0; color: inherit;'>El ER8411 admite tr\u00e1fico de paso y m\u00faltiples protocolos VPN&comma; incluyendo SSL&comma; IPSec&comma; PPTP y L2TP en modo cliente\/servidor. La VPN IPSec autom\u00e1tica con un solo clic simplifica la configuraci\u00f3n de la VPN y facilita la gesti\u00f3n e implementaci\u00f3n de la red. El router tambi\u00e9n cuenta con hardware de motor VPN integrado&comma; lo que permite la compatibilidad y gesti\u00f3n de cientos de t\u00faneles IPSec&comma; PPTP&comma; L2TP&comma; SSL VPN y OpenVPN<\/p>\n<\/p><\/div>\n<\/p><\/div>\n<p> <!-- Secci\u00f3n con imagen y descripci\u00f3n (inversa) --> <\/p>\n<div style='display: flex; flex-wrap: wrap; gap: 30px; align-items: center; border: 1px solid rgba(150&comma;150&comma;150&comma;0.3); border-radius: 8px; padding: 20px;'> <!-- Descripci\u00f3n --> <\/p>\n<div style='flex: 1 1 360px; min-width: 280px; order: 1;'>\n<h2 style='font-size: 24px; margin-top: 0; margin-bottom: 10px; color: inherit;'>Integraci\u00f3n perfecta con Omada SDN<\/h2>\n<p style='margin: 0; color: inherit;'>La plataforma de redes definidas por software (SDN) de Omada integra dispositivos de red&comma; incluidos puntos de acceso&comma; conmutadores y enrutadores&comma; para proporcionar una gesti\u00f3n de la nube 100 % centralizada y crear una red altamente escalable&comma; todo controlado desde una \u00fanica interfaz.<\/p>\n<ul style='padding-left: 20px; margin: 15px 0; color: inherit;'>\n<li style='margin-bottom: 5px;'>Gesti\u00f3n centralizada en la nube<\/li>\n<li style='margin-bottom: 5px;'>Monitoreo inteligente<\/li>\n<li style='margin-bottom: 5px;'>Aprovisionamiento sin intervenci\u00f3n<\/li>\n<li style='margin-bottom: 5px;'>Controladores de hardware&comma; software o en la nube<\/li>\n<\/ul><\/div>\n<p> <!-- Imagen --> <\/p>\n<div style='flex: 1 1 300px; min-width: 280px; order: 2;'> <img style='width: 100%; height: auto; border: 1px solid rgba(150&comma;150&comma;150&comma;0.3); border-radius: 8px;' src='http:\/\/ftp3.syscom.mx\/usuarios\/ftp\/2025\/10\/14\/1908\/omada.png_froala_68eeceb17a229' alt='Switch Industrial eKit S210I-8T4SX'> <\/div>\n<\/p><\/div>\n<\/p><\/div>\n","protected":false},"excerpt":{"rendered":"<p>Router Omada VPN \/  SDN Multi-WAN 10G \/ 1 Puerto WAN SFP+ 10G \/ 1 Puerto WAN\/LAN SFP+ 10G \/ 1 Puerto WAN\/LAN SFP 1G \/ 8 puertos LAN\/WAN 1G \/ 2 Puertos USB \/ 2.3 Millones Sesiones Concurrentes \/ Administraci\u00f3n Centralizada OMADA SDN.<\/p>\n","protected":false},"featured_media":90469,"comment_status":"open","ping_status":"closed","template":"","meta":[],"product_brand":[],"product_cat":[2036,2035,2034],"product_tag":[2039,2038,664,2037,71],"class_list":{"0":"post-90470","1":"product","2":"type-product","3":"status-publish","4":"has-post-thumbnail","6":"product_cat-balanceadores","7":"product_cat-firewalls","8":"product_cat-routers","9":"product_tag-balanceadores","10":"product_tag-firewalls","11":"product_tag-networking","12":"product_tag-routers","13":"product_tag-tp-link","15":"first","16":"instock","17":"sale","18":"shipping-taxable","19":"purchasable","20":"product-type-simple"},"_links":{"self":[{"href":"https:\/\/soydeaqui.ddns.net\/pachuca\/index.php\/wp-json\/wp\/v2\/product\/90470","targetHints":{"allow":["GET"]}}],"collection":[{"href":"https:\/\/soydeaqui.ddns.net\/pachuca\/index.php\/wp-json\/wp\/v2\/product"}],"about":[{"href":"https:\/\/soydeaqui.ddns.net\/pachuca\/index.php\/wp-json\/wp\/v2\/types\/product"}],"replies":[{"embeddable":true,"href":"https:\/\/soydeaqui.ddns.net\/pachuca\/index.php\/wp-json\/wp\/v2\/comments?post=90470"}],"wp:featuredmedia":[{"embeddable":true,"href":"https:\/\/soydeaqui.ddns.net\/pachuca\/index.php\/wp-json\/wp\/v2\/media\/90469"}],"wp:attachment":[{"href":"https:\/\/soydeaqui.ddns.net\/pachuca\/index.php\/wp-json\/wp\/v2\/media?parent=90470"}],"wp:term":[{"taxonomy":"product_brand","embeddable":true,"href":"https:\/\/soydeaqui.ddns.net\/pachuca\/index.php\/wp-json\/wp\/v2\/product_brand?post=90470"},{"taxonomy":"product_cat","embeddable":true,"href":"https:\/\/soydeaqui.ddns.net\/pachuca\/index.php\/wp-json\/wp\/v2\/product_cat?post=90470"},{"taxonomy":"product_tag","embeddable":true,"href":"https:\/\/soydeaqui.ddns.net\/pachuca\/index.php\/wp-json\/wp\/v2\/product_tag?post=90470"}],"curies":[{"name":"wp","href":"https:\/\/api.w.org\/{rel}","templated":true}]}}