{"id":90460,"date":"2026-03-20T03:43:48","date_gmt":"2026-03-20T03:43:48","guid":{"rendered":"https:\/\/soydeaqui.ddns.net\/pachuca\/index.php\/producto\/router-omada-vpn-sdn-multi-wan-1g-switch-con-poe-y-controlador-2-puerto-wan-lan-sfp-1g-1-puerto-rj45-wan-1-puerto-wan-lan-rj45-8-puertos-poe-lan-rj45-24980-sesiones-concurrentes\/"},"modified":"2026-03-20T03:43:54","modified_gmt":"2026-03-20T03:43:54","slug":"router-omada-vpn-sdn-multi-wan-1g-switch-con-poe-y-controlador-2-puerto-wan-lan-sfp-1g-1-puerto-rj45-wan-1-puerto-wan-lan-rj45-8-puertos-poe-lan-rj45-24980-sesiones-concurrentes","status":"publish","type":"product","link":"https:\/\/soydeaqui.ddns.net\/pachuca\/index.php\/producto\/router-omada-vpn-sdn-multi-wan-1g-switch-con-poe-y-controlador-2-puerto-wan-lan-sfp-1g-1-puerto-rj45-wan-1-puerto-wan-lan-rj45-8-puertos-poe-lan-rj45-24980-sesiones-concurrentes\/","title":{"rendered":"Router Omada VPN \/ SDN Multi-WAN 1G \/ Switch con PoE y Controlador  \/ 2 puerto WAN\/LAN SFP 1G \/ 1 Puerto RJ45 WAN \/ 1 Puerto WAN\/LAN RJ45 \/ 8 Puertos PoE+ LAN RJ45 \/  24,980 Sesiones Concurrentes"},"content":{"rendered":"<div style='width: 100%; max-width: 1200px; margin: 0 auto; font-family: sans-serif; line-height: 1.6; color: inherit; background-color: transparent;'>\n<div style='text-align: center; margin: 30px 0;'>\n<h2 style='margin: 0; font-size: 24px; color: inherit;'> <a href='https:\/\/www.tp-link.com\/es\/omada-sdn\/' style='color: inherit; text-decoration: none;'> Aprende mas sobre Omada Cloud <\/a> <\/h2>\n<\/p><\/div>\n<div style='margin: 30px 0;'> <img style='width: 100%; height: auto; border: 1px solid rgba(150&comma;150&comma;150&comma;0.3); border-radius: 8px;' src='https:\/\/ftp3.syscom.mx\/usuarios\/fotos\/ER7212PC\/216370-image_-_2023-02-24t134618.939.png' alt=''> <\/div>\n<div style='margin: 30px 0;'>\n<div style='text-align: center; margin: 30px 0;'>\n<h2 style='font-size: 24px; color: inherit; margin: 0; padding-bottom: 10px; border-bottom: 2px solid rgba(150&comma;150&comma;150&comma;0.3); display: inline-block;'> Administraci\u00f3n unificada con el controlador ya integrado dentro del router. <\/h2>\n<\/p><\/div>\n<div style='margin: 30px 0;'> <img style='width: 100%; height: auto; border: 1px solid rgba(150&comma;150&comma;150&comma;0.3); border-radius: 8px;' src='https:\/\/ftp3.syscom.mx\/usuarios\/fotos\/TLER7206\/193906-captura_de_pantalla_2021-02-15_a_la(s)_14.53.00.png' alt=''> <\/div>\n<\/p><\/div>\n<div style='margin: 30px 0;'>\n<div style='text-align: center; margin: 30px 0;'>\n<h2 style='font-size: 24px; color: inherit; margin: 0; padding-bottom: 10px; border-bottom: 2px solid rgba(150&comma;150&comma;150&comma;0.3); display: inline-block;'> Funciones avanzadas para la asministraci\u00f3n de la red empresarial. <\/h2>\n<\/p><\/div>\n<div style='margin: 30px 0;'> <img style='width: 100%; height: auto; border: 1px solid rgba(150&comma;150&comma;150&comma;0.3); border-radius: 8px;' src='https:\/\/ftp3.syscom.mx\/usuarios\/fotos\/ER7212PC\/216370-image_-_2023-02-24t134626.164.png' alt=''> <\/div>\n<\/p><\/div>\n<div style='margin: 30px 0;'>\n<div style='text-align: center; margin: 30px 0;'>\n<h2 style='font-size: 24px; color: inherit; margin: 0; padding-bottom: 10px; border-bottom: 2px solid rgba(150&comma;150&comma;150&comma;0.3); display: inline-block;'> 3 funciones en 1&comma; Router Muti-WAN&comma; Switch PoE con 110W y el controlador omada integrado <\/h2>\n<\/p><\/div>\n<div style='margin: 30px 0;'> <img style='width: 100%; height: auto; border: 1px solid rgba(150&comma;150&comma;150&comma;0.3); border-radius: 8px;' src='https:\/\/ftp3.syscom.mx\/usuarios\/fotos\/ER7212PC\/216370-image_-_2023-02-24t134633.995.png' alt=''> <\/div>\n<\/p><\/div>\n<div style='margin: 30px 0;'>\n<div style='text-align: center; margin: 30px 0;'>\n<h2 style='font-size: 24px; color: inherit; margin: 0; padding-bottom: 10px; border-bottom: 2px solid rgba(150&comma;150&comma;150&comma;0.3); display: inline-block;'> Multiples puertos configuruables WAN\/LAN&comma; puertos con PoE af\/at <\/h2>\n<\/p><\/div>\n<div style='margin: 30px 0;'> <img style='width: 100%; height: auto; border: 1px solid rgba(150&comma;150&comma;150&comma;0.3); border-radius: 8px;' src='https:\/\/ftp3.syscom.mx\/usuarios\/fotos\/ER7212PC\/216370-image_-_2023-02-24t134640.385.png' alt=''> <\/div>\n<\/p><\/div>\n<div style='margin: 30px 0;'>\n<div style='text-align: center; margin: 30px 0;'>\n<h2 style='font-size: 24px; color: inherit; margin: 0; padding-bottom: 10px; border-bottom: 2px solid rgba(150&comma;150&comma;150&comma;0.3); display: inline-block;'> Funciones robustas de seguridad en la red. <\/h2>\n<\/p><\/div>\n<div style='margin: 30px 0;'> <img style='width: 100%; height: auto; border: 1px solid rgba(150&comma;150&comma;150&comma;0.3); border-radius: 8px;' src='https:\/\/ftp3.syscom.mx\/usuarios\/fotos\/ER7212PC\/216370-image_-_2023-02-24t134647.653.png' alt=''> <\/div>\n<\/p><\/div>\n<div style='margin: 60px 0 30px;'>\n<div style='display: flex; flex-wrap: wrap; gap: 20px; margin-bottom: 30px;'>\n<div style='flex: 1 1 300px; min-width: 280px;'>\n<h3 style='font-size: 22px; border-bottom: 2px solid currentColor; padding-bottom: 5px; margin-top: 0; color: inherit; opacity: 0.8;'>Especificaciones<\/h3>\n<ul style='padding-left: 20px; font-size: 15px; color: inherit;'>\n<li style='margin-bottom: 5px;'><strong>Dimensiones:<\/strong> 226 x 131 x 35 mm.<\/li>\n<li style='margin-bottom: 5px;'><strong>Puertos:<\/strong> (2) Gigabit SPF WAN\/LAN&comma; (1) Gigabit WAN RJ45&comma; (1) Gigabit LAN\/WAN RJ45&comma; (8) Gigabit LAN PoE af\/at<\/li>\n<li style='margin-bottom: 5px;'><strong>Boton Reset:<\/strong> Si<\/li>\n<li style='margin-bottom: 5px;'><strong>Garant\u00eda:<\/strong> 5 a\u00f1os<\/li>\n<li style='margin-bottom: 5px;'><strong>Gesti\u00f3n web:<\/strong> Si<\/li>\n<li style='margin-bottom: 5px;'><strong>Alimentaci\u00f3n:<\/strong> 53.5 Vcc \/ 2.3A<\/li>\n<li style='margin-bottom: 5px;'><strong>Consumo m\u00e1x:<\/strong> 133.2 W<\/li>\n<li style='margin-bottom: 5px;'><strong>Flash:<\/strong> 8MB NOR + 4 GB EMMC<\/li>\n<li style='margin-bottom: 5px;'><strong>DRAM:<\/strong> 1 GB DDR3<\/li>\n<li style='margin-bottom: 5px;'><strong>Montaje:<\/strong> Escritorio<\/li>\n<li style='margin-bottom: 5px;'><strong>Sesiones concurrentes:<\/strong> 24&comma;980 de sesiones<\/li>\n<li style='margin-bottom: 5px;'><strong>Procesamiento CPU:<\/strong> Carga: hasta 935.5 Mbps&comma; Descarga: hasta 942.1 Mbps<\/li>\n<li style='margin-bottom: 5px;'><strong>Tipos de conexi\u00f3n WAN:<\/strong> IP est\u00e1tica\/din\u00e1mica&comma; PPPoE&comma; PPTP&comma; L2TP&comma; Banda ancha m\u00f3vil<\/li>\n<li style='margin-bottom: 5px;'><strong>IPV6\/IPV4:<\/strong> Conexi\u00f3n WAN<\/li>\n<li style='margin-bottom: 5px;'><strong>IPTV:<\/strong> IGMP v2\/v3 proxy<\/li>\n<li style='margin-bottom: 5px;'><strong>Temperatura de operaci\u00f3n:<\/strong> 0 &#8211; 40\u00b0 C<\/li>\n<li style='margin-bottom: 5px;'><strong>Certificaciones:<\/strong> CE&comma; FCC&comma; RoHS<\/li>\n<\/ul><\/div>\n<div style='flex: 1 1 300px; min-width: 280px;'>\n<h3 style='font-size: 22px; border-bottom: 2px solid currentColor; padding-bottom: 5px; margin-top: 0; color: inherit; opacity: 0.8;'>Caracter\u00edsticas<\/h3>\n<ul style='padding-left: 20px; font-size: 15px; color: inherit;'>\n<li style='margin-bottom: 5px;'><strong>VPN:<\/strong> OpenVPN 20 t\u00faneles&comma; IPSec 16 t\u00faneles&comma; PPTP 16 t\u00faneles&comma; L2TP 16 t\u00faneles<\/li>\n<li style='margin-bottom: 5px;'><strong>Filtrado:<\/strong> Filtrado URL<\/li>\n<li style='margin-bottom: 5px;'><strong>Inspecci\u00f3n ARP:<\/strong> Env\u00edo de paquetes GARP&comma; Escaneo ARP&comma; Enlace IP-MAC<\/li>\n<li style='margin-bottom: 5px;'><strong>Autenticaci\u00f3n WEB:<\/strong> Contrase\u00f1a simple&comma; Hotspot (usuario local\/voucher\/SMS\/Radios)&comma; Servidor Radius externo&comma; Registro Facebook&comma; Seguimiento de Instagram<\/li>\n<li style='margin-bottom: 5px;'><strong>Gesti\u00f3n centralizada:<\/strong> Omada basado en la nube<\/li>\n<\/ul><\/div>\n<div style='flex: 1 1 300px; min-width: 280px;'>\n<h3 style='font-size: 22px; border-bottom: 2px solid currentColor; padding-bottom: 5px; margin-top: 0; color: inherit; opacity: 0.8;'>Otros<\/h3>\n<ul style='padding-left: 20px; font-size: 15px; color: inherit;'>\n<li style='margin-bottom: 5px;'><strong>Contenido del Paquete:<\/strong> ER7212PC&comma; Cable de alimentaci\u00f3n&comma; Cable Ethernet&comma; Gu\u00eda de instalaci\u00f3n<\/li>\n<\/ul><\/div>\n<\/p><\/div>\n<\/p><\/div>\n<\/p><\/div>\n","protected":false},"excerpt":{"rendered":"<p>Router Omada VPN \/ SDN Multi-WAN 1G \/ Switch con PoE y Controlador  \/ 2 puerto WAN\/LAN SFP 1G \/ 1 Puerto RJ45 WAN \/ 1 Puerto WAN\/LAN RJ45 \/ 8 Puertos PoE+ LAN RJ45 \/  24,980 Sesiones Concurrentes<\/p>\n","protected":false},"featured_media":90459,"comment_status":"open","ping_status":"closed","template":"","meta":[],"product_brand":[],"product_cat":[2036,2035,2034],"product_tag":[2039,2038,664,2037,71],"class_list":{"0":"post-90460","1":"product","2":"type-product","3":"status-publish","4":"has-post-thumbnail","6":"product_cat-balanceadores","7":"product_cat-firewalls","8":"product_cat-routers","9":"product_tag-balanceadores","10":"product_tag-firewalls","11":"product_tag-networking","12":"product_tag-routers","13":"product_tag-tp-link","15":"first","16":"instock","17":"sale","18":"shipping-taxable","19":"purchasable","20":"product-type-simple"},"_links":{"self":[{"href":"https:\/\/soydeaqui.ddns.net\/pachuca\/index.php\/wp-json\/wp\/v2\/product\/90460","targetHints":{"allow":["GET"]}}],"collection":[{"href":"https:\/\/soydeaqui.ddns.net\/pachuca\/index.php\/wp-json\/wp\/v2\/product"}],"about":[{"href":"https:\/\/soydeaqui.ddns.net\/pachuca\/index.php\/wp-json\/wp\/v2\/types\/product"}],"replies":[{"embeddable":true,"href":"https:\/\/soydeaqui.ddns.net\/pachuca\/index.php\/wp-json\/wp\/v2\/comments?post=90460"}],"wp:featuredmedia":[{"embeddable":true,"href":"https:\/\/soydeaqui.ddns.net\/pachuca\/index.php\/wp-json\/wp\/v2\/media\/90459"}],"wp:attachment":[{"href":"https:\/\/soydeaqui.ddns.net\/pachuca\/index.php\/wp-json\/wp\/v2\/media?parent=90460"}],"wp:term":[{"taxonomy":"product_brand","embeddable":true,"href":"https:\/\/soydeaqui.ddns.net\/pachuca\/index.php\/wp-json\/wp\/v2\/product_brand?post=90460"},{"taxonomy":"product_cat","embeddable":true,"href":"https:\/\/soydeaqui.ddns.net\/pachuca\/index.php\/wp-json\/wp\/v2\/product_cat?post=90460"},{"taxonomy":"product_tag","embeddable":true,"href":"https:\/\/soydeaqui.ddns.net\/pachuca\/index.php\/wp-json\/wp\/v2\/product_tag?post=90460"}],"curies":[{"name":"wp","href":"https:\/\/api.w.org\/{rel}","templated":true}]}}