{"id":90452,"date":"2026-03-20T03:43:25","date_gmt":"2026-03-20T03:43:25","guid":{"rendered":"https:\/\/soydeaqui.ddns.net\/pachuca\/index.php\/producto\/altavoz-de-columna-poe-conexion-dante-16-x-1-5-en-arreglo-lineal-adecia-color-blanco\/"},"modified":"2026-03-20T03:43:36","modified_gmt":"2026-03-20T03:43:36","slug":"altavoz-de-columna-poe-conexion-dante-16-x-1-5-en-arreglo-lineal-adecia-color-blanco","status":"publish","type":"product","link":"https:\/\/soydeaqui.ddns.net\/pachuca\/index.php\/producto\/altavoz-de-columna-poe-conexion-dante-16-x-1-5-en-arreglo-lineal-adecia-color-blanco\/","title":{"rendered":"Altavoz de Columna | PoE | Conexi\u00f3n Dante | 16 x 1.5&#8243; en Arreglo Lineal | ADECIA | Color Blanco"},"content":{"rendered":"<div style='width: 100%; max-width: 1200px; margin: 0 auto; font-family: sans-serif; line-height: 1.6; color: inherit; background-color: transparent;'> <!-- Logo Section --> <\/p>\n<div style='display: flex; flex-wrap: wrap; justify-content: center; gap: 20px; margin-bottom: 30px;'> <img style='width: 40%; border: 1px solid rgba(150&comma;150&comma;150&comma;0.3); border-radius: 8px;' src='https:\/\/ftp3.syscom.mx\/usuarios\/luis.vargas\/YAMAHA\/Yamaha_logo.png' alt='Logo Yamaha'> <img style='width: 100%; border: 1px solid rgba(150&comma;150&comma;150&comma;0.3); border-radius: 8px;' src='https:\/\/ftp3.syscom.mx\/usuarios\/luis.vargas\/YAMAHA\/Linea.PNG' alt='L\u00ednea de productos'> <\/div>\n<p> <!-- Main Product Image --> <\/p>\n<div style='margin-bottom: 30px;'> <img style='width: 100%; height: auto; border: 1px solid rgba(150&comma;150&comma;150&comma;0.3); border-radius: 8px;' src='https:\/\/ftp3.syscom.mx\/usuarios\/luis.vargas\/YAMAHA\/VXLW16P\/VXL-image1.jpg' alt='VXLW16P'> <\/div>\n<p> <!-- Product Description Section --> <\/p>\n<div style='display: grid; grid-template-columns: 1fr; gap: 30px; margin-bottom: 30px;'>\n<div>\n<div style='text-align: center; margin-bottom: 20px;'>\n<h1 style='font-size: 36px; margin: 0; color: inherit; font-weight: 500; text-align: center; font-family: 'Oswald'&comma; sans-serif; opacity: 0.9;'> Sistema de altavoces activos Dante PoE <\/h1>\n<\/p><\/div>\n<p style='font-size: 15px; color: inherit; text-align: justify;'> Al utilizar este sistema&comma; es posible construir una red de altavoces que permite que la infraestructura existente de TI se utilice de manera efectiva. La instalaci\u00f3n es f\u00e1cil y no se necesita un amplificador de potencia&comma; lo que contribuye a la flexibilidad de instalaci\u00f3n y permite construir un elegante sistema de sonido que no interfiere con el dise\u00f1o de la sala de conferencias. La salida m\u00e1xima del altavoz puede ser de 15W o 6W <\/p>\n<\/p><\/div>\n<\/p><\/div>\n<p> <!-- Product Features and Image --> <\/p>\n<div style='display: grid; grid-template-columns: 1fr 1fr; gap: 30px; margin-bottom: 30px;'>\n<div>\n<h2 style='font-size: 28px; margin-top: 0; margin-bottom: 15px; color: inherit; opacity: 0.85; font-family: 'Oswald'&comma; sans-serif;'> VXLW16P <\/h2>\n<h3 style='font-size: 20px; margin-top: 0; margin-bottom: 15px; color: inherit; opacity: 0.8; font-weight: normal;'> Altavoz PoE <\/h3>\n<p style='font-size: 15px; color: inherit; text-align: justify;'> Equipado con 16 transductores&comma; en configuraci\u00f3n line array&comma; colocando las fuentes de audio en l\u00ednea para reducir la dispersi\u00f3n de sonido en direcci\u00f3n vertical&comma; limitando las reflexiones del techo y paredes. Esto garantiza un sonido claro que puede ser entregado a larga distancia. <\/p>\n<\/p><\/div>\n<div> <img style='width: 100%; height: auto; border: 1px solid rgba(150&comma;150&comma;150&comma;0.3); border-radius: 8px;' src='https:\/\/ftp3.syscom.mx\/usuarios\/luis.vargas\/YAMAHA\/VXLW16P\/VXL-ejemplo1.jpg' alt='VXLW16P Instalaci\u00f3n'> <\/div>\n<\/p><\/div>\n<p> <!-- Additional Info and Image --> <\/p>\n<div style='display: grid; grid-template-columns: 1fr 1fr; gap: 30px; margin-bottom: 30px;'>\n<div> <img style='width: 100%; height: auto; border: 1px solid rgba(150&comma;150&comma;150&comma;0.3); border-radius: 8px;' src='https:\/\/ftp3.syscom.mx\/usuarios\/luis.vargas\/YAMAHA\/VXLW16P\/VXL-dante1.jpg' alt='Tecnolog\u00eda Dante'> <\/div>\n<div>\n<p style='font-size: 15px; color: inherit; text-align: justify;'> No se requieren conocimientos de programaci\u00f3n especializados. Una interfaz intuitiva facilita la creaci\u00f3n de fader para el control de volumen y el encendido \/ apagado del sistema. Coloque fotograf\u00edas u otros elementos gr\u00e1ficos en la pantalla seg\u00fan sea necesario. <\/p>\n<\/p><\/div>\n<\/p><\/div>\n<p> <!-- Dante Feature Image --> <\/p>\n<div style='margin-bottom: 30px;'> <img style='width: 100%; height: auto; border: 1px solid rgba(150&comma;150&comma;150&comma;0.3); border-radius: 8px;' src='https:\/\/ftp3.syscom.mx\/usuarios\/luis.vargas\/YAMAHA\/RMCR\/RM-CR_feature-Dante1.jpg' alt='Caracter\u00edstica Dante'> <\/div>\n<p> <!-- Specifications Section --> <\/p>\n<div style='display: flex; flex-wrap: wrap; gap: 20px; margin-bottom: 30px;'>\n<div style='flex: 1 1 400px; min-width: 280px; border: 1px solid rgba(150&comma; 150&comma; 150&comma; 0.4); border-radius: 8px; overflow: hidden; display: flex; flex-direction: column;'>\n<div style='padding: 15px; border-bottom: 1px solid rgba(150&comma; 150&comma; 150&comma; 0.2); font-weight: bold; font-size: 18px; color: inherit;'> Caracter\u00edsticas Generales <\/div>\n<div style='padding: 15px; color: inherit;'>\n<ul style='padding-left: 20px; margin: 0; font-size: 14px; list-style-type: disc;'>\n<li style='margin-bottom: 5px;'><strong>Tipo:<\/strong> Altavoz en l\u00ednea de rango amplio<\/li>\n<li style='margin-bottom: 5px;'><strong>Alimentaci\u00f3n:<\/strong> PoE<\/li>\n<li style='margin-bottom: 5px;'><strong>Consumo:<\/strong> 15W&comma; 6W<\/li>\n<li style='margin-bottom: 5px;'><strong>Respuesta de frecuencia:<\/strong> 80Hz-16kHz<\/li>\n<li style='margin-bottom: 5px;'><strong>Montaje:<\/strong> En pared<\/li>\n<li style='margin-bottom: 5px;'><strong>Color:<\/strong> Blanco<\/li>\n<li style='margin-bottom: 5px;'><strong>Conectores:<\/strong> RJ45<\/li>\n<\/ul><\/div>\n<\/p><\/div>\n<div style='flex: 1 1 400px; min-width: 280px; border: 1px solid rgba(150&comma; 150&comma; 150&comma; 0.4); border-radius: 8px; overflow: hidden; display: flex; flex-direction: column;'>\n<div style='padding: 15px; border-bottom: 1px solid rgba(150&comma; 150&comma; 150&comma; 0.2); font-weight: bold; font-size: 18px; color: inherit;'> Especificaciones Adicionales <\/div>\n<div style='padding: 15px; color: inherit;'>\n<ul style='padding-left: 20px; margin: 0; font-size: 14px; list-style-type: disc;'>\n<li style='margin-bottom: 5px;'><strong>SPL:<\/strong> 120dB<\/li>\n<li style='margin-bottom: 5px;'><strong>Cobertura vertical:<\/strong> 170\u00b0<\/li>\n<li style='margin-bottom: 5px;'><strong>Cobertura horizontal:<\/strong> 20\u00b0<\/li>\n<li style='margin-bottom: 5px;'><strong>Protecci\u00f3n:<\/strong> A sobrecarga y sobre corriente<\/li>\n<li style='margin-bottom: 5px;'><strong>Dimensiones:<\/strong> 54mm x 1120mm x 104mm<\/li>\n<li style='margin-bottom: 5px;'><strong>Peso:<\/strong> 5.0 kg\/unidad<\/li>\n<\/ul><\/div>\n<\/p><\/div>\n<\/p><\/div>\n<p> <!-- Video Section --> <\/p>\n<div style='display: grid; grid-template-columns: repeat(auto-fill&comma; minmax(280px&comma; 1fr)); gap: 20px; margin-bottom: 30px;'>\n<div style='position: relative; padding-bottom: 56.25%; height: 0; overflow: hidden;'>   <\/div>\n<div style='position: relative; padding-bottom: 56.25%; height: 0; overflow: hidden;'>   <\/div>\n<div style='position: relative; padding-bottom: 56.25%; height: 0; overflow: hidden;'>   <\/div>\n<\/p><\/div>\n<p> <!-- Separator --> <\/p>\n<hr style='border: 0; border-top: 1px solid rgba(150&comma; 150&comma; 150&comma; 0.3); margin: 30px 0;'> <\/div>\n","protected":false},"excerpt":{"rendered":"<p>Altavoz de Columna | PoE | Conexi\u00f3n Dante | 16 x 1.5&#8243; en Arreglo Lineal | ADECIA | Color Blanco<\/p>\n","protected":false},"featured_media":90451,"comment_status":"open","ping_status":"closed","template":"","meta":[],"product_brand":[],"product_cat":[2048],"product_tag":[2049,2004,2128],"class_list":{"0":"post-90452","1":"product","2":"type-product","3":"status-publish","4":"has-post-thumbnail","6":"product_cat-audio-video-conferencia","7":"product_tag-audio-video-conferencia","8":"product_tag-voip-telefonia-ip-videoconferencia","9":"product_tag-yamaha","11":"first","12":"outofstock","13":"sale","14":"shipping-taxable","15":"purchasable","16":"product-type-simple"},"_links":{"self":[{"href":"https:\/\/soydeaqui.ddns.net\/pachuca\/index.php\/wp-json\/wp\/v2\/product\/90452","targetHints":{"allow":["GET"]}}],"collection":[{"href":"https:\/\/soydeaqui.ddns.net\/pachuca\/index.php\/wp-json\/wp\/v2\/product"}],"about":[{"href":"https:\/\/soydeaqui.ddns.net\/pachuca\/index.php\/wp-json\/wp\/v2\/types\/product"}],"replies":[{"embeddable":true,"href":"https:\/\/soydeaqui.ddns.net\/pachuca\/index.php\/wp-json\/wp\/v2\/comments?post=90452"}],"wp:featuredmedia":[{"embeddable":true,"href":"https:\/\/soydeaqui.ddns.net\/pachuca\/index.php\/wp-json\/wp\/v2\/media\/90451"}],"wp:attachment":[{"href":"https:\/\/soydeaqui.ddns.net\/pachuca\/index.php\/wp-json\/wp\/v2\/media?parent=90452"}],"wp:term":[{"taxonomy":"product_brand","embeddable":true,"href":"https:\/\/soydeaqui.ddns.net\/pachuca\/index.php\/wp-json\/wp\/v2\/product_brand?post=90452"},{"taxonomy":"product_cat","embeddable":true,"href":"https:\/\/soydeaqui.ddns.net\/pachuca\/index.php\/wp-json\/wp\/v2\/product_cat?post=90452"},{"taxonomy":"product_tag","embeddable":true,"href":"https:\/\/soydeaqui.ddns.net\/pachuca\/index.php\/wp-json\/wp\/v2\/product_tag?post=90452"}],"curies":[{"name":"wp","href":"https:\/\/api.w.org\/{rel}","templated":true}]}}