{"id":90432,"date":"2026-03-20T03:42:27","date_gmt":"2026-03-20T03:42:27","guid":{"rendered":"https:\/\/soydeaqui.ddns.net\/pachuca\/index.php\/producto\/gateway-industrial-lte-m2m-cat-4-puertos-serial-rs232-rs485\/"},"modified":"2026-03-20T03:42:40","modified_gmt":"2026-03-20T03:42:40","slug":"gateway-industrial-lte-m2m-cat-4-puertos-serial-rs232-rs485","status":"publish","type":"product","link":"https:\/\/soydeaqui.ddns.net\/pachuca\/index.php\/producto\/gateway-industrial-lte-m2m-cat-4-puertos-serial-rs232-rs485\/","title":{"rendered":"Gateway Industrial LTE M2M (Cat 4), puertos Serial RS232\/RS485"},"content":{"rendered":"<div style='width: 100%; max-width: 1200px; margin: 0 auto; font-family: sans-serif; line-height: 1.6; color: inherit; background-color: transparent;'>\n<div style='width: 100%; max-width: 672px; margin-bottom: 48px; color: inherit;'>\n<h1 style='font-size: 38px; line-height: 1.2; margin: 0 0 8px; color: inherit; font-family: Oswald&comma; sans-serif; text-transform: uppercase; font-weight: 600;'>TRB245<\/h1>\n<div style='font-weight: 600; font-size: 14px; margin: 0 0 12px; color: inherit;'>GATEWAY INDUSTRIAL M2M LTE<\/div>\n<div style='font-size: 16px; margin: 0; color: inherit; display: none;'>TRB245 es una puerta de enlace industrial M2M LTE Cat 4 todo en uno equipada con m\u00faltiples entradas\/salidas&comma; RS232&comma; RS485 e interfaces Ethernet&comma; lo que permite una aplicaci\u00f3n universal en soluciones M2M.<\/div>\n<\/p><\/div>\n<div style='display: flex; flex-wrap: wrap; gap: 20px; border-top: 1px solid rgba(150&comma;150&comma;150&comma;0.3); border-bottom: 1px solid rgba(150&comma;150&comma;150&comma;0.3); padding: 24px 0;'>\n<div style='flex: 1 1 200px; min-width: 160px; padding: 0 20px;'>\n<div style='font-family: Oswald&comma; sans-serif; font-size: 20px; text-transform: uppercase; font-weight: 600; margin: 0 0 8px; color: inherit;'>Conectividad<\/div>\n<div style='font-size: 14px; color: inherit;'>4G\/LTE (Cat 4)&comma; 3G&comma; 2G<\/div>\n<\/p><\/div>\n<div style='flex: 1 1 200px; min-width: 160px; padding: 0 20px; border-left: 1px solid rgba(150&comma;150&comma;150&comma;0.3);'>\n<div style='font-family: Oswald&comma; sans-serif; font-size: 20px; text-transform: uppercase; font-weight: 600; margin: 0 0 8px; color: inherit;'>Doble SIM<\/div>\n<div style='font-size: 14px; color: inherit;'>Con conmutaci\u00f3n por error autom\u00e1tica&comma; WAN de respaldo y otros escenarios de conmutaci\u00f3n<\/div>\n<\/p><\/div>\n<div style='flex: 1 1 200px; min-width: 160px; padding: 0 20px; border-left: 1px solid rgba(150&comma;150&comma;150&comma;0.3);'>\n<div style='font-family: Oswald&comma; sans-serif; font-size: 20px; text-transform: uppercase; font-weight: 600; margin: 0 0 8px; color: inherit;'>Puertos seriales<\/div>\n<div style='font-size: 14px; color: inherit;'>Interfaces de comunicaci\u00f3n serie RS232\/RS485<\/div>\n<\/p><\/div>\n<div style='flex: 1 1 200px; min-width: 160px; padding: 0 20px; border-left: 1px solid rgba(150&comma;150&comma;150&comma;0.3);'>\n<div style='font-family: Oswald&comma; sans-serif; font-size: 20px; text-transform: uppercase; font-weight: 600; margin: 0 0 8px; color: inherit;'>E\/S<\/div>\n<div style='font-size: 14px; color: inherit;'>M\u00faltiples entradas y salidas para monitoreo y control remoto<\/div>\n<\/p><\/div>\n<\/p><\/div>\n<\/p><\/div>\n","protected":false},"excerpt":{"rendered":"<p>Gateway Industrial LTE M2M (Cat 4), puertos Serial RS232\/RS485<\/p>\n","protected":false},"featured_media":90431,"comment_status":"open","ping_status":"closed","template":"","meta":[],"product_brand":[],"product_cat":[1984],"product_tag":[1985,664,1430],"class_list":{"0":"post-90432","1":"product","2":"type-product","3":"status-publish","4":"has-post-thumbnail","6":"product_cat-industrial","7":"product_tag-industrial","8":"product_tag-networking","9":"product_tag-teltonika","11":"first","12":"instock","13":"sale","14":"shipping-taxable","15":"purchasable","16":"product-type-simple"},"_links":{"self":[{"href":"https:\/\/soydeaqui.ddns.net\/pachuca\/index.php\/wp-json\/wp\/v2\/product\/90432","targetHints":{"allow":["GET"]}}],"collection":[{"href":"https:\/\/soydeaqui.ddns.net\/pachuca\/index.php\/wp-json\/wp\/v2\/product"}],"about":[{"href":"https:\/\/soydeaqui.ddns.net\/pachuca\/index.php\/wp-json\/wp\/v2\/types\/product"}],"replies":[{"embeddable":true,"href":"https:\/\/soydeaqui.ddns.net\/pachuca\/index.php\/wp-json\/wp\/v2\/comments?post=90432"}],"wp:featuredmedia":[{"embeddable":true,"href":"https:\/\/soydeaqui.ddns.net\/pachuca\/index.php\/wp-json\/wp\/v2\/media\/90431"}],"wp:attachment":[{"href":"https:\/\/soydeaqui.ddns.net\/pachuca\/index.php\/wp-json\/wp\/v2\/media?parent=90432"}],"wp:term":[{"taxonomy":"product_brand","embeddable":true,"href":"https:\/\/soydeaqui.ddns.net\/pachuca\/index.php\/wp-json\/wp\/v2\/product_brand?post=90432"},{"taxonomy":"product_cat","embeddable":true,"href":"https:\/\/soydeaqui.ddns.net\/pachuca\/index.php\/wp-json\/wp\/v2\/product_cat?post=90432"},{"taxonomy":"product_tag","embeddable":true,"href":"https:\/\/soydeaqui.ddns.net\/pachuca\/index.php\/wp-json\/wp\/v2\/product_tag?post=90432"}],"curies":[{"name":"wp","href":"https:\/\/api.w.org\/{rel}","templated":true}]}}