{"id":90430,"date":"2026-03-20T03:42:23","date_gmt":"2026-03-20T03:42:23","guid":{"rendered":"https:\/\/soydeaqui.ddns.net\/pachuca\/index.php\/producto\/regleta-de-alimentacion-30w-2-usb-a-1-usb-c-3-salidas-ac-carga-de-alta-velocidad-salida-usb-c-pd-de-30w-gan-salidas-ac-tipo-b-proteccion-contra-sobretensiones-6-en-1\/"},"modified":"2026-03-20T03:42:24","modified_gmt":"2026-03-20T03:42:24","slug":"regleta-de-alimentacion-30w-2-usb-a-1-usb-c-3-salidas-ac-carga-de-alta-velocidad-salida-usb-c-pd-de-30w-gan-salidas-ac-tipo-b-proteccion-contra-sobretensiones-6-en-1","status":"publish","type":"product","link":"https:\/\/soydeaqui.ddns.net\/pachuca\/index.php\/producto\/regleta-de-alimentacion-30w-2-usb-a-1-usb-c-3-salidas-ac-carga-de-alta-velocidad-salida-usb-c-pd-de-30w-gan-salidas-ac-tipo-b-proteccion-contra-sobretensiones-6-en-1\/","title":{"rendered":"Regleta de Alimentaci\u00f3n 30W 2 USB-A + 1 USB-C + 3 Salidas AC \/ Carga de Alta Velocidad \/ Salida USB-C PD de 30W (GaN) \/ Salidas AC Tipo B \/ Protecci\u00f3n Contra Sobretensiones \/ 6 en 1"},"content":{"rendered":"<div style='width: 100%; max-width: 1200px; margin: 0 auto; font-family: sans-serif; line-height: 1.6; color: inherit; background-color: transparent;'> <!-- Carrusel de im\u00e1genes 1 --> <\/p>\n<div style='width: 100%; margin-bottom: 30px;'>\n<div style='position: relative; width: 100%;'> <!-- Indicadores --> <\/p>\n<div style='text-align: center; margin-bottom: 15px;'> <span style='display: inline-block; width: 10px; height: 10px; border-radius: 50%; background-color: rgba(150&comma; 150&comma; 150&comma; 0.5); margin: 0 5px;'><\/span> <span style='display: inline-block; width: 10px; height: 10px; border-radius: 50%; background-color: rgba(150&comma; 150&comma; 150&comma; 0.5); margin: 0 5px;'><\/span> <span style='display: inline-block; width: 10px; height: 10px; border-radius: 50%; background-color: rgba(150&comma; 150&comma; 150&comma; 0.5); margin: 0 5px;'><\/span> <span style='display: inline-block; width: 10px; height: 10px; border-radius: 50%; background-color: rgba(150&comma; 150&comma; 150&comma; 0.5); margin: 0 5px;'><\/span> <span style='display: inline-block; width: 10px; height: 10px; border-radius: 50%; background-color: rgba(150&comma; 150&comma; 150&comma; 0.5); margin: 0 5px;'><\/span> <\/div>\n<p> <!-- Contenido del carrusel --> <\/p>\n<div style='margin-bottom: 30px;'>\n<div style='display: flex; flex-wrap: wrap; gap: 30px; align-items: center;'>\n<div style='flex: 1 1 300px; min-width: 280px;'> <img style='width: 100%; height: auto; border: 1px solid rgba(150&comma;150&comma;150&comma;0.3); border-radius: 8px;' src='http:\/\/ftp3.syscom.mx\/usuarios\/hallende\/UGREEN\/15461\/15461-1.jpg' alt=''> <\/div>\n<div style='flex: 1 1 300px; min-width: 280px;'>\n<h3 style='font-size: 22px; border-bottom: 2px solid currentColor; padding-bottom: 5px; margin-top: 0; color: inherit; opacity: 0.8;'>Caracter\u00edsticas Principales<\/h3>\n<p style='font-size: 15px; color: inherit;'>UGREEN ha lanzado una regleta de alimentaci\u00f3n digital de carga inteligente de 30W&comma; que integra el m\u00f3dulo de carga r\u00e1pida inteligente con la combinaci\u00f3n tradicional de regletas de alimentaci\u00f3n. Carga r\u00e1pida de 30 W y tambi\u00e9n puede suministrar energ\u00eda a otros dispositivos en el hogar&comma; lo que puede satisfacer las necesidades de suministro de energ\u00eda de los dispositivos digitales en el hogar y la oficina.<\/p>\n<\/p><\/div>\n<\/p><\/div>\n<\/p><\/div>\n<div style='margin-bottom: 30px;'>\n<div style='display: flex; flex-wrap: wrap; gap: 30px; align-items: center;'>\n<div style='flex: 1 1 300px; min-width: 280px;'> <img style='width: 100%; height: auto; border: 1px solid rgba(150&comma;150&comma;150&comma;0.3); border-radius: 8px;' src='http:\/\/ftp3.syscom.mx\/usuarios\/hallende\/UGREEN\/15461\/15461-2.jpg' alt=''> <\/div>\n<div style='flex: 1 1 300px; min-width: 280px;'>\n<h3 style='font-size: 22px; border-bottom: 2px solid currentColor; padding-bottom: 5px; margin-top: 0; color: inherit; opacity: 0.8;'>Caracter\u00edsticas Principales<\/h3>\n<p style='font-size: 15px; color: inherit;'>En comparaci\u00f3n con la regleta de enchufes tradicional&comma; la caracter\u00edstica m\u00e1s importante de este nuevo producto es la adici\u00f3n de un m\u00f3dulo de carga r\u00e1pida USB de salida de 30 W.<\/p>\n<\/p><\/div>\n<\/p><\/div>\n<\/p><\/div>\n<div style='margin-bottom: 30px;'>\n<div style='display: flex; flex-wrap: wrap; gap: 30px; align-items: center;'>\n<div style='flex: 1 1 300px; min-width: 280px;'> <img style='width: 100%; height: auto; border: 1px solid rgba(150&comma;150&comma;150&comma;0.3); border-radius: 8px;' src='http:\/\/ftp3.syscom.mx\/usuarios\/hallende\/UGREEN\/15461\/15461-3.jpg' alt=''> <\/div>\n<div style='flex: 1 1 300px; min-width: 280px;'>\n<h3 style='font-size: 22px; border-bottom: 2px solid currentColor; padding-bottom: 5px; margin-top: 0; color: inherit; opacity: 0.8;'>Caracter\u00edsticas Principales<\/h3>\n<p style='font-size: 15px; color: inherit;'>El cable de alimentaci\u00f3n y la superficie superior son grises&comma; y la parte inferior y los lados adoptan una carcasa blanca de una pieza con una superficie esmerilada. El cable de alimentaci\u00f3n est\u00e1 fijo y organizado con un anillo de goma.<\/p>\n<\/p><\/div>\n<\/p><\/div>\n<\/p><\/div>\n<div style='margin-bottom: 30px;'>\n<div style='display: flex; flex-wrap: wrap; gap: 30px; align-items: center;'>\n<div style='flex: 1 1 300px; min-width: 280px;'> <img style='width: 100%; height: auto; border: 1px solid rgba(150&comma;150&comma;150&comma;0.3); border-radius: 8px;' src='http:\/\/ftp3.syscom.mx\/usuarios\/hallende\/UGREEN\/15461\/15461-4.jpg' alt=''> <\/div>\n<div style='flex: 1 1 300px; min-width: 280px;'>\n<h3 style='font-size: 22px; border-bottom: 2px solid currentColor; padding-bottom: 5px; margin-top: 0; color: inherit; opacity: 0.8;'>Caracter\u00edsticas Principales<\/h3>\n<p style='font-size: 15px; color: inherit;'>La carcasa del cuerpo est\u00e1 hecha de material de PVC y tiene una carcasa esmerilada&comma; y la superficie superior est\u00e1 equipada con un bot\u00f3n de encendido.<\/p>\n<\/p><\/div>\n<\/p><\/div>\n<\/p><\/div>\n<div style='margin-bottom: 30px;'>\n<div style='display: flex; flex-wrap: wrap; gap: 30px; align-items: center;'>\n<div style='flex: 1 1 300px; min-width: 280px;'> <img style='width: 100%; height: auto; border: 1px solid rgba(150&comma;150&comma;150&comma;0.3); border-radius: 8px;' src='http:\/\/ftp3.syscom.mx\/usuarios\/hallende\/UGREEN\/15461\/15461-5.jpg' alt=''> <\/div>\n<div style='flex: 1 1 300px; min-width: 280px;'>\n<h3 style='font-size: 22px; border-bottom: 2px solid currentColor; padding-bottom: 5px; margin-top: 0; color: inherit; opacity: 0.8;'>Caracter\u00edsticas Principales<\/h3>\n<p style='font-size: 15px; color: inherit;'>La regleta inteligente de 30 W UGREEN tiene una barra de cobre integrada incorporada y utiliza n\u00facleos de alambre m\u00e1s gruesos&comma; lo que facilita el uso diario.<\/p>\n<\/p><\/div>\n<\/p><\/div>\n<\/p><\/div>\n<div style='margin-bottom: 30px;'>\n<div style='display: flex; flex-wrap: wrap; gap: 30px; align-items: center;'>\n<div style='flex: 1 1 300px; min-width: 280px;'> <img style='width: 100%; height: auto; border: 1px solid rgba(150&comma;150&comma;150&comma;0.3); border-radius: 8px;' src='http:\/\/ftp3.syscom.mx\/usuarios\/hallende\/UGREEN\/15461\/15461-6.jpg' alt=''> <\/div>\n<div style='flex: 1 1 300px; min-width: 280px;'>\n<h3 style='font-size: 22px; border-bottom: 2px solid currentColor; padding-bottom: 5px; margin-top: 0; color: inherit; opacity: 0.8;'>Caracter\u00edsticas Principales<\/h3>\n<p style='font-size: 15px; color: inherit;'>Las cuatro esquinas de la parte inferior del z\u00f3calo son almohadillas antideslizantes de silicona&comma; y la parte inferior es el tornillo para fijar la carcasa del z\u00f3calo.<\/p>\n<\/p><\/div>\n<\/p><\/div>\n<\/p><\/div>\n<div style='margin-bottom: 30px;'>\n<div style='display: flex; flex-wrap: wrap; gap: 30px; align-items: center;'>\n<div style='flex: 1 1 300px; min-width: 280px;'> <img style='width: 100%; height: auto; border: 1px solid rgba(150&comma;150&comma;150&comma;0.3); border-radius: 8px;' src='http:\/\/ftp3.syscom.mx\/usuarios\/hallende\/UGREEN\/15461\/15461-7.jpg' alt=''> <\/div>\n<div style='flex: 1 1 300px; min-width: 280px;'>\n<h3 style='font-size: 22px; border-bottom: 2px solid currentColor; padding-bottom: 5px; margin-top: 0; color: inherit; opacity: 0.8;'>Caracter\u00edsticas Principales<\/h3>\n<p style='font-size: 15px; color: inherit;'>La regleta est\u00e1 dise\u00f1ada con un interruptor de alimentaci\u00f3n principal para facilitar la realizaci\u00f3n del control global del suministro de energ\u00eda adem\u00e1s se agrega un m\u00f3dulo de carga r\u00e1pida de 30 W.<\/p>\n<\/p><\/div>\n<\/p><\/div>\n<\/p><\/div>\n<div style='margin-bottom: 30px;'>\n<div style='display: flex; flex-wrap: wrap; gap: 30px; align-items: center;'>\n<div style='flex: 1 1 300px; min-width: 280px;'> <img style='width: 100%; height: auto; border: 1px solid rgba(150&comma;150&comma;150&comma;0.3); border-radius: 8px;' src='http:\/\/ftp3.syscom.mx\/usuarios\/hallende\/UGREEN\/15461\/15461-8.jpg' alt=''> <\/div>\n<div style='flex: 1 1 300px; min-width: 280px;'>\n<h3 style='font-size: 22px; border-bottom: 2px solid currentColor; padding-bottom: 5px; margin-top: 0; color: inherit; opacity: 0.8;'>Caracter\u00edsticas Principales<\/h3>\n<p style='font-size: 15px; color: inherit;'>El enchufe est\u00e1 equipado con tres puertos de carga r\u00e1pida USB 2A1C y est\u00e1 impreso con las marcas distintivas correspondientes&comma; lo que es conveniente para los usuarios. Adem\u00e1s&comma; tambi\u00e9n est\u00e1 equipado con indicadores LED.<\/p>\n<\/p><\/div>\n<\/p><\/div>\n<\/p><\/div>\n<\/p><\/div>\n<\/p><\/div>\n<p> <!-- Imagen adicional --> <\/p>\n<div style='width: 100%; margin-bottom: 30px;'> <img style='width: 100%; height: auto; border: 1px solid rgba(150&comma;150&comma;150&comma;0.3); border-radius: 8px;' src='http:\/\/ftp3.syscom.mx\/usuarios\/hallende\/UGREEN\/15461\/15461-30%20%281%29.jpg' alt=''> <\/div>\n<p> <!-- Carrusel de im\u00e1genes 2 --> <\/p>\n<div style='width: 100%; margin-bottom: 30px;'>\n<div style='position: relative; width: 100%;'> <!-- Indicadores --> <\/p>\n<div style='text-align: center; margin-bottom: 15px;'> <span style='display: inline-block; width: 10px; height: 10px; border-radius: 50%; background-color: rgba(150&comma; 150&comma; 150&comma; 0.5); margin: 0 5px;'><\/span> <span style='display: inline-block; width: 10px; height: 10px; border-radius: 50%; background-color: rgba(150&comma; 150&comma; 150&comma; 0.5); margin: 0 5px;'><\/span> <span style='display: inline-block; width: 10px; height: 10px; border-radius: 50%; background-color: rgba(150&comma; 150&comma; 150&comma; 0.5); margin: 0 5px;'><\/span> <\/div>\n<p> <!-- Contenido del carrusel --> <\/p>\n<div style='margin-bottom: 30px;'>\n<div style='display: flex; flex-wrap: wrap; gap: 30px; align-items: center;'>\n<div style='flex: 1 1 300px; min-width: 280px;'> <img style='width: 100%; height: auto; border: 1px solid rgba(150&comma;150&comma;150&comma;0.3); border-radius: 8px;' src='http:\/\/ftp3.syscom.mx\/usuarios\/hallende\/UGREEN\/15461\/15461-20.jpg' alt=''> <\/div>\n<div style='flex: 1 1 300px; min-width: 280px;'>\n<h3 style='font-size: 22px; border-bottom: 2px solid currentColor; padding-bottom: 5px; margin-top: 0; color: inherit; opacity: 0.8;'>Caracter\u00edsticas Especiales<\/h3>\n<p style='font-size: 15px; color: inherit;'>La combinaci\u00f3n de la carcasa blanca y un anillo anaranjado en el bot\u00f3n a su alrededor hace una combinaci\u00f3n muy llamativa&comma; lo que permite a los usuarios ubicar la posici\u00f3n del bot\u00f3n a la primera.<\/p>\n<\/p><\/div>\n<\/p><\/div>\n<\/p><\/div>\n<div style='margin-bottom: 30px;'>\n<div style='display: flex; flex-wrap: wrap; gap: 30px; align-items: center;'>\n<div style='flex: 1 1 300px; min-width: 280px;'> <img style='width: 100%; height: auto; border: 1px solid rgba(150&comma;150&comma;150&comma;0.3); border-radius: 8px;' src='http:\/\/ftp3.syscom.mx\/usuarios\/hallende\/UGREEN\/15461\/15461-21.jpg' alt=''> <\/div>\n<div style='flex: 1 1 300px; min-width: 280px;'>\n<h3 style='font-size: 22px; border-bottom: 2px solid currentColor; padding-bottom: 5px; margin-top: 0; color: inherit; opacity: 0.8;'>Caracter\u00edsticas Especiales<\/h3>\n<p style='font-size: 15px; color: inherit;'>La entrada de CA est\u00e1 soldada directamente al interruptor y la tira de cobre&comma; y conectada al m\u00f3dulo de carga r\u00e1pida a la derecha a trav\u00e9s de la tira de cobre.<\/p>\n<\/p><\/div>\n<\/p><\/div>\n<\/p><\/div>\n<div style='margin-bottom: 30px;'>\n<div style='display: flex; flex-wrap: wrap; gap: 30px; align-items: center;'>\n<div style='flex: 1 1 300px; min-width: 280px;'> <img style='width: 100%; height: auto; border: 1px solid rgba(150&comma;150&comma;150&comma;0.3); border-radius: 8px;' src='http:\/\/ftp3.syscom.mx\/usuarios\/hallende\/UGREEN\/15461\/15461-22.jpg' alt=''> <\/div>\n<div style='flex: 1 1 300px; min-width: 280px;'>\n<h3 style='font-size: 22px; border-bottom: 2px solid currentColor; padding-bottom: 5px; margin-top: 0; color: inherit; opacity: 0.8;'>Caracter\u00edsticas Especiales<\/h3>\n<p style='font-size: 15px; color: inherit;'>El cable de alimentaci\u00f3n tiene una longitud de 2 metros&comma; la secci\u00f3n transversal del n\u00facleo es de 1 mm2 10 A 250 V&comma; por lo que la carga m\u00e1xima es de 2500 W. El cable es grueso y el color gris ayuda a evitar la suciedad.<\/p>\n<\/p><\/div>\n<\/p><\/div>\n<\/p><\/div>\n<div style='margin-bottom: 30px;'>\n<div style='display: flex; flex-wrap: wrap; gap: 30px; align-items: center;'>\n<div style='flex: 1 1 300px; min-width: 280px;'> <img style='width: 100%; height: auto; border: 1px solid rgba(150&comma;150&comma;150&comma;0.3); border-radius: 8px;' src='http:\/\/ftp3.syscom.mx\/usuarios\/hallende\/UGREEN\/15461\/15461-23.jpg' alt=''> <\/div>\n<div style='flex: 1 1 300px; min-width: 280px;'>\n<h3 style='font-size: 22px; border-bottom: 2px solid currentColor; padding-bottom: 5px; margin-top: 0; color: inherit; opacity: 0.8;'>Caracter\u00edsticas Especiales<\/h3>\n<p style='font-size: 15px; color: inherit;'>Las etapas primaria y secundaria del m\u00f3dulo est\u00e1n aisladas por la placa de aislamiento de la carcasa. Hay peque\u00f1as superficies c\u00f3ncavas en ambos lados del enchufe&comma; lo cual es conveniente para que los usuarios lo conecten y desconecten.<\/p>\n<\/p><\/div>\n<\/p><\/div>\n<\/p><\/div>\n<\/p><\/div>\n<\/p><\/div>\n<p> <!-- Especificaciones --> <\/p>\n<div style='width: 100%; margin-bottom: 30px;'>\n<h3 style='font-size: 22px; border-bottom: 2px solid currentColor; padding-bottom: 5px; margin-top: 0; color: inherit; opacity: 0.8;'>Especificaciones<\/h3>\n<ul style='padding-left: 20px; font-size: 15px; color: inherit;'>\n<li><strong>Dimensiones del producto:<\/strong> 26 x 5 x 3 cm<\/li>\n<li><strong>Cable de alimentaci\u00f3n:<\/strong> 2.0 m&comma; 3 de 14 AWG (2&comma;08 mm\u00b2)<\/li>\n<li><strong>Potencia m\u00e1xima:<\/strong> 1875W M\u00c1X.&comma; 15A&comma; 125V~<\/li>\n<li><strong>Garant\u00eda:<\/strong> 1 A\u00f1o de Garant\u00eda por defectos de fabricaci\u00f3n<\/li>\n<\/ul><\/div>\n<\/p><\/div>\n","protected":false},"excerpt":{"rendered":"<p>Regleta de Alimentaci\u00f3n 30W 2 USB-A + 1 USB-C + 3 Salidas AC \/ Carga de Alta Velocidad \/ Salida USB-C PD de 30W (GaN) \/ Salidas AC Tipo B \/ Protecci\u00f3n Contra Sobretensiones \/ 6 en 1<\/p>\n","protected":false},"featured_media":90429,"comment_status":"open","ping_status":"closed","template":"","meta":[],"product_brand":[],"product_cat":[1235],"product_tag":[417,1236,650],"class_list":{"0":"post-90430","1":"product","2":"type-product","3":"status-publish","4":"has-post-thumbnail","6":"product_cat-accesorios-para-computadora-y-smartphones","7":"product_tag-accesorios-generales","8":"product_tag-accesorios-para-computadora-y-smartphones","9":"product_tag-ugreen","11":"first","12":"outofstock","13":"sale","14":"shipping-taxable","15":"purchasable","16":"product-type-simple"},"_links":{"self":[{"href":"https:\/\/soydeaqui.ddns.net\/pachuca\/index.php\/wp-json\/wp\/v2\/product\/90430","targetHints":{"allow":["GET"]}}],"collection":[{"href":"https:\/\/soydeaqui.ddns.net\/pachuca\/index.php\/wp-json\/wp\/v2\/product"}],"about":[{"href":"https:\/\/soydeaqui.ddns.net\/pachuca\/index.php\/wp-json\/wp\/v2\/types\/product"}],"replies":[{"embeddable":true,"href":"https:\/\/soydeaqui.ddns.net\/pachuca\/index.php\/wp-json\/wp\/v2\/comments?post=90430"}],"wp:featuredmedia":[{"embeddable":true,"href":"https:\/\/soydeaqui.ddns.net\/pachuca\/index.php\/wp-json\/wp\/v2\/media\/90429"}],"wp:attachment":[{"href":"https:\/\/soydeaqui.ddns.net\/pachuca\/index.php\/wp-json\/wp\/v2\/media?parent=90430"}],"wp:term":[{"taxonomy":"product_brand","embeddable":true,"href":"https:\/\/soydeaqui.ddns.net\/pachuca\/index.php\/wp-json\/wp\/v2\/product_brand?post=90430"},{"taxonomy":"product_cat","embeddable":true,"href":"https:\/\/soydeaqui.ddns.net\/pachuca\/index.php\/wp-json\/wp\/v2\/product_cat?post=90430"},{"taxonomy":"product_tag","embeddable":true,"href":"https:\/\/soydeaqui.ddns.net\/pachuca\/index.php\/wp-json\/wp\/v2\/product_tag?post=90430"}],"curies":[{"name":"wp","href":"https:\/\/api.w.org\/{rel}","templated":true}]}}