{"id":90412,"date":"2026-03-20T03:41:37","date_gmt":"2026-03-20T03:41:37","guid":{"rendered":"https:\/\/soydeaqui.ddns.net\/pachuca\/index.php\/producto\/subwoofer-de-montaje-en-superficie-i-acoustimass-serie-i-5-25in-6-ohms-70-100v-negro\/"},"modified":"2026-03-20T03:41:48","modified_gmt":"2026-03-20T03:41:48","slug":"subwoofer-de-montaje-en-superficie-i-acoustimass-serie-i-5-25in-6-ohms-70-100v-negro","status":"publish","type":"product","link":"https:\/\/soydeaqui.ddns.net\/pachuca\/index.php\/producto\/subwoofer-de-montaje-en-superficie-i-acoustimass-serie-i-5-25in-6-ohms-70-100v-negro\/","title":{"rendered":"Subwoofer de Montaje en Superficie I Acoustimass Serie I |  5.25in | 6 Ohms | 70\/100V | Negro"},"content":{"rendered":"<div style='width: 100%; max-width: 1200px; margin: 0 auto; font-family: sans-serif; line-height: 1.6; color: inherit; background-color: transparent;'> <!-- Imagen principal --> <img style='width: 100%; height: auto; border: 1px solid rgba(150&comma;150&comma;150&comma;0.3); border-radius: 8px; margin-bottom: 20px;' src='https:\/\/ftp3.syscom.mx\/usuarios\/luis.vargas\/Bose\/freespace.JPG' alt='Subwoofer de Montaje en Superficie I Acoustimass Serie I'> <!-- T\u00edtulos y descripci\u00f3n principal --> <\/p>\n<div style='display: flex; flex-wrap: wrap; gap: 30px; margin-bottom: 30px;'>\n<div style='flex: 1 1 300px; min-width: 280px;'>\n<h3 style='font-size: 22px; border-bottom: 2px solid currentColor; padding-bottom: 5px; margin-top: 0; color: inherit; opacity: 0.8;'>Subwoofer de Superficie<\/h3>\n<h3 style='font-size: 22px; border-bottom: 2px solid currentColor; padding-bottom: 5px; margin-top: 0; color: inherit; opacity: 0.8;'>FreeSpace 3 Acoustimass Serie I<\/h3>\n<\/p><\/div>\n<div style='flex: 1 1 300px; min-width: 280px;'> <img style='width: 50%; height: auto; border: 1px solid rgba(150&comma;150&comma;150&comma;0.3); border-radius: 8px; margin-left: auto; margin-right: auto; display: block;' src='https:\/\/ftp3.syscom.mx\/usuarios\/luis.vargas\/Bose\/BoseBlack.png' alt='Logo Bose'> <\/div>\n<\/p><\/div>\n<p> <!-- Descripci\u00f3n general --> <\/p>\n<div style='margin-bottom: 30px;'>\n<h3 style='font-size: 22px; border-bottom: 2px solid currentColor; padding-bottom: 5px; margin-top: 0; color: inherit; opacity: 0.8;'>Caracter\u00edsticas Principales<\/h3>\n<p style='font-size: 15px; color: inherit; margin-bottom: 15px;'>Altavoz de baja frecuencia que cuenta con un woofer de 133 mm (5.25&#8242;)&comma; que ofrece graves profundos no localizados de hasta 40 Hz sin distorsi\u00f3n audible. Para aplicaciones de montaje en superficie.<\/p>\n<\/p><\/div>\n<p> <!-- Aplicaciones --> <\/p>\n<div style='display: flex; flex-wrap: wrap; gap: 30px; margin-bottom: 30px;'>\n<div style='flex: 1 1 300px; min-width: 280px;'>\n<h3 style='font-size: 22px; border-bottom: 2px solid currentColor; padding-bottom: 5px; margin-top: 0; color: inherit; opacity: 0.8;'>Aplicaciones<\/h3>\n<ul style='padding-left: 20px; font-size: 15px; color: inherit;'>\n<li style='margin-bottom: 5px;'>Tiendas Minoristas<\/li>\n<li style='margin-bottom: 5px;'>Restaurantes y Bares<\/li>\n<li style='margin-bottom: 5px;'>Vest\u00edbulos y Salas de Conferencia<\/li>\n<\/ul><\/div>\n<div style='flex: 1 1 300px; min-width: 280px;'>\n<h3 style='font-size: 22px; border-bottom: 2px solid currentColor; padding-bottom: 5px; margin-top: 0; color: inherit; opacity: 0.8;'>Capacidades<\/h3>\n<p style='font-size: 15px; color: inherit; margin-bottom: 15px;'>Dise\u00f1ado para funcionar con los altavoces satelitales de montaje en superficie y en techo FreeSpace 3&comma; o con sistemas existentes en los que se desea un refuerzo de graves adicional.<\/p>\n<p style='font-size: 15px; color: inherit; margin-bottom: 15px;'>El dise\u00f1o del m\u00f3dulo permite la conexi\u00f3n en paralelo de varios m\u00f3dulos de graves y admite 2 o 4 sat\u00e9lites FreeSpace 3 por m\u00f3dulo de graves.<\/p>\n<\/p><\/div>\n<\/p><\/div>\n<p> <!-- Especificaciones --> <\/p>\n<div style='display: flex; flex-wrap: wrap; gap: 20px; margin-bottom: 30px;'>\n<div style='flex: 1 1 250px; border: 1px solid rgba(150&comma; 150&comma; 150&comma; 0.4); border-radius: 8px; overflow: hidden; display: flex; flex-direction: column;'>\n<div style='padding: 15px; border-bottom: 1px solid rgba(150&comma; 150&comma; 150&comma; 0.2); font-weight: bold; font-size: 18px; color: inherit;'>Especificaciones Generales<\/div>\n<div style='padding: 15px; color: inherit;'>\n<ul style='padding-left: 20px; margin: 0; font-size: 14px; list-style-type: disc;'>\n<li style='margin-bottom: 5px;'><strong>Tipo:<\/strong> Subwoofer de bobina dual de 5.25&#8242; (133mm)<\/li>\n<li style='margin-bottom: 5px;'><strong>Impedancia:<\/strong> 6 Ohms<\/li>\n<li style='margin-bottom: 5px;'><strong>Sistema:<\/strong> 70\/100V<\/li>\n<li style='margin-bottom: 5px;'><strong>Color:<\/strong> Negro<\/li>\n<li style='margin-bottom: 5px;'><strong>Uso:<\/strong> Interior<\/li>\n<\/ul><\/div>\n<\/p><\/div>\n<div style='flex: 1 1 250px; border: 1px solid rgba(150&comma; 150&comma; 150&comma; 0.4); border-radius: 8px; overflow: hidden; display: flex; flex-direction: column;'>\n<div style='padding: 15px; border-bottom: 1px solid rgba(150&comma; 150&comma; 150&comma; 0.2); font-weight: bold; font-size: 18px; color: inherit;'>Especificaciones T\u00e9cnicas<\/div>\n<div style='padding: 15px; color: inherit;'>\n<ul style='padding-left: 20px; margin: 0; font-size: 14px; list-style-type: disc;'>\n<li style='margin-bottom: 5px;'><strong>Respuesta de frecuencia:<\/strong> 50Hz &#8211; 230Hz<\/li>\n<li style='margin-bottom: 5px;'><strong>Sensibilidad:<\/strong> 79 dB SPL<\/li>\n<li style='margin-bottom: 5px;'><strong>Potencia:<\/strong> 50w modo est\u00e9reo \/ 100w mono<\/li>\n<li style='margin-bottom: 5px;'><strong>Material:<\/strong> PC\/ABS<\/li>\n<li style='margin-bottom: 5px;'><strong>Dimensiones:<\/strong> 356mm x 191mm x 345mm<\/li>\n<li style='margin-bottom: 5px;'><strong>Peso:<\/strong> 7.9 Kg<\/li>\n<\/ul><\/div>\n<\/p><\/div>\n<\/p><\/div>\n<p> <!-- Imagen secundaria --> <\/p>\n<div style='margin-bottom: 30px;'> <img style='width: 100%; height: auto; border: 1px solid rgba(150&comma;150&comma;150&comma;0.3); border-radius: 8px;' src='https:\/\/ftp3.syscom.mx\/usuarios\/cesar.garcia\/Bose\/Altavoces\/Freespace\/FS3S1A\/FS3S1A.png' alt='Subwoofer FreeSpace 3 Acoustimass Serie I'> <\/div>\n<p> <!-- Separador final --> <\/p>\n<hr style='border: 0; border-top: 1px solid rgba(150&comma; 150&comma; 150&comma; 0.3); margin: 30px 0;'> <\/div>\n","protected":false},"excerpt":{"rendered":"<p>Subwoofer de Montaje en Superficie I Acoustimass Serie I |  5.25in | 6 Ohms | 70\/100V | Negro<\/p>\n","protected":false},"featured_media":90411,"comment_status":"open","ping_status":"closed","template":"","meta":[],"product_brand":[],"product_cat":[2202],"product_tag":[52,2203,2177],"class_list":{"0":"post-90412","1":"product","2":"type-product","3":"status-publish","4":"has-post-thumbnail","6":"product_cat-bocinas-pared","7":"product_tag-audio-residencial-comercial","8":"product_tag-bocinas-pared","9":"product_tag-bose-professional","11":"first","12":"instock","13":"sale","14":"shipping-taxable","15":"purchasable","16":"product-type-simple"},"_links":{"self":[{"href":"https:\/\/soydeaqui.ddns.net\/pachuca\/index.php\/wp-json\/wp\/v2\/product\/90412","targetHints":{"allow":["GET"]}}],"collection":[{"href":"https:\/\/soydeaqui.ddns.net\/pachuca\/index.php\/wp-json\/wp\/v2\/product"}],"about":[{"href":"https:\/\/soydeaqui.ddns.net\/pachuca\/index.php\/wp-json\/wp\/v2\/types\/product"}],"replies":[{"embeddable":true,"href":"https:\/\/soydeaqui.ddns.net\/pachuca\/index.php\/wp-json\/wp\/v2\/comments?post=90412"}],"wp:featuredmedia":[{"embeddable":true,"href":"https:\/\/soydeaqui.ddns.net\/pachuca\/index.php\/wp-json\/wp\/v2\/media\/90411"}],"wp:attachment":[{"href":"https:\/\/soydeaqui.ddns.net\/pachuca\/index.php\/wp-json\/wp\/v2\/media?parent=90412"}],"wp:term":[{"taxonomy":"product_brand","embeddable":true,"href":"https:\/\/soydeaqui.ddns.net\/pachuca\/index.php\/wp-json\/wp\/v2\/product_brand?post=90412"},{"taxonomy":"product_cat","embeddable":true,"href":"https:\/\/soydeaqui.ddns.net\/pachuca\/index.php\/wp-json\/wp\/v2\/product_cat?post=90412"},{"taxonomy":"product_tag","embeddable":true,"href":"https:\/\/soydeaqui.ddns.net\/pachuca\/index.php\/wp-json\/wp\/v2\/product_tag?post=90412"}],"curies":[{"name":"wp","href":"https:\/\/api.w.org\/{rel}","templated":true}]}}