{"id":9038,"date":"2026-03-18T07:17:19","date_gmt":"2026-03-18T07:17:19","guid":{"rendered":"https:\/\/soydeaqui.ddns.net\/pachuca\/index.php\/producto\/caja-mini-usb-charger-color-negro-1-puerto-usb\/"},"modified":"2026-03-18T07:17:19","modified_gmt":"2026-03-18T07:17:19","slug":"caja-mini-usb-charger-color-negro-1-puerto-usb","status":"publish","type":"product","link":"https:\/\/soydeaqui.ddns.net\/pachuca\/index.php\/producto\/caja-mini-usb-charger-color-negro-1-puerto-usb\/","title":{"rendered":"Caja Mini USB Charger, Color Negro 1 Puerto USB"},"content":{"rendered":"<div style='width: 100%; max-width: 1200px; margin: 0 auto; font-family: sans-serif; line-height: 1.6; color: inherit; background-color: transparent;'>\n<div style='text-align: center; margin-bottom: 30px;'> <img style='width: 350px; height: 105px; border: 1px solid rgba(150&comma;150&comma;150&comma;0.3); border-radius: 8px;' src='https:\/\/ftp3.syscom.mx\/usuarios\/acordova\/Thorsman\/LOGO%20FINAL%20THORSMAN%20AGOSTO%202016.jpg' alt='Logo Thorsman' \/> <\/div>\n<div style='margin-bottom: 30px;'>\n<h3 style='font-size: 22px; border-bottom: 2px solid currentColor; padding-bottom: 5px; margin-top: 0; color: inherit; opacity: 0.8;'>Caracter\u00edsticas Generales<\/h3>\n<ul style='padding-left: 20px; font-size: 15px; color: inherit;'>\n<li style='margin-bottom: 5px;'>Para usar en mesa de reuniones&comma; home teathers&comma; ambientes corporativos y residencias.<\/li>\n<li style='margin-bottom: 5px;'>Producto con caracter\u00edstica modulable&comma; hasta con 50 mm de espesor.<\/li>\n<li style='margin-bottom: 5px;'>La instalaci\u00f3n es muy simple&comma; solo 1 agujero en el mueble y se fija con el anillo regulador.<\/li>\n<li style='margin-bottom: 5px;'>Configuraci\u00f3n: 1 USB &#8211; Materia Prima: ABS V0.<\/li>\n<li style='margin-bottom: 5px;'>Frecuencia Nominal: 50-60 Hz.<\/li>\n<li style='margin-bottom: 5px;'>Corriente M\u00e1xima: 100-240 V ~<\/li>\n<li style='margin-bottom: 5px;'>Tensi\u00f3n Nominal: 0.35 A.<\/li>\n<li style='margin-bottom: 5px;'>Certificado y Avalado por: NOM-001-SCFI-1993.<\/li>\n<li style='margin-bottom: 5px;'>Materia prima avalada de acuerdo con la EU Directiva RoHS 2002\/95 \/ EC y UL94.<\/li>\n<li style='margin-bottom: 5px;'>Cumple con NOM-024-SCFI-2013.<\/li>\n<li style='margin-bottom: 5px;'>Fracci\u00f3n Arancelaria: 85044099.<\/li>\n<li style='margin-bottom: 5px;'>Carga USB: DC = 5 V 2 A.<\/li>\n<li style='margin-bottom: 5px;'>Temperatura M\u00e1xima de Operaci\u00f3n: -20\u00b0C a + 180\u00b0C.<\/li>\n<li style='margin-bottom: 5px;'>Color: Blanco&comma; Plata y Negro.<\/li>\n<li style='margin-bottom: 5px;'>Medidas (mm) L x A x P: 35.74 x 35.74 x 39.1.<\/li>\n<li style='margin-bottom: 5px;'>Peso: 62 g<\/li>\n<\/ul><\/div>\n<div style='display: flex; flex-wrap: wrap; gap: 30px; margin-bottom: 30px;'>\n<div style='flex: 1 1 300px; min-width: 280px;'> <img style='width: 100%; height: auto; border: 1px solid rgba(150&comma;150&comma;150&comma;0.3); border-radius: 8px;' src='https:\/\/ftp3.syscom.mx\/usuarios\/ftp\/single_page\/thorsman\/Thorsman1-02.jpg' alt='Producto 1' \/> <\/div>\n<div style='flex: 1 1 300px; min-width: 280px;'> <img style='width: 100%; height: auto; border: 1px solid rgba(150&comma;150&comma;150&comma;0.3); border-radius: 8px;' src='https:\/\/ftp3.syscom.mx\/usuarios\/ftp\/single_page\/thorsman\/Thorsman1-01.jpg' alt='Producto 2' \/> <\/div>\n<\/p><\/div>\n<div style='margin-bottom: 30px; padding: 20px; background: linear-gradient(90deg&comma; #2a397a 50%&comma; #0080ff 100%); color: white; text-align: center; border-radius: 8px;'>\n<h2 style='font-size: 22px; font-family: roboto; font-weight: 300; margin: 0; padding: 1%; color: inherit;'>Thorsman es la Marca L\u00edder en M\u00e9xico Reconocida por Productos de Canalizaci\u00f3n y Fijaci\u00f3n<\/h2>\n<\/p><\/div>\n<div style='display: flex; flex-wrap: wrap; gap: 30px; margin-bottom: 30px;'>\n<div style='flex: 1 1 300px; min-width: 280px;'> <img style='width: 100%; height: auto; border: 1px solid rgba(150&comma;150&comma;150&comma;0.3); border-radius: 8px;' src='https:\/\/ftp3.syscom.mx\/usuarios\/ftp\/single_page\/thorsman\/thorsman1-04.png' alt='Aplicaci\u00f3n Thorsman' \/> <\/div>\n<div style='flex: 1 1 300px; min-width: 280px;'>\n<h3 style='font-size: 18px; margin-top: 0; color: inherit;'>Cuenta con amplia gama de soluciones para instalaciones el\u00e9ctricas y de cableado estructurado&comma; brindan funcionalidad&comma; distribuci\u00f3n&comma; protecci\u00f3n y est\u00e9tica.<\/h3>\n<\/p><\/div>\n<\/p><\/div>\n<div style='margin-bottom: 30px; padding: 20px; background-color: #2a397a; color: white; text-align: center; border-radius: 8px;'>\n<h3 style='text-align: center; margin-top: 0; padding-top: 1%; color: inherit;'>Sistemas que cubren todas las necesidades<\/h3>\n<div style='display: flex; flex-wrap: wrap; justify-content: center; gap: 20px; margin-top: 20px;'>\n<div style='flex: 1 1 120px; text-align: center;'> <img style='width: 80px; height: 80px; border: 1px solid rgba(255&comma;255&comma;255&comma;0.3); border-radius: 8px;' src='https:\/\/ftp3.syscom.mx\/usuarios\/ftp\/single_page\/thorsman\/thorsman1-09.png' alt='Hospital' \/> <\/p>\n<p style='margin: 10px 0 0 0; color: inherit;'>Hospital<\/p>\n<\/p><\/div>\n<div style='flex: 1 1 120px; text-align: center;'> <img style='width: 80px; height: 80px; border: 1px solid rgba(255&comma;255&comma;255&comma;0.3); border-radius: 8px;' src='https:\/\/ftp3.syscom.mx\/usuarios\/ftp\/single_page\/thorsman\/thorsman1-08.png' alt='Hogar' \/> <\/p>\n<p style='margin: 10px 0 0 0; color: inherit;'>Hogar<\/p>\n<\/p><\/div>\n<div style='flex: 1 1 120px; text-align: center;'> <img style='width: 80px; height: 80px; border: 1px solid rgba(255&comma;255&comma;255&comma;0.3); border-radius: 8px;' src='https:\/\/ftp3.syscom.mx\/usuarios\/ftp\/single_page\/thorsman\/thorsman1-10.png' alt='Industria' \/> <\/p>\n<p style='margin: 10px 0 0 0; color: inherit;'>Industria<\/p>\n<\/p><\/div>\n<div style='flex: 1 1 120px; text-align: center;'> <img style='width: 80px; height: 80px; border: 1px solid rgba(255&comma;255&comma;255&comma;0.3); border-radius: 8px;' src='https:\/\/ftp3.syscom.mx\/usuarios\/ftp\/single_page\/thorsman\/thorsman1-11.png' alt='Oficina' \/> <\/p>\n<p style='margin: 10px 0 0 0; color: inherit;'>Oficina<\/p>\n<\/p><\/div>\n<\/p><\/div>\n<\/p><\/div>\n<div style='display: flex; flex-wrap: wrap; gap: 30px; margin-bottom: 30px;'>\n<div style='flex: 1 1 300px; min-width: 280px;'> <img style='width: 100%; height: auto; border: 1px solid rgba(150&comma;150&comma;150&comma;0.3); border-radius: 8px;' src='https:\/\/ftp3.syscom.mx\/usuarios\/ftp\/single_page\/thorsman\/thorsman1-05.png' alt='Capacidad 40%' \/> <\/p>\n<p style='font-size: 14px; color: inherit;'>El 40% de la capacidad es la m\u00e1xima recomendada por EIA\/TIA-569-A para dise\u00f1ar sistemas de cableado estructurado.<\/p>\n<\/p><\/div>\n<div style='flex: 1 1 300px; min-width: 280px;'> <img style='width: 100%; height: auto; border: 1px solid rgba(150&comma;150&comma;150&comma;0.3); border-radius: 8px;' src='https:\/\/ftp3.syscom.mx\/usuarios\/ftp\/single_page\/thorsman\/thorsman1-06.png' alt='Sistemas de fijaci\u00f3n' \/> <\/p>\n<p style='font-size: 14px; color: inherit;'>Encuentre los sistemas de fijaci\u00f3n de Thorsman&comma; como las grapas para cable&comma; fleje&comma; cinchos de nylon y acero inoxidable&comma; que son fundamentales para la seguridad en cualquier instalaci\u00f3n.<\/p>\n<\/p><\/div>\n<div style='flex: 1 1 300px; min-width: 280px;'> <img style='width: 100%; height: auto; border: 1px solid rgba(150&comma;150&comma;150&comma;0.3); border-radius: 8px;' src='https:\/\/ftp3.syscom.mx\/usuarios\/ftp\/single_page\/thorsman\/thorsman1-07.png' alt='Sistemas telecom' \/> <\/p>\n<p style='font-size: 14px; color: inherit;'>Los sistemas thelecom de Thorsman&comma; como las mini cajas de piso de energ\u00eda y voz\/datos&comma; as\u00ed como las cajas de piso de 2 y 4 m\u00f3dulos configurables&comma; brindan la soluci\u00f3n completa en conectividad para centros de entretenimiento.<\/p>\n<\/p><\/div>\n<\/p><\/div>\n<\/p><\/div>\n","protected":false},"excerpt":{"rendered":"<p>Caja Mini USB Charger, Color Negro 1 Puerto USB<\/p>\n","protected":false},"featured_media":9037,"comment_status":"open","ping_status":"closed","template":"","meta":[],"product_brand":[],"product_cat":[585],"product_tag":[586,587,583],"class_list":{"0":"post-9038","1":"product","2":"type-product","3":"status-publish","4":"has-post-thumbnail","6":"product_cat-cajas-superficiales","7":"product_tag-cableado-de-cobre","8":"product_tag-cajas-superficiales","9":"product_tag-thorsman","11":"first","12":"outofstock","13":"sale","14":"shipping-taxable","15":"purchasable","16":"product-type-simple"},"_links":{"self":[{"href":"https:\/\/soydeaqui.ddns.net\/pachuca\/index.php\/wp-json\/wp\/v2\/product\/9038","targetHints":{"allow":["GET"]}}],"collection":[{"href":"https:\/\/soydeaqui.ddns.net\/pachuca\/index.php\/wp-json\/wp\/v2\/product"}],"about":[{"href":"https:\/\/soydeaqui.ddns.net\/pachuca\/index.php\/wp-json\/wp\/v2\/types\/product"}],"replies":[{"embeddable":true,"href":"https:\/\/soydeaqui.ddns.net\/pachuca\/index.php\/wp-json\/wp\/v2\/comments?post=9038"}],"wp:featuredmedia":[{"embeddable":true,"href":"https:\/\/soydeaqui.ddns.net\/pachuca\/index.php\/wp-json\/wp\/v2\/media\/9037"}],"wp:attachment":[{"href":"https:\/\/soydeaqui.ddns.net\/pachuca\/index.php\/wp-json\/wp\/v2\/media?parent=9038"}],"wp:term":[{"taxonomy":"product_brand","embeddable":true,"href":"https:\/\/soydeaqui.ddns.net\/pachuca\/index.php\/wp-json\/wp\/v2\/product_brand?post=9038"},{"taxonomy":"product_cat","embeddable":true,"href":"https:\/\/soydeaqui.ddns.net\/pachuca\/index.php\/wp-json\/wp\/v2\/product_cat?post=9038"},{"taxonomy":"product_tag","embeddable":true,"href":"https:\/\/soydeaqui.ddns.net\/pachuca\/index.php\/wp-json\/wp\/v2\/product_tag?post=9038"}],"curies":[{"name":"wp","href":"https:\/\/api.w.org\/{rel}","templated":true}]}}