{"id":90361,"date":"2026-03-20T03:39:12","date_gmt":"2026-03-20T03:39:12","guid":{"rendered":"https:\/\/soydeaqui.ddns.net\/pachuca\/index.php\/producto\/licencia-anual-pro-remote-connect-100-usuarios-y-16-sesiones-concurrentes-para-ucm63xx-ucm63xxa\/"},"modified":"2026-03-20T03:39:17","modified_gmt":"2026-03-20T03:39:17","slug":"licencia-anual-pro-remote-connect-100-usuarios-y-16-sesiones-concurrentes-para-ucm63xx-ucm63xxa","status":"publish","type":"product","link":"https:\/\/soydeaqui.ddns.net\/pachuca\/index.php\/producto\/licencia-anual-pro-remote-connect-100-usuarios-y-16-sesiones-concurrentes-para-ucm63xx-ucm63xxa\/","title":{"rendered":"Licencia anual Pro Remote Connect 100 usuarios y 16 sesiones concurrentes para UCM63XX \/ UCM63XXA"},"content":{"rendered":"<div style='width: 100%; max-width: 1200px; margin: 0 auto; font-family: sans-serif; line-height: 1.6; color: inherit; background-color: transparent;'> <!-- T\u00edtulos principales --> <\/p>\n<div style='margin-bottom: 30px;'>\n<h1 style='font-size: 34px; margin: 0 0 10px; color: inherit; font-family: 'Open Sans Semibold'&comma; sans-serif; font-weight: 600;'> UCM RemoteConnect <\/h1>\n<h1 style='font-size: 30px; margin: 0; color: #46a8ca; font-family: 'Open Sans'&comma; sans-serif; font-style: italic;'> Moviliza tu negocio <\/h1>\n<\/p><\/div>\n<p> <!-- Secci\u00f3n de features en grid --> <\/p>\n<div style='display: grid; grid-template-columns: repeat(auto-fill&comma; minmax(280px&comma; 1fr)); gap: 20px; margin-bottom: 30px;'>\n<div style='border: 1px solid rgba(150&comma; 150&comma; 150&comma; 0.3); border-radius: 8px; padding: 15px; display: flex; flex-direction: column; align-items: center; text-align: center;'> <img style='width: auto; height: 22px; border: 1px solid rgba(150&comma;150&comma;150&comma;0.3); border-radius: 4px; margin-bottom: 10px;' src='https:\/\/ftp3.syscom.mx\/usuarios\/fotos\/UCMRCPLUS\/209503-reliability.png' alt=''> <\/p>\n<p style='font-size: 14px; margin: 0; color: inherit;'> Colaboraci\u00f3n remota que es segura y confiable; el servicio de firewall con NAT traversal basado en la nube se ejecuta en AWS con 99% de fiabilidad <\/p>\n<\/p><\/div>\n<div style='border: 1px solid rgba(150&comma; 150&comma; 150&comma; 0.3); border-radius: 8px; padding: 15px; display: flex; flex-direction: column; align-items: center; text-align: center;'> <img style='width: auto; height: 20px; border: 1px solid rgba(150&comma;150&comma;150&comma;0.3); border-radius: 4px; margin-bottom: 10px;' src='https:\/\/ftp3.syscom.mx\/usuarios\/fotos\/UCMRCPLUS\/209503-wave_icon.png' alt=''> <\/p>\n<p style='font-size: 14px; margin: 0; color: inherit;'> Reuniones&comma; llamadas y conferencias productivas con la aplicaci\u00f3n Wave incluida para dispositivos de escritorio&comma; web y m\u00f3viles <\/p>\n<\/p><\/div>\n<div style='border: 1px solid rgba(150&comma; 150&comma; 150&comma; 0.3); border-radius: 8px; padding: 15px; display: flex; flex-direction: column; align-items: center; text-align: center;'> <img style='width: auto; height: 17px; border: 1px solid rgba(150&comma;150&comma;150&comma;0.3); border-radius: 4px; margin-bottom: 10px;' src='https:\/\/ftp3.syscom.mx\/usuarios\/fotos\/UCMRCPLUS\/209503-ip_phone_icon.png' alt=''> <\/p>\n<p style='font-size: 14px; margin: 0; color: inherit;'> Ofrece conexiones seguras con dispositivos SIP remotos registrados para un dispositivo de la serie UCM6300 <\/p>\n<\/p><\/div>\n<div style='border: 1px solid rgba(150&comma; 150&comma; 150&comma; 0.3); border-radius: 8px; padding: 15px; display: flex; flex-direction: column; align-items: center; text-align: center;'> <img style='width: auto; height: 18px; border: 1px solid rgba(150&comma;150&comma;150&comma;0.3); border-radius: 4px; margin-bottom: 10px;' src='https:\/\/ftp3.syscom.mx\/usuarios\/fotos\/UCMRCPLUS\/209503-web_configuration_(5).png' alt=''> <\/p>\n<p style='font-size: 14px; margin: 0; color: inherit;'> Proporciona herramientas integradas para la gesti\u00f3n segura&comma; f\u00e1cil de usar con TI de los dispositivos remotos <\/p>\n<\/p><\/div>\n<div style='border: 1px solid rgba(150&comma; 150&comma; 150&comma; 0.3); border-radius: 8px; padding: 15px; display: flex; flex-direction: column; align-items: center; text-align: center;'> <img style='width: auto; height: 21px; border: 1px solid rgba(150&comma;150&comma;150&comma;0.3); border-radius: 4px; margin-bottom: 10px;' src='https:\/\/ftp3.syscom.mx\/usuarios\/fotos\/UCMRCPLUS\/209503-reports_(1).png' alt=''> <\/p>\n<p style='font-size: 14px; margin: 0; color: inherit;'> Proporciona informes avanzados sobre el sistema y los dispositivos y alertas por correo electr\u00f3nico en tiempo real <\/p>\n<\/p><\/div>\n<div style='border: 1px solid rgba(150&comma; 150&comma; 150&comma; 0.3); border-radius: 8px; padding: 15px; display: flex; flex-direction: column; align-items: center; text-align: center;'> <img style='width: auto; height: 18px; border: 1px solid rgba(150&comma;150&comma;150&comma;0.3); border-radius: 4px; margin-bottom: 10px;' src='https:\/\/ftp3.syscom.mx\/usuarios\/fotos\/UCMRCPLUS\/209503-status_monitoring_(3).png' alt=''> <\/p>\n<p style='font-size: 14px; margin: 0; color: inherit;'> Herramientas avanzadas integradas de monitoreo y diagn\u00f3stico del sistema y los dispositivos para garantizar activamente conexiones seguras <\/p>\n<\/p><\/div>\n<\/p><\/div>\n<p> <!-- Secci\u00f3n de contenido con im\u00e1genes y texto --> <\/p>\n<div style='margin-bottom: 30px;'> <img style='width: 100%; height: auto; border: 1px solid rgba(150&comma;150&comma;150&comma;0.3); border-radius: 8px; margin-bottom: 15px;' src='https:\/\/ftp3.syscom.mx\/usuarios\/fotos\/UCMRCPLUS\/209503-imagen_2.png' alt=''> <\/p>\n<h2 style='font-size: 24px; margin-top: 0; margin-bottom: 15px; color: inherit; border-bottom: 2px solid currentColor; padding-bottom: 5px;'> Colaborar de forma segura con UCM Remote Connect <\/h2>\n<p style='font-size: 14px; margin-bottom: 15px; color: inherit;'> Plataforma basada en la nube que facilita la configuraci\u00f3n de una soluci\u00f3n de comunicaci\u00f3n segura a la que se puede acceder desde cualquier lugar <\/p>\n<p style='font-size: 14px; color: inherit;'> Permite que tu equipo se comunique sin problemas al proteger las conexiones entre la serie UCM6300&comma; la aplicaci\u00f3n Wave y los extremos SIP de Grandstream&comma; sin importar si los usuarios est\u00e1n en la oficina&comma; trabajando desde casa o viajando <\/p>\n<\/p><\/div>\n<p> <!-- Secci\u00f3n con imagen y texto lado a lado --> <\/p>\n<div style='display: flex; flex-wrap: wrap; gap: 30px; margin-bottom: 30px;'>\n<div style='flex: 1 1 300px; min-width: 280px;'> <img style='width: 100%; height: auto; border: 1px solid rgba(150&comma;150&comma;150&comma;0.3); border-radius: 8px;' src='https:\/\/ftp3.syscom.mx\/usuarios\/fotos\/UCMRCPLUS\/209503-imagen_3.png' alt=''> <\/div>\n<div style='flex: 1 1 300px; min-width: 280px;'>\n<h2 style='font-size: 24px; margin-top: 0; margin-bottom: 15px; color: inherit; border-bottom: 2px solid currentColor; padding-bottom: 5px;'> Aplicaci\u00f3n Wave &#8211; tu centro de colaboraci\u00f3n <\/h2>\n<p style='font-size: 14px; margin-bottom: 15px; color: inherit;'> Disponible para dispositivos m\u00f3viles&comma; de escritorio y web. La aplicaci\u00f3n Wave permite que tu equipo se comunique y colabore desde cualquier lugar&comma; en cualquier momento y utilizando casi cualquier dispositivo. <\/p>\n<p style='font-size: 14px; color: inherit;'> No importa si est\u00e1n en la oficina&comma; viajando o trabajando desde casa&comma; Wave brinda f\u00e1cil acceso a llamadas de voz y video&comma; reuniones&comma; chat&comma; uso compartido de archivos&comma; correo de voz y m\u00e1s. <\/p>\n<\/p><\/div>\n<\/p><\/div>\n<p> <!-- Secci\u00f3n de caracter\u00edsticas con lista --> <\/p>\n<div style='margin-bottom: 30px;'>\n<h2 style='font-size: 24px; margin-top: 0; margin-bottom: 15px; color: inherit; border-bottom: 2px solid currentColor; padding-bottom: 5px;'> UCMRC facilita la creaci\u00f3n de una soluci\u00f3n de comunicaci\u00f3n a la que se puede acceder desde cualquier lugar <\/h2>\n<ul style='padding-left: 20px; font-size: 14px; color: inherit;'>\n<li style='margin-bottom: 8px;'> Configuraci\u00f3n y administraci\u00f3n centralizadas en la nube para sus dispositivos de la serie UCM6300 <\/li>\n<li style='margin-bottom: 8px;'> NAT transversal autom\u00e1tico para garantizar conexiones remotas seguras <\/li>\n<li style='margin-bottom: 8px;'> Monitoreo y protecci\u00f3n de seguridad de red activa <\/li>\n<li style='margin-bottom: 8px;'> Proporciona un mecanismo de conmutaci\u00f3n por error para protegerse de las interrupciones de la red <\/li>\n<\/ul><\/div>\n<p> <!-- Secci\u00f3n con imagen y texto lado a lado --> <\/p>\n<div style='display: flex; flex-wrap: wrap; gap: 30px; margin-bottom: 30px;'>\n<div style='flex: 1 1 300px; min-width: 280px;'> <img style='width: 100%; height: auto; border: 1px solid rgba(150&comma;150&comma;150&comma;0.3); border-radius: 8px;' src='https:\/\/ftp3.syscom.mx\/usuarios\/fotos\/UCMRCPLUS\/209503-imagen_4.png' alt=''> <\/div>\n<div style='flex: 1 1 300px; min-width: 280px;'>\n<h2 style='font-size: 24px; margin-top: 0; margin-bottom: 15px; color: inherit; border-bottom: 2px solid currentColor; padding-bottom: 5px;'> F\u00e1cil configuraci\u00f3n y gesti\u00f3n remota del ecosistema UCM6300 <\/h2>\n<ul style='padding-left: 20px; font-size: 14px; color: inherit;'>\n<li style='margin-bottom: 8px;'> UCM RemoteConnect proporciona una plataforma lista para usar sin contacto que permite a los usuarios y dispositivos remotos llegar a su UCM6300 desde fuera de su red corporativa <\/li>\n<li style='margin-bottom: 8px;'> Est\u00e1 en funcionamiento de inmediato <\/li>\n<li style='margin-bottom: 8px;'> Te permite administrar la serie UCM6300 de forma remota y central <\/li>\n<\/ul><\/div>\n<\/p><\/div>\n<p> <!-- Galer\u00eda de im\u00e1genes --> <\/p>\n<div style='display: grid; grid-template-columns: repeat(auto-fill&comma; minmax(280px&comma; 1fr)); gap: 20px; margin-bottom: 30px;'> <img style='width: 100%; height: auto; border: 1px solid rgba(150&comma;150&comma;150&comma;0.3); border-radius: 8px;' src='https:\/\/ftp3.syscom.mx\/usuarios\/fotos\/UCMRCPLUS\/209503-captura_de_pantalla_2022-06-29_a_la(s)_18.30.09.png' alt=''> <img style='width: 100%; height: auto; border: 1px solid rgba(150&comma;150&comma;150&comma;0.3); border-radius: 8px;' src='https:\/\/ftp3.syscom.mx\/usuarios\/fotos\/UCMRCPLUS\/209503-captura_de_pantalla_2022-06-29_a_la(s)_18.36.28.png' alt=''> <img style='width: 100%; height: auto; border: 1px solid rgba(150&comma;150&comma;150&comma;0.3); border-radius: 8px;' src='https:\/\/ftp3.syscom.mx\/usuarios\/fotos\/UCMRCPLUS\/209503-captura_de_pantalla_2022-06-29_a_la(s)_18.37.12.png' alt=''> <img style='width: 100%; height: auto; border: 1px solid rgba(150&comma;150&comma;150&comma;0.3); border-radius: 8px;' src='https:\/\/ftp3.syscom.mx\/usuarios\/fotos\/UCMRCPLUS\/209503-captura_de_pantalla_2022-06-29_a_la(s)_18.35.35.png' alt=''> <\/div>\n<p> <!-- Notas finales --> <\/p>\n<div style='font-size: 14px; color: inherit; margin-top: 20px;'>\n<p style='margin: 8px 0; color: inherit;'>** Las sesiones concurrentes&comma; se refiere a llamadas o sesiones de videoconferencia simultaneas.<\/p>\n<p style='margin: 8px 0; color: inherit;'>* Los precios de lista est\u00e1n dados en USD.<\/p>\n<\/p><\/div>\n<\/p><\/div>\n","protected":false},"excerpt":{"rendered":"<p>Licencia anual Pro Remote Connect 100 usuarios y 16 sesiones concurrentes para UCM63XX \/ UCM63XXA<\/p>\n","protected":false},"featured_media":90360,"comment_status":"open","ping_status":"closed","template":"","meta":[],"product_brand":[],"product_cat":[2028],"product_tag":[2029,909,2004],"class_list":{"0":"post-90361","1":"product","2":"type-product","3":"status-publish","4":"has-post-thumbnail","6":"product_cat-conmutadores-ip","7":"product_tag-conmutadores-ip","8":"product_tag-grandstream","9":"product_tag-voip-telefonia-ip-videoconferencia","11":"first","12":"outofstock","13":"sale","14":"shipping-taxable","15":"purchasable","16":"product-type-simple"},"_links":{"self":[{"href":"https:\/\/soydeaqui.ddns.net\/pachuca\/index.php\/wp-json\/wp\/v2\/product\/90361","targetHints":{"allow":["GET"]}}],"collection":[{"href":"https:\/\/soydeaqui.ddns.net\/pachuca\/index.php\/wp-json\/wp\/v2\/product"}],"about":[{"href":"https:\/\/soydeaqui.ddns.net\/pachuca\/index.php\/wp-json\/wp\/v2\/types\/product"}],"replies":[{"embeddable":true,"href":"https:\/\/soydeaqui.ddns.net\/pachuca\/index.php\/wp-json\/wp\/v2\/comments?post=90361"}],"wp:featuredmedia":[{"embeddable":true,"href":"https:\/\/soydeaqui.ddns.net\/pachuca\/index.php\/wp-json\/wp\/v2\/media\/90360"}],"wp:attachment":[{"href":"https:\/\/soydeaqui.ddns.net\/pachuca\/index.php\/wp-json\/wp\/v2\/media?parent=90361"}],"wp:term":[{"taxonomy":"product_brand","embeddable":true,"href":"https:\/\/soydeaqui.ddns.net\/pachuca\/index.php\/wp-json\/wp\/v2\/product_brand?post=90361"},{"taxonomy":"product_cat","embeddable":true,"href":"https:\/\/soydeaqui.ddns.net\/pachuca\/index.php\/wp-json\/wp\/v2\/product_cat?post=90361"},{"taxonomy":"product_tag","embeddable":true,"href":"https:\/\/soydeaqui.ddns.net\/pachuca\/index.php\/wp-json\/wp\/v2\/product_tag?post=90361"}],"curies":[{"name":"wp","href":"https:\/\/api.w.org\/{rel}","templated":true}]}}