{"id":90358,"date":"2026-03-20T03:39:05","date_gmt":"2026-03-20T03:39:05","guid":{"rendered":"https:\/\/soydeaqui.ddns.net\/pachuca\/index.php\/producto\/licencia-anual-business-remote-connect-200-usuarios-y-32-sesiones-concurrentes-para-ucm63xx-ucm63xxa\/"},"modified":"2026-03-20T03:39:09","modified_gmt":"2026-03-20T03:39:09","slug":"licencia-anual-business-remote-connect-200-usuarios-y-32-sesiones-concurrentes-para-ucm63xx-ucm63xxa","status":"publish","type":"product","link":"https:\/\/soydeaqui.ddns.net\/pachuca\/index.php\/producto\/licencia-anual-business-remote-connect-200-usuarios-y-32-sesiones-concurrentes-para-ucm63xx-ucm63xxa\/","title":{"rendered":"Licencia anual Business Remote Connect 200 usuarios y 32 sesiones concurrentes para UCM63XX \/ UCM63XXA"},"content":{"rendered":"<div style='width: 100%; max-width: 1200px; margin: 0 auto; font-family: sans-serif; line-height: 1.6; color: inherit; background-color: transparent;'>\n<div style='display: flex; flex-wrap: wrap; gap: 30px; margin-bottom: 30px;'>\n<div style='flex: 1 1 300px; min-width: 280px;'>\n<h1 style='font-size: 28px; margin: 0 0 10px; color: inherit; opacity: 0.9;'>UCM RemoteConnect<\/h1>\n<h1 style='font-size: 24px; font-style: italic; color: #46a8ca; margin: 0 0 20px;'>Moviliza tu negocio<\/h1>\n<\/p><\/div>\n<\/p><\/div>\n<div style='display: grid; grid-template-columns: repeat(auto-fill&comma; minmax(280px&comma; 1fr)); gap: 20px; margin-bottom: 30px;'>\n<div style='border: 1px solid rgba(150&comma;150&comma;150&comma;0.3); border-radius: 8px; padding: 15px;'>\n<div style='text-align: center; margin-bottom: 10px;'> <img style='width: 20px; height: auto; vertical-align: middle; border: none;' src='https:\/\/ftp3.syscom.mx\/usuarios\/fotos\/UCMRCPLUS\/209503-reliability.png' alt=''> <\/div>\n<p style='font-size: 14px; color: inherit; margin: 0;'>Colaboraci\u00f3n remota que es segura y confiable; el servicio de firewall con NAT traversal basado en la nube se ejecuta en AWS con 99% de fiabilidad<\/p>\n<\/p><\/div>\n<div style='border: 1px solid rgba(150&comma;150&comma;150&comma;0.3); border-radius: 8px; padding: 15px;'>\n<div style='text-align: center; margin-bottom: 10px;'> <img style='width: 20px; height: auto; vertical-align: middle; border: none;' src='https:\/\/ftp3.syscom.mx\/usuarios\/fotos\/UCMRCPLUS\/209503-wave_icon.png' alt=''> <\/div>\n<p style='font-size: 14px; color: inherit; margin: 0;'>Reuniones&comma; llamadas y conferencias productivas con la aplicaci\u00f3n Wave incluida para dispositivos de escritorio&comma; web y m\u00f3viles<\/p>\n<\/p><\/div>\n<div style='border: 1px solid rgba(150&comma;150&comma;150&comma;0.3); border-radius: 8px; padding: 15px;'>\n<div style='text-align: center; margin-bottom: 10px;'> <img style='width: 20px; height: auto; vertical-align: middle; border: none;' src='https:\/\/ftp3.syscom.mx\/usuarios\/fotos\/UCMRCPLUS\/209503-ip_phone_icon.png' alt=''> <\/div>\n<p style='font-size: 14px; color: inherit; margin: 0;'>Ofrece conexiones seguras con dispositivos SIP remotos registrados para un dispositivo de la serie UCM6300<\/p>\n<\/p><\/div>\n<div style='border: 1px solid rgba(150&comma;150&comma;150&comma;0.3); border-radius: 8px; padding: 15px;'>\n<div style='text-align: center; margin-bottom: 10px;'> <img style='width: 20px; height: auto; vertical-align: middle; border: none;' src='https:\/\/ftp3.syscom.mx\/usuarios\/fotos\/UCMRCPLUS\/209503-web_configuration_(5).png' alt=''> <\/div>\n<p style='font-size: 14px; color: inherit; margin: 0;'>Proporciona herramientas integradas para la gesti\u00f3n segura&comma; f\u00e1cil de usar con TI de los dispositivos remotos<\/p>\n<\/p><\/div>\n<div style='border: 1px solid rgba(150&comma;150&comma;150&comma;0.3); border-radius: 8px; padding: 15px;'>\n<div style='text-align: center; margin-bottom: 10px;'> <img style='width: 20px; height: auto; vertical-align: middle; border: none;' src='https:\/\/ftp3.syscom.mx\/usuarios\/fotos\/UCMRCPLUS\/209503-reports_(1).png' alt=''> <\/div>\n<p style='font-size: 14px; color: inherit; margin: 0;'>Proporciona informes avanzados sobre el sistema y los dispositivos y alertas por correo electr\u00f3nico en tiempo real<\/p>\n<\/p><\/div>\n<div style='border: 1px solid rgba(150&comma;150&comma;150&comma;0.3); border-radius: 8px; padding: 15px;'>\n<div style='text-align: center; margin-bottom: 10px;'> <img style='width: 20px; height: auto; vertical-align: middle; border: none;' src='https:\/\/ftp3.syscom.mx\/usuarios\/fotos\/UCMRCPLUS\/209503-status_monitoring_(3).png' alt=''> <\/div>\n<p style='font-size: 14px; color: inherit; margin: 0;'>Herramientas avanzadas integradas de monitoreo y diagn\u00f3stico del sistema y los dispositivos para garantizar activamente conexiones seguras<\/p>\n<\/p><\/div>\n<\/p><\/div>\n<div style='margin: 30px 0;'> <img style='width: 100%; height: auto; border: 1px solid rgba(150&comma;150&comma;150&comma;0.3); border-radius: 8px;' src='https:\/\/ftp3.syscom.mx\/usuarios\/fotos\/UCMRCPLUS\/209503-imagen_2.png' alt=''> <\/div>\n<div style='margin-bottom: 30px;'>\n<h2 style='font-size: 20px; margin-top: 0; color: inherit;'>Colaborar de forma segura con UCM Remote Connect<\/h2>\n<p style='font-size: 14px; color: inherit; margin: 15px 0;'>Plataforma basada en la nube que facilita la configuraci\u00f3n de una soluci\u00f3n de comunicaci\u00f3n segura a la que se puede acceder desde cualquier lugar<\/p>\n<p style='font-size: 14px; color: inherit; margin: 15px 0;'>Permite que tu equipo se comunique sin problemas al proteger las conexiones entre la serie UCM6300&comma; la aplicaci\u00f3n Wave y los extremos SIP de Grandstream&comma; sin importar si los usuarios est\u00e1n en la oficina&comma; trabajando desde casa o viajando<\/p>\n<\/p><\/div>\n<div style='display: flex; flex-wrap: wrap; gap: 30px; margin-bottom: 30px;'>\n<div style='flex: 1 1 300px; min-width: 280px;'> <img style='width: 100%; height: auto; border: 1px solid rgba(150&comma;150&comma;150&comma;0.3); border-radius: 8px;' src='https:\/\/ftp3.syscom.mx\/usuarios\/fotos\/UCMRCPLUS\/209503-imagen_3.png' alt=''> <\/div>\n<div style='flex: 1 1 300px; min-width: 280px;'>\n<h2 style='font-size: 20px; color: inherit;'>Aplicaci\u00f3n Wave &#8211; tu centro de colaboraci\u00f3n<\/h2>\n<p style='font-size: 14px; color: inherit; margin: 15px 0;'>Disponible para dispositivos m\u00f3viles&comma; de escritorio y web. La aplicaci\u00f3n Wave permite que tu equipo se comunique y colabore desde cualquier lugar&comma; en cualquier momento y utilizando casi cualquier dispositivo.<\/p>\n<p style='font-size: 14px; color: inherit; margin: 15px 0;'>No importa si est\u00e1n en la oficina&comma; viajando o trabajando desde casa&comma; Wave brinda f\u00e1cil acceso a llamadas de voz y video&comma; reuniones&comma; chat&comma; uso compartido de archivos&comma; correo de voz y m\u00e1s.<\/p>\n<\/p><\/div>\n<\/p><\/div>\n<div style='display: flex; flex-wrap: wrap; gap: 30px; margin-bottom: 30px;'>\n<div style='flex: 1 1 300px; min-width: 280px;'>\n<h2 style='font-size: 20px; color: inherit;'>UCMRC facilita la creaci\u00f3n de una soluci\u00f3n de comunicaci\u00f3n a la que se puede acceder desde cualquier lugar<\/h2>\n<ul style='padding-left: 20px; font-size: 14px; color: inherit; margin: 15px 0;'>\n<li style='margin-bottom: 8px;'>Configuraci\u00f3n y administraci\u00f3n centralizadas en la nube para sus dispositivos de la serie UCM6300<\/li>\n<li style='margin-bottom: 8px;'>NAT transversal autom\u00e1tico para garantizar conexiones remotas seguras<\/li>\n<li style='margin-bottom: 8px;'>Monitoreo y protecci\u00f3n de seguridad de red activa<\/li>\n<li style='margin-bottom: 8px;'>Proporciona un mecanismo de conmutaci\u00f3n por error para protegerse de las interrupciones de la red<\/li>\n<\/ul><\/div>\n<div style='flex: 1 1 300px; min-width: 280px;'> <img style='width: 100%; height: auto; border: 1px solid rgba(150&comma;150&comma;150&comma;0.3); border-radius: 8px;' src='https:\/\/ftp3.syscom.mx\/usuarios\/fotos\/UCMRCPLUS\/209503-imagen_4.png' alt=''> <\/div>\n<\/p><\/div>\n<div style='display: flex; flex-wrap: wrap; gap: 30px; margin-bottom: 30px;'>\n<div style='flex: 1 1 300px; min-width: 280px;'> <img style='width: 100%; height: auto; border: 1px solid rgba(150&comma;150&comma;150&comma;0.3); border-radius: 8px;' src='https:\/\/ftp3.syscom.mx\/usuarios\/fotos\/UCMRCPLUS\/209503-imagen_5.png' alt=''> <\/div>\n<div style='flex: 1 1 300px; min-width: 280px;'>\n<h2 style='font-size: 20px; color: inherit;'>F\u00e1cil configuraci\u00f3n y gesti\u00f3n remota del ecosistema UCM6300<\/h2>\n<ul style='padding-left: 20px; font-size: 14px; color: inherit; margin: 15px 0;'>\n<li style='margin-bottom: 8px;'>UCM RemoteConnect proporciona una plataforma lista para usar sin contacto que permite a los usuarios y dispositivos remotos llegar a su UCM6300 desde fuera de su red corporativa<\/li>\n<li style='margin-bottom: 8px;'>Est\u00e1 en funcionamiento de inmediato<\/li>\n<li style='margin-bottom: 8px;'>Te permite administrar la serie UCM6300 de forma remota y central<\/li>\n<\/ul><\/div>\n<\/p><\/div>\n<div style='margin: 30px 0;'> <img style='width: 100%; height: auto; border: 1px solid rgba(150&comma;150&comma;150&comma;0.3); border-radius: 8px;' src='https:\/\/ftp3.syscom.mx\/usuarios\/fotos\/UCMRCPLUS\/209503-captura_de_pantalla_2022-06-29_a_la(s)_18.30.09.png' alt=''> <\/div>\n<div style='margin: 30px 0;'> <img style='width: 100%; height: auto; border: 1px solid rgba(150&comma;150&comma;150&comma;0.3); border-radius: 8px;' src='https:\/\/ftp3.syscom.mx\/usuarios\/fotos\/UCMRCPLUS\/209503-captura_de_pantalla_2022-06-29_a_la(s)_18.36.28.png' alt=''> <\/div>\n<div style='margin: 30px 0;'> <img style='width: 100%; height: auto; border: 1px solid rgba(150&comma;150&comma;150&comma;0.3); border-radius: 8px;' src='https:\/\/ftp3.syscom.mx\/usuarios\/fotos\/UCMRCPLUS\/209503-captura_de_pantalla_2022-06-29_a_la(s)_18.37.12.png' alt=''> <\/div>\n<div style='margin: 30px 0;'> <img style='width: 100%; height: auto; border: 1px solid rgba(150&comma;150&comma;150&comma;0.3); border-radius: 8px;' src='https:\/\/ftp3.syscom.mx\/usuarios\/fotos\/UCMRCPLUS\/209503-captura_de_pantalla_2022-06-29_a_la(s)_18.35.35.png' alt=''> <\/div>\n<div style='font-size: 14px; color: inherit; margin: 20px 0;'>\n<p style='margin: 8px 0;'>** Las sesiones concurrentes&comma; se refiere a llamadas o sesiones de videoconferencia simultaneas.<\/p>\n<p style='margin: 8px 0;'>* Los precios de lista estan dados en USD.<\/p>\n<\/p><\/div>\n<\/p><\/div>\n","protected":false},"excerpt":{"rendered":"<p>Licencia anual Business Remote Connect 200 usuarios y 32 sesiones concurrentes para UCM63XX \/ UCM63XXA<\/p>\n","protected":false},"featured_media":90357,"comment_status":"open","ping_status":"closed","template":"","meta":[],"product_brand":[],"product_cat":[2028],"product_tag":[2029,909,2004],"class_list":{"0":"post-90358","1":"product","2":"type-product","3":"status-publish","4":"has-post-thumbnail","6":"product_cat-conmutadores-ip","7":"product_tag-conmutadores-ip","8":"product_tag-grandstream","9":"product_tag-voip-telefonia-ip-videoconferencia","11":"first","12":"instock","13":"sale","14":"shipping-taxable","15":"purchasable","16":"product-type-simple"},"_links":{"self":[{"href":"https:\/\/soydeaqui.ddns.net\/pachuca\/index.php\/wp-json\/wp\/v2\/product\/90358","targetHints":{"allow":["GET"]}}],"collection":[{"href":"https:\/\/soydeaqui.ddns.net\/pachuca\/index.php\/wp-json\/wp\/v2\/product"}],"about":[{"href":"https:\/\/soydeaqui.ddns.net\/pachuca\/index.php\/wp-json\/wp\/v2\/types\/product"}],"replies":[{"embeddable":true,"href":"https:\/\/soydeaqui.ddns.net\/pachuca\/index.php\/wp-json\/wp\/v2\/comments?post=90358"}],"wp:featuredmedia":[{"embeddable":true,"href":"https:\/\/soydeaqui.ddns.net\/pachuca\/index.php\/wp-json\/wp\/v2\/media\/90357"}],"wp:attachment":[{"href":"https:\/\/soydeaqui.ddns.net\/pachuca\/index.php\/wp-json\/wp\/v2\/media?parent=90358"}],"wp:term":[{"taxonomy":"product_brand","embeddable":true,"href":"https:\/\/soydeaqui.ddns.net\/pachuca\/index.php\/wp-json\/wp\/v2\/product_brand?post=90358"},{"taxonomy":"product_cat","embeddable":true,"href":"https:\/\/soydeaqui.ddns.net\/pachuca\/index.php\/wp-json\/wp\/v2\/product_cat?post=90358"},{"taxonomy":"product_tag","embeddable":true,"href":"https:\/\/soydeaqui.ddns.net\/pachuca\/index.php\/wp-json\/wp\/v2\/product_tag?post=90358"}],"curies":[{"name":"wp","href":"https:\/\/api.w.org\/{rel}","templated":true}]}}