{"id":90340,"date":"2026-03-20T03:38:17","date_gmt":"2026-03-20T03:38:17","guid":{"rendered":"https:\/\/soydeaqui.ddns.net\/pachuca\/index.php\/producto\/herraje-de-suspension-tangente-para-mensajero-de-acero\/"},"modified":"2026-03-20T03:38:29","modified_gmt":"2026-03-20T03:38:29","slug":"herraje-de-suspension-tangente-para-mensajero-de-acero","status":"publish","type":"product","link":"https:\/\/soydeaqui.ddns.net\/pachuca\/index.php\/producto\/herraje-de-suspension-tangente-para-mensajero-de-acero\/","title":{"rendered":"Herraje de Suspensi\u00f3n Tangente para Mensajero de Acero"},"content":{"rendered":"<div style='width: 100%; max-width: 1200px; margin: 0 auto; font-family: sans-serif; line-height: 1.6; color: inherit; background-color: transparent;'> <!-- Logo --> <\/p>\n<div style='text-align: center; margin: 20px 0;'> <img style='width: 100%; max-width: 432px; height: auto; border: 1px solid rgba(150&comma;150&comma;150&comma;0.3); border-radius: 8px;' src='https:\/\/ftp3.syscom.mx\/usuarios\/orobles\/LinkedPro\/linkedpro_logo.png' alt=''> <\/div>\n<p> <!-- Descripci\u00f3n --> <\/p>\n<div style='margin-bottom: 30px;'>\n<p style='text-align: justify; font-size: 16px; color: inherit;'> El Herraje tangente es una excelente opci\u00f3n para la suspensi\u00f3n de cable <strong>figura 8<\/strong> por medio del mensajero de acero&comma; se fija a poste ya sea de concreto o madera por medio de un fleje. Estos son resistentes a condiciones ambientales adversas debido a que est\u00e1 hecho de acero galvanizado que proporciona protecci\u00f3n contra la corrosi\u00f3n y los rayos UV. <\/p>\n<\/p><\/div>\n<p> <!-- Enlace calculadora --> <\/p>\n<div style='margin: 30px 0; text-align: center;'> <a href='https:\/\/soporte.syscom.mx\/es\/articles\/5949129-calculadora-de-herrajes-para-fibra-optica-para-instalacion-aerea-adss-y-mini-adss' target='_blank' rel='noopener' style='font-size: 16px; color: inherit; text-decoration: underline;'> \u00a1PRESIONA AQU\u00cd! CALCULADOR DE HERRAJES PARA FIBRA \u00d3PTICA A\u00c9REA ADSS&comma; MINI-ADSS&comma; FIGURA 8 Y MINI FIGURA 8. <\/a> <\/div>\n<p> <!-- Im\u00e1genes adicionales --> <\/p>\n<div style='display: flex; flex-wrap: wrap; gap: 20px; justify-content: center; margin: 30px 0;'>\n<div style='flex: 1 1 300px; min-width: 280px;'> <img style='width: 100%; height: auto; border: 1px solid rgba(150&comma;150&comma;150&comma;0.3); border-radius: 8px;' src='https:\/\/ftp3.syscom.mx\/usuarios\/fotos\/LPSDC\/191930-calculadora_de_herrajes_gif-1.gif' alt=''> <\/div>\n<div style='flex: 1 1 300px; min-width: 280px;'> <img style='width: 100%; height: auto; border: 1px solid rgba(150&comma;150&comma;150&comma;0.3); border-radius: 8px;' src='https:\/\/ftp3.syscom.mx\/usuarios\/fotos\/LPSDC\/191930-poste.png.jpg' alt=''> <\/div>\n<\/p><\/div>\n<\/p><\/div>\n","protected":false},"excerpt":{"rendered":"<p>Herraje de Suspensi\u00f3n Tangente para Mensajero de Acero<\/p>\n","protected":false},"featured_media":90339,"comment_status":"open","ping_status":"closed","template":"","meta":[],"product_brand":[],"product_cat":[2016],"product_tag":[2017,435,2011],"class_list":{"0":"post-90340","1":"product","2":"type-product","3":"status-publish","4":"has-post-thumbnail","6":"product_cat-herrajes","7":"product_tag-herrajes","8":"product_tag-linkedpro-by-epcom","9":"product_tag-redes-ftth-pon","11":"first","12":"instock","13":"sale","14":"shipping-taxable","15":"purchasable","16":"product-type-simple"},"_links":{"self":[{"href":"https:\/\/soydeaqui.ddns.net\/pachuca\/index.php\/wp-json\/wp\/v2\/product\/90340","targetHints":{"allow":["GET"]}}],"collection":[{"href":"https:\/\/soydeaqui.ddns.net\/pachuca\/index.php\/wp-json\/wp\/v2\/product"}],"about":[{"href":"https:\/\/soydeaqui.ddns.net\/pachuca\/index.php\/wp-json\/wp\/v2\/types\/product"}],"replies":[{"embeddable":true,"href":"https:\/\/soydeaqui.ddns.net\/pachuca\/index.php\/wp-json\/wp\/v2\/comments?post=90340"}],"wp:featuredmedia":[{"embeddable":true,"href":"https:\/\/soydeaqui.ddns.net\/pachuca\/index.php\/wp-json\/wp\/v2\/media\/90339"}],"wp:attachment":[{"href":"https:\/\/soydeaqui.ddns.net\/pachuca\/index.php\/wp-json\/wp\/v2\/media?parent=90340"}],"wp:term":[{"taxonomy":"product_brand","embeddable":true,"href":"https:\/\/soydeaqui.ddns.net\/pachuca\/index.php\/wp-json\/wp\/v2\/product_brand?post=90340"},{"taxonomy":"product_cat","embeddable":true,"href":"https:\/\/soydeaqui.ddns.net\/pachuca\/index.php\/wp-json\/wp\/v2\/product_cat?post=90340"},{"taxonomy":"product_tag","embeddable":true,"href":"https:\/\/soydeaqui.ddns.net\/pachuca\/index.php\/wp-json\/wp\/v2\/product_tag?post=90340"}],"curies":[{"name":"wp","href":"https:\/\/api.w.org\/{rel}","templated":true}]}}