{"id":90323,"date":"2026-03-20T03:37:29","date_gmt":"2026-03-20T03:37:29","guid":{"rendered":"https:\/\/soydeaqui.ddns.net\/pachuca\/index.php\/producto\/router-wifi-6-triple-banda-ax6600-mu-mimo-1-puerto-wan-lan-2-5-gbps-1-puerto-wan-lan-1gbps-3-puertos-lan-1gbps-2-puerto-usb-3-0-onemesh-adminitracion-app-tether-o-pagina-web\/"},"modified":"2026-03-20T03:37:40","modified_gmt":"2026-03-20T03:37:40","slug":"router-wifi-6-triple-banda-ax6600-mu-mimo-1-puerto-wan-lan-2-5-gbps-1-puerto-wan-lan-1gbps-3-puertos-lan-1gbps-2-puerto-usb-3-0-onemesh-adminitracion-app-tether-o-pagina-web","status":"publish","type":"product","link":"https:\/\/soydeaqui.ddns.net\/pachuca\/index.php\/producto\/router-wifi-6-triple-banda-ax6600-mu-mimo-1-puerto-wan-lan-2-5-gbps-1-puerto-wan-lan-1gbps-3-puertos-lan-1gbps-2-puerto-usb-3-0-onemesh-adminitracion-app-tether-o-pagina-web\/","title":{"rendered":"Router WiFi 6 Triple Banda AX6600 MU-MIMO \/ 1 Puerto WAN\/LAN 2.5 Gbps \/ 1 Puerto WAN\/LAN 1Gbps \/ 3 Puertos LAN 1Gbps \/ 2 puerto USB 3.0 \/ OneMesh \u2122 \/ Adminitraci\u00f3n App (Tether) o P\u00e1gina web \/ Protecci\u00f3n HomeShield"},"content":{"rendered":"<div style='width: 100%; max-width: 1200px; margin: 0 auto; font-family: sans-serif; line-height: 1.6; color: inherit; background-color: transparent;'>\n<div style='text-align: center; margin: 30px 0;'>\n<h2 style='font-size: 22px; margin: 0 0 15px; color: inherit;'><a href='https:\/\/www.tp-link.com\/es\/tether\/' style='color: inherit; text-decoration: none; border-bottom: 1px dotted rgba(150&comma;150&comma;150&comma;0.5);'>Aprende m\u00e1s sobre la App Tether<\/a><\/h2>\n<\/p><\/div>\n<div style='margin: 30px 0;'> <img style='width: 100%; height: auto; border: 1px solid rgba(150&comma;150&comma;150&comma;0.3); border-radius: 8px;' src='https:\/\/ftp3.syscom.mx\/usuarios\/fotos\/ARCHERAX90\/208718-image_(16).png' alt='Router TP-Link ARCHERAX90'> <\/div>\n<div style='margin: 30px 0;'>\n<div style='text-align: center; padding: 15px;'>\n<h2 style='font-size: 24px; margin: 0 0 15px; color: inherit;'>Mayor rendimiento con WiFi 6&comma; amplia tu cobertura con tecnolog\u00eda avanzada.<\/h2>\n<p style='margin: 0 0 15px; color: inherit;'><a href='https:\/\/www.tp-link.com\/es\/wifi6\/' style='color: inherit; text-decoration: none; border-bottom: 1px dotted rgba(150&comma;150&comma;150&comma;0.5);'>Aprende m\u00e1s sobre WiFi 6<\/a><\/p>\n<p> <img style='width: 100%; height: auto; border: 1px solid rgba(150&comma;150&comma;150&comma;0.3); border-radius: 8px;' src='https:\/\/ftp3.syscom.mx\/usuarios\/fotos\/ARCHERAX90\/208718-image_(17).png' alt='WiFi 6 Technology'> <\/div>\n<\/p><\/div>\n<div style='margin: 30px 0;'>\n<div style='text-align: center; padding: 15px;'>\n<h2 style='font-size: 24px; margin: 0 0 15px; color: inherit;'>Protege la integridad de tus datos.<\/h2>\n<p style='margin: 0 0 15px; color: inherit;'><a href='https:\/\/www.tp-link.com\/mx\/homeshield\/' style='color: inherit; text-decoration: none; border-bottom: 1px dotted rgba(150&comma;150&comma;150&comma;0.5);'>Aprende m\u00e1s sobre HomeShiel<\/a><\/p>\n<p> <img style='width: 100%; height: auto; border: 1px solid rgba(150&comma;150&comma;150&comma;0.3); border-radius: 8px;' src='https:\/\/ftp3.syscom.mx\/usuarios\/fotos\/ARCHERAX73\/213758-image_(70).png' alt='HomeShield Security'> <\/div>\n<\/p><\/div>\n<div style='margin: 30px 0;'>\n<div style='text-align: center; padding: 15px;'>\n<h2 style='font-size: 24px; margin: 0 0 15px; color: inherit;'>Mayor velocidad de conexi\u00f3n con los puertos Multigigabit.<\/h2>\n<p> <img style='width: 100%; height: auto; border: 1px solid rgba(150&comma;150&comma;150&comma;0.3); border-radius: 8px;' src='https:\/\/ftp3.syscom.mx\/usuarios\/fotos\/ARCHERAX90\/208718-image_(73).png' alt='Multi-Gigabit Ports'> <\/div>\n<\/p><\/div>\n<div style='margin: 30px 0;'>\n<div style='text-align: center; padding: 15px;'>\n<h2 style='font-size: 24px; margin: 0 0 15px; color: inherit;'>Aplicaci\u00f3n pr\u00e1ctica y f\u00e1cil de manipular.<\/h2>\n<p> <img style='width: 100%; height: auto; border: 1px solid rgba(150&comma;150&comma;150&comma;0.3); border-radius: 8px;' src='https:\/\/ftp3.syscom.mx\/usuarios\/fotos\/ARCHERAX73\/213758-image_(65).png' alt='Tether App Interface'> <\/div>\n<\/p><\/div>\n<div style='margin: 30px 0;'>\n<div style='display: flex; flex-wrap: wrap; gap: 20px; margin-bottom: 30px;'>\n<div style='flex: 1 1 250px; border: 1px solid rgba(150&comma; 150&comma; 150&comma; 0.4); border-radius: 8px; overflow: hidden; display: flex; flex-direction: column;'>\n<div style='padding: 15px; border-bottom: 1px solid rgba(150&comma; 150&comma; 150&comma; 0.2); font-weight: bold; font-size: 18px; color: inherit;'>Especificaciones<\/div>\n<div style='padding: 15px; color: inherit;'>\n<ul style='padding-left: 20px; margin: 0; font-size: 14px; list-style-type: disc;'>\n<li style='margin-bottom: 5px;'><strong>Dimensiones:<\/strong> 311 x 207 x 174 mm<\/li>\n<li style='margin-bottom: 5px;'><strong>Puertos:<\/strong> (1) puerto RJ45 MultiGigabit WAN\/LAN 2.5 Gbps&comma; (1) puerto RJ45 WAN\/LAN 1 Gbps&comma; (3) puertos RJ45 Gigabit LAN<\/li>\n<li style='margin-bottom: 5px;'><strong>Procesador:<\/strong> CPU de cuatro n\u00facleos a 1&comma;5 GHz<\/li>\n<li style='margin-bottom: 5px;'><strong>Alimentaci\u00f3n:<\/strong> 12 Vcc 3.3A<\/li>\n<li style='margin-bottom: 5px;'><strong>Rango WiFi:<\/strong> 8 antenas fijas de alto rendimiento&comma; Beamforming&comma; FEM de alta potencia&comma; 4T4R<\/li>\n<li style='margin-bottom: 5px;'><strong>Inal\u00e1mbrico:<\/strong> WiFi 6&comma; IEEE 802.11ax\/ac\/n\/a 5 GHz&comma; IEEE 802.11ax\/n\/b\/g 2.4 GHz&comma; AX6600<\/li>\n<li style='margin-bottom: 5px;'><strong>Modo Trabajo:<\/strong> Router&comma; Punto de acceso<\/li>\n<li style='margin-bottom: 5px;'><strong>Servidor\/Cliente VPN:<\/strong> OpenVPN&comma; PPTP&comma; L2TP<\/li>\n<li style='margin-bottom: 5px;'><strong>Calidad de servicio:<\/strong> QoS por dispositivos<\/li>\n<li style='margin-bottom: 5px;'><strong>Gesti\u00f3n:<\/strong> Aplicaci\u00f3n Tether&comma; P\u00e1gina web<\/li>\n<li style='margin-bottom: 5px;'><strong>Seguridad de red:<\/strong> Cortafuegos SPI&comma; Control de acceso&comma; Enlace IP y MAC&comma; Puerta de enlace de capa de aplicaci\u00f3n&comma; Seguridad HomeShield<\/li>\n<li style='margin-bottom: 5px;'><strong>OneMesh:<\/strong> Link Aggregation&comma; LACP 802.3ad&comma; Compatible con OneMesh<\/li>\n<li style='margin-bottom: 5px;'><strong>Temperatura de operaci\u00f3n:<\/strong> 0 ~ 40\u00b0 C<\/li>\n<li style='margin-bottom: 5px;'><strong>Certificaciones:<\/strong> CE&comma; FCC&comma; RoHS<\/li>\n<\/ul><\/div>\n<\/p><\/div>\n<div style='flex: 1 1 250px; border: 1px solid rgba(150&comma; 150&comma; 150&comma; 0.4); border-radius: 8px; overflow: hidden; display: flex; flex-direction: column;'>\n<div style='padding: 15px; border-bottom: 1px solid rgba(150&comma; 150&comma; 150&comma; 0.2); font-weight: bold; font-size: 18px; color: inherit;'>Caracter\u00edsticas<\/div>\n<div style='padding: 15px; color: inherit;'>\n<ul style='padding-left: 20px; margin: 0; font-size: 14px; list-style-type: disc;'>\n<li style='margin-bottom: 5px;'><strong>Capacidad WiFi:<\/strong> Tri-Band&comma; 4 x 4 MU-MIMO&comma; OFDMA&comma; Wi-Fi 6&comma; Equidad de tiempo aire<\/li>\n<li style='margin-bottom: 5px;'><strong>Seguridad:<\/strong> DFS (accede a una banda extra para reducir congesti\u00f3n)&comma; 8 flujos (mayor ancho de banda)<\/li>\n<li style='margin-bottom: 5px;'><strong>Procesador:<\/strong> CPU de cuatro n\u00facleos a 1&comma;5 GHz<\/li>\n<li style='margin-bottom: 5px;'><strong>Botones:<\/strong> Encendido\/apagado\/WPS\/reinicio<\/li>\n<\/ul><\/div>\n<\/p><\/div>\n<div style='flex: 1 1 250px; border: 1px solid rgba(150&comma; 150&comma; 150&comma; 0.4); border-radius: 8px; overflow: hidden; display: flex; flex-direction: column;'>\n<div style='padding: 15px; border-bottom: 1px solid rgba(150&comma; 150&comma; 150&comma; 0.2); font-weight: bold; font-size: 18px; color: inherit;'>Contenido del Paquete<\/div>\n<div style='padding: 15px; color: inherit;'>\n<ul style='padding-left: 20px; margin: 0; font-size: 14px; list-style-type: disc;'>\n<li style='margin-bottom: 5px;'>Archer AX90<\/li>\n<li style='margin-bottom: 5px;'>Cable de alimentaci\u00f3n<\/li>\n<li style='margin-bottom: 5px;'>Cable RJ45<\/li>\n<li style='margin-bottom: 5px;'>Gu\u00eda de instalaci\u00f3n<\/li>\n<\/ul><\/div>\n<\/p><\/div>\n<\/p><\/div>\n<\/p><\/div>\n<div style='margin: 30px 0;'>\n<div style='display: flex; flex-wrap: wrap; gap: 20px;'>\n<div style='flex: 1 1 250px; border: 1px solid rgba(150&comma; 150&comma; 150&comma; 0.4); border-radius: 8px; overflow: hidden; display: flex; flex-direction: column;'>\n<div style='padding: 15px; border-bottom: 1px solid rgba(150&comma; 150&comma; 150&comma; 0.2); font-weight: bold; font-size: 18px; color: inherit;'>Velocidad WiFi<\/div>\n<div style='padding: 15px; color: inherit;'>\n<ul style='padding-left: 20px; margin: 0; font-size: 14px; list-style-type: disc;'>\n<li style='margin-bottom: 5px;'><strong>5 GHz:<\/strong> 4804 Mbps (802.11ax&comma; HE160)<\/li>\n<li style='margin-bottom: 5px;'><strong>5 GHz:<\/strong> 1201 Mbps (802.11ax)<\/li>\n<li style='margin-bottom: 5px;'><strong>2.4 GHz:<\/strong> 574 Mbps (802.11ax)<\/li>\n<\/ul><\/div>\n<\/p><\/div>\n<div style='flex: 1 1 250px; border: 1px solid rgba(150&comma; 150&comma; 150&comma; 0.4); border-radius: 8px; overflow: hidden; display: flex; flex-direction: column;'>\n<div style='padding: 15px; border-bottom: 1px solid rgba(150&comma; 150&comma; 150&comma; 0.2); font-weight: bold; font-size: 18px; color: inherit;'>HomeShield<\/div>\n<div style='padding: 15px; color: inherit;'>\n<ul style='padding-left: 20px; margin: 0; font-size: 14px; list-style-type: disc;'>\n<li style='margin-bottom: 5px;'>Protecci\u00f3n de IoT en tiempo real<\/li>\n<li style='margin-bottom: 5px;'>Bloquear sitios maliciosos<\/li>\n<li style='margin-bottom: 5px;'>Sistema de prevenci\u00f3n de intrusi\u00f3n<\/li>\n<li style='margin-bottom: 5px;'>Prevenci\u00f3n de ataques DDoS<\/li>\n<li style='margin-bottom: 5px;'>Esc\u00e1ner de red dom\u00e9stica<\/li>\n<li style='margin-bottom: 5px;'><a href='https:\/\/www.tp-link.com\/mx\/homeshield\/' style='color: inherit; text-decoration: none; border-bottom: 1px dotted rgba(150&comma;150&comma;150&comma;0.5);'>Leer m\u00e1s<\/a><\/li>\n<\/ul><\/div>\n<\/p><\/div>\n<div style='flex: 1 1 250px; border: 1px solid rgba(150&comma; 150&comma; 150&comma; 0.4); border-radius: 8px; overflow: hidden; display: flex; flex-direction: column;'>\n<div style='padding: 15px; border-bottom: 1px solid rgba(150&comma; 150&comma; 150&comma; 0.2); font-weight: bold; font-size: 18px; color: inherit;'>OneMesh\u2122<\/div>\n<div style='padding: 15px; color: inherit;'>\n<ul style='padding-left: 20px; margin: 0; font-size: 14px; list-style-type: disc;'>\n<li style='margin-bottom: 5px;'>Link Aggregation<\/li>\n<li style='margin-bottom: 5px;'>LACP 802.3ad<\/li>\n<li style='margin-bottom: 5px;'><a href='https:\/\/www.tp-link.com\/mx\/onemesh\/product-list\/' style='color: inherit; text-decoration: none; border-bottom: 1px dotted rgba(150&comma;150&comma;150&comma;0.5);'>Compatible con OneMesh<\/a><\/li>\n<\/ul><\/div>\n<\/p><\/div>\n<\/p><\/div>\n<\/p><\/div>\n<hr style='border: 0; border-top: 1px solid rgba(150&comma; 150&comma; 150&comma; 0.3); margin: 30px 0;'> <\/div>\n","protected":false},"excerpt":{"rendered":"<p>Router WiFi 6 Triple Banda AX6600 MU-MIMO \/ 1 Puerto WAN\/LAN 2.5 Gbps \/ 1 Puerto WAN\/LAN 1Gbps \/ 3 Puertos LAN 1Gbps \/ 2 puerto USB 3.0 \/ OneMesh \u2122 \/ Adminitraci\u00f3n App (Tether) o P\u00e1gina web \/ Protecci\u00f3n HomeShield<\/p>\n","protected":false},"featured_media":90322,"comment_status":"open","ping_status":"closed","template":"","meta":[],"product_brand":[],"product_cat":[2024],"product_tag":[1479,2025,71],"class_list":{"0":"post-90323","1":"product","2":"type-product","3":"status-publish","4":"has-post-thumbnail","6":"product_cat-routers-inalambricos","7":"product_tag-redes-wifi","8":"product_tag-routers-inalambricos","9":"product_tag-tp-link","11":"first","12":"outofstock","13":"sale","14":"shipping-taxable","15":"purchasable","16":"product-type-simple"},"_links":{"self":[{"href":"https:\/\/soydeaqui.ddns.net\/pachuca\/index.php\/wp-json\/wp\/v2\/product\/90323","targetHints":{"allow":["GET"]}}],"collection":[{"href":"https:\/\/soydeaqui.ddns.net\/pachuca\/index.php\/wp-json\/wp\/v2\/product"}],"about":[{"href":"https:\/\/soydeaqui.ddns.net\/pachuca\/index.php\/wp-json\/wp\/v2\/types\/product"}],"replies":[{"embeddable":true,"href":"https:\/\/soydeaqui.ddns.net\/pachuca\/index.php\/wp-json\/wp\/v2\/comments?post=90323"}],"wp:featuredmedia":[{"embeddable":true,"href":"https:\/\/soydeaqui.ddns.net\/pachuca\/index.php\/wp-json\/wp\/v2\/media\/90322"}],"wp:attachment":[{"href":"https:\/\/soydeaqui.ddns.net\/pachuca\/index.php\/wp-json\/wp\/v2\/media?parent=90323"}],"wp:term":[{"taxonomy":"product_brand","embeddable":true,"href":"https:\/\/soydeaqui.ddns.net\/pachuca\/index.php\/wp-json\/wp\/v2\/product_brand?post=90323"},{"taxonomy":"product_cat","embeddable":true,"href":"https:\/\/soydeaqui.ddns.net\/pachuca\/index.php\/wp-json\/wp\/v2\/product_cat?post=90323"},{"taxonomy":"product_tag","embeddable":true,"href":"https:\/\/soydeaqui.ddns.net\/pachuca\/index.php\/wp-json\/wp\/v2\/product_tag?post=90323"}],"curies":[{"name":"wp","href":"https:\/\/api.w.org\/{rel}","templated":true}]}}