{"id":90316,"date":"2026-03-20T03:37:11","date_gmt":"2026-03-20T03:37:11","guid":{"rendered":"https:\/\/soydeaqui.ddns.net\/pachuca\/index.php\/producto\/desforradora-transversal-y-longitudinal-ajustable-para-fibra-optica-planta-externa-armada-y-no-armada\/"},"modified":"2026-03-20T03:37:21","modified_gmt":"2026-03-20T03:37:21","slug":"desforradora-transversal-y-longitudinal-ajustable-para-fibra-optica-planta-externa-armada-y-no-armada","status":"publish","type":"product","link":"https:\/\/soydeaqui.ddns.net\/pachuca\/index.php\/producto\/desforradora-transversal-y-longitudinal-ajustable-para-fibra-optica-planta-externa-armada-y-no-armada\/","title":{"rendered":"Desforradora Transversal y Longitudinal Ajustable para Fibra Optica Planta Externa Armada y No Armada"},"content":{"rendered":"<div style='width: 100%; max-width: 1200px; margin: 0 auto; font-family: sans-serif; line-height: 1.6; color: inherit; background-color: transparent;'> <!-- Contenedor de logo --> <\/p>\n<div style='display: flex; justify-content: center; margin-bottom: 20px;'> <img style='width: 100%; max-width: 432px; height: auto; border: 1px solid rgba(150&comma;150&comma;150&comma;0.3); border-radius: 8px;' src='https:\/\/ftp3.syscom.mx\/usuarios\/orobles\/LinkedPro\/linkedpro_logo.png' alt='Logo' \/> <\/div>\n<p> <!-- Descripci\u00f3n general --> <\/p>\n<div style='margin-bottom: 30px; font-size: 15px;'>\n<p style='text-align: justify; margin: 0 0 15px 0; padding: 0; color: inherit;'>Las herramienta est\u00e1 dise\u00f1ada para trabajar en cable con forro multifibra o forro y armadura. Su objetivo principal es obtener acceso a la mitad del tramo a los conductores de fibra \u00f3ptica cortando la cubierta exterior o la cubierta y la armadura de los cables anteriores. Las herramientas est\u00e1n dise\u00f1adas con una cuchilla ajustable de precisi\u00f3n para evitar da\u00f1ar las fibras.<\/p>\n<\/p><\/div>\n<p> <!-- Secci\u00f3n de caracter\u00edsticas --> <\/p>\n<div style='display: flex; flex-wrap: wrap; gap: 30px; margin-bottom: 30px;'>\n<div style='flex: 1 1 300px; min-width: 280px;'>\n<h3 style='font-size: 22px; border-bottom: 2px solid currentColor; padding-bottom: 5px; margin-top: 0; color: inherit; opacity: 0.8;'>Caracter\u00edsticas<\/h3>\n<ul style='padding-left: 20px; font-size: 15px; color: inherit; list-style-type: disc;'>\n<li style='margin-bottom: 5px;'>Aplica para el desforre de cables de fibra de tubo holgado o cubierta blindada.<\/li>\n<li style='margin-bottom: 5px;'>Cuchilla de precisi\u00f3n ajustable para diferentes profundidades de corte y direcciones de corte.<\/li>\n<li style='margin-bottom: 5px;'>Hoja de mand\u00edbula afilada pulida de acero al carbono endurecido y templado.<\/li>\n<li style='margin-bottom: 5px;'>Tolerancias precisas para asegurar tiras limpias y suaves.<\/li>\n<li style='margin-bottom: 5px;'>Dise\u00f1o con rodillo para mantener una operaci\u00f3n de corte estable.<\/li>\n<li style='margin-bottom: 5px;'>Corte de anillo longitudinal y corte transversal.<\/li>\n<\/ul><\/div>\n<p> <!-- Secci\u00f3n de especificaciones --> <\/p>\n<div style='flex: 1 1 300px; min-width: 280px;'>\n<h3 style='font-size: 22px; border-bottom: 2px solid currentColor; padding-bottom: 5px; margin-top: 0; color: inherit; opacity: 0.8;'>Especificaciones<\/h3>\n<ul style='padding-left: 20px; font-size: 15px; color: inherit; list-style-type: none; padding-left: 0;'>\n<li style='margin-bottom: 5px;'><strong>Diametro exterior minimo del cable:<\/strong> 4 mm (0.157\u201d)<\/li>\n<li style='margin-bottom: 5px;'><strong>Diametro exterior maximo del cable:<\/strong> 10 mm (0.393\u201d)<\/li>\n<li style='margin-bottom: 5px;'><strong>Profundidad ajustable de la hoja:<\/strong> Hasta 5.5 mm (0.22\u201d)<\/li>\n<li style='margin-bottom: 5px;'><strong>Material del cable:<\/strong> Cobre corrugado blindado&comma; acero blindado y aluminio blindado.<\/li>\n<\/ul><\/div>\n<\/p><\/div>\n<p> <!-- Separador --> <\/p>\n<hr style='border: 0; border-top: 1px solid rgba(150&comma; 150&comma; 150&comma; 0.3); margin: 30px 0;'> <\/div>\n","protected":false},"excerpt":{"rendered":"<p>Desforradora Transversal y Longitudinal Ajustable para Fibra Optica Planta Externa Armada y No Armada<\/p>\n","protected":false},"featured_media":90315,"comment_status":"open","ping_status":"closed","template":"","meta":[],"product_brand":[],"product_cat":[636],"product_tag":[611,25,435],"class_list":{"0":"post-90316","1":"product","2":"type-product","3":"status-publish","4":"has-post-thumbnail","6":"product_cat-herramientas-fibra-optica","7":"product_tag-fibra-optica","8":"product_tag-herramientas","9":"product_tag-linkedpro-by-epcom","11":"first","12":"outofstock","13":"sale","14":"shipping-taxable","15":"purchasable","16":"product-type-simple"},"_links":{"self":[{"href":"https:\/\/soydeaqui.ddns.net\/pachuca\/index.php\/wp-json\/wp\/v2\/product\/90316","targetHints":{"allow":["GET"]}}],"collection":[{"href":"https:\/\/soydeaqui.ddns.net\/pachuca\/index.php\/wp-json\/wp\/v2\/product"}],"about":[{"href":"https:\/\/soydeaqui.ddns.net\/pachuca\/index.php\/wp-json\/wp\/v2\/types\/product"}],"replies":[{"embeddable":true,"href":"https:\/\/soydeaqui.ddns.net\/pachuca\/index.php\/wp-json\/wp\/v2\/comments?post=90316"}],"wp:featuredmedia":[{"embeddable":true,"href":"https:\/\/soydeaqui.ddns.net\/pachuca\/index.php\/wp-json\/wp\/v2\/media\/90315"}],"wp:attachment":[{"href":"https:\/\/soydeaqui.ddns.net\/pachuca\/index.php\/wp-json\/wp\/v2\/media?parent=90316"}],"wp:term":[{"taxonomy":"product_brand","embeddable":true,"href":"https:\/\/soydeaqui.ddns.net\/pachuca\/index.php\/wp-json\/wp\/v2\/product_brand?post=90316"},{"taxonomy":"product_cat","embeddable":true,"href":"https:\/\/soydeaqui.ddns.net\/pachuca\/index.php\/wp-json\/wp\/v2\/product_cat?post=90316"},{"taxonomy":"product_tag","embeddable":true,"href":"https:\/\/soydeaqui.ddns.net\/pachuca\/index.php\/wp-json\/wp\/v2\/product_tag?post=90316"}],"curies":[{"name":"wp","href":"https:\/\/api.w.org\/{rel}","templated":true}]}}