{"id":90283,"date":"2026-03-20T03:35:43","date_gmt":"2026-03-20T03:35:43","guid":{"rendered":"https:\/\/soydeaqui.ddns.net\/pachuca\/index.php\/producto\/punto-de-acceso-mesh-wi-fi-5-ideal-para-areas-que-requieren-multiples-puertos-de-red-1-puerto-poe-out-hasta-1-7-gbps-doble-banda-802-11ac-mu-mimo-2x2\/"},"modified":"2026-03-20T03:36:04","modified_gmt":"2026-03-20T03:36:04","slug":"punto-de-acceso-mesh-wi-fi-5-ideal-para-areas-que-requieren-multiples-puertos-de-red-1-puerto-poe-out-hasta-1-7-gbps-doble-banda-802-11ac-mu-mimo-2x2","status":"publish","type":"product","link":"https:\/\/soydeaqui.ddns.net\/pachuca\/index.php\/producto\/punto-de-acceso-mesh-wi-fi-5-ideal-para-areas-que-requieren-multiples-puertos-de-red-1-puerto-poe-out-hasta-1-7-gbps-doble-banda-802-11ac-mu-mimo-2x2\/","title":{"rendered":"Punto de Acceso Mesh Wi-Fi 5 ideal para \u00e1reas que requieren m\u00faltiples puertos de red, 1 puerto PoE Out, hasta 1.7 Gbps doble banda 802.11ac MU-MIMO 2&#215;2"},"content":{"rendered":"<div style='width: 100%; max-width: 1200px; margin: 0 auto; font-family: sans-serif; line-height: 1.6; color: inherit; background-color: transparent;'> <!-- Imagen principal --> <\/p>\n<div style='width: 100%; margin-bottom: 30px;'> <img style='width: 100%; height: auto; border: 1px solid rgba(150&comma;150&comma;150&comma;0.3); border-radius: 8px;' src='https:\/\/ftp3.syscom.mx\/usuarios\/fotos\/RGRAP2260(G)\/203964-output.png' alt='Imagen principal'> <\/div>\n<p> <!-- Descripci\u00f3n general --> <\/p>\n<div style='margin-bottom: 30px;'>\n<h3 style='font-size: 22px; border-bottom: 2px solid currentColor; padding-bottom: 5px; margin-top: 0; color: inherit; opacity: 0.8;'>Descripci\u00f3n general<\/h3>\n<p style='font-size: 16px; color: inherit;'>El punto de acceso RG-RAP1200(P) se administra sin costo en la robusta nube de Ruijie&comma; no requiere un controlador local para ser administrado. Es ideal para \u00e1reas que requieren m\u00faltiples puertos de red. Este equipo ofrece la ventaja de que&comma; con un solo nodo&comma; proporciona 4 puertos Ethernet&comma; uno de los cuales soporta salida PoE para conectar y alimentar dispositivos finales IP&comma; asegurando una soluci\u00f3n eficiente y centralizada para desplegar redes robustas.<\/p>\n<\/p><\/div>\n<p> <!-- Secci\u00f3n de contenido con flex --> <\/p>\n<div style='display: flex; flex-wrap: wrap; gap: 30px; margin-bottom: 30px;'>\n<div style='flex: 1 1 300px; min-width: 280px;'>\n<h3 style='font-size: 22px; border-bottom: 2px solid currentColor; padding-bottom: 5px; margin-top: 0; color: inherit; opacity: 0.8;'>Caracter\u00edsticas principales<\/h3>\n<ul style='padding-left: 20px; font-size: 15px; color: inherit;'>\n<li style='margin-bottom: 5px;'><strong>Est\u00e1ndar:<\/strong> 802.11ac (Wi-Fi 5)<\/li>\n<li style='margin-bottom: 5px;'><strong>Bandas:<\/strong> 2.4 GHz (2&#215;2) \/ 5 GHz (2&#215;2)<\/li>\n<li style='margin-bottom: 5px;'><strong>Modos:<\/strong> Access Point&comma; Mesh o repetidor universal<\/li>\n<li style='margin-bottom: 5px;'><strong>Configuraci\u00f3n:<\/strong> Interfaz web&comma; aplicaci\u00f3n m\u00f3vil&comma; plataforma cloud<\/li>\n<li style='margin-bottom: 5px;'><strong>Puertos:<\/strong> 1 puerto Gigabit WAN PoE In&comma; 1 Gigabit LAN PoE Out&comma; 3 puertos Gigabit LAN<\/li>\n<li style='margin-bottom: 5px;'><strong>Garant\u00eda:<\/strong> 3 a\u00f1os<\/li>\n<\/ul><\/div>\n<div style='flex: 1 1 300px; min-width: 280px;'> <img style='width: 100%; height: auto; border: 1px solid rgba(150&comma;150&comma;150&comma;0.3); border-radius: 8px;' src='https:\/\/ftp3.syscom.mx\/usuarios\/fotos\/RGRAP1200(P)\/209633-rg-rap-1200-p_1717600772405.jpeg' alt='Caracter\u00edsticas generales'> <\/div>\n<\/p><\/div>\n<p> <!-- Secci\u00f3n de cards con especificaciones --> <\/p>\n<div style='display: flex; flex-wrap: wrap; gap: 20px; margin-bottom: 30px;'>\n<div style='flex: 1 1 250px; border: 1px solid rgba(150&comma; 150&comma; 150&comma; 0.4); border-radius: 8px; overflow: hidden; display: flex; flex-direction: column;'>\n<div style='padding: 15px; border-bottom: 1px solid rgba(150&comma; 150&comma; 150&comma; 0.2); font-weight: bold; font-size: 18px; color: inherit;'>Caracter\u00edsticas RF<\/div>\n<div style='padding: 15px; color: inherit;'>\n<ul style='padding-left: 20px; margin: 0; font-size: 14px; list-style-type: disc;'>\n<li style='margin-bottom: 5px;'><strong>Ancho de banda:<\/strong> 2.4 GHz 400 Mbps; 5 GHz 867 Mbps<\/li>\n<li style='margin-bottom: 5px;'><strong>Ganancia antenas:<\/strong> 2.4 GHz 2 dBi; 5 GHz 2 dBi<\/li>\n<li style='margin-bottom: 5px;'><strong>Potencia transmisi\u00f3n:<\/strong> 2.4 GHz \/ 20 dBm (100 mW); 5 GHz \/ 20 dBm (100 mW)<\/li>\n<li style='margin-bottom: 5px;'><strong>Clientes soportados:<\/strong> Hasta 110<\/li>\n<li style='margin-bottom: 5px;'><strong>Cobertura 2.4Ghz:<\/strong> 30m &#8211; 33m<\/li>\n<li style='margin-bottom: 5px;'><strong>Cobertura 5Ghz:<\/strong> 22m &#8211; 24m<\/li>\n<\/ul>\n<p style='margin-top: 15px; font-size: 14px; color: inherit; background-color: rgba(250&comma; 197&comma; 28&comma; 0.3); padding: 10px; border-left: 4px solid #facc15;'> <strong>Nota:<\/strong> Las distancias de cobertura mencionadas son en \u00e1rea libre y sin interferencias en un rango de -45 dBm a -65 dBm. Estas tendr\u00e1n variaci\u00f3n dependiendo del ambiente&comma; la instalaci\u00f3n y capacidad de recepci\u00f3n en los dispositivos clientes. <\/p>\n<\/p><\/div>\n<\/p><\/div>\n<div style='flex: 1 1 250px; border: 1px solid rgba(150&comma; 150&comma; 150&comma; 0.4); border-radius: 8px; overflow: hidden; display: flex; flex-direction: column;'>\n<div style='padding: 15px; border-bottom: 1px solid rgba(150&comma; 150&comma; 150&comma; 0.2); font-weight: bold; font-size: 18px; color: inherit;'>Caracter\u00edsticas F\u00edsicas y El\u00e9ctricas<\/div>\n<div style='padding: 15px; color: inherit;'>\n<ul style='padding-left: 20px; margin: 0; font-size: 14px; list-style-type: disc;'>\n<li style='margin-bottom: 5px;'><strong>Alimentaci\u00f3n:<\/strong> PoE 802.3af&comma; consumo Max 8 Watts<\/li>\n<li style='margin-bottom: 5px;'><strong>Dimensiones:<\/strong> 126 mm \u00d7 86 mm \u00d7 46.3 mm<\/li>\n<li style='margin-bottom: 5px;'><strong>Peso:<\/strong> 0.24 kg<\/li>\n<li style='margin-bottom: 5px;'><strong>Temperatura operaci\u00f3n:<\/strong> 0\u00b0 a 40\u00b0C<\/li>\n<li style='margin-bottom: 5px;'><strong>Grado protecci\u00f3n:<\/strong> IP41<\/li>\n<\/ul><\/div>\n<\/p><\/div>\n<div style='flex: 1 1 250px; border: 1px solid rgba(150&comma; 150&comma; 150&comma; 0.4); border-radius: 8px; overflow: hidden; display: flex; flex-direction: column;'>\n<div style='padding: 15px; border-bottom: 1px solid rgba(150&comma; 150&comma; 150&comma; 0.2); font-weight: bold; font-size: 18px; color: inherit;'>Contenido del Paquete<\/div>\n<div style='padding: 15px; color: inherit;'>\n<ul style='padding-left: 20px; margin: 0; font-size: 14px; list-style-type: disc;'>\n<li style='margin-bottom: 5px;'>1 pieza: Access Point RG-RAP1200(P)<\/li>\n<li style='margin-bottom: 5px;'>Tornillos para Montaje en Caja<\/li>\n<li style='margin-bottom: 5px;'>Gu\u00eda r\u00e1pida de instalaci\u00f3n<\/li>\n<\/ul>\n<div style='margin-top: 15px;'> <img style='width: 100%; height: auto; border: 1px solid rgba(150&comma;150&comma;150&comma;0.3); border-radius: 8px;' src='https:\/\/ftp3.syscom.mx\/cdn-cgi\/image\/width=1920&comma;format=webp&comma;quality=90&comma;fit=scale-down\/usuarios\/fotos\/BancoFotografiasSyscom\/RUIJIE\/RGRAP1200(P)\/RGRAP1200(P)-AD-7-l.PNG' alt='Contenido del paquete'> <\/div>\n<\/p><\/div>\n<\/p><\/div>\n<\/p><\/div>\n<p> <!-- Secci\u00f3n de documentos y enlaces --> <\/p>\n<div style='display: flex; flex-wrap: wrap; gap: 20px; margin-bottom: 30px;'>\n<div style='flex: 1 1 250px; border: 1px solid rgba(150&comma; 150&comma; 150&comma; 0.4); border-radius: 8px; overflow: hidden; display: flex; flex-direction: column;'>\n<div style='padding: 15px; border-bottom: 1px solid rgba(150&comma; 150&comma; 150&comma; 0.2); font-weight: bold; font-size: 18px; color: inherit;'>Documentaci\u00f3n y Firmware<\/div>\n<div style='padding: 15px; color: inherit;'>\n<ul style='padding-left: 20px; margin: 0; font-size: 14px; list-style-type: disc;'>\n<li style='margin-bottom: 5px;'><a href='https:\/\/ftp3.syscom.mx\/usuarios\/vtarango\/Ruijie\/Documentos\/RG-RAP1200(F)\/Hoja%20de%20Especificaciones%20RG-RAP1200(F)_RG-RAP1200(P).pdf' target='_blank' rel='noopener noreferrer' style='color: inherit; text-decoration: underline;'>Hoja de Especificaciones<\/a><\/li>\n<li style='margin-bottom: 5px;'><a href='https:\/\/ftp3.syscom.mx\/usuarios\/vtarango\/Ruijie\/Documentos\/RG-RAP1200(F)\/Guia%20de%20Instalacion%20RG-RAP1200(F).pdf' target='_blank' rel='noopener noreferrer' style='color: inherit; text-decoration: underline;'>Especificaciones de Hardware<\/a><\/li>\n<li style='margin-bottom: 5px;'><a href='https:\/\/reyee.ruijie.com\/en-global\/support\/' target='_blank' rel='noopener noreferrer' style='color: inherit; text-decoration: underline;'>Firmware<\/a><\/li>\n<\/ul><\/div>\n<\/p><\/div>\n<div style='flex: 1 1 250px; border: 1px solid rgba(150&comma; 150&comma; 150&comma; 0.4); border-radius: 8px; overflow: hidden; display: flex; flex-direction: column;'>\n<div style='padding: 15px; border-bottom: 1px solid rgba(150&comma; 150&comma; 150&comma; 0.2); font-weight: bold; font-size: 18px; color: inherit;'>Accesorios Sugeridos<\/div>\n<div style='padding: 15px; color: inherit;'>\n<ul style='padding-left: 20px; margin: 0; font-size: 14px; list-style-type: disc;'>\n<li style='margin-bottom: 5px;'>Inyector PoE est\u00e1ndar modelo <a href='https:\/\/www.syscom.mx\/producto\/RG-E-120(GE)-RUIJIE-205965.html' target='_blank' rel='noopener noreferrer' style='color: inherit; text-decoration: underline;'>RG-E-120(GE)<\/a><\/li>\n<li style='margin-bottom: 5px;'>Montaje modelo pared: <a href='https:\/\/www.syscom.mx\/producto\/RG-RAP1200(P)-MNT1-RUIJIE-212711.html' target='_blank' rel='noopener noreferrer' style='color: inherit; text-decoration: underline;'>RG-RAP1200(P)-MNT1<\/a><\/li>\n<\/ul><\/div>\n<\/p><\/div>\n<div style='flex: 1 1 250px; border: 1px solid rgba(150&comma; 150&comma; 150&comma; 0.4); border-radius: 8px; overflow: hidden; display: flex; flex-direction: column;'>\n<div style='padding: 15px; border-bottom: 1px solid rgba(150&comma; 150&comma; 150&comma; 0.2); font-weight: bold; font-size: 18px; color: inherit;'>Enlaces \u00datiles<\/div>\n<div style='padding: 15px; color: inherit;'>\n<ul style='padding-left: 20px; margin: 0; font-size: 14px; list-style-type: disc;'>\n<li style='margin-bottom: 5px;'><a href='https:\/\/cloud-la.ruijie.networks.com\/' target='_blank' rel='noopener noreferrer' style='color: inherit; text-decoration: underline;'>Ruijie Cloud<\/a><\/li>\n<li style='margin-bottom: 5px;'><strong>Ruijie APP:<\/strong> <a href='https:\/\/play.google.com\/store\/apps\/details?id=cn.com.ruijie.cloudapp&#038;hl=es_MX&#038;pli=1' target='_blank' rel='noopener noreferrer' style='color: inherit; text-decoration: underline;'>Android<\/a> \/ <a href='https:\/\/apps.apple.com\/us\/app\/ruijie-reyee\/id1423429270' target='_blank' rel='noopener noreferrer' style='color: inherit; text-decoration: underline;'>iOS<\/a><\/li>\n<li style='margin-bottom: 5px;'><a href='https:\/\/soporte.syscom.mx\/es\/collections\/3797236-ruijie-networks' target='_blank' rel='noopener noreferrer' style='color: inherit; text-decoration: underline;'>Manuales y Gu\u00edas R\u00e1pidas<\/a><\/li>\n<\/ul><\/div>\n<\/p><\/div>\n<\/p><\/div>\n<p> <!-- Im\u00e1genes adicionales --> <\/p>\n<div style='display: flex; flex-wrap: wrap; gap: 20px; margin-bottom: 30px;'>\n<div style='flex: 1 1 100%;'> <img style='width: 100%; height: auto; border: 1px solid rgba(150&comma;150&comma;150&comma;0.3); border-radius: 8px;' src='https:\/\/ftp3.syscom.mx\/usuarios\/fotos\/RGRAP1200(P)\/209633-2024-06-05_09_47_40-rg-rap1200(p)&comma;_reyee_wi-fi_5_1267mbps_wall-mounted_access_point_-_ruijie_reyee.jpg' alt='Imagen adicional 1'> <\/div>\n<div style='flex: 1 1 100%;'> <img style='width: 100%; height: auto; border: 1px solid rgba(150&comma;150&comma;150&comma;0.3); border-radius: 8px;' src='https:\/\/ftp3.syscom.mx\/usuarios\/fotos\/RGRAP1200(P)\/209633-2024-06-05_09_45_05-rg-rap1200(p)&comma;_reyee_wi-fi_5_1267mbps_wall-mounted_access_point_-_ruijie_reyee.jpg' alt='Imagen adicional 2'> <\/div>\n<\/p><\/div>\n<p> <!-- Separador final --> <\/p>\n<hr style='border: 0; border-top: 1px solid rgba(150&comma; 150&comma; 150&comma; 0.3); margin: 30px 0;'> <\/div>\n","protected":false},"excerpt":{"rendered":"<p>Punto de Acceso Mesh Wi-Fi 5 ideal para \u00e1reas que requieren m\u00faltiples puertos de red, 1 puerto PoE Out, hasta 1.7 Gbps doble banda 802.11ac MU-MIMO 2&#215;2<\/p>\n","protected":false},"featured_media":90282,"comment_status":"open","ping_status":"closed","template":"","meta":[],"product_brand":[],"product_cat":[1794],"product_tag":[1795,1479,2123],"class_list":{"0":"post-90283","1":"product","2":"type-product","3":"status-publish","4":"has-post-thumbnail","6":"product_cat-puntos-de-acceso","7":"product_tag-puntos-de-acceso","8":"product_tag-redes-wifi","9":"product_tag-ruijie","11":"first","12":"instock","13":"sale","14":"shipping-taxable","15":"purchasable","16":"product-type-simple"},"_links":{"self":[{"href":"https:\/\/soydeaqui.ddns.net\/pachuca\/index.php\/wp-json\/wp\/v2\/product\/90283","targetHints":{"allow":["GET"]}}],"collection":[{"href":"https:\/\/soydeaqui.ddns.net\/pachuca\/index.php\/wp-json\/wp\/v2\/product"}],"about":[{"href":"https:\/\/soydeaqui.ddns.net\/pachuca\/index.php\/wp-json\/wp\/v2\/types\/product"}],"replies":[{"embeddable":true,"href":"https:\/\/soydeaqui.ddns.net\/pachuca\/index.php\/wp-json\/wp\/v2\/comments?post=90283"}],"wp:featuredmedia":[{"embeddable":true,"href":"https:\/\/soydeaqui.ddns.net\/pachuca\/index.php\/wp-json\/wp\/v2\/media\/90282"}],"wp:attachment":[{"href":"https:\/\/soydeaqui.ddns.net\/pachuca\/index.php\/wp-json\/wp\/v2\/media?parent=90283"}],"wp:term":[{"taxonomy":"product_brand","embeddable":true,"href":"https:\/\/soydeaqui.ddns.net\/pachuca\/index.php\/wp-json\/wp\/v2\/product_brand?post=90283"},{"taxonomy":"product_cat","embeddable":true,"href":"https:\/\/soydeaqui.ddns.net\/pachuca\/index.php\/wp-json\/wp\/v2\/product_cat?post=90283"},{"taxonomy":"product_tag","embeddable":true,"href":"https:\/\/soydeaqui.ddns.net\/pachuca\/index.php\/wp-json\/wp\/v2\/product_tag?post=90283"}],"curies":[{"name":"wp","href":"https:\/\/api.w.org\/{rel}","templated":true}]}}