{"id":90267,"date":"2026-03-20T03:34:57","date_gmt":"2026-03-20T03:34:57","guid":{"rendered":"https:\/\/soydeaqui.ddns.net\/pachuca\/index.php\/producto\/router-inalambrico-wisp-gigabit-hasta-1200-mbps-doble-banda-ac-2-4-ghz-y-5-ghz-3-puertos-lan-10-100-1000-mbps-1-puerto-wan-10-100-1000-mbps-4-antenas-externas-omnidireccional-de-5-dbi-i-3\/"},"modified":"2026-03-20T03:35:10","modified_gmt":"2026-03-20T03:35:10","slug":"router-inalambrico-wisp-gigabit-hasta-1200-mbps-doble-banda-ac-2-4-ghz-y-5-ghz-3-puertos-lan-10-100-1000-mbps-1-puerto-wan-10-100-1000-mbps-4-antenas-externas-omnidireccional-de-5-dbi-i-3","status":"publish","type":"product","link":"https:\/\/soydeaqui.ddns.net\/pachuca\/index.php\/producto\/router-inalambrico-wisp-gigabit-hasta-1200-mbps-doble-banda-ac-2-4-ghz-y-5-ghz-3-puertos-lan-10-100-1000-mbps-1-puerto-wan-10-100-1000-mbps-4-antenas-externas-omnidireccional-de-5-dbi-i-3\/","title":{"rendered":"Router Inal\u00e1mbrico WISP Gigabit \/ Hasta 1200 Mbps \/ Doble Banda AC (2.4 GHz y 5 GHz) \/ 3 Puertos LAN 10\/100\/1000 Mbps + 1 Puerto WAN 10\/100\/1000 Mbps \/  4 Antenas Externas Omnidireccional de 5 dBi \/ Interior"},"content":{"rendered":"<div style='width: 100%; max-width: 1200px; margin: 0 auto; font-family: sans-serif; line-height: 1.6; color: inherit; background-color: transparent;'> <!-- Logo HIKVISION --> <\/p>\n<p style='text-align: center; margin: 20px 0;'><img style='width: 45%; height: auto; border: 1px solid rgba(150&comma;150&comma;150&comma;0.3); border-radius: 8px;' src='https:\/\/ftp3.syscom.mx\/usuarios\/jsosa\/HIKVISION\/imagenes\/logo\/hikvision%20see%20far.png' alt='Logo HIKVISION'><\/p>\n<p> <!-- Secci\u00f3n de caracter\u00edsticas principales --> <\/p>\n<div style='display: flex; flex-wrap: wrap; gap: 30px; margin-bottom: 30px;'>\n<div style='flex: 1 1 300px; min-width: 280px;'>\n<h3 style='font-size: 22px; border-bottom: 2px solid currentColor; padding-bottom: 5px; margin-top: 0; color: inherit; opacity: 0.8;'>Caracter\u00edsticas principales<\/h3>\n<ul style='padding-left: 20px; font-size: 15px; color: inherit;'>\n<li style='margin-bottom: 5px;'>Est\u00e1ndar Inal\u00e1mbrico IEEE 802.11\/a\/n\/ac wave 2 @5GHz&comma; IEEE 802.11b\/g\/n @2.4GHz<\/li>\n<li style='margin-bottom: 5px;'>Rendimiento inal\u00e1mbrico: Compatible con 4 \u00d7 4 MU-MIMO y Beamforming.<\/li>\n<li style='margin-bottom: 5px;'>Antena: 4 antenas de alta ganancia<\/li>\n<li style='margin-bottom: 5px;'>Configuraci\u00f3n de red de invitados admitida<\/li>\n<li style='margin-bottom: 5px;'>Ajuste de se\u00f1al compatible.<\/li>\n<li style='margin-bottom: 5px;'>Programa WiFi compatible.<\/li>\n<li style='margin-bottom: 5px;'>Modo De Seguridad: Compatible con WPA-PSK&comma; WPA2-PSK&comma; WPA y WPA2<\/li>\n<li style='margin-bottom: 5px;'>Mecanismo De Seguridad: Ocultar SSID<\/li>\n<li style='margin-bottom: 5px;'>M\u00e9todo De Gesti\u00f3n: Interfaz WEB.<\/li>\n<\/ul><\/div>\n<p> <!-- Secci\u00f3n de caracter\u00edsticas f\u00edsicas y el\u00e9ctricas --> <\/p>\n<div style='flex: 1 1 300px; min-width: 280px;'>\n<h3 style='font-size: 22px; border-bottom: 2px solid currentColor; padding-bottom: 5px; margin-top: 0; color: inherit; opacity: 0.8;'>Caracter\u00edsticas F\u00edsicas y El\u00e9ctricas<\/h3>\n<ul style='padding-left: 20px; font-size: 15px; color: inherit;'>\n<li style='margin-bottom: 5px;'>Interfaz De Red: 4 \u00d7 RJ45&comma; 10\/100\/1000 Mbps<\/li>\n<li style='margin-bottom: 5px;'>Bot\u00f3n de reinicio<\/li>\n<li style='margin-bottom: 5px;'>Fuente de alimentaci\u00f3n de 9 Vcd&comma; 1 A. <strong>(Incluida)<\/strong><\/li>\n<li style='margin-bottom: 5px;'>Consumo Max De Energia: 9 W<\/li>\n<li style='margin-bottom: 5px;'>Dimensi\u00f3n del producto 248&comma;40 mm \u00d7 154&comma;80 mm \u00d7 213&comma;34 mm<\/li>\n<\/ul>\n<p> <!-- Modos de Operaci\u00f3n --> <\/p>\n<h3 style='font-size: 20px; border-bottom: 2px solid currentColor; padding-bottom: 5px; margin-top: 20px; color: inherit; opacity: 0.8;'>Modos de Operaci\u00f3n<\/h3>\n<ul style='padding-left: 20px; font-size: 15px; color: inherit;'>\n<li style='margin-bottom: 5px;'>Modo de enrutador inal\u00e1mbrico.<\/li>\n<li style='margin-bottom: 5px;'>Modo de repetidor inal\u00e1mbrico cliente + AP.<\/li>\n<li style='margin-bottom: 5px;'>WISP<\/li>\n<li style='margin-bottom: 5px;'>Modo AP.<\/li>\n<li style='margin-bottom: 5px;'>Servidor DHCP compatible.<\/li>\n<\/ul><\/div>\n<\/p><\/div>\n<p> <!-- Consideraciones --> <\/p>\n<div style='margin-bottom: 30px;'>\n<h3 style='font-size: 22px; border-bottom: 2px solid currentColor; padding-bottom: 5px; margin-top: 0; color: inherit; opacity: 0.8;'>Consideraciones<\/h3>\n<ul style='padding-left: 20px; font-size: 15px; color: inherit;'>\n<li style='margin-bottom: 5px;'>Coloca tu router en un lugar central de tu hogar u oficina para obtener una cobertura Wi-Fi uniforme. Evita obst\u00e1culos como paredes gruesas o electrodom\u00e9sticos que puedan debilitar la se\u00f1al.<\/li>\n<\/ul><\/div>\n<p> <!-- Im\u00e1genes --> <\/p>\n<div style='display: flex; flex-wrap: wrap; gap: 20px; margin-bottom: 30px;'>\n<div style='flex: 1 1 100%;'> <img style='width: 100%; height: auto; border: 1px solid rgba(150&comma;150&comma;150&comma;0.3); border-radius: 8px;' src='http:\/\/ftp3.syscom.mx\/usuarios\/roberto.espino\/Transmision\/switch\/descripcion.PNG' alt=''> <\/div>\n<div style='flex: 1 1 100%;'> <img style='width: 100%; height: auto; border: 1px solid rgba(150&comma;150&comma;150&comma;0.3); border-radius: 8px;' src='http:\/\/ftp3.syscom.mx\/usuarios\/roberto.espino\/Transmision\/switch\/switch.PNG' alt=''> <\/div>\n<div style='flex: 1 1 100%;'> <img style='width: 100%; height: auto; border: 1px solid rgba(150&comma;150&comma;150&comma;0.3); border-radius: 8px;' src='http:\/\/ftp3.syscom.mx\/usuarios\/roberto.espino\/Transmision\/switch\/Switch%20Captura.PNG' alt=''> <\/div>\n<div style='flex: 1 1 100%;'> <img style='width: 100%; height: auto; border: 1px solid rgba(150&comma;150&comma;150&comma;0.3); border-radius: 8px;' src='http:\/\/ftp3.syscom.mx\/usuarios\/roberto.espino\/Transmision\/switch\/mejoradas.PNG' alt=''> <\/div>\n<div style='flex: 1 1 100%;'> <img style='width: 100%; height: auto; border: 1px solid rgba(150&comma;150&comma;150&comma;0.3); border-radius: 8px;' src='http:\/\/ftp3.syscom.mx\/usuarios\/roberto.espino\/Transmision\/switch\/benefit-3-boosting-speeds-wireless-router.jpeg' alt=''> <\/div>\n<div style='flex: 1 1 100%;'> <img style='width: 100%; height: auto; border: 1px solid rgba(150&comma;150&comma;150&comma;0.3); border-radius: 8px;' src='http:\/\/ftp3.syscom.mx\/usuarios\/roberto.espino\/Transmision\/switch\/Captura%20especifica.PNG' alt=''> <\/div>\n<div style='flex: 1 1 100%;'> <img style='width: 100%; height: auto; border: 1px solid rgba(150&comma;150&comma;150&comma;0.3); border-radius: 8px;' src='http:\/\/ftp3.syscom.mx\/usuarios\/roberto.espino\/Transmision\/switch\/Benefit-1-Extensive-coverage_Wireless-router.jpg' alt=''> <\/div>\n<\/p><\/div>\n<\/p><\/div>\n","protected":false},"excerpt":{"rendered":"<p>Router Inal\u00e1mbrico WISP Gigabit \/ Hasta 1200 Mbps \/ Doble Banda AC (2.4 GHz y 5 GHz) \/ 3 Puertos LAN 10\/100\/1000 Mbps + 1 Puerto WAN 10\/100\/1000 Mbps \/  4 Antenas Externas Omnidireccional de 5 dBi \/ Interior<\/p>\n","protected":false},"featured_media":90266,"comment_status":"open","ping_status":"closed","template":"","meta":[],"product_brand":[],"product_cat":[2036,2035,2034],"product_tag":[2039,2038,54,664,2037],"class_list":{"0":"post-90267","1":"product","2":"type-product","3":"status-publish","4":"has-post-thumbnail","6":"product_cat-balanceadores","7":"product_cat-firewalls","8":"product_cat-routers","9":"product_tag-balanceadores","10":"product_tag-firewalls","11":"product_tag-hikvision","12":"product_tag-networking","13":"product_tag-routers","15":"first","16":"instock","17":"sale","18":"shipping-taxable","19":"purchasable","20":"product-type-simple"},"_links":{"self":[{"href":"https:\/\/soydeaqui.ddns.net\/pachuca\/index.php\/wp-json\/wp\/v2\/product\/90267","targetHints":{"allow":["GET"]}}],"collection":[{"href":"https:\/\/soydeaqui.ddns.net\/pachuca\/index.php\/wp-json\/wp\/v2\/product"}],"about":[{"href":"https:\/\/soydeaqui.ddns.net\/pachuca\/index.php\/wp-json\/wp\/v2\/types\/product"}],"replies":[{"embeddable":true,"href":"https:\/\/soydeaqui.ddns.net\/pachuca\/index.php\/wp-json\/wp\/v2\/comments?post=90267"}],"wp:featuredmedia":[{"embeddable":true,"href":"https:\/\/soydeaqui.ddns.net\/pachuca\/index.php\/wp-json\/wp\/v2\/media\/90266"}],"wp:attachment":[{"href":"https:\/\/soydeaqui.ddns.net\/pachuca\/index.php\/wp-json\/wp\/v2\/media?parent=90267"}],"wp:term":[{"taxonomy":"product_brand","embeddable":true,"href":"https:\/\/soydeaqui.ddns.net\/pachuca\/index.php\/wp-json\/wp\/v2\/product_brand?post=90267"},{"taxonomy":"product_cat","embeddable":true,"href":"https:\/\/soydeaqui.ddns.net\/pachuca\/index.php\/wp-json\/wp\/v2\/product_cat?post=90267"},{"taxonomy":"product_tag","embeddable":true,"href":"https:\/\/soydeaqui.ddns.net\/pachuca\/index.php\/wp-json\/wp\/v2\/product_tag?post=90267"}],"curies":[{"name":"wp","href":"https:\/\/api.w.org\/{rel}","templated":true}]}}