{"id":90244,"date":"2026-03-20T03:33:49","date_gmt":"2026-03-20T03:33:49","guid":{"rendered":"https:\/\/soydeaqui.ddns.net\/pachuca\/index.php\/producto\/blueparrott-m300-xt-2-microfonos-con-cancelacion-de-ruido-del-80-bluetooth-ultra-ligero-para-ambientes-ruidosos-204347\/"},"modified":"2026-03-20T03:34:04","modified_gmt":"2026-03-20T03:34:04","slug":"blueparrott-m300-xt-2-microfonos-con-cancelacion-de-ruido-del-80-bluetooth-ultra-ligero-para-ambientes-ruidosos-204347","status":"publish","type":"product","link":"https:\/\/soydeaqui.ddns.net\/pachuca\/index.php\/producto\/blueparrott-m300-xt-2-microfonos-con-cancelacion-de-ruido-del-80-bluetooth-ultra-ligero-para-ambientes-ruidosos-204347\/","title":{"rendered":"BlueParrott M300-XT , 2 micr\u00f3fonos con cancelaci\u00f3n de ruido del 80%, Bluetooth, ultra ligero para ambientes ruidosos (204347)."},"content":{"rendered":"<div style='width: 100%; max-width: 1200px; margin: 0 auto; font-family: sans-serif; line-height: 1.6; color: inherit; background-color: transparent;'> <!-- Videos --> <\/p>\n<div style='display: flex; flex-wrap: wrap; gap: 30px; margin-bottom: 30px;'>\n<div style='flex: 1 1 450px; min-width: 300px;'>\n<div style='position: relative; padding-bottom: 56.25%; height: 0; overflow: hidden; margin-bottom: 30px;'>   <\/div>\n<\/p><\/div>\n<div style='flex: 1 1 450px; min-width: 300px;'>\n<div style='position: relative; padding-bottom: 56.25%; height: 0; overflow: hidden; margin-bottom: 30px;'>   <\/div>\n<\/p><\/div>\n<\/p><\/div>\n<p> <!-- Imagen y t\u00edtulo --> <\/p>\n<div style='display: flex; flex-wrap: wrap; gap: 30px; margin-bottom: 30px;'>\n<div style='flex: 1 1 300px; min-width: 280px;'> <img style='width: 100%; height: auto; border: 1px solid rgba(150&comma;150&comma;150&comma;0.3); border-radius: 8px;' src='https:\/\/ftp3.syscom.mx\/usuarios\/fotos\/M300XT\/207050-captura_de_pantalla_2022-04-19_a_la(s)_10.13.08.png' alt=''> <\/div>\n<div style='flex: 1 1 300px; min-width: 280px;'>\n<h3 style='font-size: 22px; border-bottom: 2px solid currentColor; padding-bottom: 5px; margin-top: 0; color: inherit; opacity: 0.8;'>M300 XT<\/h3>\n<h4 style='font-size: 18px; margin-top: 0; color: inherit; opacity: 0.8;'>Auriculares Bluetooth ultraligeros con cancelaci\u00f3n de ruido.<\/h4>\n<\/p><\/div>\n<\/p><\/div>\n<p> <!-- Caracter\u00edsticas principales --> <\/p>\n<div style='display: flex; flex-wrap: wrap; gap: 30px; margin-bottom: 30px;'>\n<div style='flex: 1 1 300px; min-width: 280px;'>\n<h3 style='font-size: 22px; border-bottom: 2px solid currentColor; padding-bottom: 5px; margin-top: 0; color: inherit; opacity: 0.8;'>2 MICR\u00d3FONOS CON CANCELACI\u00d3N DE RUIDO<\/h3>\n<ul style='padding-left: 20px; font-size: 15px; color: inherit;'>\n<li style='margin-bottom: 5px;'>Olv\u00eddese del ruido de fondo cuando se comunica sobre la marcha.<\/li>\n<li style='margin-bottom: 5px;'>Con dos micr\u00f3fonos con cancelaci\u00f3n de ruido&comma; el M300-XT cancela el 80 % del ruido de fondo de su extremo de la llamada&comma; brindando una calidad excepcional que lo mantiene alto y claro.<\/li>\n<li style='margin-bottom: 5px;'>Suena genial&comma; donde sea que te lleve el d\u00eda.<\/li>\n<\/ul><\/div>\n<div style='flex: 1 1 300px; min-width: 280px;'> <img style='width: 100%; height: auto; border: 1px solid rgba(150&comma;150&comma;150&comma;0.3); border-radius: 8px;' src='https:\/\/ftp3.syscom.mx\/usuarios\/fotos\/M300XT\/207050-captura_de_pantalla_2022-04-19_a_la(s)_10.26.02.png' alt=''> <\/div>\n<\/p><\/div>\n<p> <!-- Funcionalidades --> <\/p>\n<div style='text-align: center; margin-bottom: 30px;'>\n<h2 style='font-size: 24px; color: inherit; opacity: 0.8; margin-top: 0;'>Funcionalidades<\/h2>\n<h3 style='font-size: 20px; color: #2880b9; margin-bottom: 20px;'>Cancelaci\u00f3n de ruido l\u00edder en la industria<\/h3>\n<p style='max-width: 800px; margin: 0 auto 50px; font-size: 15px; color: inherit;'>Bloquea el 80 % del ruido de fondo.* Conc\u00e9ntrese en sus llamadas&comma; direcciones de GPS o m\u00fasica&comma; independientemente del ruido a su alrededor.<\/p>\n<\/p><\/div>\n<p> <!-- Secciones de informaci\u00f3n --> <\/p>\n<div style='display: flex; flex-wrap: wrap; gap: 30px; margin-bottom: 30px;'>\n<div style='flex: 1 1 300px; min-width: 280px;'> <img style='width: 100%; height: auto; border: 1px solid rgba(150&comma;150&comma;150&comma;0.3); border-radius: 8px;' src='https:\/\/ftp3.syscom.mx\/usuarios\/fotos\/M300XT\/207050-captura_de_pantalla_2022-04-19_a_la(s)_10.31.29.png' alt=''> <\/p>\n<div style='border-top: 5px solid #1080c4; padding: 15px; margin-top: 15px;'>\n<h3 style='font-size: 18px; color: inherit; margin-top: 0;'>Mantente conectado todo el d\u00eda<\/h3>\n<p style='font-size: 14px; color: inherit;'>Cuando pasa la mayor parte del d\u00eda trabajando sobre la marcha y necesita estar conectado todo el d\u00eda&comma; necesita saber que la bater\u00eda de sus auriculares no le fallar\u00e1.<\/p>\n<\/p><\/div>\n<\/p><\/div>\n<div style='flex: 1 1 300px; min-width: 280px;'> <img style='width: 100%; height: auto; border: 1px solid rgba(150&comma;150&comma;150&comma;0.3); border-radius: 8px;' src='https:\/\/ftp3.syscom.mx\/usuarios\/fotos\/M300XT\/207050-captura_de_pantalla_2022-04-19_a_la(s)_10.44.26.png' alt=''> <\/p>\n<div style='border-top: 5px solid #1080c4; padding: 15px; margin-top: 15px;'>\n<h3 style='font-size: 18px; color: inherit; margin-top: 0;'>ULTRAPEQUE\u00d1O&comma; ULTRALIGERO<\/h3>\n<ul style='padding-left: 20px; font-size: 14px; color: inherit;'>\n<li style='margin-bottom: 5px;'>Clase de peso pluma. Rendimiento de peso pesado.<\/li>\n<li style='margin-bottom: 5px;'>Hemos hecho todo lo posible para que el M300-XT sea nuestro auricular BlueParrott m\u00e1s peque\u00f1o y liviano.<\/li>\n<li style='margin-bottom: 5px;'>Con un peso de solo 0&comma;7 oz \/ 20 g&comma; es tan peque\u00f1o y liviano que incluso podr\u00eda olvidar que est\u00e1 ah\u00ed. Tambi\u00e9n puedes elegir en qu\u00e9 oreja llevarlo con nuestro dise\u00f1o f\u00e1cilmente reversible.<\/li>\n<li style='margin-bottom: 5px;'>Puede ser peque\u00f1o y \u00e1gil&comma; pero tiene un gran impacto.<\/li>\n<\/ul><\/div>\n<\/p><\/div>\n<div style='flex: 1 1 300px; min-width: 280px;'> <img style='width: 100%; height: auto; border: 1px solid rgba(150&comma;150&comma;150&comma;0.3); border-radius: 8px;' src='https:\/\/ftp3.syscom.mx\/usuarios\/fotos\/M300XT\/207050-captura_de_pantalla_2022-04-19_a_la(s)_10.46.19.png' alt=''> <\/p>\n<div style='border-top: 5px solid #1080c4; padding: 15px; margin-top: 15px;'>\n<h3 style='font-size: 18px; color: inherit; margin-top: 0;'>ALCANCE INAL\u00c1MBRICO<\/h3>\n<ul style='padding-left: 20px; font-size: 14px; color: inherit;'>\n<li style='margin-bottom: 5px;'>No rompas tu paso<\/li>\n<li style='margin-bottom: 5px;'>\u00bfEst\u00e1s entregando un paquete y no quieres llevar tu tel\u00e9fono contigo? Cuando su auricular tiene un alcance inal\u00e1mbrico de 300 pies\/100 metros&comma; no tiene que hacerlo.<\/li>\n<li style='margin-bottom: 5px;'>Con M300-XT&comma; puede dejar su tel\u00e9fono en su veh\u00edculo y estar seguro de que su conexi\u00f3n se mantendr\u00e1. Eso le da libertad para continuar con su trabajo&comma; sin tener que llevar su tel\u00e9fono o tableta a donde quiera que vaya.<\/li>\n<li style='margin-bottom: 5px;'>Libertad inal\u00e1mbrica que te mantiene en movimiento.<\/li>\n<\/ul><\/div>\n<\/p><\/div>\n<\/p><\/div>\n<p> <!-- Especificaciones --> <\/p>\n<h2 style='font-size: 22px; border-bottom: 2px solid currentColor; padding-bottom: 5px; margin-top: 0; color: inherit; opacity: 0.8; margin-bottom: 20px;'>Especificaciones<\/h2>\n<div style='display: flex; flex-wrap: wrap; gap: 20px; margin-bottom: 30px;'>\n<div style='flex: 1 1 250px; border: 1px solid rgba(150&comma; 150&comma; 150&comma; 0.4); border-radius: 8px; overflow: hidden; display: flex; flex-direction: column;'>\n<div style='padding: 15px; border-bottom: 1px solid rgba(150&comma; 150&comma; 150&comma; 0.2); font-weight: bold; font-size: 16px; color: inherit;'>Audio<\/div>\n<div style='padding: 15px; color: inherit;'>\n<ul style='padding-left: 20px; margin: 0; font-size: 14px; list-style-type: disc;'>\n<li style='margin-bottom: 5px;'><strong>Reducci\u00f3n de ruido en llamadas:<\/strong> S\u00ed<\/li>\n<li style='margin-bottom: 5px;'><strong>Tama\u00f1o del altavoz:<\/strong> 10&comma;3 mm | 0.41in<\/li>\n<li style='margin-bottom: 5px;'><strong>Potencia m\u00e1xima de entrada del altavoz:<\/strong> 5 mW<\/li>\n<li style='margin-bottom: 5px;'><strong>Rango de frecuencia del altavoz:<\/strong> 20Hz &#8211; 20kHz<\/li>\n<li style='margin-bottom: 5px;'><strong>Impedancia del altavoz:<\/strong> 32 \u03a9<\/li>\n<li style='margin-bottom: 5px;'><strong>C\u00f3decs de audio compatibles:<\/strong> SBC<\/li>\n<li style='margin-bottom: 5px;'><strong>tipo de micr\u00f3fono:<\/strong> 2 MEMS<\/li>\n<li style='margin-bottom: 5px;'><strong>Sensibilidad del micr\u00f3fono:<\/strong> -42\u00b11dB\u00ef\u00bc\u02c60dB=1V\/Pa&comma; a 1KHz)<\/li>\n<li style='margin-bottom: 5px;'><strong>Certificaciones y cumplimiento:<\/strong> FCC&comma; ISED&comma; CE&comma; RoHS&comma; REACH&comma; Proposici\u00f3n 65<\/li>\n<\/ul><\/div>\n<\/p><\/div>\n<div style='flex: 1 1 250px; border: 1px solid rgba(150&comma; 150&comma; 150&comma; 0.4); border-radius: 8px; overflow: hidden; display: flex; flex-direction: column;'>\n<div style='padding: 15px; border-bottom: 1px solid rgba(150&comma; 150&comma; 150&comma; 0.2); font-weight: bold; font-size: 16px; color: inherit;'>Facilidad de uso<\/div>\n<div style='padding: 15px; color: inherit;'>\n<ul style='padding-left: 20px; margin: 0; font-size: 14px; list-style-type: disc;'>\n<li style='margin-bottom: 5px;'><strong>Factor de forma de los auriculares:<\/strong> BT Mono<\/li>\n<li style='margin-bottom: 5px;'><strong>EarGels:<\/strong> Grande&comma; mediano&comma; peque\u00f1o<\/li>\n<\/ul><\/div>\n<\/p><\/div>\n<div style='flex: 1 1 250px; border: 1px solid rgba(150&comma; 150&comma; 150&comma; 0.4); border-radius: 8px; overflow: hidden; display: flex; flex-direction: column;'>\n<div style='padding: 15px; border-bottom: 1px solid rgba(150&comma; 150&comma; 150&comma; 0.2); font-weight: bold; font-size: 16px; color: inherit;'>Bater\u00eda<\/div>\n<div style='padding: 15px; color: inherit;'>\n<ul style='padding-left: 20px; margin: 0; font-size: 14px; list-style-type: disc;'>\n<li style='margin-bottom: 5px;'><strong>Tiempo de conversaci\u00f3n:<\/strong> hasta 14 horas<\/li>\n<li style='margin-bottom: 5px;'><strong>Carga con cable:<\/strong> USB-C<\/li>\n<li style='margin-bottom: 5px;'><strong>Tiempo de carga:<\/strong> Hasta 150 minutos<\/li>\n<li style='margin-bottom: 5px;'><strong>Tiempo de espera:<\/strong> Hasta 420 horas<\/li>\n<li style='margin-bottom: 5px;'><strong>Tipo de Bater\u00eda:<\/strong> Bater\u00eda recargable de iones de litio<\/li>\n<\/ul><\/div>\n<\/p><\/div>\n<div style='flex: 1 1 250px; border: 1px solid rgba(150&comma; 150&comma; 150&comma; 0.4); border-radius: 8px; overflow: hidden; display: flex; flex-direction: column;'>\n<div style='padding: 15px; border-bottom: 1px solid rgba(150&comma; 150&comma; 150&comma; 0.2); font-weight: bold; font-size: 16px; color: inherit;'>Conectividad<\/div>\n<div style='padding: 15px; color: inherit;'>\n<ul style='padding-left: 20px; margin: 0; font-size: 14px; list-style-type: disc;'>\n<li style='margin-bottom: 5px;'><strong>Conectividad:<\/strong> Bluetooth\u00ae<\/li>\n<li style='margin-bottom: 5px;'><strong>Perfiles de Bluetooth:<\/strong> A2DP v1.3&comma; AVRCP v1.6&comma; HFP v1.7&comma; HSP v1.2<\/li>\n<li style='margin-bottom: 5px;'><strong>Versi\u00f3n Bluetooth:<\/strong> 5.1<\/li>\n<li style='margin-bottom: 5px;'><strong>Rango de operaci\u00f3n:<\/strong> Hasta 100m | 300 pies<\/li>\n<li style='margin-bottom: 5px;'><strong>Lista de emparejamiento de Bluetooth:<\/strong> Hasta 8 dispositivos<\/li>\n<li style='margin-bottom: 5px;'><strong>Conexiones Bluetooth simult\u00e1neas:<\/strong> 2<\/li>\n<\/ul><\/div>\n<\/p><\/div>\n<div style='flex: 1 1 250px; border: 1px solid rgba(150&comma; 150&comma; 150&comma; 0.4); border-radius: 8px; overflow: hidden; display: flex; flex-direction: column;'>\n<div style='padding: 15px; border-bottom: 1px solid rgba(150&comma; 150&comma; 150&comma; 0.2); font-weight: bold; font-size: 16px; color: inherit;'>General<\/div>\n<div style='padding: 15px; color: inherit;'>\n<ul style='padding-left: 20px; margin: 0; font-size: 14px; list-style-type: disc;'>\n<li style='margin-bottom: 5px;'><strong>Dimensiones del embalaje:<\/strong> 41&comma;5 mm x 175 mm x 131 mm | 1.63in x 6.89in x 5.16in<\/li>\n<li style='margin-bottom: 5px;'><strong>Dimensiones de la unidad principal:<\/strong> 110&comma;7 mm x 61 mm x 25&comma;4 mm | 4.36in x 2.4in x 1in<\/li>\n<li style='margin-bottom: 5px;'><strong>Peso:<\/strong> 20g | 0.7oz<\/li>\n<li style='margin-bottom: 5px;'><strong>Longitud del cable USB:<\/strong> 1&comma;2 m | 3&comma;9 pies<\/li>\n<li style='margin-bottom: 5px;'><strong>Clasificaci\u00f3n del IP:<\/strong> IP54<\/li>\n<li style='margin-bottom: 5px;'><strong>Garant\u00eda:<\/strong> 1 a\u00f1o<\/li>\n<li style='margin-bottom: 5px;'><strong>Temperatura de funcionamiento:<\/strong> -10 \u00b0C a 60 \u00b0C (14 \u00b0F a 140 \u00b0F)<\/li>\n<li style='margin-bottom: 5px;'><strong>Temperatura de almacenamiento:<\/strong> -10 \u00b0C a 45 \u00b0C (14 \u00b0F a 113 \u00b0F)<\/li>\n<\/ul><\/div>\n<\/p><\/div>\n<div style='flex: 1 1 250px; border: 1px solid rgba(150&comma; 150&comma; 150&comma; 0.4); border-radius: 8px; overflow: hidden; display: flex; flex-direction: column;'>\n<div style='padding: 15px; border-bottom: 1px solid rgba(150&comma; 150&comma; 150&comma; 0.2); font-weight: bold; font-size: 16px; color: inherit;'>Que incluye el paquete<\/div>\n<div style='padding: 15px; color: inherit;'>\n<ul style='padding-left: 20px; margin: 0; font-size: 14px; list-style-type: disc;'>\n<li style='margin-bottom: 5px;'><strong>EarGels&comma; auriculares&comma; documentos de usuario&comma; cable USB<\/strong><\/li>\n<\/ul><\/div>\n<\/p><\/div>\n<\/p><\/div>\n<p> <!-- Separador --> <\/p>\n<hr style='border: 0; border-top: 1px solid rgba(150&comma; 150&comma; 150&comma; 0.3); margin: 30px 0;'> <\/div>\n","protected":false},"excerpt":{"rendered":"<p>BlueParrott M300-XT , 2 micr\u00f3fonos con cancelaci\u00f3n de ruido del 80%, Bluetooth, ultra ligero para ambientes ruidosos (204347).<\/p>\n","protected":false},"featured_media":90243,"comment_status":"open","ping_status":"closed","template":"","meta":[],"product_brand":[],"product_cat":[2050],"product_tag":[2051,2201,2004],"class_list":{"0":"post-90244","1":"product","2":"type-product","3":"status-publish","4":"has-post-thumbnail","6":"product_cat-auriculares","7":"product_tag-auriculares","8":"product_tag-blueparrott","9":"product_tag-voip-telefonia-ip-videoconferencia","11":"first","12":"outofstock","13":"sale","14":"shipping-taxable","15":"purchasable","16":"product-type-simple"},"_links":{"self":[{"href":"https:\/\/soydeaqui.ddns.net\/pachuca\/index.php\/wp-json\/wp\/v2\/product\/90244","targetHints":{"allow":["GET"]}}],"collection":[{"href":"https:\/\/soydeaqui.ddns.net\/pachuca\/index.php\/wp-json\/wp\/v2\/product"}],"about":[{"href":"https:\/\/soydeaqui.ddns.net\/pachuca\/index.php\/wp-json\/wp\/v2\/types\/product"}],"replies":[{"embeddable":true,"href":"https:\/\/soydeaqui.ddns.net\/pachuca\/index.php\/wp-json\/wp\/v2\/comments?post=90244"}],"wp:featuredmedia":[{"embeddable":true,"href":"https:\/\/soydeaqui.ddns.net\/pachuca\/index.php\/wp-json\/wp\/v2\/media\/90243"}],"wp:attachment":[{"href":"https:\/\/soydeaqui.ddns.net\/pachuca\/index.php\/wp-json\/wp\/v2\/media?parent=90244"}],"wp:term":[{"taxonomy":"product_brand","embeddable":true,"href":"https:\/\/soydeaqui.ddns.net\/pachuca\/index.php\/wp-json\/wp\/v2\/product_brand?post=90244"},{"taxonomy":"product_cat","embeddable":true,"href":"https:\/\/soydeaqui.ddns.net\/pachuca\/index.php\/wp-json\/wp\/v2\/product_cat?post=90244"},{"taxonomy":"product_tag","embeddable":true,"href":"https:\/\/soydeaqui.ddns.net\/pachuca\/index.php\/wp-json\/wp\/v2\/product_tag?post=90244"}],"curies":[{"name":"wp","href":"https:\/\/api.w.org\/{rel}","templated":true}]}}