{"id":90224,"date":"2026-03-20T03:32:55","date_gmt":"2026-03-20T03:32:55","guid":{"rendered":"https:\/\/soydeaqui.ddns.net\/pachuca\/index.php\/producto\/blueparrott-b450-xt-ms-cancelacion-de-ruido-del-96-bluetooth-ip64-control-de-voz-para-ambientes-ruidosos-204305\/"},"modified":"2026-03-20T03:33:02","modified_gmt":"2026-03-20T03:33:02","slug":"blueparrott-b450-xt-ms-cancelacion-de-ruido-del-96-bluetooth-ip64-control-de-voz-para-ambientes-ruidosos-204305","status":"publish","type":"product","link":"https:\/\/soydeaqui.ddns.net\/pachuca\/index.php\/producto\/blueparrott-b450-xt-ms-cancelacion-de-ruido-del-96-bluetooth-ip64-control-de-voz-para-ambientes-ruidosos-204305\/","title":{"rendered":"BlueParrott B450-XT MS , cancelaci\u00f3n de ruido del 96%, Bluetooth, IP64, control de voz, para ambientes ruidosos (204305)."},"content":{"rendered":"<div style='width: 100%; max-width: 1200px; margin: 0 auto; font-family: sans-serif; line-height: 1.6; color: inherit; background-color: transparent;'> <!-- Videos Secci\u00f3n --> <\/p>\n<div style='display: flex; flex-wrap: wrap; gap: 30px; margin-bottom: 30px;'>\n<div style='flex: 1 1 500px; min-width: 300px;'>\n<div style='position: relative; padding-bottom: 56.25%; height: 0; overflow: hidden;'>   <\/div>\n<\/p><\/div>\n<div style='flex: 1 1 500px; min-width: 300px;'>\n<div style='position: relative; padding-bottom: 56.25%; height: 0; overflow: hidden;'>   <\/div>\n<\/p><\/div>\n<\/p><\/div>\n<p> <!-- Imagen y t\u00edtulo --> <\/p>\n<div style='display: flex; flex-wrap: wrap; gap: 30px; margin-bottom: 30px;'>\n<div style='flex: 1 1 300px; min-width: 280px;'> <img style='width: 100%; height: auto; border: 1px solid rgba(150&comma;150&comma;150&comma;0.3); border-radius: 8px;' src='https:\/\/ftp3.syscom.mx\/usuarios\/fotos\/B450XTMS\/207048-captura_de_pantalla_2022-04-18_a_la(s)_17.31.43.png' alt=''> <\/div>\n<div style='flex: 1 1 300px; min-width: 280px;'>\n<h3 style='font-size: 22px; border-bottom: 2px solid currentColor; padding-bottom: 5px; margin-top: 0; color: inherit; opacity: 0.8;'>B450 XT<\/h3>\n<h4 style='color: inherit; margin-top: 10px; margin-bottom: 20px;'>El sonido superior se une a la comodidad superior<\/h4>\n<\/p><\/div>\n<\/p><\/div>\n<p> <!-- Rendimiento superior --> <\/p>\n<div style='display: flex; flex-wrap: wrap; gap: 30px; margin-bottom: 30px;'>\n<div style='flex: 1 1 300px; min-width: 280px;'>\n<h3 style='font-size: 22px; border-bottom: 2px solid currentColor; padding-bottom: 5px; margin-top: 0; color: inherit; opacity: 0.8;'>Rendimiento superior<\/h3>\n<p style='color: inherit; margin-top: 15px; margin-bottom: 15px;'>Nuestro BlueParrott B450-XT m\u00e1s vendido se actualiz\u00f3 para mantenerse al d\u00eda con las demandas de su ajetreado d\u00eda. Ahora con mayor durabilidad con clasificaci\u00f3n IP54&comma; carga USB-C y actualizaciones de firmware sobre la marcha&comma; as\u00ed como todas las funciones que vienen de serie con los auriculares BlueParrott&comma; incluida nuestra cancelaci\u00f3n de ruido del 96 % l\u00edder en la industria&comma; VoiceControl\u2122 y BlueParrott Button\u2122 personalizable&comma; el B450-XT ofrece impresionantes niveles de comodidad&comma; ajuste y rendimiento.<\/p>\n<\/p><\/div>\n<div style='flex: 1 1 300px; min-width: 280px;'> <img style='width: 100%; height: auto; border: 1px solid rgba(150&comma;150&comma;150&comma;0.3); border-radius: 8px;' src='https:\/\/ftp3.syscom.mx\/usuarios\/fotos\/B450XTMS\/207048-captura_de_pantalla_2022-04-18_a_la(s)_17.36.55.png' alt=''> <\/div>\n<\/p><\/div>\n<p> <!-- Cancelaci\u00f3n de ruido --> <\/p>\n<div style='text-align: center; margin-bottom: 30px;'>\n<h2 style='color: inherit; margin-bottom: 10px;'>Cancelaci\u00f3n de ruido l\u00edder en la industria<\/h2>\n<p style='color: inherit; margin: 0 auto; max-width: 800px;'>Bloquea el 96 % del ruido de fondo.* Conc\u00e9ntrese en sus llamadas&comma; direcciones de GPS o m\u00fasica&comma; independientemente del ruido a su alrededor.<\/p>\n<\/p><\/div>\n<p> <!-- Escenarios de uso --> <\/p>\n<div style='display: flex; flex-wrap: wrap; gap: 30px; margin-bottom: 30px;'>\n<div style='flex: 1 1 300px; min-width: 280px;'> <img style='width: 100%; height: auto; border: 1px solid rgba(150&comma;150&comma;150&comma;0.3); border-radius: 8px;' src='https:\/\/ftp3.syscom.mx\/usuarios\/fotos\/B350XT\/207045-captura_de_pantalla_2022-03-18_a_la(s)_10.21.14.png' alt=''> <\/p>\n<div style='border-top: 4px solid #1080c4; padding: 15px; margin-top: 15px; background-color: rgba(238&comma;238&comma;238&comma;0.1); border-radius: 0 0 8px 8px;'>\n<h3 style='color: inherit; margin-top: 0; margin-bottom: 10px;'>Conductores Profesionales<\/h3>\n<p style='color: inherit; opacity: 0.9;'>Dise\u00f1o para mantener a los conductores profesionales en contacto mientras viajan&comma; con una calidad de llamada excepcional&comma; trabajo seguro con manos libres con control de voz&comma; bater\u00eda de larga duraci\u00f3n y m\u00e1s.<\/p>\n<\/p><\/div>\n<\/p><\/div>\n<div style='flex: 1 1 300px; min-width: 280px;'> <img style='width: 100%; height: auto; border: 1px solid rgba(150&comma;150&comma;150&comma;0.3); border-radius: 8px;' src='https:\/\/ftp3.syscom.mx\/usuarios\/fotos\/B450XTMS\/207048-captura_de_pantalla_2022-04-18_a_la(s)_17.31.43.png' alt=''> <\/p>\n<div style='border-top: 4px solid #1080c4; padding: 15px; margin-top: 15px; background-color: rgba(238&comma;238&comma;238&comma;0.1); border-radius: 0 0 8px 8px;'>\n<h3 style='color: inherit; margin-top: 0; margin-bottom: 10px;'>Personal de servicio en campo<\/h3>\n<p style='color: inherit; opacity: 0.9;'>Dise\u00f1ado para mantener al personal de servicio de campo en contacto mientras est\u00e1 en movimiento&comma; con un rendimiento de llamada excepcional en entornos ruidosos&comma; durabilidad con clasificaci\u00f3n IP54&comma; tiempos de conversaci\u00f3n prolongados y m\u00e1s.<\/p>\n<\/p><\/div>\n<\/p><\/div>\n<div style='flex: 1 1 300px; min-width: 280px;'> <img style='width: 100%; height: auto; border: 1px solid rgba(150&comma;150&comma;150&comma;0.3); border-radius: 8px;' src='https:\/\/ftp3.syscom.mx\/usuarios\/fotos\/B350XT\/207045-captura_de_pantalla_2022-03-18_a_la(s)_10.30.12.png' alt=''> <\/p>\n<div style='border-top: 4px solid #1080c4; padding: 15px; margin-top: 15px; background-color: rgba(238&comma;238&comma;238&comma;0.1); border-radius: 0 0 8px 8px;'>\n<h3 style='color: inherit; margin-top: 0; margin-bottom: 10px;'>Trabajadores de almac\u00e9n<\/h3>\n<p style='color: inherit; opacity: 0.9;'>Dise\u00f1ado para mejorar la productividad y las comunicaciones de los trabajadores de almac\u00e9n&comma; con un rendimiento superior en entornos de alto ruido&comma; largo alcance inal\u00e1mbrico&comma; pulsar para hablar y m\u00e1s.<\/p>\n<\/p><\/div>\n<\/p><\/div>\n<\/p><\/div>\n<p> <!-- Especificaciones --> <\/p>\n<h2 style='color: inherit; margin-top: 30px; margin-bottom: 20px; border-bottom: 2px solid currentColor; padding-bottom: 8px;'>Especificaciones<\/h2>\n<div style='display: flex; flex-wrap: wrap; gap: 20px; margin-bottom: 30px;'>\n<div style='flex: 1 1 300px; min-width: 280px; border: 1px solid rgba(150&comma; 150&comma; 150&comma; 0.4); border-radius: 8px; overflow: hidden; display: flex; flex-direction: column;'>\n<div style='padding: 15px; border-bottom: 1px solid rgba(150&comma; 150&comma; 150&comma; 0.2); font-weight: bold; font-size: 18px; color: inherit;'>Audio<\/div>\n<div style='padding: 15px; color: inherit; flex-grow: 1;'>\n<ul style='padding-left: 20px; margin: 0; font-size: 14px; list-style-type: disc; color: inherit;'>\n<li style='margin-bottom: 5px;'><strong>Altavoz:<\/strong> 36 mm<\/li>\n<li style='margin-bottom: 5px;'><strong>Sensibilidad del altavoz:<\/strong> 123 dB SPL a 1 mW\/1 kHz<\/li>\n<li style='margin-bottom: 5px;'><strong>Potencia m\u00e1xima de entrada del altavoz:<\/strong> 50 mW<\/li>\n<li style='margin-bottom: 5px;'><strong>Rango de frecuencia del altavoz:<\/strong> 150-6800 Hz<\/li>\n<li style='margin-bottom: 5px;'><strong>Tipo de micr\u00f3fono:<\/strong> electreto bidireccional<\/li>\n<li style='margin-bottom: 5px;'><strong>Rango de frecuencia del micr\u00f3fono:<\/strong> 150-6800 Hz<\/li>\n<li style='margin-bottom: 5px;'><strong>Sensibilidad del micr\u00f3fono:<\/strong> -47dBV\/Pa<\/li>\n<li style='margin-bottom: 5px;'><strong>Bloquea el 96 % del ruido de fondo<\/strong>*<\/li>\n<\/ul><\/div>\n<\/p><\/div>\n<div style='flex: 1 1 300px; min-width: 280px; border: 1px solid rgba(150&comma; 150&comma; 150&comma; 0.4); border-radius: 8px; overflow: hidden; display: flex; flex-direction: column;'>\n<div style='padding: 15px; border-bottom: 1px solid rgba(150&comma; 150&comma; 150&comma; 0.2); font-weight: bold; font-size: 18px; color: inherit;'>Facilidad de uso<\/div>\n<div style='padding: 15px; color: inherit; flex-grow: 1;'>\n<ul style='padding-left: 20px; margin: 0; font-size: 14px; list-style-type: disc; color: inherit;'>\n<li style='margin-bottom: 5px;'><strong>Dispositivos emparejados:<\/strong> Hasta 8&comma; conectados a dos a la vez (multiuso)<\/li>\n<li style='margin-bottom: 5px;'><strong>Estilo de uso:<\/strong> Sobre la cabeza (OTH)<\/li>\n<li style='margin-bottom: 5px;'><strong>Aplicaci\u00f3n:<\/strong> Aplicaci\u00f3n BlueParrott y actualizador BlueParrott<\/li>\n<li style='margin-bottom: 5px;'><strong>Funciones:<\/strong> Responder\/finalizar\/rechazar llamada&comma; LED para indicador de encendido\/emparejamiento&comma; distribuci\u00f3n de audio avanzada (A2DP) para m\u00fasica&comma; transmisi\u00f3n de podcast y GPS**&comma; marcaci\u00f3n por voz (activar Siri\u00ae\/Google Assistant\u2122)**&comma; gu\u00eda de voz&comma; NFC&comma; HD voz&comma; subir\/bajar volumen&comma; Parrott Button\u2122 personalizable&comma; VoiceControl\u2122&comma; IP54 resistente al agua y al polvo<\/li>\n<\/ul><\/div>\n<\/p><\/div>\n<div style='flex: 1 1 300px; min-width: 280px; border: 1px solid rgba(150&comma; 150&comma; 150&comma; 0.4); border-radius: 8px; overflow: hidden; display: flex; flex-direction: column;'>\n<div style='padding: 15px; border-bottom: 1px solid rgba(150&comma; 150&comma; 150&comma; 0.2); font-weight: bold; font-size: 18px; color: inherit;'>Bater\u00eda<\/div>\n<div style='padding: 15px; color: inherit; flex-grow: 1;'>\n<ul style='padding-left: 20px; margin: 0; font-size: 14px; list-style-type: disc; color: inherit;'>\n<li style='margin-bottom: 5px;'><strong>Tiempo de conversaci\u00f3n:<\/strong> hasta 24 horas<\/li>\n<li style='margin-bottom: 5px;'><strong>Tiempo de espera:<\/strong> 500+ horas<\/li>\n<li style='margin-bottom: 5px;'><strong>Tiempo de carga:<\/strong> Aprox. 3 horas<\/li>\n<li style='margin-bottom: 5px;'><strong>Corriente de carga de la bater\u00eda:<\/strong> 380mA (auriculares)<\/li>\n<li style='margin-bottom: 5px;'><strong>Cable de carga:<\/strong> Conector USB-C a USB-a est\u00e1ndar (1.2 m)<\/li>\n<\/ul><\/div>\n<\/p><\/div>\n<\/p><\/div>\n<div style='display: flex; flex-wrap: wrap; gap: 20px; margin-bottom: 30px;'>\n<div style='flex: 1 1 300px; min-width: 280px; border: 1px solid rgba(150&comma; 150&comma; 150&comma; 0.4); border-radius: 8px; overflow: hidden; display: flex; flex-direction: column;'>\n<div style='padding: 15px; border-bottom: 1px solid rgba(150&comma; 150&comma; 150&comma; 0.2); font-weight: bold; font-size: 18px; color: inherit;'>Conectividad<\/div>\n<div style='padding: 15px; color: inherit; flex-grow: 1;'>\n<ul style='padding-left: 20px; margin: 0; font-size: 14px; list-style-type: disc; color: inherit;'>\n<li style='margin-bottom: 5px;'><strong>Cumplimiento de Bluetooth\u00ae:<\/strong> Bluetooth\u00ae versi\u00f3n 5<\/li>\n<li style='margin-bottom: 5px;'><strong>Perfiles de Bluetooth\u00ae compatibles:<\/strong> Distribuci\u00f3n de audio avanzada (A2DP) v1.3.1&comma; perfil de manos libres v1.7&comma; perfil de auriculares v1.2<\/li>\n<li style='margin-bottom: 5px;'><strong>Modos admitidos:<\/strong> EDR (2 y 3 Mb)&comma; SCO&comma; eSCO&comma; modo sniff<\/li>\n<li style='margin-bottom: 5px;'><strong>Seguridad:<\/strong> cifrado de 128 bits<\/li>\n<li style='margin-bottom: 5px;'><strong>Rango de operaci\u00f3n:<\/strong> Hasta 100 metros (300 pies)*<\/li>\n<\/ul><\/div>\n<\/p><\/div>\n<div style='flex: 1 1 300px; min-width: 280px; border: 1px solid rgba(150&comma; 150&comma; 150&comma; 0.4); border-radius: 8px; overflow: hidden; display: flex; flex-direction: column;'>\n<div style='padding: 15px; border-bottom: 1px solid rgba(150&comma; 150&comma; 150&comma; 0.2); font-weight: bold; font-size: 18px; color: inherit;'>General<\/div>\n<div style='padding: 15px; color: inherit; flex-grow: 1;'>\n<ul style='padding-left: 20px; margin: 0; font-size: 14px; list-style-type: disc; color: inherit;'>\n<li style='margin-bottom: 5px;'><strong>Peso de los auriculares:<\/strong> 116 gramos (5.67 oz)<\/li>\n<li style='margin-bottom: 5px;'><strong>Dimensiones de los auriculares:<\/strong> 169 x W 161.5 x H 59 mm (6&comma;65 x 6&comma;35 x 2&comma;32 in)<\/li>\n<li style='margin-bottom: 5px;'><strong>Temperatura de funcionamiento:<\/strong> -10 \u00b0C a 60 \u00b0C (14 \u00b0F a 140 \u00b0F)<\/li>\n<li style='margin-bottom: 5px;'><strong>Temperatura de almacenamiento:<\/strong> -10 \u00b0C a 45 \u00b0C (14 \u00b0F a 113 \u00b0F)<\/li>\n<li style='margin-bottom: 5px;'><strong>Materiales:<\/strong> Auriculares: PC\/ABS&comma; PC&comma; caucho de silicona&comma; caucho&comma; nylon&comma; POM&comma; acero inoxidable&comma; espuma&comma; cuero sint\u00e9tico y TPU<\/li>\n<li style='margin-bottom: 5px;'><strong>Certificaci\u00f3n:<\/strong> Bluetooth 5&comma; CE&comma; FCC&comma; IC&comma; CEC&comma; RoHS&comma; REACH&comma; TELEC&comma; KCC&comma; RSC<\/li>\n<li style='margin-bottom: 5px;'><strong>Garant\u00eda:<\/strong> Garant\u00eda de dos a\u00f1os EMEA y APAC; garant\u00eda de un a\u00f1o Norteam\u00e9rica<\/li>\n<\/ul><\/div>\n<\/p><\/div>\n<div style='flex: 1 1 300px; min-width: 280px; border: 1px solid rgba(150&comma; 150&comma; 150&comma; 0.4); border-radius: 8px; overflow: hidden; display: flex; flex-direction: column;'>\n<div style='padding: 15px; border-bottom: 1px solid rgba(150&comma; 150&comma; 150&comma; 0.2); font-weight: bold; font-size: 18px; color: inherit;'>Contenido del paquete<\/div>\n<div style='padding: 15px; color: inherit; flex-grow: 1;'>\n<ul style='padding-left: 20px; margin: 0; font-size: 14px; list-style-type: disc; color: inherit;'>\n<li style='margin-bottom: 5px;'>1 auricular BlueParrott B450-XTMS<\/li>\n<li style='margin-bottom: 5px;'>1 cable de carga USB<\/li>\n<li style='margin-bottom: 5px;'>Cargador de veh\u00edculo<\/li>\n<li style='margin-bottom: 5px;'>Almohadilla de espuma para los o\u00eddos<\/li>\n<li style='margin-bottom: 5px;'>Protector antiviento de micr\u00f3fono de repuesto<\/li>\n<li style='margin-bottom: 5px;'>Gu\u00eda de inicio r\u00e1pido<\/li>\n<li style='margin-bottom: 5px;'>Folleto de garant\u00eda y advertencias<\/li>\n<\/ul><\/div>\n<\/p><\/div>\n<\/p><\/div>\n<p> <!-- Notas --> <\/p>\n<div style='margin-top: 30px; padding: 15px; border-left: 5px solid #1080c4; background-color: rgba(238&comma;238&comma;238&comma;0.05);'>\n<p style='color: inherit; font-size: 14px; margin: 0;'> * El rango real puede variar seg\u00fan el entorno y los dispositivos conectados ** Disponible con dispositivos compatibles <\/p>\n<\/p><\/div>\n<\/p><\/div>\n","protected":false},"excerpt":{"rendered":"<p>BlueParrott B450-XT MS , cancelaci\u00f3n de ruido del 96%, Bluetooth, IP64, control de voz, para ambientes ruidosos (204305).<\/p>\n","protected":false},"featured_media":90223,"comment_status":"open","ping_status":"closed","template":"","meta":[],"product_brand":[],"product_cat":[2050],"product_tag":[2051,2201,2004],"class_list":{"0":"post-90224","1":"product","2":"type-product","3":"status-publish","4":"has-post-thumbnail","6":"product_cat-auriculares","7":"product_tag-auriculares","8":"product_tag-blueparrott","9":"product_tag-voip-telefonia-ip-videoconferencia","11":"first","12":"outofstock","13":"sale","14":"shipping-taxable","15":"purchasable","16":"product-type-simple"},"_links":{"self":[{"href":"https:\/\/soydeaqui.ddns.net\/pachuca\/index.php\/wp-json\/wp\/v2\/product\/90224","targetHints":{"allow":["GET"]}}],"collection":[{"href":"https:\/\/soydeaqui.ddns.net\/pachuca\/index.php\/wp-json\/wp\/v2\/product"}],"about":[{"href":"https:\/\/soydeaqui.ddns.net\/pachuca\/index.php\/wp-json\/wp\/v2\/types\/product"}],"replies":[{"embeddable":true,"href":"https:\/\/soydeaqui.ddns.net\/pachuca\/index.php\/wp-json\/wp\/v2\/comments?post=90224"}],"wp:featuredmedia":[{"embeddable":true,"href":"https:\/\/soydeaqui.ddns.net\/pachuca\/index.php\/wp-json\/wp\/v2\/media\/90223"}],"wp:attachment":[{"href":"https:\/\/soydeaqui.ddns.net\/pachuca\/index.php\/wp-json\/wp\/v2\/media?parent=90224"}],"wp:term":[{"taxonomy":"product_brand","embeddable":true,"href":"https:\/\/soydeaqui.ddns.net\/pachuca\/index.php\/wp-json\/wp\/v2\/product_brand?post=90224"},{"taxonomy":"product_cat","embeddable":true,"href":"https:\/\/soydeaqui.ddns.net\/pachuca\/index.php\/wp-json\/wp\/v2\/product_cat?post=90224"},{"taxonomy":"product_tag","embeddable":true,"href":"https:\/\/soydeaqui.ddns.net\/pachuca\/index.php\/wp-json\/wp\/v2\/product_tag?post=90224"}],"curies":[{"name":"wp","href":"https:\/\/api.w.org\/{rel}","templated":true}]}}