{"id":90219,"date":"2026-03-20T03:32:41","date_gmt":"2026-03-20T03:32:41","guid":{"rendered":"https:\/\/soydeaqui.ddns.net\/pachuca\/index.php\/producto\/cloud-core-router-16-nucleos-arm-12-puertos-gigabit-4-sfp-10g\/"},"modified":"2026-03-20T03:32:52","modified_gmt":"2026-03-20T03:32:52","slug":"cloud-core-router-16-nucleos-arm-12-puertos-gigabit-4-sfp-10g","status":"publish","type":"product","link":"https:\/\/soydeaqui.ddns.net\/pachuca\/index.php\/producto\/cloud-core-router-16-nucleos-arm-12-puertos-gigabit-4-sfp-10g\/","title":{"rendered":"Cloud Core Router 16 Nucleos ARM, 12 puertos Gigabit, 4 SFP+ 10G"},"content":{"rendered":"<div style='width: 100%; max-width: 1200px; margin: 0 auto; font-family: sans-serif; line-height: 1.6; color: inherit; background-color: transparent;'> <!-- Secci\u00f3n de descripci\u00f3n --> <\/p>\n<div style='margin-bottom: 30px; font-size: 15px;'>\n<p style='margin: 0 0 15px 0; color: inherit;'>Quer\u00edamos ver todo el potencial de las redes 10G buenas&comma; antiguas y fiables combinadas con una CPU moderna. CCR2116-12G-4S+ le permite olvidarse de las limitaciones de la CPU en su configuraci\u00f3n. Al igual que su hermano menor&comma; el incre\u00edble CCR2004&comma; este router cuenta con la poderosa CPU de Amazon Annapurna Labs Alpine.<\/p>\n<p style='margin: 0 0 15px 0; color: inherit;'>Pero con 16 n\u00facleos funcionando a 2 GHz&comma; este CCR se come el otro para desayunar. Por ejemplo&comma; vemos al menos un aumento del 15% en el rendimiento de un solo n\u00facleo. Y ese es el aspecto m\u00e1s importante cuando se trata de operaciones pesadas basadas en el procesamiento por conexi\u00f3n. Como las colas&comma; por ejemplo. <strong style='color: inherit;'>Un nuevo est\u00e1ndar de rendimiento de un solo n\u00facleo en toda la familia de productos CCR<\/strong>. Y es compatible con la descarga de hardware de capa 3.<\/p>\n<p style='margin: 0 0 15px 0; color: inherit;'>Obviamente&comma; necesitas la conectividad adecuada para aprovechar esta potencia. Hay <strong style='color: inherit;'>cuatro puertos 10G SFP+<\/strong>. Tienen una l\u00ednea independiente de d\u00faplex completo conectada al chip de interruptor de la familia Marvell Aldrin. Luego tenemos puertos Gigabit Ethernet. 12 de ellos se ejecutan a trav\u00e9s del chip Marvel. Y hay otro puerto Gigabit conectado directamente a la CPU. A efectos de gesti\u00f3n.<\/p>\n<p style='margin: 0 0 15px 0; color: inherit;'>Cada grupo de 4 puertos tiene una conexi\u00f3n d\u00faplex completa independiente al chip del conmutador. Aqu\u00ed no hay cuellos de botella. Puedes esperar un rendimiento similar a un conmutador en la mayor\u00eda de las configuraciones. La nueva generaci\u00f3n de procesadores ofrece un rendimiento alucinante. Si nos fijamos en el CCR1036&comma; la potencia con una CPU de 36 n\u00facleos&comma; el nuevo CCR2116 puede duplicar f\u00e1cilmente el rendimiento. 16 n\u00facleos frente a 36 n\u00facleos. Duplicar el rendimiento. O incluso m\u00e1s.<\/p>\n<p style='margin: 0 0 15px 0; color: inherit;'>Si usted es un ISP bastante grande&comma; se ocupa del enrutamiento din\u00e1mico&comma; los BGP masivos&comma; las reglas complejas de firewall y las intrincadas configuraciones de calidad del servicio. Este es el dispositivo adecuado para ti. Combinaci\u00f3n de potencia bruta y utilidad con la fiable red 10G. Y s\u00ed&comma; como con cualquier dispositivo de nivel de ISP&comma; hemos incluido una <strong style='color: inherit;'>fuente de alimentaci\u00f3n doble redundante<\/strong>. As\u00ed que tienes una cosa menos de la que preocuparte.<\/p>\n<p style='margin: 0 0 15px 0; color: inherit;'>CCR2116-12G-4S+: tecnolog\u00eda probada por el tiempo&comma; dise\u00f1ada para el futuro.<\/p>\n<p style='margin: 0 0 0 0; color: inherit;'><em style='color: inherit;'>El dispositivo tiene un sistema operativo preinstalado y con licencia. No es necesaria ninguna compra por separado y el producto est\u00e1 listo para usar. El dispositivo incluye actualizaciones de software gratuitas durante la vida \u00fatil del producto o un m\u00ednimo de 5 a\u00f1os a partir de la fecha de compra.<\/em><\/p>\n<\/p><\/div>\n<p> <!-- Secci\u00f3n de especificaciones --> <\/p>\n<div style='display: flex; flex-wrap: wrap; gap: 20px; margin-bottom: 30px;'>\n<div style='flex: 1 1 250px; border: 1px solid rgba(150&comma; 150&comma; 150&comma; 0.4); border-radius: 8px; overflow: hidden; display: flex; flex-direction: column;'>\n<div style='padding: 15px; border-bottom: 1px solid rgba(150&comma; 150&comma; 150&comma; 0.2); font-weight: bold; font-size: 18px; color: inherit;'>Especificaciones<\/div>\n<div style='padding: 15px; color: inherit;'>\n<ul style='padding-left: 20px; margin: 0; font-size: 14px; list-style-type: disc;'>\n<li style='margin-bottom: 5px;'><strong>C\u00f3digo de producto:<\/strong> CCR2116-12G-4S+<\/li>\n<li style='margin-bottom: 5px;'><strong>Arquitectura:<\/strong> ARM 64 bits<\/li>\n<li style='margin-bottom: 5px;'><strong>CPU:<\/strong> AL73400<\/li>\n<li style='margin-bottom: 5px;'><strong>N\u00facleos de CPU:<\/strong> 16<\/li>\n<li style='margin-bottom: 5px;'><strong>Frecuencia CPU:<\/strong> 2000 MHz<\/li>\n<li style='margin-bottom: 5px;'><strong>Licencia RouterOS:<\/strong> 6<\/li>\n<li style='margin-bottom: 5px;'><strong>Sistema operativo:<\/strong> RouterOS (solo v7)<\/li>\n<li style='margin-bottom: 5px;'><strong>RAM:<\/strong> 16 GB<\/li>\n<li style='margin-bottom: 5px;'><strong>Almacenamiento:<\/strong> 128 MB NAND<\/li>\n<li style='margin-bottom: 5px;'><strong>MTBF:<\/strong> Aproximadamente 200&comma;000 horas a 25\u00b0C<\/li>\n<li style='margin-bottom: 5px;'><strong>Temperatura ambiente:<\/strong> -20\u00b0C a 60\u00b0C<\/li>\n<\/ul><\/div>\n<\/p><\/div>\n<div style='flex: 1 1 250px; border: 1px solid rgba(150&comma; 150&comma; 150&comma; 0.4); border-radius: 8px; overflow: hidden; display: flex; flex-direction: column;'>\n<div style='padding: 15px; border-bottom: 1px solid rgba(150&comma; 150&comma; 150&comma; 0.2); font-weight: bold; font-size: 18px; color: inherit;'>Alimentaci\u00f3n<\/div>\n<div style='padding: 15px; color: inherit;'>\n<ul style='padding-left: 20px; margin: 0; font-size: 14px; list-style-type: disc;'>\n<li style='margin-bottom: 5px;'><strong>Entradas CA:<\/strong> 2<\/li>\n<li style='margin-bottom: 5px;'><strong>Rango entrada CA:<\/strong> 100-240V<\/li>\n<li style='margin-bottom: 5px;'><strong>Consumo m\u00e1ximo:<\/strong> 72 W<\/li>\n<li style='margin-bottom: 5px;'><strong>Consumo sin accesorios:<\/strong> 60 W<\/li>\n<li style='margin-bottom: 5px;'><strong>Refrigeraci\u00f3n:<\/strong> 4 ventiladores<\/li>\n<\/ul><\/div>\n<\/p><\/div>\n<div style='flex: 1 1 250px; border: 1px solid rgba(150&comma; 150&comma; 150&comma; 0.4); border-radius: 8px; overflow: hidden; display: flex; flex-direction: column;'>\n<div style='padding: 15px; border-bottom: 1px solid rgba(150&comma; 150&comma; 150&comma; 0.2); font-weight: bold; font-size: 18px; color: inherit;'>Conectividad<\/div>\n<div style='padding: 15px; color: inherit;'>\n<ul style='padding-left: 20px; margin: 0; font-size: 14px; list-style-type: disc;'>\n<li style='margin-bottom: 5px;'><strong>Puertos Gigabit:<\/strong> 13<\/li>\n<li style='margin-bottom: 5px;'><strong>Puertos SFP+ 10G:<\/strong> 4<\/li>\n<li style='margin-bottom: 5px;'><strong>Puerto consola:<\/strong> RJ45<\/li>\n<li style='margin-bottom: 5px;'><strong>M.2 NVMe:<\/strong> 1 ranura (hasta 2280mm SSD 1TB)<\/li>\n<\/ul><\/div>\n<\/p><\/div>\n<div style='flex: 1 1 250px; border: 1px solid rgba(150&comma; 150&comma; 150&comma; 0.4); border-radius: 8px; overflow: hidden; display: flex; flex-direction: column;'>\n<div style='padding: 15px; border-bottom: 1px solid rgba(150&comma; 150&comma; 150&comma; 0.2); font-weight: bold; font-size: 18px; color: inherit;'>Caracter\u00edsticas<\/div>\n<div style='padding: 15px; color: inherit;'>\n<ul style='padding-left: 20px; margin: 0; font-size: 14px; list-style-type: disc;'>\n<li style='margin-bottom: 5px;'><strong>Monitoreo:<\/strong> Temperatura CPU y PCB<\/li>\n<li style='margin-bottom: 5px;'><strong>Bot\u00f3n de modo:<\/strong> S\u00ed<\/li>\n<li style='margin-bottom: 5px;'><strong>Certificaciones:<\/strong> CE&comma; EAC&comma; ROHS<\/li>\n<\/ul><\/div>\n<\/p><\/div>\n<\/p><\/div>\n<p> <!-- Secci\u00f3n de im\u00e1genes --> <\/p>\n<div style='display: flex; flex-wrap: wrap; gap: 15px; margin-bottom: 30px;'>\n<div style='flex: 1 1 120px; min-width: 120px;'> <a href='https:\/\/i.mt.lv\/cdn\/rb_images\/part41391160693m.jpg' target='_blank'> <img style='width: 100%; height: auto; border: 1px solid rgba(150&comma;150&comma;150&comma;0.3); border-radius: 8px;' src='https:\/\/i.mt.lv\/cdn\/rb_images\/part41391160693s.jpg' alt='Cable IEC'> <\/a> <\/p>\n<div style='text-align: center; margin-top: 8px; font-size: 14px; color: inherit;'>Cable IEC<\/div>\n<\/p><\/div>\n<div style='flex: 1 1 120px; min-width: 120px;'> <a href='https:\/\/i.mt.lv\/cdn\/rb_images\/part41391160693m.jpg' target='_blank'> <img style='width: 100%; height: auto; border: 1px solid rgba(150&comma;150&comma;150&comma;0.3); border-radius: 8px;' src='https:\/\/i.mt.lv\/cdn\/rb_images\/part41391160693s.jpg' alt='Cable IEC'> <\/a> <\/p>\n<div style='text-align: center; margin-top: 8px; font-size: 14px; color: inherit;'>Cable IEC<\/div>\n<\/p><\/div>\n<div style='flex: 1 1 120px; min-width: 120px;'> <a href='https:\/\/i.mt.lv\/cdn\/rb_images\/part1081588075052m.jpg' target='_blank'> <img style='width: 100%; height: auto; border: 1px solid rgba(150&comma;150&comma;150&comma;0.3); border-radius: 8px;' src='https:\/\/i.mt.lv\/cdn\/rb_images\/part1081588075052s.jpg' alt='Soporte rack'> <\/a> <\/p>\n<div style='text-align: center; margin-top: 8px; font-size: 14px; color: inherit;'>Soporte de montaje en rack blanco<\/div>\n<\/p><\/div>\n<div style='flex: 1 1 120px; min-width: 120px;'> <a href='https:\/\/i.mt.lv\/cdn\/rb_images\/part1281620030636m.jpg' target='_blank'> <img style='width: 100%; height: auto; border: 1px solid rgba(150&comma;150&comma;150&comma;0.3); border-radius: 8px;' src='https:\/\/i.mt.lv\/cdn\/rb_images\/part1281620030636s.jpg' alt='Kit K-57'> <\/a> <\/p>\n<div style='text-align: center; margin-top: 8px; font-size: 14px; color: inherit;'>Kit K-57<\/div>\n<\/p><\/div>\n<\/p><\/div>\n<p> <!-- Separador --> <\/p>\n<hr style='border: 0; border-top: 1px solid rgba(150&comma; 150&comma; 150&comma; 0.3); margin: 30px 0;'> <\/div>\n","protected":false},"excerpt":{"rendered":"<p>Cloud Core Router 16 Nucleos ARM, 12 puertos Gigabit, 4 SFP+ 10G<\/p>\n","protected":false},"featured_media":90218,"comment_status":"open","ping_status":"closed","template":"","meta":[],"product_brand":[],"product_cat":[2036,2035,2034],"product_tag":[2039,2038,643,664,2037],"class_list":{"0":"post-90219","1":"product","2":"type-product","3":"status-publish","4":"has-post-thumbnail","6":"product_cat-balanceadores","7":"product_cat-firewalls","8":"product_cat-routers","9":"product_tag-balanceadores","10":"product_tag-firewalls","11":"product_tag-mikrotik","12":"product_tag-networking","13":"product_tag-routers","15":"first","16":"outofstock","17":"sale","18":"shipping-taxable","19":"purchasable","20":"product-type-simple"},"_links":{"self":[{"href":"https:\/\/soydeaqui.ddns.net\/pachuca\/index.php\/wp-json\/wp\/v2\/product\/90219","targetHints":{"allow":["GET"]}}],"collection":[{"href":"https:\/\/soydeaqui.ddns.net\/pachuca\/index.php\/wp-json\/wp\/v2\/product"}],"about":[{"href":"https:\/\/soydeaqui.ddns.net\/pachuca\/index.php\/wp-json\/wp\/v2\/types\/product"}],"replies":[{"embeddable":true,"href":"https:\/\/soydeaqui.ddns.net\/pachuca\/index.php\/wp-json\/wp\/v2\/comments?post=90219"}],"wp:featuredmedia":[{"embeddable":true,"href":"https:\/\/soydeaqui.ddns.net\/pachuca\/index.php\/wp-json\/wp\/v2\/media\/90218"}],"wp:attachment":[{"href":"https:\/\/soydeaqui.ddns.net\/pachuca\/index.php\/wp-json\/wp\/v2\/media?parent=90219"}],"wp:term":[{"taxonomy":"product_brand","embeddable":true,"href":"https:\/\/soydeaqui.ddns.net\/pachuca\/index.php\/wp-json\/wp\/v2\/product_brand?post=90219"},{"taxonomy":"product_cat","embeddable":true,"href":"https:\/\/soydeaqui.ddns.net\/pachuca\/index.php\/wp-json\/wp\/v2\/product_cat?post=90219"},{"taxonomy":"product_tag","embeddable":true,"href":"https:\/\/soydeaqui.ddns.net\/pachuca\/index.php\/wp-json\/wp\/v2\/product_tag?post=90219"}],"curies":[{"name":"wp","href":"https:\/\/api.w.org\/{rel}","templated":true}]}}