{"id":90197,"date":"2026-03-20T03:31:35","date_gmt":"2026-03-20T03:31:35","guid":{"rendered":"https:\/\/soydeaqui.ddns.net\/pachuca\/index.php\/producto\/taladro-atornillador-bl-18-v-5-ah-lxt-130-nm-2-velocidades-0-550-0-2100-rpm-incluye-2-baterias-de-18-v-cargador-rapido-2-puntas-doble-y-maletin-makpac\/"},"modified":"2026-03-20T03:31:46","modified_gmt":"2026-03-20T03:31:46","slug":"taladro-atornillador-bl-18-v-5-ah-lxt-130-nm-2-velocidades-0-550-0-2100-rpm-incluye-2-baterias-de-18-v-cargador-rapido-2-puntas-doble-y-maletin-makpac","status":"publish","type":"product","link":"https:\/\/soydeaqui.ddns.net\/pachuca\/index.php\/producto\/taladro-atornillador-bl-18-v-5-ah-lxt-130-nm-2-velocidades-0-550-0-2100-rpm-incluye-2-baterias-de-18-v-cargador-rapido-2-puntas-doble-y-maletin-makpac\/","title":{"rendered":"Taladro Atornillador BL 18 V 5 Ah LXT 130 Nm 2 Velocidades (0-550 0-2100 rpm). Incluye 2 Bater\u00edas de 18 V, Cargador r\u00e1pido, 2 Puntas doble y Malet\u00edn Makpac."},"content":{"rendered":"<div style='width: 100%; max-width: 1200px; margin: 0 auto; font-family: sans-serif; line-height: 1.6; color: inherit; background-color: transparent;'>\n<div style='display: flex; flex-wrap: wrap; gap: 30px; margin-bottom: 30px;'>\n<div style='flex: 1 1 300px; min-width: 280px;'>\n<h3 style='font-size: 22px; border-bottom: 2px solid currentColor; padding-bottom: 5px; margin-top: 0; color: inherit; opacity: 0.8;'>Caracter\u00edsticas destacadas<\/h3>\n<ul style='padding-left: 20px; font-size: 15px; color: inherit;'>\n<li style='margin-bottom: 5px;'>Mayor rendimiento en los trabajos pesados y continuados.<\/li>\n<li style='margin-bottom: 5px;'>El par m\u00e1ximo del embrague se aumenta para poder apretar los tornillos en materiales duros.<\/li>\n<li style='margin-bottom: 5px;'>Dise\u00f1o compacto y ergon\u00f3mico de solo 178 mm de largo.<\/li>\n<li style='margin-bottom: 5px;'>El motor BL sin escobillas entrega 130 Nm de par.<\/li>\n<li style='margin-bottom: 5px;'>El motor BL se controla electr\u00f3nicamente para optimizar el uso de energ\u00eda de la bater\u00eda para un mayor tiempo de funcionamiento por carga.<\/li>\n<li style='margin-bottom: 5px;'>El motor BL elimina las escobillas de carb\u00f3n&comma; evita el sobrecalentamiento y proporciona un funcionamiento m\u00e1s eficiente para una vida m\u00e1s larga.<\/li>\n<li style='margin-bottom: 5px;'>2 velocidades (0-550 y 0-2.100 RPM) para una amplia gama de trabajos de perforaci\u00f3n&comma; atornillado y perforaci\u00f3n con percusi\u00f3n.<\/li>\n<li style='margin-bottom: 5px;'>Todos los engranajes y su carcasa son de metal para una m\u00e1xima vida \u00fatil.<\/li>\n<li style='margin-bottom: 5px;'>Portabrocas autom\u00e1tico de 13 mm totalmente met\u00e1lico para mejorar la resistencia y durabilidad de la broca.<\/li>\n<li style='margin-bottom: 5px;'>Ligero para reducir la fatiga del usuario.<\/li>\n<li style='margin-bottom: 5px;'>21 configuraciones de embrague y modo de perforaci\u00f3n para mayor control de sujeci\u00f3n.<\/li>\n<li style='margin-bottom: 5px;'>El indicador LED de 3 etapas indica el nivel de carga de la bater\u00eda.<\/li>\n<li style='margin-bottom: 5px;'>La tecnolog\u00eda de protecci\u00f3n extrema (XPT) est\u00e1 dise\u00f1ada para mejorar la resistencia al polvo y las salpicaduras de agua para su funcionamiento en condiciones adversas.<\/li>\n<li style='margin-bottom: 5px;'>Las luces LED duales con funci\u00f3n de luminiscencia iluminan el \u00e1rea de trabajo.<\/li>\n<li style='margin-bottom: 5px;'>Freno el\u00e9ctrico para m\u00e1xima productividad.<\/li>\n<li style='margin-bottom: 5px;'>El interruptor de giro reversible est\u00e1 convenientemente ubicado para ser pulsado con un dedo.<\/li>\n<li style='margin-bottom: 0px;'>Portabrocas autom\u00e1tico para una instalaci\u00f3n r\u00e1pida y sencilla de brocas y puntas.<\/li>\n<li style='margin-bottom: 5px;'>Tope de profundidad para una mayor consistencia de perforaci\u00f3n.<\/li>\n<li style='margin-bottom: 5px;'>Gancho reversible y duradero&comma; conveniente para colgar herramientas temporalmente.<\/li>\n<li style='margin-bottom: 5px;'>Circuito de protecci\u00f3n: protege la bater\u00eda contra sobrecarga&comma; sobredescarga y sobrecalentamiento.<\/li>\n<\/ul><\/div>\n<\/p><\/div>\n<div style='display: flex; flex-wrap: wrap; gap: 20px; margin-bottom: 30px;'>\n<div style='flex: 1 1 250px; border: 1px solid rgba(150&comma; 150&comma; 150&comma; 0.4); border-radius: 8px; overflow: hidden; display: flex; flex-direction: column;'>\n<div style='padding: 15px; border-bottom: 1px solid rgba(150&comma; 150&comma; 150&comma; 0.2); font-weight: bold; font-size: 18px; color: inherit;'>Especificaciones<\/div>\n<div style='padding: 15px; color: inherit;'>\n<ul style='padding-left: 20px; margin: 0; font-size: 14px; list-style-type: disc;'>\n<li style='margin-bottom: 5px;'><strong>Tensi\u00f3n de la bater\u00eda:<\/strong> 18V<\/li>\n<li style='margin-bottom: 5px;'><strong>Tipo de bater\u00eda:<\/strong> LXT<\/li>\n<li style='margin-bottom: 5px;'><strong>Motor:<\/strong> BL<\/li>\n<li style='margin-bottom: 5px;'><strong>R.p.m alta:<\/strong> 0 &#8211; 2.100 Rpm<\/li>\n<li style='margin-bottom: 5px;'><strong>R.p.m baja:<\/strong> 0 &#8211; 550 Rpm<\/li>\n<li style='margin-bottom: 5px;'><strong>Posiciones de par de apriete:<\/strong> 21<\/li>\n<li style='margin-bottom: 5px;'><strong>Par m\u00e1x. de apriete junta dura:<\/strong> 130 Nm<\/li>\n<li style='margin-bottom: 5px;'><strong>Par m\u00e1x. de apriete junta blanda:<\/strong> 65 Nm<\/li>\n<li style='margin-bottom: 5px;'><strong>Par m\u00e1x. de embrague:<\/strong> 1&comma;0 &#8211; 12&comma;0 Nm<\/li>\n<li style='margin-bottom: 5px;'><strong>Par m\u00e1x. de apriete estable:<\/strong> 125 Nm<\/li>\n<li style='margin-bottom: 5px;'><strong>Portabrocas autom\u00e1tico:<\/strong> S\u00ed<\/li>\n<li style='margin-bottom: 5px;'><strong>Capacidad portabrocas:<\/strong> 1&comma;5 &#8211; 13 mm<\/li>\n<li style='margin-bottom: 5px;'><strong>Capacidad m\u00e1x. en metal:<\/strong> 13 mm<\/li>\n<li style='margin-bottom: 5px;'><strong>Capacidad m\u00e1x. en madera:<\/strong> 50 mm<\/li>\n<li style='margin-bottom: 5px;'><strong>Peso seg\u00fan EPTA:<\/strong> 2&comma;6 Kg<\/li>\n<li style='margin-bottom: 5px;'><strong>Dimensiones. LxAnxAl:<\/strong> 178 x 81 x 265 mm<\/li>\n<li style='margin-bottom: 5px;'><strong>Velocidades mec\u00e1nicas:<\/strong> 2<\/li>\n<li style='margin-bottom: 5px;'><strong>Velocidad variable (interruptor):<\/strong> S\u00ed<\/li>\n<li style='margin-bottom: 5px;'><strong>Bloqueo del eje:<\/strong> S\u00ed<\/li>\n<li style='margin-bottom: 5px;'><strong>Empu\u00f1adura antideslizante:<\/strong> S\u00ed<\/li>\n<li style='margin-bottom: 5px;'><strong>Iluminaci\u00f3n integrada:<\/strong> S\u00ed<\/li>\n<li style='margin-bottom: 5px;'><strong>Freno el\u00e9ctrico:<\/strong> S\u00ed<\/li>\n<\/ul><\/div>\n<\/p><\/div>\n<\/p><\/div>\n<hr style='border: 0; border-top: 1px solid rgba(150&comma; 150&comma; 150&comma; 0.3); margin: 30px 0;'> <\/div>\n","protected":false},"excerpt":{"rendered":"<p>Taladro Atornillador BL 18 V 5 Ah LXT 130 Nm 2 Velocidades (0-550 0-2100 rpm). Incluye 2 Bater\u00edas de 18 V, Cargador r\u00e1pido, 2 Puntas doble y Malet\u00edn Makpac.<\/p>\n","protected":false},"featured_media":90196,"comment_status":"open","ping_status":"closed","template":"","meta":[],"product_brand":[],"product_cat":[130],"product_tag":[25,131,252],"class_list":{"0":"post-90197","1":"product","2":"type-product","3":"status-publish","4":"has-post-thumbnail","6":"product_cat-herramientas-electricas","7":"product_tag-herramientas","8":"product_tag-herramientas-electricas","9":"product_tag-makita","11":"first","12":"outofstock","13":"sale","14":"shipping-taxable","15":"purchasable","16":"product-type-simple"},"_links":{"self":[{"href":"https:\/\/soydeaqui.ddns.net\/pachuca\/index.php\/wp-json\/wp\/v2\/product\/90197","targetHints":{"allow":["GET"]}}],"collection":[{"href":"https:\/\/soydeaqui.ddns.net\/pachuca\/index.php\/wp-json\/wp\/v2\/product"}],"about":[{"href":"https:\/\/soydeaqui.ddns.net\/pachuca\/index.php\/wp-json\/wp\/v2\/types\/product"}],"replies":[{"embeddable":true,"href":"https:\/\/soydeaqui.ddns.net\/pachuca\/index.php\/wp-json\/wp\/v2\/comments?post=90197"}],"wp:featuredmedia":[{"embeddable":true,"href":"https:\/\/soydeaqui.ddns.net\/pachuca\/index.php\/wp-json\/wp\/v2\/media\/90196"}],"wp:attachment":[{"href":"https:\/\/soydeaqui.ddns.net\/pachuca\/index.php\/wp-json\/wp\/v2\/media?parent=90197"}],"wp:term":[{"taxonomy":"product_brand","embeddable":true,"href":"https:\/\/soydeaqui.ddns.net\/pachuca\/index.php\/wp-json\/wp\/v2\/product_brand?post=90197"},{"taxonomy":"product_cat","embeddable":true,"href":"https:\/\/soydeaqui.ddns.net\/pachuca\/index.php\/wp-json\/wp\/v2\/product_cat?post=90197"},{"taxonomy":"product_tag","embeddable":true,"href":"https:\/\/soydeaqui.ddns.net\/pachuca\/index.php\/wp-json\/wp\/v2\/product_tag?post=90197"}],"curies":[{"name":"wp","href":"https:\/\/api.w.org\/{rel}","templated":true}]}}