{"id":90132,"date":"2026-03-20T03:28:44","date_gmt":"2026-03-20T03:28:44","guid":{"rendered":"https:\/\/soydeaqui.ddns.net\/pachuca\/index.php\/producto\/llave-de-impacto-bl-40-v-max-xgt-3-4-4-velocidades-electricas-0-a-1900-2200-2400-0-a-2500-ipm-incluye-2-baterias-li-ion-cargador-rapido-y-maletin-makpac\/"},"modified":"2026-03-20T03:28:58","modified_gmt":"2026-03-20T03:28:58","slug":"llave-de-impacto-bl-40-v-max-xgt-3-4-4-velocidades-electricas-0-a-1900-2200-2400-0-a-2500-ipm-incluye-2-baterias-li-ion-cargador-rapido-y-maletin-makpac","status":"publish","type":"product","link":"https:\/\/soydeaqui.ddns.net\/pachuca\/index.php\/producto\/llave-de-impacto-bl-40-v-max-xgt-3-4-4-velocidades-electricas-0-a-1900-2200-2400-0-a-2500-ipm-incluye-2-baterias-li-ion-cargador-rapido-y-maletin-makpac\/","title":{"rendered":"Llave de Impacto BL 40 V m\u00e1x. XGT 3\/4&#8243; 4 Velocidades el\u00e9ctricas 0 A 1900-2200-2400- 0 a 2500 ipm. Incluye 2 bater\u00edas Li-ION, cargador r\u00e1pido y malet\u00edn Makpac."},"content":{"rendered":"<div style='width: 100%; max-width: 1200px; margin: 0 auto; font-family: sans-serif; line-height: 1.6; color: inherit; background-color: transparent;'> <!-- Imagen --> <\/p>\n<div style='display: flex; justify-content: center; margin-bottom: 30px;'> <img style='width: 100%; max-width: 400px; height: auto; border: 1px solid rgba(150&comma;150&comma;150&comma;0.3); border-radius: 8px;' src='https:\/\/ftp3.syscom.mx\/usuarios\/nortega\/makita\/imagenes\/makita.png' alt=''> <\/div>\n<p> <!-- Secci\u00f3n de caracter\u00edsticas destacadas --> <\/p>\n<div style='margin-bottom: 30px;'>\n<h3 style='font-size: 22px; border-bottom: 2px solid currentColor; padding-bottom: 5px; margin-top: 0; color: inherit; opacity: 0.8;'>Caracter\u00edsticas destacadas<\/h3>\n<ul style='padding-left: 20px; font-size: 15px; color: inherit;'>\n<li style='margin-bottom: 5px;'>Para m\u00e1s alto y tama\u00f1o m\u00e1s compacto que el modelo DTW1001.<\/li>\n<li style='margin-bottom: 5px;'>4 velocidades el\u00e9ctricas para mayor versatilidad.<\/li>\n<li style='margin-bottom: 5px;'>3 modos de tiempo de reacci\u00f3n para parada autom\u00e1tica disponibles tanto en modo de rotaci\u00f3n hacia adelante como hacia atr\u00e1s.<\/li>\n<li style='margin-bottom: 5px;'>Interruptor de gatillo como modelo de velocidad completa para menos fatiga en manos y dedos.<\/li>\n<li style='margin-bottom: 5px;'>El modo de parada autom\u00e1tica de rotaci\u00f3n inversa se detiene despu\u00e9s de que el tornillo\/tuerca se afloje lo suficiente.<\/li>\n<li style='margin-bottom: 5px;'>Luz de trabajo LED doble con funciones de preluminiscencia y luminiscencia.<\/li>\n<li style='margin-bottom: 5px;'>El motor BL ofrece 1.800 Nm de par de apriete m\u00e1ximo y 2.050 Nm de par para aflojar tuercas.<\/li>\n<li style='margin-bottom: 5px;'>El motor BL est\u00e1 controlado electr\u00f3nicamente para optimizar el uso de energ\u00eda de la bater\u00eda para un mayor tiempo de trabajo por carga.<\/li>\n<\/ul><\/div>\n<p> <!-- Separador --> <\/p>\n<hr style='border: 0; border-top: 1px solid rgba(150&comma; 150&comma; 150&comma; 0.3); margin: 30px 0;'> <!-- Secci\u00f3n de especificaciones --> <\/p>\n<div style='margin-bottom: 30px;'>\n<h3 style='font-size: 22px; border-bottom: 2px solid currentColor; padding-bottom: 5px; margin-top: 0; color: inherit; opacity: 0.8;'>Especificaciones<\/h3>\n<div style='display: flex; flex-wrap: wrap; gap: 20px; margin-top: 20px;'>\n<div style='flex: 1 1 250px; border: 1px solid rgba(150&comma; 150&comma; 150&comma; 0.4); border-radius: 8px; overflow: hidden; display: flex; flex-direction: column;'>\n<div style='padding: 15px; border-bottom: 1px solid rgba(150&comma; 150&comma; 150&comma; 0.2); font-weight: bold; font-size: 18px; color: inherit;'>Caracter\u00edsticas el\u00e9ctricas<\/div>\n<div style='padding: 15px; color: inherit;'>\n<ul style='padding-left: 20px; margin: 0; font-size: 14px; list-style-type: disc;'>\n<li style='margin-bottom: 5px;'><strong>Tensi\u00f3n de la bater\u00eda:<\/strong> 40 V m\u00e1x<\/li>\n<li style='margin-bottom: 5px;'><strong>Tipo de bater\u00eda:<\/strong> XGT<\/li>\n<li style='margin-bottom: 5px;'><strong>N\u00ba de Bater\u00edas:<\/strong> No incluida<\/li>\n<li style='margin-bottom: 5px;'><strong>Amperaje de la bater\u00eda:<\/strong> 4&comma;0 Ah<\/li>\n<li style='margin-bottom: 5px;'><strong>Motot:<\/strong> BL<\/li>\n<\/ul><\/div>\n<\/p><\/div>\n<div style='flex: 1 1 250px; border: 1px solid rgba(150&comma; 150&comma; 150&comma; 0.4); border-radius: 8px; overflow: hidden; display: flex; flex-direction: column;'>\n<div style='padding: 15px; border-bottom: 1px solid rgba(150&comma; 150&comma; 150&comma; 0.2); font-weight: bold; font-size: 18px; color: inherit;'>Velocidades<\/div>\n<div style='padding: 15px; color: inherit;'>\n<ul style='padding-left: 20px; margin: 0; font-size: 14px; list-style-type: disc;'>\n<li style='margin-bottom: 5px;'><strong>R.p.m:<\/strong> 0 &#8211; 1.800 Rpm<\/li>\n<li style='margin-bottom: 5px;'><strong>R.p.m alta:<\/strong> 0 &#8211; 1.400 Rpm<\/li>\n<li style='margin-bottom: 5px;'><strong>R.p.m media:<\/strong> 0 &#8211; 1.150 Rpm<\/li>\n<li style='margin-bottom: 5px;'><strong>R.p.m baja:<\/strong> 0 &#8211; 950 Rpm<\/li>\n<li style='margin-bottom: 5px;'><strong>l.p.m:<\/strong> 0 &#8211; 2.500 ipm<\/li>\n<li style='margin-bottom: 5px;'><strong>l.p.m alta:<\/strong> 0 &#8211; 2.400 ipm<\/li>\n<li style='margin-bottom: 5px;'><strong>l.p.m media:<\/strong> 0 &#8211; 2.200 ipm<\/li>\n<li style='margin-bottom: 5px;'><strong>l.p.m baja:<\/strong> 0 &#8211; 1.900 ipm<\/li>\n<\/ul><\/div>\n<\/p><\/div>\n<div style='flex: 1 1 250px; border: 1px solid rgba(150&comma; 150&comma; 150&comma; 0.4); border-radius: 8px; overflow: hidden; display: flex; flex-direction: column;'>\n<div style='padding: 15px; border-bottom: 1px solid rgba(150&comma; 150&comma; 150&comma; 0.2); font-weight: bold; font-size: 18px; color: inherit;'>Caracter\u00edsticas mec\u00e1nicas<\/div>\n<div style='padding: 15px; color: inherit;'>\n<ul style='padding-left: 20px; margin: 0; font-size: 14px; list-style-type: disc;'>\n<li style='margin-bottom: 5px;'><strong>Par m\u00e1x. de apriete:<\/strong> 1.800 Nm<\/li>\n<li style='margin-bottom: 5px;'><strong>Par m\u00e1x. de rotura (desapriete):<\/strong> 2.050 Nm<\/li>\n<li style='margin-bottom: 5px;'><strong>Inserci\u00f3n:<\/strong> 3\/4<\/li>\n<li style='margin-bottom: 5px;'><strong>Velocidad variable (interruptor):<\/strong> S\u00ed<\/li>\n<li style='margin-bottom: 5px;'><strong>Freno el\u00e9ctrico:<\/strong> S\u00ed<\/li>\n<li style='margin-bottom: 5px;'><strong>Iluminaci\u00f3n integrada:<\/strong> S\u00ed<\/li>\n<li style='margin-bottom: 5px;'><strong>Presi\u00f3n sonora:<\/strong> 100&comma;00 dB (A)<\/li>\n<\/ul><\/div>\n<\/p><\/div>\n<\/p><\/div>\n<\/p><\/div>\n<\/p><\/div>\n","protected":false},"excerpt":{"rendered":"<p>Llave de Impacto BL 40 V m\u00e1x. XGT 3\/4&#8243; 4 Velocidades el\u00e9ctricas 0 A 1900-2200-2400- 0 a 2500 ipm. Incluye 2 bater\u00edas Li-ION, cargador r\u00e1pido y malet\u00edn Makpac.<\/p>\n","protected":false},"featured_media":90131,"comment_status":"open","ping_status":"closed","template":"","meta":[],"product_brand":[],"product_cat":[130],"product_tag":[25,131,252],"class_list":{"0":"post-90132","1":"product","2":"type-product","3":"status-publish","4":"has-post-thumbnail","6":"product_cat-herramientas-electricas","7":"product_tag-herramientas","8":"product_tag-herramientas-electricas","9":"product_tag-makita","11":"first","12":"outofstock","13":"sale","14":"shipping-taxable","15":"purchasable","16":"product-type-simple"},"_links":{"self":[{"href":"https:\/\/soydeaqui.ddns.net\/pachuca\/index.php\/wp-json\/wp\/v2\/product\/90132","targetHints":{"allow":["GET"]}}],"collection":[{"href":"https:\/\/soydeaqui.ddns.net\/pachuca\/index.php\/wp-json\/wp\/v2\/product"}],"about":[{"href":"https:\/\/soydeaqui.ddns.net\/pachuca\/index.php\/wp-json\/wp\/v2\/types\/product"}],"replies":[{"embeddable":true,"href":"https:\/\/soydeaqui.ddns.net\/pachuca\/index.php\/wp-json\/wp\/v2\/comments?post=90132"}],"wp:featuredmedia":[{"embeddable":true,"href":"https:\/\/soydeaqui.ddns.net\/pachuca\/index.php\/wp-json\/wp\/v2\/media\/90131"}],"wp:attachment":[{"href":"https:\/\/soydeaqui.ddns.net\/pachuca\/index.php\/wp-json\/wp\/v2\/media?parent=90132"}],"wp:term":[{"taxonomy":"product_brand","embeddable":true,"href":"https:\/\/soydeaqui.ddns.net\/pachuca\/index.php\/wp-json\/wp\/v2\/product_brand?post=90132"},{"taxonomy":"product_cat","embeddable":true,"href":"https:\/\/soydeaqui.ddns.net\/pachuca\/index.php\/wp-json\/wp\/v2\/product_cat?post=90132"},{"taxonomy":"product_tag","embeddable":true,"href":"https:\/\/soydeaqui.ddns.net\/pachuca\/index.php\/wp-json\/wp\/v2\/product_tag?post=90132"}],"curies":[{"name":"wp","href":"https:\/\/api.w.org\/{rel}","templated":true}]}}