{"id":90126,"date":"2026-03-20T03:28:28","date_gmt":"2026-03-20T03:28:28","guid":{"rendered":"https:\/\/soydeaqui.ddns.net\/pachuca\/index.php\/producto\/atornillador-de-impacto-bl-40-v-max-xgt-220-nm-de-par-de-apriete-con-luz-sin-baterias-sin-cargador-y-sin-maletin-en-equipo-basico\/"},"modified":"2026-03-20T03:28:36","modified_gmt":"2026-03-20T03:28:36","slug":"atornillador-de-impacto-bl-40-v-max-xgt-220-nm-de-par-de-apriete-con-luz-sin-baterias-sin-cargador-y-sin-maletin-en-equipo-basico","status":"publish","type":"product","link":"https:\/\/soydeaqui.ddns.net\/pachuca\/index.php\/producto\/atornillador-de-impacto-bl-40-v-max-xgt-220-nm-de-par-de-apriete-con-luz-sin-baterias-sin-cargador-y-sin-maletin-en-equipo-basico\/","title":{"rendered":"Atornillador de Impacto BL 40 V m\u00e1x. XGT 220 Nm de par de apriete, con Luz.  Sin bater\u00edas, sin cargador y sin malet\u00edn en equipo b\u00e1sico."},"content":{"rendered":"<div style='width: 100%; max-width: 1200px; margin: 0 auto; font-family: sans-serif; line-height: 1.6; color: inherit; background-color: transparent;'> <!-- Imagen --> <\/p>\n<div style='display: flex; justify-content: center; margin-bottom: 30px;'> <img style='width: 100%; max-width: 400px; height: auto; border: 1px solid rgba(150&comma;150&comma;150&comma;0.3); border-radius: 8px;' src='https:\/\/ftp3.syscom.mx\/usuarios\/nortega\/makita\/imagenes\/makita.png' alt=''> <\/div>\n<p> <!-- Caracter\u00edsticas destacadas --> <\/p>\n<div style='margin-bottom: 30px;'>\n<h3 style='font-size: 22px; border-bottom: 2px solid currentColor; padding-bottom: 5px; margin-top: 0; color: inherit; opacity: 0.8;'>Caracter\u00edsticas destacadas<\/h3>\n<ul style='padding-left: 20px; font-size: 15px; color: inherit;'>\n<li style='margin-bottom: 5px;'>Alta potencia 220 Nm. Soluci\u00f3n a bater\u00eda para trabajos industriales.<\/li>\n<li style='margin-bottom: 5px;'>Capaz de apretar continuamente tornillos de alta resistencia&comma; como tornillos de apriete o tornillos autoperforantes.<\/li>\n<li style='margin-bottom: 5px;'>Ofrece hasta un 50% m\u00e1s de velocidad en el trabajo que DTD171.<\/li>\n<li style='margin-bottom: 5px;'>10 modos de apriete para una amplia gama de aplicaciones; Selecci\u00f3n de potencia de 4 velocidades m\u00e1s 6 modos de asistencia (2 modos metal grueso\/ fino&comma; 1 modo madera&comma; 3 modos de atornillado).<\/li>\n<li style='margin-bottom: 5px;'>Modos de atornillado mejorados para mayor comodidad.<\/li>\n<li style='margin-bottom: 5px;'>La electr\u00f3nica constante mantiene el par de apriete evitando la reducci\u00f3n de la velocidad de rotaci\u00f3n cuando la carga de la bater\u00eda es baja.<\/li>\n<li style='margin-bottom: 5px;'>Nuevo modo de instalaci\u00f3n de puntas con un solo movimiento.<\/li>\n<li style='margin-bottom: 5px;'>El selector de velocidad de un toque proporciona un control de fijaci\u00f3n preciso para una amplia gama de aplicaciones.<\/li>\n<li style='margin-bottom: 5px;'>El cambio de material del rodamiento de agujas al rodamiento de bolas reduce la oscilaci\u00f3n de la punta.<\/li>\n<li style='margin-bottom: 5px;'>Control de velocidad variable por gatillo para una fijaci\u00f3n precisa en una amplia variedad de aplicaciones.<\/li>\n<li style='margin-bottom: 5px;'><span style='font-weight: bold; color: inherit;'>Luz LED<\/span> incorporada ilumina el \u00e1rea de trabajo.<\/li>\n<li style='margin-bottom: 5px;'>El parachoques fosforescente brilla en lugares oscuros.<\/li>\n<li style='margin-bottom: 5px;'>Mango de dise\u00f1o ergon\u00f3mico con agarre suave de goma para mayor comodidad.<\/li>\n<li style='margin-bottom: 5px;'>El interruptor de inversi\u00f3n de giro est\u00e1 convenientemente ubicado.<\/li>\n<li style='margin-bottom: 5px;'>Freno el\u00e9ctrico para m\u00e1xima productividad.<\/li>\n<\/ul><\/div>\n<p> <!-- Especificaciones --> <\/p>\n<div style='margin-bottom: 30px;'>\n<h3 style='font-size: 22px; border-bottom: 2px solid currentColor; padding-bottom: 5px; margin-top: 0; color: inherit; opacity: 0.8;'>Especificaciones<\/h3>\n<div style='display: flex; flex-wrap: wrap; gap: 20px;'>\n<div style='flex: 1 1 250px; border: 1px solid rgba(150&comma; 150&comma; 150&comma; 0.4); border-radius: 8px; overflow: hidden; display: flex; flex-direction: column;'>\n<div style='padding: 15px; border-bottom: 1px solid rgba(150&comma; 150&comma; 150&comma; 0.2); font-weight: bold; font-size: 18px; color: inherit;'>Caracter\u00edsticas el\u00e9ctricas<\/div>\n<div style='padding: 15px; color: inherit;'>\n<ul style='padding-left: 20px; margin: 0; font-size: 14px; list-style-type: disc;'>\n<li style='margin-bottom: 5px;'><strong>Tensi\u00f3n de la bater\u00eda:<\/strong> 40 V m\u00e1x<\/li>\n<li style='margin-bottom: 5px;'><strong>Tipo de bater\u00eda:<\/strong> XGT<\/li>\n<li style='margin-bottom: 5px;'><strong>Motor:<\/strong> BL<\/li>\n<li style='margin-bottom: 5px;'><strong>Indicador de carga de bater\u00eda:<\/strong> S\u00ed<\/li>\n<\/ul><\/div>\n<\/p><\/div>\n<div style='flex: 1 1 250px; border: 1px solid rgba(150&comma; 150&comma; 150&comma; 0.4); border-radius: 8px; overflow: hidden; display: flex; flex-direction: column;'>\n<div style='padding: 15px; border-bottom: 1px solid rgba(150&comma; 150&comma; 150&comma; 0.2); font-weight: bold; font-size: 18px; color: inherit;'>Rendimiento<\/div>\n<div style='padding: 15px; color: inherit;'>\n<ul style='padding-left: 20px; margin: 0; font-size: 14px; list-style-type: disc;'>\n<li style='margin-bottom: 5px;'><strong>Par m\u00e1x. de apriete:<\/strong> 220 Nm<\/li>\n<li style='margin-bottom: 5px;'><strong>Capacidad m\u00e1x en metal:<\/strong> 22 mm<\/li>\n<li style='margin-bottom: 5px;'><strong>Capacidad m\u00e1x. en madera:<\/strong> 24 mm<\/li>\n<li style='margin-bottom: 5px;'><strong>Inserci\u00f3n:<\/strong> 1\/4&#8242;<\/li>\n<\/ul><\/div>\n<\/p><\/div>\n<div style='flex: 1 1 250px; border: 1px solid rgba(150&comma; 150&comma; 150&comma; 0.4); border-radius: 8px; overflow: hidden; display: flex; flex-direction: column;'>\n<div style='padding: 15px; border-bottom: 1px solid rgba(150&comma; 150&comma; 150&comma; 0.2); font-weight: bold; font-size: 18px; color: inherit;'>Velocidades<\/div>\n<div style='padding: 15px; color: inherit;'>\n<ul style='padding-left: 20px; margin: 0; font-size: 14px; list-style-type: disc;'>\n<li style='margin-bottom: 5px;'><strong>R.p.m:<\/strong> 0 &#8211; 3.700<\/li>\n<li style='margin-bottom: 5px;'><strong>R.p.m alta:<\/strong> 0 &#8211; 3.200<\/li>\n<li style='margin-bottom: 5px;'><strong>R.p.m media:<\/strong> 0 &#8211; 2.100<\/li>\n<li style='margin-bottom: 5px;'><strong>R.p.m baja:<\/strong> 0 &#8211; 1.100<\/li>\n<\/ul><\/div>\n<\/p><\/div>\n<div style='flex: 1 1 250px; border: 1px solid rgba(150&comma; 150&comma; 150&comma; 0.4); border-radius: 8px; overflow: hidden; display: flex; flex-direction: column;'>\n<div style='padding: 15px; border-bottom: 1px solid rgba(150&comma; 150&comma; 150&comma; 0.2); font-weight: bold; font-size: 18px; color: inherit;'>Impacto<\/div>\n<div style='padding: 15px; color: inherit;'>\n<ul style='padding-left: 20px; margin: 0; font-size: 14px; list-style-type: disc;'>\n<li style='margin-bottom: 5px;'><strong>I.p.m:<\/strong> 0 &#8211; 4.400<\/li>\n<li style='margin-bottom: 5px;'><strong>I.p.m alta:<\/strong> 0 &#8211; 3.600<\/li>\n<li style='margin-bottom: 5px;'><strong>I.p.m media:<\/strong> 0 &#8211; 2.600<\/li>\n<li style='margin-bottom: 5px;'><strong>I.p.m baja:<\/strong> 0 &#8211; 1.100<\/li>\n<\/ul><\/div>\n<\/p><\/div>\n<div style='flex: 1 1 250px; border: 1px solid rgba(150&comma; 150&comma; 150&comma; 0.4); border-radius: 8px; overflow: hidden; display: flex; flex-direction: column;'>\n<div style='padding: 15px; border-bottom: 1px solid rgba(150&comma; 150&comma; 150&comma; 0.2); font-weight: bold; font-size: 18px; color: inherit;'>Caracter\u00edsticas f\u00edsicas<\/div>\n<div style='padding: 15px; color: inherit;'>\n<ul style='padding-left: 20px; margin: 0; font-size: 14px; list-style-type: disc;'>\n<li style='margin-bottom: 5px;'><strong>Gancho para el cintur\u00f3n:<\/strong> S\u00ed<\/li>\n<li style='margin-bottom: 5px;'><strong>Protecci\u00f3n contra sobrecarga:<\/strong> S\u00ed<\/li>\n<li style='margin-bottom: 5px;'><strong>Velocidad variable (interruptor):<\/strong> S\u00ed<\/li>\n<li style='margin-bottom: 5px;'><strong>Freno mec\u00e1nico:<\/strong> S\u00ed<\/li>\n<li style='margin-bottom: 5px;'><strong>Freno el\u00e9ctrico:<\/strong> S\u00ed<\/li>\n<li style='margin-bottom: 5px;'><strong>Iluminaci\u00f3n integrada:<\/strong> S\u00ed<\/li>\n<\/ul><\/div>\n<\/p><\/div>\n<div style='flex: 1 1 250px; border: 1px solid rgba(150&comma; 150&comma; 150&comma; 0.4); border-radius: 8px; overflow: hidden; display: flex; flex-direction: column;'>\n<div style='padding: 15px; border-bottom: 1px solid rgba(150&comma; 150&comma; 150&comma; 0.2); font-weight: bold; font-size: 18px; color: inherit;'>Ruido<\/div>\n<div style='padding: 15px; color: inherit;'>\n<ul style='padding-left: 20px; margin: 0; font-size: 14px; list-style-type: disc;'>\n<li style='margin-bottom: 5px;'><strong>Presi\u00f3n sonora:<\/strong> 96&comma;00 dB(A)<\/li>\n<li style='margin-bottom: 5px;'><strong>Potencia sonora:<\/strong> 107&comma;00 dB(A)<\/li>\n<li style='margin-bottom: 5px;'><strong>Incertidumbre (K) sonora:<\/strong> 3&comma;00 dB(A)<\/li>\n<\/ul><\/div>\n<\/p><\/div>\n<\/p><\/div>\n<\/p><\/div>\n<p> <!-- Separador --> <\/p>\n<hr style='border: 0; border-top: 1px solid rgba(150&comma; 150&comma; 150&comma; 0.3); margin: 30px 0;'> <\/div>\n","protected":false},"excerpt":{"rendered":"<p>Atornillador de Impacto BL 40 V m\u00e1x. XGT 220 Nm de par de apriete, con Luz.  Sin bater\u00edas, sin cargador y sin malet\u00edn en equipo b\u00e1sico.<\/p>\n","protected":false},"featured_media":90125,"comment_status":"open","ping_status":"closed","template":"","meta":[],"product_brand":[],"product_cat":[130],"product_tag":[25,131,252],"class_list":{"0":"post-90126","1":"product","2":"type-product","3":"status-publish","4":"has-post-thumbnail","6":"product_cat-herramientas-electricas","7":"product_tag-herramientas","8":"product_tag-herramientas-electricas","9":"product_tag-makita","11":"first","12":"outofstock","13":"sale","14":"shipping-taxable","15":"purchasable","16":"product-type-simple"},"_links":{"self":[{"href":"https:\/\/soydeaqui.ddns.net\/pachuca\/index.php\/wp-json\/wp\/v2\/product\/90126","targetHints":{"allow":["GET"]}}],"collection":[{"href":"https:\/\/soydeaqui.ddns.net\/pachuca\/index.php\/wp-json\/wp\/v2\/product"}],"about":[{"href":"https:\/\/soydeaqui.ddns.net\/pachuca\/index.php\/wp-json\/wp\/v2\/types\/product"}],"replies":[{"embeddable":true,"href":"https:\/\/soydeaqui.ddns.net\/pachuca\/index.php\/wp-json\/wp\/v2\/comments?post=90126"}],"wp:featuredmedia":[{"embeddable":true,"href":"https:\/\/soydeaqui.ddns.net\/pachuca\/index.php\/wp-json\/wp\/v2\/media\/90125"}],"wp:attachment":[{"href":"https:\/\/soydeaqui.ddns.net\/pachuca\/index.php\/wp-json\/wp\/v2\/media?parent=90126"}],"wp:term":[{"taxonomy":"product_brand","embeddable":true,"href":"https:\/\/soydeaqui.ddns.net\/pachuca\/index.php\/wp-json\/wp\/v2\/product_brand?post=90126"},{"taxonomy":"product_cat","embeddable":true,"href":"https:\/\/soydeaqui.ddns.net\/pachuca\/index.php\/wp-json\/wp\/v2\/product_cat?post=90126"},{"taxonomy":"product_tag","embeddable":true,"href":"https:\/\/soydeaqui.ddns.net\/pachuca\/index.php\/wp-json\/wp\/v2\/product_tag?post=90126"}],"curies":[{"name":"wp","href":"https:\/\/api.w.org\/{rel}","templated":true}]}}