{"id":90122,"date":"2026-03-20T03:28:15","date_gmt":"2026-03-20T03:28:15","guid":{"rendered":"https:\/\/soydeaqui.ddns.net\/pachuca\/index.php\/producto\/switch-industrial-poe-y-pasivo-de-24v-no-administrable-con-6-puertos-gigabit-2-sfp-combo\/"},"modified":"2026-03-20T03:28:18","modified_gmt":"2026-03-20T03:28:18","slug":"switch-industrial-poe-y-pasivo-de-24v-no-administrable-con-6-puertos-gigabit-2-sfp-combo","status":"publish","type":"product","link":"https:\/\/soydeaqui.ddns.net\/pachuca\/index.php\/producto\/switch-industrial-poe-y-pasivo-de-24v-no-administrable-con-6-puertos-gigabit-2-sfp-combo\/","title":{"rendered":"Switch Industrial PoE++ y pasivo de 24V, no administrable con 6 puertos Gigabit + 2 SFP combo"},"content":{"rendered":"<div style='width: 100%; max-width: 1200px; margin: 0 auto; font-family: sans-serif; line-height: 1.6; color: inherit; background-color: transparent;'>\n<div style='margin-bottom: 30px;'>\n<h4 style='font-size: 18px; color: inherit; opacity: 0.8; margin-top: 0; margin-bottom: 15px;'> Switch industrial PoE Gigabit con 8 puertos GE + 2 SFP combo. Proporciona 10 puertos Ethernet 10\/100\/1000 Mbps&comma; 2 puertos SFP 1000 Mbps (Uplink). El switch proporciona hasta 4 Mbit de cach\u00e9&comma; admite transmisi\u00f3n de video de alta definici\u00f3n 4K; Temperatura de trabajo -40 \u2103 a 80 \u2103&comma; fuerte nivel de protecci\u00f3n contra rayos. Satisface plenamente las necesidades del proyecto de videovigilancia de seguridad. <\/h4>\n<\/p><\/div>\n<div style='display: flex; flex-wrap: wrap; gap: 30px; margin-bottom: 30px;'>\n<div style='flex: 1 1 300px; min-width: 280px;'> <img style='width: 100%; height: auto; border: 1px solid rgba(150&comma;150&comma;150&comma;0.3); border-radius: 8px;' src='https:\/\/ftp3.syscom.mx\/usuarios\/fotos\/WIPS310GFIV2\/193442-dsc_0005(4)_-_copia.png' alt='Switch Industrial PoE'> <\/div>\n<\/p><\/div>\n<div style='margin-bottom: 30px;'>\n<h2 style='font-size: 24px; color: inherit; margin-top: 0; margin-bottom: 15px;'>Switch Industrial PoE no administrable<\/h2>\n<ul style='padding-left: 20px; font-size: 15px; color: inherit;'>\n<li style='margin-bottom: 5px;'>10 Puerto RJ45 10\/100\/1000 Mbps (<strong>8 Puertos PoE<\/strong>)<\/li>\n<li style='margin-bottom: 5px;'>2 Puertos SFP combo 10\/100\/1000 Mbps<\/li>\n<li style='margin-bottom: 5px;'>Puerto 1-2 admite detecci\u00f3n autom\u00e1tica de PoE 24V \/ 802.3af\/at<\/li>\n<li style='margin-bottom: 5px;'>Puerto 3-4 soporta PoE 802.3af\/at\/bt 60W PoE<\/li>\n<li style='margin-bottom: 5px;'>Puerto 5-8 soporta PoE 802.3af\/at 30 W<\/li>\n<li style='margin-bottom: 5px;'>Soporta PoE de largo alcance <strong>Hasta 250 metros<\/strong><\/li>\n<li style='margin-bottom: 5px;'>Rango amplio de temperatura: <strong>-40 a 80 \u00b0C<\/strong><\/li>\n<li style='margin-bottom: 5px;'>Funci\u00f3n de anillo r\u00e1pido<\/li>\n<li style='margin-bottom: 5px;'>Smart PoE Watchdog<\/li>\n<\/ul><\/div>\n<div style='display: flex; flex-wrap: wrap; gap: 20px; margin-bottom: 30px;'>\n<div style='flex: 1 1 250px; border: 1px solid rgba(150&comma; 150&comma; 150&comma; 0.4); border-radius: 8px; overflow: hidden; display: flex; flex-direction: column;'>\n<div style='padding: 15px; border-bottom: 1px solid rgba(150&comma; 150&comma; 150&comma; 0.2); font-weight: bold; font-size: 18px; color: inherit;'>Caracter\u00edsticas principales<\/div>\n<div style='padding: 15px; color: inherit;'>\n<ul style='padding-left: 20px; margin: 0; font-size: 14px; list-style-type: disc;'>\n<li style='margin-bottom: 5px;'><strong>Dimensiones:<\/strong> 200 mm * 140 mm * 50 mm (largo * ancho * alto)<\/li>\n<li style='margin-bottom: 5px;'><strong>Consumo m\u00e1ximo propio:<\/strong> 15W<\/li>\n<li style='margin-bottom: 5px;'><strong>Administraci\u00f3n:<\/strong> No administrable<\/li>\n<li style='margin-bottom: 5px;'><strong>Capacidad de conmutaci\u00f3n:<\/strong> 14.9 Mpps<\/li>\n<li style='margin-bottom: 5px;'><strong>Tabla de direcciones MAC:<\/strong> 8K<\/li>\n<li style='margin-bottom: 5px;'><strong>Certificaciones:<\/strong> CE&comma; FCC&comma; RoHS<\/li>\n<li style='margin-bottom: 5px;'><strong>Ancho de banda:<\/strong> 24 Gbps<\/li>\n<\/ul><\/div>\n<\/p><\/div>\n<div style='flex: 1 1 250px; border: 1px solid rgba(150&comma; 150&comma; 150&comma; 0.4); border-radius: 8px; overflow: hidden; display: flex; flex-direction: column;'>\n<div style='padding: 15px; border-bottom: 1px solid rgba(150&comma; 150&comma; 150&comma; 0.2); font-weight: bold; font-size: 18px; color: inherit;'>Caracter\u00edsticas F\u00edsicas y El\u00e9ctricas<\/div>\n<div style='padding: 15px; color: inherit;'>\n<ul style='padding-left: 20px; margin: 0; font-size: 14px; list-style-type: disc;'>\n<li style='margin-bottom: 5px;'><strong>Alimentaci\u00f3n CD:<\/strong> 12-37 8A Max sin PoE&comma; 37-57 8A Max con PoE<\/li>\n<li style='margin-bottom: 5px;'><strong>Conexi\u00f3n de fuente:<\/strong> V1 P+\/P- \u00f3 V2 P+\/P-<\/li>\n<li style='margin-bottom: 5px;'><strong>Ventilador:<\/strong> S\u00ed<\/li>\n<li style='margin-bottom: 5px;'><strong>Temperatura de operaci\u00f3n:<\/strong> -40 a 80 \u2103<\/li>\n<li style='margin-bottom: 5px;'><strong>Temperatura de almacenamiento:<\/strong> -40 a 90 \u2103<\/li>\n<\/ul><\/div>\n<\/p><\/div>\n<div style='flex: 1 1 250px; border: 1px solid rgba(150&comma; 150&comma; 150&comma; 0.4); border-radius: 8px; overflow: hidden; display: flex; flex-direction: column;'>\n<div style='padding: 15px; border-bottom: 1px solid rgba(150&comma; 150&comma; 150&comma; 0.2); font-weight: bold; font-size: 18px; color: inherit;'>Caracter\u00edsticas de Red<\/div>\n<div style='padding: 15px; color: inherit;'>\n<ul style='padding-left: 20px; margin: 0; font-size: 14px; list-style-type: disc;'>\n<li style='margin-bottom: 5px;'>10 Puertos Gigabit Ethernet<\/li>\n<li style='margin-bottom: 5px;'>2 Puertos SFP Gigabit combo<\/li>\n<li style='margin-bottom: 5px;'>Aprendizaje autom\u00e1tico de direcciones MAC<\/li>\n<li style='margin-bottom: 5px;'>IPv4<\/li>\n<\/ul><\/div>\n<\/p><\/div>\n<\/p><\/div>\n<hr style='border: 0; border-top: 1px solid rgba(150&comma; 150&comma; 150&comma; 0.3); margin: 30px 0;'>\n<div style='margin-bottom: 30px;'>\n<h3 style='font-size: 20px; color: inherit; margin-top: 0; margin-bottom: 15px;'><strong>Diagrama de aplicaci\u00f3n<\/strong><\/h3>\n<p> <img style='width: 100%; height: auto; border: 1px solid rgba(150&comma;150&comma;150&comma;0.3); border-radius: 8px;' src='https:\/\/ftp3.syscom.mx\/usuarios\/fotos\/WIPS310GFIV2\/193442-wips310gfiv2_(4).png' alt='Diagrama de aplicaci\u00f3n'> <\/div>\n<\/p><\/div>\n","protected":false},"excerpt":{"rendered":"<p>Switch Industrial PoE++ y pasivo de 24V, no administrable con 6 puertos Gigabit + 2 SFP combo<\/p>\n","protected":false},"featured_media":90121,"comment_status":"open","ping_status":"closed","template":"","meta":[],"product_brand":[],"product_cat":[1986],"product_tag":[664,1987,1262],"class_list":{"0":"post-90122","1":"product","2":"type-product","3":"status-publish","4":"has-post-thumbnail","6":"product_cat-switches-poe","7":"product_tag-networking","8":"product_tag-switches-poe","9":"product_tag-wi-tek","11":"first","12":"outofstock","13":"sale","14":"shipping-taxable","15":"purchasable","16":"product-type-simple"},"_links":{"self":[{"href":"https:\/\/soydeaqui.ddns.net\/pachuca\/index.php\/wp-json\/wp\/v2\/product\/90122","targetHints":{"allow":["GET"]}}],"collection":[{"href":"https:\/\/soydeaqui.ddns.net\/pachuca\/index.php\/wp-json\/wp\/v2\/product"}],"about":[{"href":"https:\/\/soydeaqui.ddns.net\/pachuca\/index.php\/wp-json\/wp\/v2\/types\/product"}],"replies":[{"embeddable":true,"href":"https:\/\/soydeaqui.ddns.net\/pachuca\/index.php\/wp-json\/wp\/v2\/comments?post=90122"}],"wp:featuredmedia":[{"embeddable":true,"href":"https:\/\/soydeaqui.ddns.net\/pachuca\/index.php\/wp-json\/wp\/v2\/media\/90121"}],"wp:attachment":[{"href":"https:\/\/soydeaqui.ddns.net\/pachuca\/index.php\/wp-json\/wp\/v2\/media?parent=90122"}],"wp:term":[{"taxonomy":"product_brand","embeddable":true,"href":"https:\/\/soydeaqui.ddns.net\/pachuca\/index.php\/wp-json\/wp\/v2\/product_brand?post=90122"},{"taxonomy":"product_cat","embeddable":true,"href":"https:\/\/soydeaqui.ddns.net\/pachuca\/index.php\/wp-json\/wp\/v2\/product_cat?post=90122"},{"taxonomy":"product_tag","embeddable":true,"href":"https:\/\/soydeaqui.ddns.net\/pachuca\/index.php\/wp-json\/wp\/v2\/product_tag?post=90122"}],"curies":[{"name":"wp","href":"https:\/\/api.w.org\/{rel}","templated":true}]}}